{"id":9,"date":"2015-02-02T04:30:57","date_gmt":"2015-02-02T04:30:57","guid":{"rendered":"http:\/\/rttheme19.rtthemes.com\/?page_id=9"},"modified":"2023-03-03T15:10:16","modified_gmt":"2023-03-03T15:10:16","slug":"about-us","status":"publish","type":"page","link":"https:\/\/www.chinesegenset.com\/tr\/about-us\/","title":{"rendered":"Hakk\u0131m\u0131zda"},"content":{"rendered":"<div  class=\"content_row row vc_row wpb_row vc_row-fluid default-style fullwidth\" >\n\t\n\t<div class=\"content_row_wrapper  default\" style=\"padding-top:100px;padding-bottom:140px;\">\n\t<div class=\"vc_col-sm-12 wpb_column vc_column_container\" >\n\t\t<div class=\"wpb_wrapper\">\n\t\t\t<div class=\"rt_heading_wrapper style-4\">\n\t\t\t\t\t\t\n\t\t\t\t\t\t<h1 class=\"rt_heading  style-4\" >HAKKIMIZDA<\/h1>\n\t\t\t\t\t<\/div>\n\n\t\t<\/div>\n\t<\/div>\n\n<\/div>\n<\/div>\n\n<div  class=\"content_row row vc_row wpb_row vc_row-fluid default-style fullwidth border-bottom\" >\n\t\n\t<div class=\"content_row_wrapper  default\" ><p>Shenzhen Gosun Industry Co, Ltd Shenzhen, \u00c7in bulunan ara\u015ft\u0131rma, geli\u015ftirme, pazarlama ve do\u011fal gaz jenerat\u00f6r\u00fc, biyogaz motor jenerat\u00f6r\u00fc, biyok\u00fctle gaz jenerat\u00f6r\u00fc, odun gaz\u0131 jenerat\u00f6r\u00fc, \u00fcretici gaz jenerat\u00f6r\u00fc, syngas jenerat\u00f6r\u00fc, arazi dolgu gaz jenerat\u00f6r\u00fc, k\u00f6m\u00fcr gaz\u0131 jenerat\u00f6r seti, LPG jenerat\u00f6r\u00fc, propan jenerat\u00f6r seti vb dahil olmak \u00fczere cummins gaz motoru jenerat\u00f6rleri, hizmet konusunda uzmanla\u015fm\u0131\u015f. Ayr\u0131ca cummins marka dizel jenerat\u00f6r ve di\u011fer marka gaz ve dizel motor jenerat\u00f6rleri de \u00fcretebiliriz.<\/p>\n<p>Gaz jenerat\u00f6r\u00fc g\u00fc\u00e7 aral\u0131\u011f\u0131m\u0131z 20kw ila 1200kw, 500RPM ila 1800RPM, do\u011fal gaz, biyogaz, biyok\u00fctle gaz\u0131, \u00fcretici odun gaz\u0131, syngas ve 4.2MJ \/ m3'ten daha d\u00fc\u015f\u00fck \u0131s\u0131 de\u011feri olan di\u011fer yan\u0131c\u0131 gazlarla beslenir. D\u00fcnya standartlar\u0131nda gaz motoru teknolojisi, marka motor ve alternat\u00f6r, ate\u015fleme sistemi, h\u0131z y\u00f6netim sistemi, gaz hava kar\u0131\u015f\u0131m\u0131, kontrol paneli vb. benimsiyoruz; gaz motoru alan\u0131nda yenilik\u00e7i deneyimli tasar\u0131mc\u0131m\u0131z var; kesinlikle kalite sistemi y\u00fcr\u00fct\u00fcyoruz ve \u00fcr\u00fcn kalitesini \u00e7ok de\u011ferli k\u0131l\u0131yoruz; bunlar\u0131n hepsi m\u00fckemmel jenerat\u00f6r performans\u0131 sa\u011fl\u0131yor.<\/p>\n<p>A\u011f\u0131rl\u0131kl\u0131 olarak Cummins, Deutz, MWM, MTU, Ricardo, JDEC Chidong, Zichai marka orijinal gaz motoru veya d\u00f6n\u00fc\u015ft\u00fcr\u00fclm\u00fc\u015f dizel motorlu gaz jenerat\u00f6rleri \u00fcretiyoruz.<\/p>\n<p>Gaz jenerat\u00f6r\u00fc banka, fabrikalar, emlak, hava liman\u0131, otel, otoyollar, deniz liman\u0131, veri al\u0131\u015fveri\u015f merkezi, telekom\u00fcnikasyon vb. alanlarda s\u00fcrekli olarak kullan\u0131labilir. Petrol k\u0131tl\u0131\u011f\u0131 ve farkl\u0131 \u00e7evre sorunlar\u0131 ile kar\u015f\u0131 kar\u015f\u0131ya kalan gaz jenerat\u00f6r\u00fc kullanmak, karbon emisyonunu azaltmak ve ekonomik ve verimli bir \u015fekilde yeterli g\u00fc\u00e7 kayna\u011f\u0131 sa\u011flamak i\u00e7in m\u00fckemmel bir yoldur.<\/p>\n<p>Ayr\u0131ca dizel motor jenerat\u00f6r\u00fcn\u00fc gaz motoru jenerat\u00f6r\u00fcne yeniden in\u015fa etmeye yard\u0131mc\u0131 olabiliriz, m\u00fc\u015fteri dizel jenerat\u00f6r\u00fcn\u00fcz\u00fc fabrikam\u0131za g\u00f6ndermeli ve bize bir miktar i\u015f\u00e7ilik maliyeti ve teknik dan\u0131\u015fmanl\u0131k maliyeti \u00f6demelidir.<\/p>\n<p>Profesyonel bir gaz jenerat\u00f6r\u00fc \u00fcreticisi olarak, m\u00fc\u015fterinin iste\u011fine g\u00f6re cummins marka dizel jenerat\u00f6r ve di\u011fer marka dizel motor jenerat\u00f6r\u00fc de \u00fcretmekteyiz.<\/p>\n<p>\"Arkada\u015f\u0131n\u0131za asla zarar vermeyin!\" ilkemizdir, i\u00e7tenlikle kelimenin her yerinden profesyonel jenerat\u00f6r sat\u0131c\u0131s\u0131 ile istikrarl\u0131 i\u015f ili\u015fkileri ve iyi dostluk kurmak istiyoruz. D\u00fcnya \u00e7ap\u0131ndaki da\u011f\u0131t\u0131m a\u011f\u0131m\u0131za kat\u0131lman\u0131z\u0131 i\u00e7tenlikle bekliyoruz.<\/p>\n\n\t<div class=\"vc_col-sm-12 wpb_column vc_column_container\" >\n\t\t<div class=\"wpb_wrapper\">\n\t\t\t<div class=\"rt_heading_wrapper style-4\">\n\t\t\t\t\t\t<span class=\"punchline\">Kilometre Ta\u015flar\u0131<\/span>\n\t\t\t\t\t\t<h4 class=\"rt_heading  with_punchline style-4\" >\u015eirketimizin K\u0131sa Tarih\u00e7esi<\/h4>\n\t\t\t\t\t<\/div>\t \n\t\t<section  class=\"timeline\">\n\t\t\t \n\t\t<div  >\n\t\t\t \n\t\t<span class=\"event-date\">\n\t\t\t<span class=\"day\"><\/span>\n\t\t\t<span class=\"month\">Mart ay\u0131nda, <\/span>\n\t\t\t<span class=\"year\">2017<\/span>\n\t\t<\/span>\n\t<div class=\"event-details\"><p>Dongguan, \u00c7in'de eksiksiz bir biyok\u00fctle gazla\u015ft\u0131r\u0131c\u0131 enerji \u00fcretimi pilot projesinin kurulmas\u0131<\/p>\n<\/div>\n\t\t<\/div>\n\t\t \n\t\t<div  >\n\t\t\t \n\t\t<span class=\"event-date\">\n\t\t\t<span class=\"day\"><\/span>\n\t\t\t<span class=\"month\">Eyl\u00fcl'de, <\/span>\n\t\t\t<span class=\"year\">2016<\/span>\n\t\t<\/span>\n\t<div class=\"event-details\"><p>Nijerya pazar\u0131 i\u00e7in ilk biyogaz jenerat\u00f6r\u00fcn\u00fcn tasarlanmas\u0131 ve \u00fcretilmesi.<\/p>\n<\/div>\n\t\t<\/div>\n\t\t \n\t\t<div  >\n\t\t\t \n\t\t<span class=\"event-date\">\n\t\t\t<span class=\"day\"><\/span>\n\t\t\t<span class=\"month\">Mart ay\u0131nda, <\/span>\n\t\t\t<span class=\"year\">2016<\/span>\n\t\t<\/span>\n\t<div class=\"event-details\"><p>Macao'daki 5 y\u0131ld\u0131zl\u0131 otellere LPG jenerat\u00f6rleri tasarlamak ve \u00fcretmek, \u00e7\u00fcnk\u00fc s\u0131k\u0131 ya\u011f s\u0131z\u0131nt\u0131s\u0131 politikas\u0131na sahipler.<\/p>\n<\/div>\n\t\t<\/div>\n\t\t \n\t\t<div  >\n\t\t\t \n\t\t<span class=\"event-date\">\n\t\t\t<span class=\"day\"><\/span>\n\t\t\t<span class=\"month\">Haziran'da, <\/span>\n\t\t\t<span class=\"year\">2015<\/span>\n\t\t<\/span>\n\t<div class=\"event-details\"><p>M\u00fc\u015fterinin LPG kompozisyonuna g\u00f6re Kanada pazar\u0131 i\u00e7in 2 set cummins 4BTAA3.9 gaz motoru LPG jenerat\u00f6r\u00fc tasarlamak ve \u00fcretmek.<\/p>\n<\/div>\n\t\t<\/div>\n\t\t \n\t\t<div  >\n\t\t\t \n\t\t<span class=\"event-date\">\n\t\t\t<span class=\"day\"><\/span>\n\t\t\t<span class=\"month\">Ekim, <\/span>\n\t\t\t<span class=\"year\">2014<\/span>\n\t\t<\/span>\n\t<div class=\"event-details\"><p>L\u00fcbnan pazar\u0131na ilk biyok\u00fctle jenerat\u00f6r\u00fcn\u00fcn sat\u0131\u015f\u0131.<\/p>\n<\/div>\n\t\t<\/div>\n\t\t \n\t\t<div  >\n\t\t\t \n\t\t<span class=\"event-date\">\n\t\t\t<span class=\"day\"><\/span>\n\t\t\t<span class=\"month\">May\u0131s'ta, <\/span>\n\t\t\t<span class=\"year\">2014<\/span>\n\t\t<\/span>\n\t<div class=\"event-details\"><p>Filipin pazar\u0131 i\u00e7in 1500rpm cummins dizel motorun 900rpm cummins biyok\u00fctle jenerat\u00f6r\u00fcne d\u00f6n\u00fc\u015ft\u00fcr\u00fclmesi.<\/p>\n<\/div>\n\t\t<\/div>\n\t\t \n\t\t<div  >\n\t\t\t \n\t\t<span class=\"event-date\">\n\t\t\t<span class=\"day\"><\/span>\n\t\t\t<span class=\"month\">Kas\u0131m'da, <\/span>\n\t\t\t<span class=\"year\">2013<\/span>\n\t\t<\/span>\n\t<div class=\"event-details\"><p>Japonya pazar\u0131 i\u00e7in sadece 4MJ\/Nm3 gibi d\u00fc\u015f\u00fck \u0131s\u0131 de\u011ferine sahip pirin\u00e7 kabu\u011fu gaz\u0131 ile \u00e7al\u0131\u015fan 15kw biyok\u00fctle jenerat\u00f6r\u00fcn\u00fcn tasarlanmas\u0131 ve \u00fcretilmesi.<\/p>\n<\/div>\n\t\t<\/div>\n\t\t \n\t\t<div  >\n\t\t\t \n\t\t<span class=\"event-date\">\n\t\t\t<span class=\"day\"><\/span>\n\t\t\t<span class=\"month\">Temmuz'da, <\/span>\n\t\t\t<span class=\"year\">2013<\/span>\n\t\t<\/span>\n\t<div class=\"event-details\"><p>Birle\u015fik Krall\u0131k'a ilk 300kw do\u011fal gaz jenerat\u00f6r\u00fcn\u00fcn sat\u0131\u015f\u0131.<\/p>\n<\/div>\n\t\t<\/div>\n\t\t \n\t\t<div  >\n\t\t\t \n\t\t<span class=\"event-date\">\n\t\t\t<span class=\"day\"><\/span>\n\t\t\t<span class=\"month\">Mart ay\u0131nda, <\/span>\n\t\t\t<span class=\"year\">2013<\/span>\n\t\t<\/span>\n\t<div class=\"event-details\"><p>\u0130talya pazar\u0131na ilk 250kw biyok\u00fctle jenerat\u00f6r\u00fcn\u00fcn sat\u0131\u015f\u0131 ve 250kw biyok\u00fctle jenerat\u00f6r\u00fcn\u00fcn devreye al\u0131nmas\u0131 ve jenerat\u00f6r operat\u00f6r\u00fcn\u00fcn e\u011fitimi i\u00e7in \u0130talya'ya gidiyoruz. <\/p>\n<\/div>\n\t\t<\/div>\n\t\t \n\t\t<div  >\n\t\t\t \n\t\t<span class=\"event-date\">\n\t\t\t<span class=\"day\"><\/span>\n\t\t\t<span class=\"month\">Aral\u0131k'ta,<\/span>\n\t\t\t<span class=\"year\">2012<\/span>\n\t\t<\/span>\n\t<div class=\"event-details\"><p>\u0130lk biyogaz jenerat\u00f6r\u00fcn\u00fcn Yiwu, Zhejiang Eyaleti, \u00c7in'deki bir domuz \u00e7iftli\u011fine sat\u0131lmas\u0131<\/p>\n<\/div>\n\t\t<\/div>\n\t\t \n\t\t<div  >\n\t\t\t \n\t\t<span class=\"event-date\">\n\t\t\t<span class=\"day\"><\/span>\n\t\t\t<span class=\"month\">Ekim,<\/span>\n\t\t\t<span class=\"year\">2012<\/span>\n\t\t<\/span>\n\t<div class=\"event-details\"><p>Ekim 2012'de Kanton Fuar\u0131'na kat\u0131larak en yeni do\u011fal gaz jenerat\u00f6r \u00fcr\u00fcnlerimizi tan\u0131tmak ve potansiyel m\u00fc\u015fterilerle bulu\u015fmak<\/p>\n<\/div>\n\t\t<\/div>\n\t\t \n\t\t<div  >\n\t\t\t \n\t\t<span class=\"event-date\">\n\t\t\t<span class=\"day\"><\/span>\n\t\t\t<span class=\"month\">Nisan'da,<\/span>\n\t\t\t<span class=\"year\">2012<\/span>\n\t\t<\/span>\n\t<div class=\"event-details\"><p>Shenzhen Gosun Industry Co, Ltd Shenzhen, \u00c7in'de kurulmu\u015ftur<\/p>\n<\/div>\n\t\t<\/div>\n\t\n\t\t<\/section>\n\n\t\t<\/div>\n\t<\/div>\n\n<\/div>\n<\/div>\n\n<div  class=\"content_row row vc_row wpb_row vc_row-fluid alt-style-2 fullwidth\" >\n\t\n\t<div class=\"content_row_wrapper  default\" style=\"padding-top:60px;padding-bottom:60px;\">\n\t<div class=\"vc_col-sm-12 wpb_column vc_column_container\" >\n\t\t<div class=\"wpb_wrapper\">\n\t\t\t<div class=\"rt_heading_wrapper style-4\">\n\t\t\t\t\t\t<span class=\"punchline\">G\u00f6r\u00fc\u015fler<\/span>\n\t\t\t\t\t\t<h3 class=\"rt_heading  with_punchline style-4\" >Ne S\u00f6yl\u00fcyorlar<\/h3>\n\t\t\t\t\t<\/div>\r\n\t\t\t\t<div id=\"slider-testimonial-dynamicID-305714\" class=\"rt-carousel carousel-holder clearfix testimonial-carousel testimonials center big\" data-item-width=\"1\" data-nav=\"false\" data-dots=\"true\" data-margin=\"15\" data-autoplay=\"false\" data-timeout=\"5000\">\r\n\t\t\t\t\t<div class=\"owl-carousel\">\r\n\t\t\t\t\t\t<div><div class=\"testimonial item\">\n\n\n\n<div class=\"text\">\n\t<p>\n\t\t<span class=\"icon-quote-left\"><\/span>\n\t\t\tMacao'da bir projemiz var, otelin etraf\u0131ndaki bir g\u00f6l i\u00e7in teknede 2 jenerat\u00f6re ihtiya\u00e7lar\u0131 var. Bu y\u00fczden dizel jenerat\u00f6r kullanam\u0131yorlar \u00e7\u00fcnk\u00fc ya\u011f s\u0131z\u0131nt\u0131s\u0131na izin verilmiyor, bu y\u00fczden LPG jenerat\u00f6r\u00fcne d\u00f6nd\u00fck. ABD'deki Generac da dahil olmak \u00fczere birka\u00e7 b\u00fcy\u00fck gaz jenerat\u00f6r\u00fc \u015firketine dan\u0131\u015ft\u0131k, bunu yapam\u0131yorlar. 3 ay boyunca kaynak bulduktan sonra Gosun ile tan\u0131\u015ft\u0131k. \u00c7\u00f6z\u00fcmleri ve nihai \u00fcr\u00fcnleri bizim i\u00e7in ger\u00e7ekten m\u00fckemmel.\t\t<span class=\"icon-quote-right\"><\/span>\n\t<\/p>\n\t<div class=\"client_info\">\n\n\t\t\tMohamad\n\t\t- <span>Proje Y\u00f6neticisi<\/span>\t\t\n\t\t\t\t\t\n\t\t\n\n\t<\/div>\n<\/div><\/div>\n<\/div><div><div class=\"testimonial item\">\n\n\n\n<div class=\"text\">\n\t<p>\n\t\t<span class=\"icon-quote-left\"><\/span>\n\t\t\tGosun'dan k\u00fc\u00e7\u00fck bir gazla\u015ft\u0131r\u0131c\u0131 gaz jenerat\u00f6r\u00fc ald\u0131k, sipari\u015f vermeden \u00f6nce gaz jenerat\u00f6rlerinin kalitesinin di\u011fer \u00c7inli tedarik\u00e7ilerle ayn\u0131 olup olmad\u0131\u011f\u0131n\u0131 bilmiyoruz, sadece denemek istiyoruz. Kendi gazla\u015ft\u0131r\u0131c\u0131m\u0131zla birle\u015ftirildi\u011finde, ger\u00e7ekten iyi \u00e7al\u0131\u015f\u0131yor, katran ya\u011f\u0131 sorunu yok, s\u0131k\u0131c\u0131 bak\u0131m sorunu yok; Torch'tan ve jenerat\u00f6rlerinden \u00e7ok memnunuz, onlardan daha fazla sat\u0131n alaca\u011f\u0131z.\t\t<span class=\"icon-quote-right\"><\/span>\n\t<\/p>\n\t<div class=\"client_info\">\n\n\t\t\tAnthony Chlela\n\t\t- <span>CTO<\/span>\t\t\n\t\t<a href=\"http:\/\/machinery.phoenixlb.com\/\" target=\"_blank\" title=\"Phoenix Makine\" class=\"client_link\">Phoenix Makine<\/a>\t\t\t\n\t\t\n\n\t<\/div>\n<\/div><\/div>\n<\/div><div><div class=\"testimonial item\">\n\n\n\n<div class=\"text\">\n\t<p>\n\t\t<span class=\"icon-quote-left\"><\/span>\n\t\t\tGosun, \u00c7in'de profesyonel bir gaz jenerat\u00f6r\u00fc \u00fcreticisidir. \u00c7iftliklerimiz i\u00e7in 1500 rpm cummins dizel motoru 900 rpm biyok\u00fctle gaz motoru ile \u00e7al\u0131\u015fan jenerat\u00f6re d\u00f6n\u00fc\u015ft\u00fcr\u00fcyorlar, m\u00fchendisleri \u00e7ok profesyonel, ayr\u0131ca sahipleri \u00c7in'deki en iyi Arkada\u015f\u0131m. \u00c7in'deki di\u011fer i\u015flerde bana \u00e7ok yard\u0131mc\u0131 oldu.\t\t<span class=\"icon-quote-right\"><\/span>\n\t<\/p>\n\t<div class=\"client_info\">\n\n\t\t\tKenneth Dominado\n\t\t- <span>Sat\u0131n Alma M\u00fcd\u00fcr\u00fc<\/span>\t\t\n\t\t\t\t\t\n\t\t\n\n\t<\/div>\n<\/div><\/div>\n<\/div>\r\n\t\t\t\t\t<\/div>\r\n\t\t\t\t\t\r\n\t\t\t\t<div id=\"slider-testimonial-dynamicID-305714-dots\" class=\"dots-holder\">\r\n\t\t\t\t<\/div>\r\n\t\t\t\r\n\t\t\t\t<\/div>\n\n\t\t<\/div>\n\t<\/div>\n\n<\/div>\n<\/div>","protected":false},"excerpt":{"rendered":"","protected":false},"author":1,"featured_media":0,"parent":0,"menu_order":0,"comment_status":"open","ping_status":"open","template":"","meta":{"footnotes":""},"class_list":["post-9","page","type-page","status-publish","hentry"],"aioseo_notices":[],"_links":{"self":[{"href":"https:\/\/www.chinesegenset.com\/tr\/wp-json\/wp\/v2\/pages\/9","targetHints":{"allow":["GET"]}}],"collection":[{"href":"https:\/\/www.chinesegenset.com\/tr\/wp-json\/wp\/v2\/pages"}],"about":[{"href":"https:\/\/www.chinesegenset.com\/tr\/wp-json\/wp\/v2\/types\/page"}],"author":[{"embeddable":true,"href":"https:\/\/www.chinesegenset.com\/tr\/wp-json\/wp\/v2\/users\/1"}],"replies":[{"embeddable":true,"href":"https:\/\/www.chinesegenset.com\/tr\/wp-json\/wp\/v2\/comments?post=9"}],"version-history":[{"count":19,"href":"https:\/\/www.chinesegenset.com\/tr\/wp-json\/wp\/v2\/pages\/9\/revisions"}],"predecessor-version":[{"id":4426,"href":"https:\/\/www.chinesegenset.com\/tr\/wp-json\/wp\/v2\/pages\/9\/revisions\/4426"}],"wp:attachment":[{"href":"https:\/\/www.chinesegenset.com\/tr\/wp-json\/wp\/v2\/media?parent=9"}],"curies":[{"name":"wp","href":"https:\/\/api.w.org\/{rel}","templated":true}]}}