{"id":4389,"date":"2022-02-24T14:09:13","date_gmt":"2022-02-24T14:09:13","guid":{"rendered":"https:\/\/www.chinesegenset.com\/?page_id=4389"},"modified":"2022-02-24T14:16:54","modified_gmt":"2022-02-24T14:16:54","slug":"natural-gas-generator","status":"publish","type":"page","link":"https:\/\/www.chinesegenset.com\/tr\/natural-gas-generator\/","title":{"rendered":"Do\u011fal Gaz Jenerat\u00f6r\u00fc"},"content":{"rendered":"<div  class=\"content_row row vc_row wpb_row vc_row-fluid default-style default\" >\n\t\n\t<div class=\"content_row_wrapper\" >\n\t<div class=\"vc_col-sm-12 wpb_column vc_column_container\" >\n\t\t<div class=\"wpb_wrapper\">\n\t\t\t\n\t<div class=\"wpb_text_column wpb_content_element  vc_custom_1645712196373\" >\n\t\t<div class=\"wpb_wrapper\">\n\t\t\t<h3>\u00d6zel Ba\u015fl\u0131k<\/h3>\n<p>Lorem ipsum dolor sit amet consectetur adipiscing elit etiam dictum ultrices, cum placerat per dictumst ligula odio pellentesque class pulvinar parturient, neque turpis tortor sociosqu est dis posuere condimentum fermentum. Luctus donec ac cubilia porta odio vehicula cum tristique dictum nulla at, non quis suspendisse mi nec magnis nascetur ultricies felis eleifend massa bibendum, nullam hac neque elementum lacus habitant habitasse malesuada suscipit est. Augue lectus leo curabitur lacus, purus dapibus posuere. Vulputate nulla eros tempus bibendum cras rhoncus natoque fusce pulvinar orare tempor, nec odio donec imperdiet primis turpis parturient euismod pretium habitasse. Aliquet eros integer at mattis sagittis commodo non, felis interdum magnis praesent torquent. Dui nunc vivamus cubilia ante nisl curabitur fusce, quisque nam platea per eleifend condimentum viverra, malesuada sociosqu eu eget ligula aliquet. Nibh himenaeos fermentum quam vehicula iaculis hendrerit ante egestas integer, enim senectus urna pharetra semper curabitur vestibulum odio, venenatis ultricies viverra suscipit nostra blandit magna habitant.<\/p>\n\n\t\t<\/div>\n\t<\/div>\n\n<div id=\"product-dynamicID-921913\" class=\"product_holder product-showcase clearfix  border_grid fixed_heights\" data-column-width=\"3\">\n<div class=\"row clearfix\">\n<div class=\"col product_item_holder col-sm-4  jdec-natural-gas-generator\">\n\n<div class=\"product_item_holder\">\n\n\t\t\t<div class=\"featured_image\"> \n\t\t\t<!-- product image -->\n\t\t\t<div class=\"featured_image\"> \n\t\t\t\t<a href=\"https:\/\/www.chinesegenset.com\/tr\/product\/600kw-750kva-orta-hiz-jdec-dogal-gaz-jenerator-fabrikadan-cin\/\" title=\"\u00c7in fabrikas\u0131ndan 600kw 750kva orta h\u0131zl\u0131 JDEC do\u011fal gaz jenerat\u00f6r\u00fc\" rel=\"bookmark\" class=\"imgeffect link\"><img decoding=\"async\" src=\"https:\/\/www.chinesegenset.com\/wp-content\/uploads\/2017\/10\/600kw-750kva-middle-speed-JDEC-natural-gas-genset-from-China-factory-480x334.jpg\" alt=\"\u00c7in fabrikas\u0131ndan 600kw 750kva orta h\u0131zl\u0131 JDEC do\u011fal gaz jenerat\u00f6r\u00fc\" class=\"\" \/><\/a> \n\t\t\t<\/div> \n\t\t<\/div> \n\t\n\n\t\n\t\t\t\t\t\t\n\t\t<div class=\"product_info\">\n\n\t\t\t\t\t\t\t\t<!-- title-->\n\t\t\t\t<h5 class=\"clean_heading\"><a href=\"https:\/\/www.chinesegenset.com\/tr\/product\/600kw-750kva-orta-hiz-jdec-dogal-gaz-jenerator-fabrikadan-cin\/\" title=\"\u00c7in fabrikas\u0131ndan 600kw 750kva orta h\u0131zl\u0131 JDEC do\u011fal gaz jenerat\u00f6r\u00fc\" rel=\"bookmark\">\u00c7in fabrikas\u0131ndan 600kw 750kva orta h\u0131zl\u0131 JDEC do\u011fal gaz jenerat\u00f6r\u00fc<\/a><\/h5>\n\t\t\t\t\n\t\t\t\t<!-- text-->\n\t\t\t\t<p>\u00c7in fabrikas\u0131ndan 600kw 750kva orta h\u0131zl\u0131 JDEC do\u011falgaz jenerat\u00f6r\u00fc, Nijerya, Rusya, Amerika, Dubai, Irak, \u0130ran ve di\u011fer do\u011fu asya \u00fclkeleri i\u00e7in uygun, ticari ve end\u00fcstriyel kullan\u0131m i\u00e7in s\u00fcrekli \u00e7al\u0131\u015farak tasarlanm\u0131\u015ft\u0131r.<\/p>\n\t\t\t\t<div class=\"product_info_footer clearfix\">\n\t\t\t<!-- product price -->\n\t\t\t<p class=\"price icon-\">\t\n\t\t\t\t<del><span class=\"amount\">$90<\/span><\/del> <ins><span class=\"amount\">$75<\/span><\/ins>\n\t\t\t<\/p> \n\t\t<div class=\"action_buttons\"><a href=\"https:\/\/www.chinesegenset.com\/tr\/product\/600kw-750kva-orta-hiz-jdec-dogal-gaz-jenerator-fabrikadan-cin\/\" title=\"\u00c7in fabrikas\u0131ndan 600kw 750kva orta h\u0131zl\u0131 JDEC do\u011fal gaz jenerat\u00f6r\u00fc\" class=\"details icon-angle-right\">Detaylar<\/a><\/div><\/div> \t\t\n\n\t\t<\/div>\n\t\t\n\n\t\n<\/div><\/div>\n<div class=\"col product_item_holder col-sm-4  jdec-natural-gas-generator\">\n\n<div class=\"product_item_holder\">\n\n\t\t\t<div class=\"featured_image\"> \n\t\t\t<!-- product image -->\n\t\t\t<div class=\"featured_image\"> \n\t\t\t\t<a href=\"https:\/\/www.chinesegenset.com\/tr\/product\/500kw-1000rpm-medium-speed-jdec-natural-gas-generator-set-from-china\/\" title=\"\u00c7in&#039;den 500kw 1000rpm orta h\u0131zl\u0131 JDEC do\u011fal gaz jenerat\u00f6r seti\" rel=\"bookmark\" class=\"imgeffect link\"><img decoding=\"async\" src=\"https:\/\/www.chinesegenset.com\/wp-content\/uploads\/2017\/10\/500kw-1000rpm-medium-speed-JDEC-natural-gas-generator-set-from-China-480x334.jpg\" alt=\"\u00c7in&#039;den 500kw 1000rpm orta h\u0131zl\u0131 JDEC do\u011fal gaz jenerat\u00f6r seti\" class=\"\" \/><\/a> \n\t\t\t<\/div> \n\t\t<\/div> \n\t\n\n\t\n\t\t\t\t\t\t\n\t\t<div class=\"product_info\">\n\n\t\t\t\t\t\t\t\t<!-- title-->\n\t\t\t\t<h5 class=\"clean_heading\"><a href=\"https:\/\/www.chinesegenset.com\/tr\/product\/500kw-1000rpm-medium-speed-jdec-natural-gas-generator-set-from-china\/\" title=\"\u00c7in&#039;den 500kw 1000rpm orta h\u0131zl\u0131 JDEC do\u011fal gaz jenerat\u00f6r seti\" rel=\"bookmark\">\u00c7in'den 500kw 1000rpm orta h\u0131zl\u0131 JDEC do\u011fal gaz jenerat\u00f6r seti<\/a><\/h5>\n\t\t\t\t\n\t\t\t\t<!-- text-->\n\t\t\t\t<p>\u00c7in'den 500kw 1000rpm orta h\u0131zl\u0131 JDEC do\u011falgaz jenerat\u00f6r seti, end\u00fcstriyel s\u00fcrekli \u00e7al\u0131\u015fma kullan\u0131m\u0131na uygun harici bir so\u011futma kulesi veya dahili bir so\u011futma suyu deposu ile so\u011futulabilir.<\/p>\n\t\t\t\t<div class=\"product_info_footer clearfix\">\n\t\t\t<!-- product price -->\n\t\t\t<p class=\"price icon-\">\t\n\t\t\t\t<del><span class=\"amount\">$90<\/span><\/del> <ins><span class=\"amount\">$75<\/span><\/ins>\n\t\t\t<\/p> \n\t\t<div class=\"action_buttons\"><a href=\"https:\/\/www.chinesegenset.com\/tr\/product\/500kw-1000rpm-medium-speed-jdec-natural-gas-generator-set-from-china\/\" title=\"\u00c7in&#039;den 500kw 1000rpm orta h\u0131zl\u0131 JDEC do\u011fal gaz jenerat\u00f6r seti\" class=\"details icon-angle-right\">Detaylar<\/a><\/div><\/div> \t\t\n\n\t\t<\/div>\n\t\t\n\n\t\n<\/div><\/div>\n<div class=\"col product_item_holder col-sm-4  jdec-natural-gas-generator\">\n\n<div class=\"product_item_holder\">\n\n\t\t\t<div class=\"featured_image\"> \n\t\t\t<!-- product image -->\n\t\t\t<div class=\"featured_image\"> \n\t\t\t\t<a href=\"https:\/\/www.chinesegenset.com\/tr\/product\/1000kw-1mw-jdec-natural-gas-generator-1500-rpm-12-cylinders-engine\/\" title=\"1000kw 1MW JDEC do\u011fal gaz jenerat\u00f6r\u00fc 1500 rpm 12 silindirli motor\" rel=\"bookmark\" class=\"imgeffect link\"><img decoding=\"async\" src=\"https:\/\/www.chinesegenset.com\/wp-content\/uploads\/2017\/10\/1000kw-1MW-JDEC-natural-gas-generator-1500-rpm-12-cylinders-engine-480x334.jpg\" alt=\"1000kw 1MW JDEC do\u011fal gaz jenerat\u00f6r\u00fc 1500 rpm 12 silindirli motor\" class=\"\" \/><\/a> \n\t\t\t<\/div> \n\t\t<\/div> \n\t\n\n\t\n\t\t\t\t\t\t\n\t\t<div class=\"product_info\">\n\n\t\t\t\t\t\t\t\t<!-- title-->\n\t\t\t\t<h5 class=\"clean_heading\"><a href=\"https:\/\/www.chinesegenset.com\/tr\/product\/1000kw-1mw-jdec-natural-gas-generator-1500-rpm-12-cylinders-engine\/\" title=\"1000kw 1MW JDEC do\u011fal gaz jenerat\u00f6r\u00fc 1500 rpm 12 silindirli motor\" rel=\"bookmark\">1000kw 1MW JDEC do\u011fal gaz jenerat\u00f6r\u00fc 1500 rpm 12 silindirli motor<\/a><\/h5>\n\t\t\t\t\n\t\t\t\t<!-- text-->\n\t\t\t\t<p>1000kw 1MW JDEC do\u011fal gaz jenerat\u00f6r seti, 1500 rpm 12 silindirli do\u011fal gaz motoru, Cummins China Generator Technology'den Stamford alternat\u00f6r ile ba\u011flant\u0131.<\/p>\n\t\t\t\t<div class=\"product_info_footer clearfix\">\n\t\t\t<!-- product price -->\n\t\t\t<p class=\"price icon-\">\t\n\t\t\t\t<del><span class=\"amount\">$90<\/span><\/del> <ins><span class=\"amount\">$75<\/span><\/ins>\n\t\t\t<\/p> \n\t\t<div class=\"action_buttons\"><a href=\"https:\/\/www.chinesegenset.com\/tr\/product\/1000kw-1mw-jdec-natural-gas-generator-1500-rpm-12-cylinders-engine\/\" title=\"1000kw 1MW JDEC do\u011fal gaz jenerat\u00f6r\u00fc 1500 rpm 12 silindirli motor\" class=\"details icon-angle-right\">Detaylar<\/a><\/div><\/div> \t\t\n\n\t\t<\/div>\n\t\t\n\n\t\n<\/div><\/div>\n<\/div>\n<div class=\"row clearfix\">\n<div class=\"col product_item_holder col-sm-4  jdec-natural-gas-generator\">\n\n<div class=\"product_item_holder\">\n\n\t\t\t<div class=\"featured_image\"> \n\t\t\t<!-- product image -->\n\t\t\t<div class=\"featured_image\"> \n\t\t\t\t<a href=\"https:\/\/www.chinesegenset.com\/tr\/product\/700kw-natural-gas-generator-set-from-jinan-diesel-engine-corporation\/\" title=\"Jinan Diesel Engine Corporation&#039;dan 700kw do\u011fal gaz jenerat\u00f6r seti\" rel=\"bookmark\" class=\"imgeffect link\"><img decoding=\"async\" src=\"https:\/\/www.chinesegenset.com\/wp-content\/uploads\/2017\/10\/700kw-natural-gas-generator-set-from-Jinan-Diesel-Engine-Corporation-480x334.jpg\" alt=\"Jinan Diesel Engine Corporation&#039;dan 700kw do\u011fal gaz jenerat\u00f6r seti\" class=\"\" \/><\/a> \n\t\t\t<\/div> \n\t\t<\/div> \n\t\n\n\t\n\t\t\t\t\t\t\n\t\t<div class=\"product_info\">\n\n\t\t\t\t\t\t\t\t<!-- title-->\n\t\t\t\t<h5 class=\"clean_heading\"><a href=\"https:\/\/www.chinesegenset.com\/tr\/product\/700kw-natural-gas-generator-set-from-jinan-diesel-engine-corporation\/\" title=\"Jinan Diesel Engine Corporation&#039;dan 700kw do\u011fal gaz jenerat\u00f6r seti\" rel=\"bookmark\">Jinan Diesel Engine Corporation'dan 700kw do\u011fal gaz jenerat\u00f6r seti<\/a><\/h5>\n\t\t\t\t\n\t\t\t\t<!-- text-->\n\t\t\t\t<p>Jinan Diesel Engine Corporation'dan 700kw do\u011fal gaz jenerat\u00f6r seti, 12 silindirli v line 12V190ZLDK do\u011fal gaz motoru ve Simens teknolojisi alternat\u00f6r ile g\u00fc\u00e7lendirilmi\u015ftir.<\/p>\n\t\t\t\t<div class=\"product_info_footer clearfix\">\n\t\t\t<!-- product price -->\n\t\t\t<p class=\"price icon-\">\t\n\t\t\t\t<del><span class=\"amount\">$90<\/span><\/del> <ins><span class=\"amount\">$75<\/span><\/ins>\n\t\t\t<\/p> \n\t\t<div class=\"action_buttons\"><a href=\"https:\/\/www.chinesegenset.com\/tr\/product\/700kw-natural-gas-generator-set-from-jinan-diesel-engine-corporation\/\" title=\"Jinan Diesel Engine Corporation&#039;dan 700kw do\u011fal gaz jenerat\u00f6r seti\" class=\"details icon-angle-right\">Detaylar<\/a><\/div><\/div> \t\t\n\n\t\t<\/div>\n\t\t\n\n\t\n<\/div><\/div>\n<div class=\"col product_item_holder col-sm-4  man-natural-gas-generator\">\n\n<div class=\"product_item_holder\">\n\n\t\t\t<div class=\"featured_image\"> \n\t\t\t<!-- product image -->\n\t\t\t<div class=\"featured_image\"> \n\t\t\t\t<a href=\"https:\/\/www.chinesegenset.com\/tr\/product\/500kw-625kva-man-chp-dogal-gaz-jenerator-seti\/\" title=\"500kw 625kva MAN CHP do\u011fal gaz jenerat\u00f6r\u00fc ayr\u0131ca k\u00f6m\u00fcr yata\u011f\u0131 gaz\u0131 ile \u00e7al\u0131\u015f\u0131r\" rel=\"bookmark\" class=\"imgeffect link\"><img decoding=\"async\" src=\"https:\/\/www.chinesegenset.com\/wp-content\/uploads\/2017\/08\/500kw-625kva-MAN-CHP-natural-gas-generator-also-run-on-coal-bed-gas-480x334.jpg\" alt=\"500kw 625kva MAN CHP do\u011fal gaz jenerat\u00f6r\u00fc ayr\u0131ca k\u00f6m\u00fcr yata\u011f\u0131 gaz\u0131 ile \u00e7al\u0131\u015f\u0131r\" class=\"\" \/><\/a> \n\t\t\t<\/div> \n\t\t<\/div> \n\t\n\n\t\n\t\t\t\t\t\t\n\t\t<div class=\"product_info\">\n\n\t\t\t\t\t\t\t\t<!-- title-->\n\t\t\t\t<h5 class=\"clean_heading\"><a href=\"https:\/\/www.chinesegenset.com\/tr\/product\/500kw-625kva-man-chp-dogal-gaz-jenerator-seti\/\" title=\"500kw 625kva MAN CHP do\u011fal gaz jenerat\u00f6r\u00fc ayr\u0131ca k\u00f6m\u00fcr yata\u011f\u0131 gaz\u0131 ile \u00e7al\u0131\u015f\u0131r\" rel=\"bookmark\">500kw 625kva MAN CHP do\u011fal gaz jenerat\u00f6r\u00fc ayr\u0131ca k\u00f6m\u00fcr yata\u011f\u0131 gaz\u0131 ile \u00e7al\u0131\u015f\u0131r<\/a><\/h5>\n\t\t\t\t\n\t\t\t\t<!-- text-->\n\t\t\t\t<p>Dayan\u0131kl\u0131 500kw 625kva MAN CHP do\u011falgaz jenerat\u00f6r\u00fc ayr\u0131ca \u00c7in OEM fabrikas\u0131ndan k\u00f6m\u00fcr yata\u011f\u0131 gaz\u0131 ile \u00e7al\u0131\u015f\u0131r, do\u011fal gaz, k\u00f6m\u00fcr yata\u011f\u0131 gaz\u0131, k\u00f6m\u00fcr madeni gaz\u0131, batakl\u0131k gaz\u0131 ve di\u011fer metan gaz\u0131 ile \u00e7al\u0131\u015f\u0131r, s\u00fcrekli 8000 \u00e7al\u0131\u015fma saati.<\/p>\n\t\t\t\t<div class=\"product_info_footer clearfix\">\n\t\t\t<!-- product price -->\n\t\t\t<p class=\"price icon-\">\t\n\t\t\t\t<del><span class=\"amount\">$90<\/span><\/del> <ins><span class=\"amount\">$75<\/span><\/ins>\n\t\t\t<\/p> \n\t\t<div class=\"action_buttons\"><a href=\"https:\/\/www.chinesegenset.com\/tr\/product\/500kw-625kva-man-chp-dogal-gaz-jenerator-seti\/\" title=\"500kw 625kva MAN CHP do\u011fal gaz jenerat\u00f6r\u00fc ayr\u0131ca k\u00f6m\u00fcr yata\u011f\u0131 gaz\u0131 ile \u00e7al\u0131\u015f\u0131r\" class=\"details icon-angle-right\">Detaylar<\/a><\/div><\/div> \t\t\n\n\t\t<\/div>\n\t\t\n\n\t\n<\/div><\/div>\n<div class=\"col product_item_holder col-sm-4  man-natural-gas-generator\">\n\n<div class=\"product_item_holder\">\n\n\t\t\t<div class=\"featured_image\"> \n\t\t\t<!-- product image -->\n\t\t\t<div class=\"featured_image\"> \n\t\t\t\t<a href=\"https:\/\/www.chinesegenset.com\/tr\/product\/400kw-500kva-original-man-sewage-gas-power-plant-generator-set\/\" title=\"400kw 500kva orijinal MAN kanalizasyon gaz santrali jenerat\u00f6r seti\" rel=\"bookmark\" class=\"imgeffect link\"><img decoding=\"async\" src=\"https:\/\/www.chinesegenset.com\/wp-content\/uploads\/2017\/08\/400kw-500kva-original-MAN-sewage-gas-power-plant-generator-set-480x334.jpg\" alt=\"400kw 500kva orijinal MAN kanalizasyon gaz santrali jenerat\u00f6r seti\" class=\"\" \/><\/a> \n\t\t\t<\/div> \n\t\t<\/div> \n\t\n\n\t\n\t\t\t\t\t\t\n\t\t<div class=\"product_info\">\n\n\t\t\t\t\t\t\t\t<!-- title-->\n\t\t\t\t<h5 class=\"clean_heading\"><a href=\"https:\/\/www.chinesegenset.com\/tr\/product\/400kw-500kva-original-man-sewage-gas-power-plant-generator-set\/\" title=\"400kw 500kva orijinal MAN kanalizasyon gaz santrali jenerat\u00f6r seti\" rel=\"bookmark\">400kw 500kva orijinal MAN kanalizasyon gaz santrali jenerat\u00f6r seti<\/a><\/h5>\n\t\t\t\t\n\t\t\t\t<!-- text-->\n\t\t\t\t<p>\u00c7in OEM fabrikas\u0131ndan yal\u0131n yan\u0131k 400kw 500kva orijinal MAN kanalizasyon gaz\u0131 santrali jenerat\u00f6r seti, belediye kanalizasyon tesisi i\u00e7in uygun, ekstra ekonomik de\u011fer ve \u00c7evre dostu yarat\u0131r.<\/p>\n\t\t\t\t<div class=\"product_info_footer clearfix\">\n\t\t\t<!-- product price -->\n\t\t\t<p class=\"price icon-\">\t\n\t\t\t\t<del><span class=\"amount\">$90<\/span><\/del> <ins><span class=\"amount\">$75<\/span><\/ins>\n\t\t\t<\/p> \n\t\t<div class=\"action_buttons\"><a href=\"https:\/\/www.chinesegenset.com\/tr\/product\/400kw-500kva-original-man-sewage-gas-power-plant-generator-set\/\" title=\"400kw 500kva orijinal MAN kanalizasyon gaz santrali jenerat\u00f6r seti\" class=\"details icon-angle-right\">Detaylar<\/a><\/div><\/div> \t\t\n\n\t\t<\/div>\n\t\t\n\n\t\n<\/div><\/div>\n<\/div>\n<div class=\"row clearfix\">\n<div class=\"col product_item_holder col-sm-4  man-natural-gas-generator\">\n\n<div class=\"product_item_holder\">\n\n\t\t\t<div class=\"featured_image\"> \n\t\t\t<!-- product image -->\n\t\t\t<div class=\"featured_image\"> \n\t\t\t\t<a href=\"https:\/\/www.chinesegenset.com\/tr\/product\/245kw-306kva-man-gaz-motorlu-elektrikli-jenerator-satista\/\" title=\"245kw 306kva MAN gaz motoru ile \u00e7al\u0131\u015fan elektrik jenerat\u00f6r\u00fc sat\u0131\u015fta\" rel=\"bookmark\" class=\"imgeffect link\"><img decoding=\"async\" src=\"https:\/\/www.chinesegenset.com\/wp-content\/uploads\/2017\/08\/245kw-306kva-MAN-gas-engine-powered-electric-generator-on-sale-480x334.jpg\" alt=\"245kw 306kva MAN gaz motoru ile \u00e7al\u0131\u015fan elektrik jenerat\u00f6r\u00fc sat\u0131\u015fta\" class=\"\" \/><\/a> \n\t\t\t<\/div> \n\t\t<\/div> \n\t\n\n\t\n\t\t\t\t\t\t\n\t\t<div class=\"product_info\">\n\n\t\t\t\t\t\t\t\t<!-- title-->\n\t\t\t\t<h5 class=\"clean_heading\"><a href=\"https:\/\/www.chinesegenset.com\/tr\/product\/245kw-306kva-man-gaz-motorlu-elektrikli-jenerator-satista\/\" title=\"245kw 306kva MAN gaz motoru ile \u00e7al\u0131\u015fan elektrik jenerat\u00f6r\u00fc sat\u0131\u015fta\" rel=\"bookmark\">245kw 306kva MAN gaz motoru ile \u00e7al\u0131\u015fan elektrik jenerat\u00f6r\u00fc sat\u0131\u015fta<\/a><\/h5>\n\t\t\t\t\n\t\t\t\t<!-- text-->\n\t\t\t\t<p>\u00c7in OEM \u00fcreticisinden a\u011f\u0131r hizmet tipi 245kw 306kva MAN gaz motorlu elektrik jenerat\u00f6r\u00fc, do\u011fal gaz, metan gaz\u0131, CNG, LNG ile \u00e7al\u0131\u015f\u0131r, ana kullan\u0131m i\u00e7in uygundur.<\/p>\n\t\t\t\t<div class=\"product_info_footer clearfix\">\n\t\t\t<!-- product price -->\n\t\t\t<p class=\"price icon-\">\t\n\t\t\t\t<del><span class=\"amount\">$90<\/span><\/del> <ins><span class=\"amount\">$75<\/span><\/ins>\n\t\t\t<\/p> \n\t\t<div class=\"action_buttons\"><a href=\"https:\/\/www.chinesegenset.com\/tr\/product\/245kw-306kva-man-gaz-motorlu-elektrikli-jenerator-satista\/\" title=\"245kw 306kva MAN gaz motoru ile \u00e7al\u0131\u015fan elektrik jenerat\u00f6r\u00fc sat\u0131\u015fta\" class=\"details icon-angle-right\">Detaylar<\/a><\/div><\/div> \t\t\n\n\t\t<\/div>\n\t\t\n\n\t\n<\/div><\/div>\n<div class=\"col product_item_holder col-sm-4  man-natural-gas-generator\">\n\n<div class=\"product_item_holder\">\n\n\t\t\t<div class=\"featured_image\"> \n\t\t\t<!-- product image -->\n\t\t\t<div class=\"featured_image\"> \n\t\t\t\t<a href=\"https:\/\/www.chinesegenset.com\/tr\/product\/230kw-288kva-man-turbin-motor-metan-sale-gaz-jenerator-seti\/\" title=\"230kw 288kva MAN t\u00fcrbin motorlu metan \u015feyl gaz\u0131 jenerat\u00f6r seti\" rel=\"bookmark\" class=\"imgeffect link\"><img decoding=\"async\" src=\"https:\/\/www.chinesegenset.com\/wp-content\/uploads\/2017\/08\/230kw-288kva-MAN-turbine-engine-methane-shale-gas-generator-set-480x334.jpg\" alt=\"230kw 288kva MAN t\u00fcrbin motorlu metan \u015feyl gaz\u0131 jenerat\u00f6r seti\" class=\"\" \/><\/a> \n\t\t\t<\/div> \n\t\t<\/div> \n\t\n\n\t\n\t\t\t\t\t\t\n\t\t<div class=\"product_info\">\n\n\t\t\t\t\t\t\t\t<!-- title-->\n\t\t\t\t<h5 class=\"clean_heading\"><a href=\"https:\/\/www.chinesegenset.com\/tr\/product\/230kw-288kva-man-turbin-motor-metan-sale-gaz-jenerator-seti\/\" title=\"230kw 288kva MAN t\u00fcrbin motorlu metan \u015feyl gaz\u0131 jenerat\u00f6r seti\" rel=\"bookmark\">230kw 288kva MAN t\u00fcrbin motorlu metan \u015feyl gaz\u0131 jenerat\u00f6r seti<\/a><\/h5>\n\t\t\t\t\n\t\t\t\t<!-- text-->\n\t\t\t\t<p>\u00c7in OEM \u00fcreticisinden 230kw 288kva MAN t\u00fcrbin motoru metan \u015feyl gaz\u0131 jenerat\u00f6r seti, do\u011fal gaz, metan gaz\u0131, \u015feyl gaz\u0131 ile \u00e7al\u0131\u015f\u0131r; g\u00fcvenilir ve s\u00fcrekli \u00e7al\u0131\u015fma i\u00e7in uygundur.<\/p>\n\t\t\t\t<div class=\"product_info_footer clearfix\">\n\t\t\t<!-- product price -->\n\t\t\t<p class=\"price icon-\">\t\n\t\t\t\t<del><span class=\"amount\">$90<\/span><\/del> <ins><span class=\"amount\">$75<\/span><\/ins>\n\t\t\t<\/p> \n\t\t<div class=\"action_buttons\"><a href=\"https:\/\/www.chinesegenset.com\/tr\/product\/230kw-288kva-man-turbin-motor-metan-sale-gaz-jenerator-seti\/\" title=\"230kw 288kva MAN t\u00fcrbin motorlu metan \u015feyl gaz\u0131 jenerat\u00f6r seti\" class=\"details icon-angle-right\">Detaylar<\/a><\/div><\/div> \t\t\n\n\t\t<\/div>\n\t\t\n\n\t\n<\/div><\/div>\n<div class=\"col product_item_holder col-sm-4  man-natural-gas-generator\">\n\n<div class=\"product_item_holder\">\n\n\t\t\t<div class=\"featured_image\"> \n\t\t\t<!-- product image -->\n\t\t\t<div class=\"featured_image\"> \n\t\t\t\t<a href=\"https:\/\/www.chinesegenset.com\/tr\/product\/190kw-237-5kva-man-natural-gas-cng-lng-power-genset-for-industrial-applications\/\" title=\"End\u00fcstriyel uygulamalar i\u00e7in 190kw 237.5kva MAN do\u011fal gaz CNG LNG g\u00fc\u00e7 jenerat\u00f6r\u00fc\" rel=\"bookmark\" class=\"imgeffect link\"><img decoding=\"async\" src=\"https:\/\/www.chinesegenset.com\/wp-content\/uploads\/2017\/08\/190kw-237.5kva-MAN-natural-gas-CNG-LNG-power-genset-for-industrial-applications-480x334.jpg\" alt=\"End\u00fcstriyel uygulamalar i\u00e7in 190kw 237.5kva MAN do\u011fal gaz CNG LNG g\u00fc\u00e7 jenerat\u00f6r\u00fc\" class=\"\" \/><\/a> \n\t\t\t<\/div> \n\t\t<\/div> \n\t\n\n\t\n\t\t\t\t\t\t\n\t\t<div class=\"product_info\">\n\n\t\t\t\t\t\t\t\t<!-- title-->\n\t\t\t\t<h5 class=\"clean_heading\"><a href=\"https:\/\/www.chinesegenset.com\/tr\/product\/190kw-237-5kva-man-natural-gas-cng-lng-power-genset-for-industrial-applications\/\" title=\"End\u00fcstriyel uygulamalar i\u00e7in 190kw 237.5kva MAN do\u011fal gaz CNG LNG g\u00fc\u00e7 jenerat\u00f6r\u00fc\" rel=\"bookmark\">End\u00fcstriyel uygulamalar i\u00e7in 190kw 237.5kva MAN do\u011fal gaz CNG LNG g\u00fc\u00e7 jenerat\u00f6r\u00fc<\/a><\/h5>\n\t\t\t\t\n\t\t\t\t<!-- text-->\n\t\t\t\t<p>2017 190kw 237.5kva MAN do\u011fal gaz CNG LNG g\u00fc\u00e7 jenerat\u00f6r\u00fc, \u00c7in tedarik\u00e7isinden end\u00fcstriyel uygulamalar i\u00e7in, s\u00fcrekli \u00e7al\u0131\u015fan, ileti\u015fim istasyonu, petrol sahas\u0131, tekne, banka, havaalan\u0131 ve di\u011fer end\u00fcstriyel uygulamalar i\u00e7in uygundur.<\/p>\n\t\t\t\t<div class=\"product_info_footer clearfix\">\n\t\t\t<!-- product price -->\n\t\t\t<p class=\"price icon-\">\t\n\t\t\t\t<del><span class=\"amount\">$90<\/span><\/del> <ins><span class=\"amount\">$75<\/span><\/ins>\n\t\t\t<\/p> \n\t\t<div class=\"action_buttons\"><a href=\"https:\/\/www.chinesegenset.com\/tr\/product\/190kw-237-5kva-man-natural-gas-cng-lng-power-genset-for-industrial-applications\/\" title=\"End\u00fcstriyel uygulamalar i\u00e7in 190kw 237.5kva MAN do\u011fal gaz CNG LNG g\u00fc\u00e7 jenerat\u00f6r\u00fc\" class=\"details icon-angle-right\">Detaylar<\/a><\/div><\/div> \t\t\n\n\t\t<\/div>\n\t\t\n\n\t\n<\/div><\/div>\n<\/div>\n<div class=\"row clearfix\">\n<div class=\"col product_item_holder col-sm-4  man-natural-gas-generator\">\n\n<div class=\"product_item_holder\">\n\n\t\t\t<div class=\"featured_image\"> \n\t\t\t<!-- product image -->\n\t\t\t<div class=\"featured_image\"> \n\t\t\t\t<a href=\"https:\/\/www.chinesegenset.com\/tr\/product\/135kw-man-gas-turbine-generator-set-50hz-400v-8000-hours-continuous\/\" title=\"135kw MAN gaz t\u00fcrbini jenerat\u00f6r seti 50HZ 400V 8000 saat s\u00fcrekli\" rel=\"bookmark\" class=\"imgeffect link\"><img decoding=\"async\" src=\"https:\/\/www.chinesegenset.com\/wp-content\/uploads\/2017\/08\/135kw-MAN-gas-turbine-generator-set-50HZ-400V-8000-hours-continuous-480x334.jpg\" alt=\"135kw MAN gaz t\u00fcrbini jenerat\u00f6r seti 50HZ 400V 8000 saat s\u00fcrekli\" class=\"\" \/><\/a> \n\t\t\t<\/div> \n\t\t<\/div> \n\t\n\n\t\n\t\t\t\t\t\t\n\t\t<div class=\"product_info\">\n\n\t\t\t\t\t\t\t\t<!-- title-->\n\t\t\t\t<h5 class=\"clean_heading\"><a href=\"https:\/\/www.chinesegenset.com\/tr\/product\/135kw-man-gas-turbine-generator-set-50hz-400v-8000-hours-continuous\/\" title=\"135kw MAN gaz t\u00fcrbini jenerat\u00f6r seti 50HZ 400V 8000 saat s\u00fcrekli\" rel=\"bookmark\">135kw MAN gaz t\u00fcrbini jenerat\u00f6r seti 50HZ 400V 8000 saat s\u00fcrekli<\/a><\/h5>\n\t\t\t\t\n\t\t\t\t<!-- text-->\n\t\t\t\t<p>OEM \u00fcreticisinden 8000 s\u00fcrekli \u00e7al\u0131\u015fma saatine sahip s\u00fcper sessiz 135kw MAN gaz t\u00fcrbini jenerat\u00f6r seti 50HZ 400V, banka, ofis binas\u0131, havaalan\u0131, deniz liman\u0131 uygulamas\u0131 vb.<\/p>\n\t\t\t\t<div class=\"product_info_footer clearfix\">\n\t\t\t<!-- product price -->\n\t\t\t<p class=\"price icon-\">\t\n\t\t\t\t<del><span class=\"amount\">$90<\/span><\/del> <ins><span class=\"amount\">$75<\/span><\/ins>\n\t\t\t<\/p> \n\t\t<div class=\"action_buttons\"><a href=\"https:\/\/www.chinesegenset.com\/tr\/product\/135kw-man-gas-turbine-generator-set-50hz-400v-8000-hours-continuous\/\" title=\"135kw MAN gaz t\u00fcrbini jenerat\u00f6r seti 50HZ 400V 8000 saat s\u00fcrekli\" class=\"details icon-angle-right\">Detaylar<\/a><\/div><\/div> \t\t\n\n\t\t<\/div>\n\t\t\n\n\t\n<\/div><\/div>\n<\/div>\n<\/div>\n<div class=\"paging_wrapper margin-t30 margin-b30\"><ul class='page-numbers'>\n\t<li><span aria-current=\"page\" class=\"page-numbers current\">1<\/span><\/li>\n\t<li><a class=\"page-numbers\" href=\"https:\/\/www.chinesegenset.com\/tr\/wp-json\/wp\/v2\/pages\/4389\/page\/2\/\">2<\/a><\/li>\n\t<li><a class=\"page-numbers\" href=\"https:\/\/www.chinesegenset.com\/tr\/wp-json\/wp\/v2\/pages\/4389\/page\/3\/\">3<\/a><\/li>\n\t<li><a class=\"next page-numbers\" href=\"https:\/\/www.chinesegenset.com\/tr\/wp-json\/wp\/v2\/pages\/4389\/page\/2\/\"><span class=\"icon-angle-right\"><\/span><\/a><\/li>\n<\/ul>\n<\/div>\n\t<div class=\"wpb_text_column wpb_content_element  vc_custom_1645712212573\" >\n\t\t<div class=\"wpb_wrapper\">\n\t\t\t<h3>\u00d6zel Ba\u015fl\u0131k<\/h3>\n<p>Ben metin blo\u011fuyum. Bu metni de\u011fi\u015ftirmek i\u00e7in d\u00fczenle d\u00fc\u011fmesine t\u0131klay\u0131n. Lorem ipsum dolor sit amet, consectetur adipiscing elit. Ut elit tellus, luctus nec ullamcorper mattis, pulvinar dapibus leo.<\/p>\n\n\t\t<\/div>\n\t<\/div>\n\n\t\t<\/div>\n\t<\/div>\n\n<\/div>\n<\/div>","protected":false},"excerpt":{"rendered":"1. 135kw MAN gaz t\u00fcrbini jenerat\u00f6r seti 8000 s\u00fcrekli \u00e7al\u0131\u015fma saati ile 50HZ 400V Genel Teknik \u00d6zellikler: Jenerat\u00f6r Modeli 135GT-MT Nominal G\u00fc\u00e7 135KW \/ 168.75KVA Nominal H\u0131z \/ Nominal Frekans 1500 rpm \/ 50Hz Nominal Gerilim 400 \/ 230V G\u00fc\u00e7 Fakt\u00f6r\u00fc 0.8 Faz \/ Tel 3 Faz \/ 4 Tel Nominal ak\u0131m (A) 243 Gaz Tipi do\u011fal gaz Genel Boyut (mm) 2650x1100x1550 A\u011f\u0131rl\u0131k (kg) 1870 Motor Modeli MAN E2876E312 Hava giri\u015f yolu Turbo ara so\u011futmal\u0131 So\u011futma yolu Kapal\u0131 so\u011futma [...]","protected":false},"author":1,"featured_media":0,"parent":0,"menu_order":0,"comment_status":"closed","ping_status":"closed","template":"","meta":{"footnotes":""},"class_list":["post-4389","page","type-page","status-publish","hentry"],"aioseo_notices":[],"_links":{"self":[{"href":"https:\/\/www.chinesegenset.com\/tr\/wp-json\/wp\/v2\/pages\/4389","targetHints":{"allow":["GET"]}}],"collection":[{"href":"https:\/\/www.chinesegenset.com\/tr\/wp-json\/wp\/v2\/pages"}],"about":[{"href":"https:\/\/www.chinesegenset.com\/tr\/wp-json\/wp\/v2\/types\/page"}],"author":[{"embeddable":true,"href":"https:\/\/www.chinesegenset.com\/tr\/wp-json\/wp\/v2\/users\/1"}],"replies":[{"embeddable":true,"href":"https:\/\/www.chinesegenset.com\/tr\/wp-json\/wp\/v2\/comments?post=4389"}],"version-history":[{"count":7,"href":"https:\/\/www.chinesegenset.com\/tr\/wp-json\/wp\/v2\/pages\/4389\/revisions"}],"predecessor-version":[{"id":4396,"href":"https:\/\/www.chinesegenset.com\/tr\/wp-json\/wp\/v2\/pages\/4389\/revisions\/4396"}],"wp:attachment":[{"href":"https:\/\/www.chinesegenset.com\/tr\/wp-json\/wp\/v2\/media?parent=4389"}],"curies":[{"name":"wp","href":"https:\/\/api.w.org\/{rel}","templated":true}]}}