{"id":9,"date":"2015-02-02T04:30:57","date_gmt":"2015-02-02T04:30:57","guid":{"rendered":"http:\/\/rttheme19.rtthemes.com\/?page_id=9"},"modified":"2023-03-03T15:10:16","modified_gmt":"2023-03-03T15:10:16","slug":"about-us","status":"publish","type":"page","link":"https:\/\/www.chinesegenset.com\/pt\/about-us\/","title":{"rendered":"Sobre n\u00f3s"},"content":{"rendered":"<div  class=\"content_row row vc_row wpb_row vc_row-fluid default-style fullwidth\" >\n\t\n\t<div class=\"content_row_wrapper  default\" style=\"padding-top:100px;padding-bottom:140px;\">\n\t<div class=\"vc_col-sm-12 wpb_column vc_column_container\" >\n\t\t<div class=\"wpb_wrapper\">\n\t\t\t<div class=\"rt_heading_wrapper style-4\">\n\t\t\t\t\t\t\n\t\t\t\t\t\t<h1 class=\"rt_heading  style-4\" >SOBRE N\u00d3S<\/h1>\n\t\t\t\t\t<\/div>\n\n\t\t<\/div>\n\t<\/div>\n\n<\/div>\n<\/div>\n\n<div  class=\"content_row row vc_row wpb_row vc_row-fluid default-style fullwidth border-bottom\" >\n\t\n\t<div class=\"content_row_wrapper  default\" ><p>Shenzhen Gosun Industry Co.,Ltd localizada em Shenzhen, China, especializada na pesquisa, desenvolvimento, comercializa\u00e7\u00e3o e servi\u00e7o de geradores de motores a g\u00e1s cominho, incluindo gerador a g\u00e1s natural, gerador a g\u00e1s de biog\u00e1s, gerador a g\u00e1s de biomassa, gerador a g\u00e1s de madeira, gerador a g\u00e1s de produtor, gerador a g\u00e1s de syngas, gerador a g\u00e1s de enchimento de terrenos, grupo gerador a g\u00e1s de carv\u00e3o, grupo gerador a g\u00e1s GLP, grupo gerador a g\u00e1s propano, etc. Tamb\u00e9m podemos fabricar geradores a diesel da marca Cummins e outros geradores a g\u00e1s e motores a diesel de outras marcas.<\/p>\n<p>A nossa gama de pot\u00eancia de gerador de g\u00e1s abrange de 20kw a 1200kw, 500RPM a 1800RPM, alimentado por g\u00e1s natural, biog\u00e1s, g\u00e1s de biomassa, g\u00e1s de madeira produtor, g\u00e1s de syngas e outro g\u00e1s inflam\u00e1vel com baixo valor t\u00e9rmico superior a 4,2MJ\/m3. Adoptamos tecnologia de motores a g\u00e1s de classe mundial, motor e alternador de marca, sistema de igni\u00e7\u00e3o, sistema de regula\u00e7\u00e3o de velocidade, mistura de ar a g\u00e1s, painel de controlo, etc.; temos um designer inovador e experiente na \u00e1rea dos motores a g\u00e1s; executamos rigorosamente um sistema de qualidade e uma qualidade de produto altamente valiosa; tudo isto faz com que o desempenho do gerador seja excelente.<\/p>\n<p>Fabricamos principalmente geradores a g\u00e1s com Cummins, Deutz , MWM, MTU , Ricardo , JDEC Chidong, motor a g\u00e1s original da marca Zichai ou motor diesel convertido.<\/p>\n<p>O gerador de g\u00e1s pode ser continuamente utilizado em bancos, f\u00e1bricas, imobili\u00e1rias, portos a\u00e9reos, hot\u00e9is, auto-estradas, portos mar\u00edtimos, centro de interc\u00e2mbio de dados, telecomunica\u00e7\u00f5es, etc. Face \u00e0 escassez de petr\u00f3leo e aos diferentes problemas ambientais, a utiliza\u00e7\u00e3o de geradores de g\u00e1s \u00e9 uma forma perfeita de reduzir as emiss\u00f5es de carbono e assegurar um fornecimento de energia suficiente, econ\u00f3mica e eficiente.<\/p>\n<p>Tamb\u00e9m podemos ajudar a reconstruir o gerador de motor diesel para o gerador a g\u00e1s, o cliente deve enviar o seu gerador diesel para a nossa f\u00e1brica e pagar-nos algum custo de m\u00e3o-de-obra e de consultoria t\u00e9cnica.<\/p>\n<p>Como fabricante profissional de geradores a g\u00e1s, tamb\u00e9m fabricamos geradores a diesel da marca cummins e outros geradores de motores a diesel da marca por pedido do cliente.<\/p>\n<p>\"Nunca magoe o seu amigo\" \u00e9 o nosso princ\u00edpio, queremos sinceramente estabelecer uma rela\u00e7\u00e3o comercial est\u00e1vel e uma boa amizade com o revendedor profissional de geradores de todo o mundo. Saudamo-lo sinceramente para se juntar \u00e0 nossa rede mundial de distribui\u00e7\u00e3o.<\/p>\n\n\t<div class=\"vc_col-sm-12 wpb_column vc_column_container\" >\n\t\t<div class=\"wpb_wrapper\">\n\t\t\t<div class=\"rt_heading_wrapper style-4\">\n\t\t\t\t\t\t<span class=\"punchline\">Marcos<\/span>\n\t\t\t\t\t\t<h4 class=\"rt_heading  with_punchline style-4\" >Breve hist\u00f3ria da nossa empresa<\/h4>\n\t\t\t\t\t<\/div>\t \n\t\t<section  class=\"timeline\">\n\t\t\t \n\t\t<div  >\n\t\t\t \n\t\t<span class=\"event-date\">\n\t\t\t<span class=\"day\"><\/span>\n\t\t\t<span class=\"month\">Mar\u00e7o, <\/span>\n\t\t\t<span class=\"year\">2017<\/span>\n\t\t<\/span>\n\t<div class=\"event-details\"><p>Instala\u00e7\u00e3o de um projecto-piloto completo de gera\u00e7\u00e3o de energia com gasificador de biomassa em Dongguan,China<\/p>\n<\/div>\n\t\t<\/div>\n\t\t \n\t\t<div  >\n\t\t\t \n\t\t<span class=\"event-date\">\n\t\t\t<span class=\"day\"><\/span>\n\t\t\t<span class=\"month\">Setembro, <\/span>\n\t\t\t<span class=\"year\">2016<\/span>\n\t\t<\/span>\n\t<div class=\"event-details\"><p>Concep\u00e7\u00e3o e produ\u00e7\u00e3o do primeiro gerador de biog\u00e1s para o mercado da Nig\u00e9ria.<\/p>\n<\/div>\n\t\t<\/div>\n\t\t \n\t\t<div  >\n\t\t\t \n\t\t<span class=\"event-date\">\n\t\t\t<span class=\"day\"><\/span>\n\t\t\t<span class=\"month\">Mar\u00e7o, <\/span>\n\t\t\t<span class=\"year\">2016<\/span>\n\t\t<\/span>\n\t<div class=\"event-details\"><p>Concep\u00e7\u00e3o e produ\u00e7\u00e3o de geradores de GPL para hot\u00e9is de 5 estrelas em Macau, uma vez que estes t\u00eam uma pol\u00edtica rigorosa de fugas de petr\u00f3leo.<\/p>\n<\/div>\n\t\t<\/div>\n\t\t \n\t\t<div  >\n\t\t\t \n\t\t<span class=\"event-date\">\n\t\t\t<span class=\"day\"><\/span>\n\t\t\t<span class=\"month\">Junho, <\/span>\n\t\t\t<span class=\"year\">2015<\/span>\n\t\t<\/span>\n\t<div class=\"event-details\"><p>Concep\u00e7\u00e3o e produ\u00e7\u00e3o de 2 conjuntos de cominhos de 4BTAA3.9 motores a g\u00e1s gerador de GPL para o mercado canadiano por composi\u00e7\u00e3o de GPL do cliente.<\/p>\n<\/div>\n\t\t<\/div>\n\t\t \n\t\t<div  >\n\t\t\t \n\t\t<span class=\"event-date\">\n\t\t\t<span class=\"day\"><\/span>\n\t\t\t<span class=\"month\">Outubro, <\/span>\n\t\t\t<span class=\"year\">2014<\/span>\n\t\t<\/span>\n\t<div class=\"event-details\"><p>Venda do primeiro gerador de biomassa ao mercado liban\u00eas.<\/p>\n<\/div>\n\t\t<\/div>\n\t\t \n\t\t<div  >\n\t\t\t \n\t\t<span class=\"event-date\">\n\t\t\t<span class=\"day\"><\/span>\n\t\t\t<span class=\"month\">Maio, <\/span>\n\t\t\t<span class=\"year\">2014<\/span>\n\t\t<\/span>\n\t<div class=\"event-details\"><p>Convers\u00e3o de motor diesel de cominhos de 1500rpm para gerador de biomassa de cominhos de 900rpm para o mercado filipino.<\/p>\n<\/div>\n\t\t<\/div>\n\t\t \n\t\t<div  >\n\t\t\t \n\t\t<span class=\"event-date\">\n\t\t\t<span class=\"day\"><\/span>\n\t\t\t<span class=\"month\">Novembro, <\/span>\n\t\t\t<span class=\"year\">2013<\/span>\n\t\t<\/span>\n\t<div class=\"event-details\"><p>Concep\u00e7\u00e3o e produ\u00e7\u00e3o do gerador de biomassa de 15kw que funciona com g\u00e1s de casca de arroz com baixo valor t\u00e9rmico de apenas 4MJ\/Nm3 para o mercado japon\u00eas.<\/p>\n<\/div>\n\t\t<\/div>\n\t\t \n\t\t<div  >\n\t\t\t \n\t\t<span class=\"event-date\">\n\t\t\t<span class=\"day\"><\/span>\n\t\t\t<span class=\"month\">Julho, <\/span>\n\t\t\t<span class=\"year\">2013<\/span>\n\t\t<\/span>\n\t<div class=\"event-details\"><p>Venda do primeiro gerador de g\u00e1s natural de 300kw para o Reino Unido.<\/p>\n<\/div>\n\t\t<\/div>\n\t\t \n\t\t<div  >\n\t\t\t \n\t\t<span class=\"event-date\">\n\t\t\t<span class=\"day\"><\/span>\n\t\t\t<span class=\"month\">Mar\u00e7o, <\/span>\n\t\t\t<span class=\"year\">2013<\/span>\n\t\t<\/span>\n\t<div class=\"event-details\"><p>Venda do primeiro gerador de biomassa de 250kw ao mercado italiano e vamos a It\u00e1lia para a encomenda do gerador de biomassa de 250kw e forma\u00e7\u00e3o do operador do gerador. <\/p>\n<\/div>\n\t\t<\/div>\n\t\t \n\t\t<div  >\n\t\t\t \n\t\t<span class=\"event-date\">\n\t\t\t<span class=\"day\"><\/span>\n\t\t\t<span class=\"month\">Dezembro,<\/span>\n\t\t\t<span class=\"year\">2012<\/span>\n\t\t<\/span>\n\t<div class=\"event-details\"><p>Venda do primeiro gerador de biog\u00e1s a uma explora\u00e7\u00e3o suin\u00edcola em Yiwu, prov\u00edncia de Zhejiang, China<\/p>\n<\/div>\n\t\t<\/div>\n\t\t \n\t\t<div  >\n\t\t\t \n\t\t<span class=\"event-date\">\n\t\t\t<span class=\"day\"><\/span>\n\t\t\t<span class=\"month\">Outubro,<\/span>\n\t\t\t<span class=\"year\">2012<\/span>\n\t\t<\/span>\n\t<div class=\"event-details\"><p>Participar na Feira de Cant\u00e3o em Outubro de 2012,trazendo os nossos \u00faltimos produtos geradores de g\u00e1s natural e encontrando-se com potenciais clientes<\/p>\n<\/div>\n\t\t<\/div>\n\t\t \n\t\t<div  >\n\t\t\t \n\t\t<span class=\"event-date\">\n\t\t\t<span class=\"day\"><\/span>\n\t\t\t<span class=\"month\">Abril,<\/span>\n\t\t\t<span class=\"year\">2012<\/span>\n\t\t<\/span>\n\t<div class=\"event-details\"><p>Shenzhen Gosun Industry Co.,Ltd estabelecida em Shenzhen,China<\/p>\n<\/div>\n\t\t<\/div>\n\t\n\t\t<\/section>\n\n\t\t<\/div>\n\t<\/div>\n\n<\/div>\n<\/div>\n\n<div  class=\"content_row row vc_row wpb_row vc_row-fluid alt-style-2 fullwidth\" >\n\t\n\t<div class=\"content_row_wrapper  default\" style=\"padding-top:60px;padding-bottom:60px;\">\n\t<div class=\"vc_col-sm-12 wpb_column vc_column_container\" >\n\t\t<div class=\"wpb_wrapper\">\n\t\t\t<div class=\"rt_heading_wrapper style-4\">\n\t\t\t\t\t\t<span class=\"punchline\">Testemunhos<\/span>\n\t\t\t\t\t\t<h3 class=\"rt_heading  with_punchline style-4\" >O que est\u00e3o a dizer<\/h3>\n\t\t\t\t\t<\/div>\r\n\t\t\t\t<div id=\"slider-testimonial-dynamicID-321897\" class=\"rt-carousel carousel-holder clearfix testimonial-carousel testimonials center big\" data-item-width=\"1\" data-nav=\"false\" data-dots=\"true\" data-margin=\"15\" data-autoplay=\"false\" data-timeout=\"5000\">\r\n\t\t\t\t\t<div class=\"owl-carousel\">\r\n\t\t\t\t\t\t<div><div class=\"testimonial item\">\n\n\n\n<div class=\"text\">\n\t<p>\n\t\t<span class=\"icon-quote-left\"><\/span>\n\t\t\tTemos um projecto em Macau, eles precisam de 2 geradores no barco para um lago \u00e0 volta do hotel. Por isso, n\u00e3o podem usar gerador a diesel porque n\u00e3o \u00e9 permitida a fuga de \u00f3leo, pelo que recorremos ao gerador a GPL. Consultamos v\u00e1rias grandes empresas de geradores de g\u00e1s, incluindo a Generac nos EUA, eles n\u00e3o podem fazer isto. Ap\u00f3s 3 meses de fornecimento, reunimo-nos com a Gosun. A sua solu\u00e7\u00e3o e produto final \u00e9 realmente perfeita para n\u00f3s.\t\t<span class=\"icon-quote-right\"><\/span>\n\t<\/p>\n\t<div class=\"client_info\">\n\n\t\t\tMohamad\n\t\t- <span>Gestor de projecto<\/span>\t\t\n\t\t\t\t\t\n\t\t\n\n\t<\/div>\n<\/div><\/div>\n<\/div><div><div class=\"testimonial item\">\n\n\n\n<div class=\"text\">\n\t<p>\n\t\t<span class=\"icon-quote-left\"><\/span>\n\t\t\tCompr\u00e1mos um pequeno gerador de g\u00e1s gasificador \u00e0 Gosun, n\u00e3o sabemos se a qualidade do seu gerador de g\u00e1s \u00e9 igual \u00e0 de outros fornecedores chineses antes de fazermos a encomenda, s\u00f3 queremos tentar. Quando combinado com o nosso pr\u00f3prio gaseificador, funciona muito bem, sem problemas de \u00f3leo de alcatr\u00e3o, sem problemas de manuten\u00e7\u00e3o aborrecidos; estamos muito satisfeitos com a Torch e os seus geradores, vamos comprar mais a eles.\t\t<span class=\"icon-quote-right\"><\/span>\n\t<\/p>\n\t<div class=\"client_info\">\n\n\t\t\tAnthony Chlela\n\t\t- <span>CTO<\/span>\t\t\n\t\t<a href=\"http:\/\/machinery.phoenixlb.com\/\" target=\"_blank\" title=\"Maquinaria Phoenix\" class=\"client_link\">Maquinaria Phoenix<\/a>\t\t\t\n\t\t\n\n\t<\/div>\n<\/div><\/div>\n<\/div><div><div class=\"testimonial item\">\n\n\n\n<div class=\"text\">\n\t<p>\n\t\t<span class=\"icon-quote-left\"><\/span>\n\t\t\tGosun \u00e9 um fabricante profissional de geradores de g\u00e1s na China. Eles convertem um motor diesel cummins de 1500rpm para um gerador a g\u00e1s de biomassa de 900rpm para as nossas quintas, o seu engenheiro \u00e9 t\u00e3o profissional, al\u00e9m disso, o seu dono \u00e9 o meu melhor amigo na China. Ele ajudou-me muito em outros neg\u00f3cios na China.\t\t<span class=\"icon-quote-right\"><\/span>\n\t<\/p>\n\t<div class=\"client_info\">\n\n\t\t\tKenneth Dominado\n\t\t- <span>Gestor de Compras<\/span>\t\t\n\t\t\t\t\t\n\t\t\n\n\t<\/div>\n<\/div><\/div>\n<\/div>\r\n\t\t\t\t\t<\/div>\r\n\t\t\t\t\t\r\n\t\t\t\t<div id=\"slider-testimonial-dynamicID-321897-dots\" class=\"dots-holder\">\r\n\t\t\t\t<\/div>\r\n\t\t\t\r\n\t\t\t\t<\/div>\n\n\t\t<\/div>\n\t<\/div>\n\n<\/div>\n<\/div>","protected":false},"excerpt":{"rendered":"","protected":false},"author":1,"featured_media":0,"parent":0,"menu_order":0,"comment_status":"open","ping_status":"open","template":"","meta":{"footnotes":""},"class_list":["post-9","page","type-page","status-publish","hentry"],"aioseo_notices":[],"_links":{"self":[{"href":"https:\/\/www.chinesegenset.com\/pt\/wp-json\/wp\/v2\/pages\/9","targetHints":{"allow":["GET"]}}],"collection":[{"href":"https:\/\/www.chinesegenset.com\/pt\/wp-json\/wp\/v2\/pages"}],"about":[{"href":"https:\/\/www.chinesegenset.com\/pt\/wp-json\/wp\/v2\/types\/page"}],"author":[{"embeddable":true,"href":"https:\/\/www.chinesegenset.com\/pt\/wp-json\/wp\/v2\/users\/1"}],"replies":[{"embeddable":true,"href":"https:\/\/www.chinesegenset.com\/pt\/wp-json\/wp\/v2\/comments?post=9"}],"version-history":[{"count":19,"href":"https:\/\/www.chinesegenset.com\/pt\/wp-json\/wp\/v2\/pages\/9\/revisions"}],"predecessor-version":[{"id":4426,"href":"https:\/\/www.chinesegenset.com\/pt\/wp-json\/wp\/v2\/pages\/9\/revisions\/4426"}],"wp:attachment":[{"href":"https:\/\/www.chinesegenset.com\/pt\/wp-json\/wp\/v2\/media?parent=9"}],"curies":[{"name":"wp","href":"https:\/\/api.w.org\/{rel}","templated":true}]}}