{"id":4389,"date":"2022-02-24T14:09:13","date_gmt":"2022-02-24T14:09:13","guid":{"rendered":"https:\/\/www.chinesegenset.com\/?page_id=4389"},"modified":"2022-02-24T14:16:54","modified_gmt":"2022-02-24T14:16:54","slug":"natural-gas-generator","status":"publish","type":"page","link":"https:\/\/www.chinesegenset.com\/pt\/natural-gas-generator\/","title":{"rendered":"Gerador a g\u00e1s natural"},"content":{"rendered":"<div  class=\"content_row row vc_row wpb_row vc_row-fluid default-style default\" >\n\t\n\t<div class=\"content_row_wrapper\" >\n\t<div class=\"vc_col-sm-12 wpb_column vc_column_container\" >\n\t\t<div class=\"wpb_wrapper\">\n\t\t\t\n\t<div class=\"wpb_text_column wpb_content_element  vc_custom_1645712196373\" >\n\t\t<div class=\"wpb_wrapper\">\n\t\t\t<h3>T\u00edtulo personalizado<\/h3>\n<p>Lorem ipsum dolor sit amet consectetur adipiscing elit etiam dictum ultrices, cum placerat per dictumst ligula odio pellentesque class pulvinar parturient, neque turpis tortor sociosqu est dis posuere condimentum fermentum. Luctus donec ac cubilia porta odio vehicula cum tristique dictum nulla at, non quis suspendisse mi nec magnis nascetur ultricies felis eleifend massa bibendum, nullam hac neque elementum lacus habitant habitasse malesuada suscipit est. Augue lectus leo curabitur lacus, purus dapibus posuere. Vulputate nulla eros tempus bibendum cras rhoncus natoque fusce pulvinar ornare tempor, nec odio donec imperdiet primis turpis parturient euismod pretium habitasse. Aliquet eros integer at mattis sagittis commodo non, felis interdum magnis praesent torquent. Dui nunc vivamus cubilia ante nisl curabitur fusce, quisque nam platea per eleifend condimentum viverra, malesuada sociosqu eu eget ligula aliquet. Nibh himenaeos fermentum quam vehicula iaculis hendrerit ante egestas integer, enim senectus urna pharetra semper curabitur vestibulum odio, venenatis ultricies viverra suscipit nostra blandit magna habitant.<\/p>\n\n\t\t<\/div>\n\t<\/div>\n\n<div id=\"product-dynamicID-103959\" class=\"product_holder product-showcase clearfix  border_grid fixed_heights\" data-column-width=\"3\">\n<div class=\"row clearfix\">\n<div class=\"col product_item_holder col-sm-4  jdec-natural-gas-generator\">\n\n<div class=\"product_item_holder\">\n\n\t\t\t<div class=\"featured_image\"> \n\t\t\t<!-- product image -->\n\t\t\t<div class=\"featured_image\"> \n\t\t\t\t<a href=\"https:\/\/www.chinesegenset.com\/pt\/product\/600kw-750kva-middle-speed-jdec-natural-gas-genset-from-china-factory\/\" title=\"600kw 750kva de g\u00e1s natural JDEC da f\u00e1brica na China\" rel=\"bookmark\" class=\"imgeffect link\"><img decoding=\"async\" src=\"https:\/\/www.chinesegenset.com\/wp-content\/uploads\/2017\/10\/600kw-750kva-middle-speed-JDEC-natural-gas-genset-from-China-factory-480x334.jpg\" alt=\"600kw 750kva de g\u00e1s natural JDEC da f\u00e1brica na China\" class=\"\" \/><\/a> \n\t\t\t<\/div> \n\t\t<\/div> \n\t\n\n\t\n\t\t\t\t\t\t\n\t\t<div class=\"product_info\">\n\n\t\t\t\t\t\t\t\t<!-- title-->\n\t\t\t\t<h5 class=\"clean_heading\"><a href=\"https:\/\/www.chinesegenset.com\/pt\/product\/600kw-750kva-middle-speed-jdec-natural-gas-genset-from-china-factory\/\" title=\"600kw 750kva de g\u00e1s natural JDEC da f\u00e1brica na China\" rel=\"bookmark\">600kw 750kva de g\u00e1s natural JDEC da f\u00e1brica na China<\/a><\/h5>\n\t\t\t\t\n\t\t\t\t<!-- text-->\n\t\t\t\t<p>600kw 750kva de velocidade m\u00e9dia JDEC de g\u00e1s natural da f\u00e1brica da China, concebido por funcionamento cont\u00ednuo para uso comercial e industrial, adequado para a Nig\u00e9ria, R\u00fassia, Am\u00e9rica, Dubai, Iraque, Ir\u00e3o e outros pa\u00edses da \u00c1sia Oriental.<\/p>\n\t\t\t\t<div class=\"product_info_footer clearfix\">\n\t\t\t<!-- product price -->\n\t\t\t<p class=\"price icon-\">\t\n\t\t\t\t<del><span class=\"amount\">$90<\/span><\/del> <ins><span class=\"amount\">$75<\/span><\/ins>\n\t\t\t<\/p> \n\t\t<div class=\"action_buttons\"><a href=\"https:\/\/www.chinesegenset.com\/pt\/product\/600kw-750kva-middle-speed-jdec-natural-gas-genset-from-china-factory\/\" title=\"600kw 750kva de g\u00e1s natural JDEC da f\u00e1brica na China\" class=\"details icon-angle-right\">Detalhes<\/a><\/div><\/div> \t\t\n\n\t\t<\/div>\n\t\t\n\n\t\n<\/div><\/div>\n<div class=\"col product_item_holder col-sm-4  jdec-natural-gas-generator\">\n\n<div class=\"product_item_holder\">\n\n\t\t\t<div class=\"featured_image\"> \n\t\t\t<!-- product image -->\n\t\t\t<div class=\"featured_image\"> \n\t\t\t\t<a href=\"https:\/\/www.chinesegenset.com\/pt\/product\/500kw-1000rpm-medium-speed-jdec-natural-gas-generator-set-from-china\/\" title=\"500kw 1000rpm velocidade m\u00e9dia Conjunto gerador de g\u00e1s natural JDEC da China\" rel=\"bookmark\" class=\"imgeffect link\"><img decoding=\"async\" src=\"https:\/\/www.chinesegenset.com\/wp-content\/uploads\/2017\/10\/500kw-1000rpm-medium-speed-JDEC-natural-gas-generator-set-from-China-480x334.jpg\" alt=\"500kw 1000rpm velocidade m\u00e9dia Conjunto gerador de g\u00e1s natural JDEC da China\" class=\"\" \/><\/a> \n\t\t\t<\/div> \n\t\t<\/div> \n\t\n\n\t\n\t\t\t\t\t\t\n\t\t<div class=\"product_info\">\n\n\t\t\t\t\t\t\t\t<!-- title-->\n\t\t\t\t<h5 class=\"clean_heading\"><a href=\"https:\/\/www.chinesegenset.com\/pt\/product\/500kw-1000rpm-medium-speed-jdec-natural-gas-generator-set-from-china\/\" title=\"500kw 1000rpm velocidade m\u00e9dia Conjunto gerador de g\u00e1s natural JDEC da China\" rel=\"bookmark\">500kw 1000rpm velocidade m\u00e9dia Conjunto gerador de g\u00e1s natural JDEC da China<\/a><\/h5>\n\t\t\t\t\n\t\t\t\t<!-- text-->\n\t\t\t\t<p>500kw 1000rpm de velocidade m\u00e9dia Conjunto gerador de g\u00e1s natural JDEC da China, pode ser arrefecido quer por uma torre de refrigera\u00e7\u00e3o externa quer por um tanque de \u00e1gua de refrigera\u00e7\u00e3o incorporado, adequado para utiliza\u00e7\u00e3o industrial em funcionamento cont\u00ednuo.<\/p>\n\t\t\t\t<div class=\"product_info_footer clearfix\">\n\t\t\t<!-- product price -->\n\t\t\t<p class=\"price icon-\">\t\n\t\t\t\t<del><span class=\"amount\">$90<\/span><\/del> <ins><span class=\"amount\">$75<\/span><\/ins>\n\t\t\t<\/p> \n\t\t<div class=\"action_buttons\"><a href=\"https:\/\/www.chinesegenset.com\/pt\/product\/500kw-1000rpm-medium-speed-jdec-natural-gas-generator-set-from-china\/\" title=\"500kw 1000rpm velocidade m\u00e9dia Conjunto gerador de g\u00e1s natural JDEC da China\" class=\"details icon-angle-right\">Detalhes<\/a><\/div><\/div> \t\t\n\n\t\t<\/div>\n\t\t\n\n\t\n<\/div><\/div>\n<div class=\"col product_item_holder col-sm-4  jdec-natural-gas-generator\">\n\n<div class=\"product_item_holder\">\n\n\t\t\t<div class=\"featured_image\"> \n\t\t\t<!-- product image -->\n\t\t\t<div class=\"featured_image\"> \n\t\t\t\t<a href=\"https:\/\/www.chinesegenset.com\/pt\/product\/1000kw-1mw-jdec-natural-gas-generator-1500-rpm-12-cylinders-engine\/\" title=\"Gerador a g\u00e1s natural JDEC de 1000kw 1MW motor de 1500 rpm 12 cilindros\" rel=\"bookmark\" class=\"imgeffect link\"><img decoding=\"async\" src=\"https:\/\/www.chinesegenset.com\/wp-content\/uploads\/2017\/10\/1000kw-1MW-JDEC-natural-gas-generator-1500-rpm-12-cylinders-engine-480x334.jpg\" alt=\"Gerador a g\u00e1s natural JDEC de 1000kw 1MW motor de 1500 rpm 12 cilindros\" class=\"\" \/><\/a> \n\t\t\t<\/div> \n\t\t<\/div> \n\t\n\n\t\n\t\t\t\t\t\t\n\t\t<div class=\"product_info\">\n\n\t\t\t\t\t\t\t\t<!-- title-->\n\t\t\t\t<h5 class=\"clean_heading\"><a href=\"https:\/\/www.chinesegenset.com\/pt\/product\/1000kw-1mw-jdec-natural-gas-generator-1500-rpm-12-cylinders-engine\/\" title=\"Gerador a g\u00e1s natural JDEC de 1000kw 1MW motor de 1500 rpm 12 cilindros\" rel=\"bookmark\">Gerador a g\u00e1s natural JDEC de 1000kw 1MW motor de 1500 rpm 12 cilindros<\/a><\/h5>\n\t\t\t\t\n\t\t\t\t<!-- text-->\n\t\t\t\t<p>Conjunto gerador a g\u00e1s natural JDEC de 1000kw 1MW com motor a g\u00e1s natural de 1500 rpm 12 cilindros, acoplamento com alternador Stamford da Cummins China Generator Technology .<\/p>\n\t\t\t\t<div class=\"product_info_footer clearfix\">\n\t\t\t<!-- product price -->\n\t\t\t<p class=\"price icon-\">\t\n\t\t\t\t<del><span class=\"amount\">$90<\/span><\/del> <ins><span class=\"amount\">$75<\/span><\/ins>\n\t\t\t<\/p> \n\t\t<div class=\"action_buttons\"><a href=\"https:\/\/www.chinesegenset.com\/pt\/product\/1000kw-1mw-jdec-natural-gas-generator-1500-rpm-12-cylinders-engine\/\" title=\"Gerador a g\u00e1s natural JDEC de 1000kw 1MW motor de 1500 rpm 12 cilindros\" class=\"details icon-angle-right\">Detalhes<\/a><\/div><\/div> \t\t\n\n\t\t<\/div>\n\t\t\n\n\t\n<\/div><\/div>\n<\/div>\n<div class=\"row clearfix\">\n<div class=\"col product_item_holder col-sm-4  jdec-natural-gas-generator\">\n\n<div class=\"product_item_holder\">\n\n\t\t\t<div class=\"featured_image\"> \n\t\t\t<!-- product image -->\n\t\t\t<div class=\"featured_image\"> \n\t\t\t\t<a href=\"https:\/\/www.chinesegenset.com\/pt\/product\/700kw-natural-gas-generator-set-from-jinan-diesel-engine-corporation\/\" title=\"Conjunto gerador a g\u00e1s natural de 700kw da Jinan Diesel Engine Corporation\" rel=\"bookmark\" class=\"imgeffect link\"><img decoding=\"async\" src=\"https:\/\/www.chinesegenset.com\/wp-content\/uploads\/2017\/10\/700kw-natural-gas-generator-set-from-Jinan-Diesel-Engine-Corporation-480x334.jpg\" alt=\"Conjunto gerador a g\u00e1s natural de 700kw da Jinan Diesel Engine Corporation\" class=\"\" \/><\/a> \n\t\t\t<\/div> \n\t\t<\/div> \n\t\n\n\t\n\t\t\t\t\t\t\n\t\t<div class=\"product_info\">\n\n\t\t\t\t\t\t\t\t<!-- title-->\n\t\t\t\t<h5 class=\"clean_heading\"><a href=\"https:\/\/www.chinesegenset.com\/pt\/product\/700kw-natural-gas-generator-set-from-jinan-diesel-engine-corporation\/\" title=\"Conjunto gerador a g\u00e1s natural de 700kw da Jinan Diesel Engine Corporation\" rel=\"bookmark\">Conjunto gerador a g\u00e1s natural de 700kw da Jinan Diesel Engine Corporation<\/a><\/h5>\n\t\t\t\t\n\t\t\t\t<!-- text-->\n\t\t\t\t<p>Conjunto gerador a g\u00e1s natural de 700kw da Jinan Diesel Engine Corporation, alimentado por motor a g\u00e1s natural de 12 cilindros v linha 12V190ZLDK e alternador de tecnologia Simens.<\/p>\n\t\t\t\t<div class=\"product_info_footer clearfix\">\n\t\t\t<!-- product price -->\n\t\t\t<p class=\"price icon-\">\t\n\t\t\t\t<del><span class=\"amount\">$90<\/span><\/del> <ins><span class=\"amount\">$75<\/span><\/ins>\n\t\t\t<\/p> \n\t\t<div class=\"action_buttons\"><a href=\"https:\/\/www.chinesegenset.com\/pt\/product\/700kw-natural-gas-generator-set-from-jinan-diesel-engine-corporation\/\" title=\"Conjunto gerador a g\u00e1s natural de 700kw da Jinan Diesel Engine Corporation\" class=\"details icon-angle-right\">Detalhes<\/a><\/div><\/div> \t\t\n\n\t\t<\/div>\n\t\t\n\n\t\n<\/div><\/div>\n<div class=\"col product_item_holder col-sm-4  man-natural-gas-generator\">\n\n<div class=\"product_item_holder\">\n\n\t\t\t<div class=\"featured_image\"> \n\t\t\t<!-- product image -->\n\t\t\t<div class=\"featured_image\"> \n\t\t\t\t<a href=\"https:\/\/www.chinesegenset.com\/pt\/product\/500kw-625kva-man-chp-natural-gas-generator-set\/\" title=\"500kw 625kva MAN CHP gerador de g\u00e1s natural tamb\u00e9m funciona com g\u00e1s de leito de carv\u00e3o\" rel=\"bookmark\" class=\"imgeffect link\"><img decoding=\"async\" src=\"https:\/\/www.chinesegenset.com\/wp-content\/uploads\/2017\/08\/500kw-625kva-MAN-CHP-natural-gas-generator-also-run-on-coal-bed-gas-480x334.jpg\" alt=\"500kw 625kva MAN CHP gerador de g\u00e1s natural tamb\u00e9m funciona com g\u00e1s de leito de carv\u00e3o\" class=\"\" \/><\/a> \n\t\t\t<\/div> \n\t\t<\/div> \n\t\n\n\t\n\t\t\t\t\t\t\n\t\t<div class=\"product_info\">\n\n\t\t\t\t\t\t\t\t<!-- title-->\n\t\t\t\t<h5 class=\"clean_heading\"><a href=\"https:\/\/www.chinesegenset.com\/pt\/product\/500kw-625kva-man-chp-natural-gas-generator-set\/\" title=\"500kw 625kva MAN CHP gerador de g\u00e1s natural tamb\u00e9m funciona com g\u00e1s de leito de carv\u00e3o\" rel=\"bookmark\">500kw 625kva MAN CHP gerador de g\u00e1s natural tamb\u00e9m funciona com g\u00e1s de leito de carv\u00e3o<\/a><\/h5>\n\t\t\t\t\n\t\t\t\t<!-- text-->\n\t\t\t\t<p>Gerador de g\u00e1s natural MAN CHP dur\u00e1vel de 500kw 625kva tamb\u00e9m funciona com g\u00e1s de leito de carv\u00e3o da f\u00e1brica OEM da China, funciona com g\u00e1s natural, g\u00e1s de leito de carv\u00e3o, g\u00e1s de minas de carv\u00e3o, g\u00e1s de p\u00e2ntano e outro g\u00e1s metano , cont\u00ednuo 8000 horas de trabalho.<\/p>\n\t\t\t\t<div class=\"product_info_footer clearfix\">\n\t\t\t<!-- product price -->\n\t\t\t<p class=\"price icon-\">\t\n\t\t\t\t<del><span class=\"amount\">$90<\/span><\/del> <ins><span class=\"amount\">$75<\/span><\/ins>\n\t\t\t<\/p> \n\t\t<div class=\"action_buttons\"><a href=\"https:\/\/www.chinesegenset.com\/pt\/product\/500kw-625kva-man-chp-natural-gas-generator-set\/\" title=\"500kw 625kva MAN CHP gerador de g\u00e1s natural tamb\u00e9m funciona com g\u00e1s de leito de carv\u00e3o\" class=\"details icon-angle-right\">Detalhes<\/a><\/div><\/div> \t\t\n\n\t\t<\/div>\n\t\t\n\n\t\n<\/div><\/div>\n<div class=\"col product_item_holder col-sm-4  man-natural-gas-generator\">\n\n<div class=\"product_item_holder\">\n\n\t\t\t<div class=\"featured_image\"> \n\t\t\t<!-- product image -->\n\t\t\t<div class=\"featured_image\"> \n\t\t\t\t<a href=\"https:\/\/www.chinesegenset.com\/pt\/product\/400kw-500kva-original-man-sewage-gas-power-plant-generator-set\/\" title=\"Conjunto gerador original de 400kw 500kva da central el\u00e9ctrica de g\u00e1s de esgoto MAN\" rel=\"bookmark\" class=\"imgeffect link\"><img decoding=\"async\" src=\"https:\/\/www.chinesegenset.com\/wp-content\/uploads\/2017\/08\/400kw-500kva-original-MAN-sewage-gas-power-plant-generator-set-480x334.jpg\" alt=\"Conjunto gerador original de 400kw 500kva da central el\u00e9ctrica de g\u00e1s de esgoto MAN\" class=\"\" \/><\/a> \n\t\t\t<\/div> \n\t\t<\/div> \n\t\n\n\t\n\t\t\t\t\t\t\n\t\t<div class=\"product_info\">\n\n\t\t\t\t\t\t\t\t<!-- title-->\n\t\t\t\t<h5 class=\"clean_heading\"><a href=\"https:\/\/www.chinesegenset.com\/pt\/product\/400kw-500kva-original-man-sewage-gas-power-plant-generator-set\/\" title=\"Conjunto gerador original de 400kw 500kva da central el\u00e9ctrica de g\u00e1s de esgoto MAN\" rel=\"bookmark\">Conjunto gerador original de 400kw 500kva da central el\u00e9ctrica de g\u00e1s de esgoto MAN<\/a><\/h5>\n\t\t\t\t\n\t\t\t\t<!-- text-->\n\t\t\t\t<p>Conjunto gerador original de 400kw 500kva de g\u00e1s de esgoto MAN da f\u00e1brica OEM da China, adequado para instala\u00e7\u00f5es municipais de esgotos, cria valor econ\u00f3mico extra e amigo do ambiente.<\/p>\n\t\t\t\t<div class=\"product_info_footer clearfix\">\n\t\t\t<!-- product price -->\n\t\t\t<p class=\"price icon-\">\t\n\t\t\t\t<del><span class=\"amount\">$90<\/span><\/del> <ins><span class=\"amount\">$75<\/span><\/ins>\n\t\t\t<\/p> \n\t\t<div class=\"action_buttons\"><a href=\"https:\/\/www.chinesegenset.com\/pt\/product\/400kw-500kva-original-man-sewage-gas-power-plant-generator-set\/\" title=\"Conjunto gerador original de 400kw 500kva da central el\u00e9ctrica de g\u00e1s de esgoto MAN\" class=\"details icon-angle-right\">Detalhes<\/a><\/div><\/div> \t\t\n\n\t\t<\/div>\n\t\t\n\n\t\n<\/div><\/div>\n<\/div>\n<div class=\"row clearfix\">\n<div class=\"col product_item_holder col-sm-4  man-natural-gas-generator\">\n\n<div class=\"product_item_holder\">\n\n\t\t\t<div class=\"featured_image\"> \n\t\t\t<!-- product image -->\n\t\t\t<div class=\"featured_image\"> \n\t\t\t\t<a href=\"https:\/\/www.chinesegenset.com\/pt\/product\/245kw-306kva-man-gas-engine-powered-electric-generator-on-sale\/\" title=\"245kw 306kva MAN gerador el\u00e9ctrico a g\u00e1s com motor a g\u00e1s \u00e0 venda\" rel=\"bookmark\" class=\"imgeffect link\"><img decoding=\"async\" src=\"https:\/\/www.chinesegenset.com\/wp-content\/uploads\/2017\/08\/245kw-306kva-MAN-gas-engine-powered-electric-generator-on-sale-480x334.jpg\" alt=\"245kw 306kva MAN gerador el\u00e9ctrico a g\u00e1s com motor a g\u00e1s \u00e0 venda\" class=\"\" \/><\/a> \n\t\t\t<\/div> \n\t\t<\/div> \n\t\n\n\t\n\t\t\t\t\t\t\n\t\t<div class=\"product_info\">\n\n\t\t\t\t\t\t\t\t<!-- title-->\n\t\t\t\t<h5 class=\"clean_heading\"><a href=\"https:\/\/www.chinesegenset.com\/pt\/product\/245kw-306kva-man-gas-engine-powered-electric-generator-on-sale\/\" title=\"245kw 306kva MAN gerador el\u00e9ctrico a g\u00e1s com motor a g\u00e1s \u00e0 venda\" rel=\"bookmark\">245kw 306kva MAN gerador el\u00e9ctrico a g\u00e1s com motor a g\u00e1s \u00e0 venda<\/a><\/h5>\n\t\t\t\t\n\t\t\t\t<!-- text-->\n\t\t\t\t<p>245kw 306kva MAN, gerador el\u00e9ctrico a g\u00e1s com motor a g\u00e1s da China fabricante OEM, funciona a g\u00e1s natural, g\u00e1s metano, GNV, GNL, fatos para uso principal .<\/p>\n\t\t\t\t<div class=\"product_info_footer clearfix\">\n\t\t\t<!-- product price -->\n\t\t\t<p class=\"price icon-\">\t\n\t\t\t\t<del><span class=\"amount\">$90<\/span><\/del> <ins><span class=\"amount\">$75<\/span><\/ins>\n\t\t\t<\/p> \n\t\t<div class=\"action_buttons\"><a href=\"https:\/\/www.chinesegenset.com\/pt\/product\/245kw-306kva-man-gas-engine-powered-electric-generator-on-sale\/\" title=\"245kw 306kva MAN gerador el\u00e9ctrico a g\u00e1s com motor a g\u00e1s \u00e0 venda\" class=\"details icon-angle-right\">Detalhes<\/a><\/div><\/div> \t\t\n\n\t\t<\/div>\n\t\t\n\n\t\n<\/div><\/div>\n<div class=\"col product_item_holder col-sm-4  man-natural-gas-generator\">\n\n<div class=\"product_item_holder\">\n\n\t\t\t<div class=\"featured_image\"> \n\t\t\t<!-- product image -->\n\t\t\t<div class=\"featured_image\"> \n\t\t\t\t<a href=\"https:\/\/www.chinesegenset.com\/pt\/product\/230kw-288kva-man-turbine-engine-methane-shale-gas-generator-set\/\" title=\"Conjunto de gerador de g\u00e1s de xisto metano para motores de turbina MAN 230kw 288kva\" rel=\"bookmark\" class=\"imgeffect link\"><img decoding=\"async\" src=\"https:\/\/www.chinesegenset.com\/wp-content\/uploads\/2017\/08\/230kw-288kva-MAN-turbine-engine-methane-shale-gas-generator-set-480x334.jpg\" alt=\"Conjunto de gerador de g\u00e1s de xisto metano para motores de turbina MAN 230kw 288kva\" class=\"\" \/><\/a> \n\t\t\t<\/div> \n\t\t<\/div> \n\t\n\n\t\n\t\t\t\t\t\t\n\t\t<div class=\"product_info\">\n\n\t\t\t\t\t\t\t\t<!-- title-->\n\t\t\t\t<h5 class=\"clean_heading\"><a href=\"https:\/\/www.chinesegenset.com\/pt\/product\/230kw-288kva-man-turbine-engine-methane-shale-gas-generator-set\/\" title=\"Conjunto de gerador de g\u00e1s de xisto metano para motores de turbina MAN 230kw 288kva\" rel=\"bookmark\">Conjunto de gerador de g\u00e1s de xisto metano para motores de turbina MAN 230kw 288kva<\/a><\/h5>\n\t\t\t\t\n\t\t\t\t<!-- text-->\n\t\t\t\t<p>Conjunto de 230kw 288kva MAN de gerador de g\u00e1s metano de motor de turbina do fabricante de OEM da China, alimentado por g\u00e1s natural, g\u00e1s metano, g\u00e1s de xisto; fi\u00e1vel e adequado para funcionamento cont\u00ednuo .<\/p>\n\t\t\t\t<div class=\"product_info_footer clearfix\">\n\t\t\t<!-- product price -->\n\t\t\t<p class=\"price icon-\">\t\n\t\t\t\t<del><span class=\"amount\">$90<\/span><\/del> <ins><span class=\"amount\">$75<\/span><\/ins>\n\t\t\t<\/p> \n\t\t<div class=\"action_buttons\"><a href=\"https:\/\/www.chinesegenset.com\/pt\/product\/230kw-288kva-man-turbine-engine-methane-shale-gas-generator-set\/\" title=\"Conjunto de gerador de g\u00e1s de xisto metano para motores de turbina MAN 230kw 288kva\" class=\"details icon-angle-right\">Detalhes<\/a><\/div><\/div> \t\t\n\n\t\t<\/div>\n\t\t\n\n\t\n<\/div><\/div>\n<div class=\"col product_item_holder col-sm-4  man-natural-gas-generator\">\n\n<div class=\"product_item_holder\">\n\n\t\t\t<div class=\"featured_image\"> \n\t\t\t<!-- product image -->\n\t\t\t<div class=\"featured_image\"> \n\t\t\t\t<a href=\"https:\/\/www.chinesegenset.com\/pt\/product\/190kw-237-5kva-man-natural-gas-cng-lng-power-genset-for-industrial-applications\/\" title=\"190kw 237,5kva MAN g\u00e1s natural CNG LNG grupo gerador de energia para aplica\u00e7\u00f5es industriais\" rel=\"bookmark\" class=\"imgeffect link\"><img decoding=\"async\" src=\"https:\/\/www.chinesegenset.com\/wp-content\/uploads\/2017\/08\/190kw-237.5kva-MAN-natural-gas-CNG-LNG-power-genset-for-industrial-applications-480x334.jpg\" alt=\"190kw 237,5kva MAN g\u00e1s natural CNG LNG grupo gerador de energia para aplica\u00e7\u00f5es industriais\" class=\"\" \/><\/a> \n\t\t\t<\/div> \n\t\t<\/div> \n\t\n\n\t\n\t\t\t\t\t\t\n\t\t<div class=\"product_info\">\n\n\t\t\t\t\t\t\t\t<!-- title-->\n\t\t\t\t<h5 class=\"clean_heading\"><a href=\"https:\/\/www.chinesegenset.com\/pt\/product\/190kw-237-5kva-man-natural-gas-cng-lng-power-genset-for-industrial-applications\/\" title=\"190kw 237,5kva MAN g\u00e1s natural CNG LNG grupo gerador de energia para aplica\u00e7\u00f5es industriais\" rel=\"bookmark\">190kw 237,5kva MAN g\u00e1s natural CNG LNG grupo gerador de energia para aplica\u00e7\u00f5es industriais<\/a><\/h5>\n\t\t\t\t\n\t\t\t\t<!-- text-->\n\t\t\t\t<p>2017 190kw 237,5kva MAN g\u00e1s natural CNG LNG power genset para aplica\u00e7\u00f5es industriais do fornecedor chin\u00eas, em funcionamento cont\u00ednuo, fatos para esta\u00e7\u00e3o de comunica\u00e7\u00e3o, campo petrol\u00edfero, barco, banco, aeroporto e outras aplica\u00e7\u00f5es industriais.<\/p>\n\t\t\t\t<div class=\"product_info_footer clearfix\">\n\t\t\t<!-- product price -->\n\t\t\t<p class=\"price icon-\">\t\n\t\t\t\t<del><span class=\"amount\">$90<\/span><\/del> <ins><span class=\"amount\">$75<\/span><\/ins>\n\t\t\t<\/p> \n\t\t<div class=\"action_buttons\"><a href=\"https:\/\/www.chinesegenset.com\/pt\/product\/190kw-237-5kva-man-natural-gas-cng-lng-power-genset-for-industrial-applications\/\" title=\"190kw 237,5kva MAN g\u00e1s natural CNG LNG grupo gerador de energia para aplica\u00e7\u00f5es industriais\" class=\"details icon-angle-right\">Detalhes<\/a><\/div><\/div> \t\t\n\n\t\t<\/div>\n\t\t\n\n\t\n<\/div><\/div>\n<\/div>\n<div class=\"row clearfix\">\n<div class=\"col product_item_holder col-sm-4  man-natural-gas-generator\">\n\n<div class=\"product_item_holder\">\n\n\t\t\t<div class=\"featured_image\"> \n\t\t\t<!-- product image -->\n\t\t\t<div class=\"featured_image\"> \n\t\t\t\t<a href=\"https:\/\/www.chinesegenset.com\/pt\/product\/135kw-man-gas-turbine-generator-set-50hz-400v-8000-hours-continuous\/\" title=\"Conjunto gerador de turbina a g\u00e1s MAN de 135kw 50HZ 400V 8000 horas cont\u00ednuas\" rel=\"bookmark\" class=\"imgeffect link\"><img decoding=\"async\" src=\"https:\/\/www.chinesegenset.com\/wp-content\/uploads\/2017\/08\/135kw-MAN-gas-turbine-generator-set-50HZ-400V-8000-hours-continuous-480x334.jpg\" alt=\"Conjunto gerador de turbina a g\u00e1s MAN de 135kw 50HZ 400V 8000 horas cont\u00ednuas\" class=\"\" \/><\/a> \n\t\t\t<\/div> \n\t\t<\/div> \n\t\n\n\t\n\t\t\t\t\t\t\n\t\t<div class=\"product_info\">\n\n\t\t\t\t\t\t\t\t<!-- title-->\n\t\t\t\t<h5 class=\"clean_heading\"><a href=\"https:\/\/www.chinesegenset.com\/pt\/product\/135kw-man-gas-turbine-generator-set-50hz-400v-8000-hours-continuous\/\" title=\"Conjunto gerador de turbina a g\u00e1s MAN de 135kw 50HZ 400V 8000 horas cont\u00ednuas\" rel=\"bookmark\">Conjunto gerador de turbina a g\u00e1s MAN de 135kw 50HZ 400V 8000 horas cont\u00ednuas<\/a><\/h5>\n\t\t\t\t\n\t\t\t\t<!-- text-->\n\t\t\t\t<p>Conjunto gerador de turbina a g\u00e1s Super silencioso MAN de 135kw 50HZ 400V com 8000 horas de funcionamento cont\u00ednuo do fabricante OEM, adequado para uso prim\u00e1rio, para banco, edif\u00edcio de escrit\u00f3rios, aeroporto, aplica\u00e7\u00e3o em portos mar\u00edtimos, etc.<\/p>\n\t\t\t\t<div class=\"product_info_footer clearfix\">\n\t\t\t<!-- product price -->\n\t\t\t<p class=\"price icon-\">\t\n\t\t\t\t<del><span class=\"amount\">$90<\/span><\/del> <ins><span class=\"amount\">$75<\/span><\/ins>\n\t\t\t<\/p> \n\t\t<div class=\"action_buttons\"><a href=\"https:\/\/www.chinesegenset.com\/pt\/product\/135kw-man-gas-turbine-generator-set-50hz-400v-8000-hours-continuous\/\" title=\"Conjunto gerador de turbina a g\u00e1s MAN de 135kw 50HZ 400V 8000 horas cont\u00ednuas\" class=\"details icon-angle-right\">Detalhes<\/a><\/div><\/div> \t\t\n\n\t\t<\/div>\n\t\t\n\n\t\n<\/div><\/div>\n<\/div>\n<\/div>\n<div class=\"paging_wrapper margin-t30 margin-b30\"><ul class='page-numbers'>\n\t<li><span aria-current=\"page\" class=\"page-numbers current\">1<\/span><\/li>\n\t<li><a class=\"page-numbers\" href=\"https:\/\/www.chinesegenset.com\/pt\/wp-json\/wp\/v2\/pages\/4389\/page\/2\/\">2<\/a><\/li>\n\t<li><a class=\"page-numbers\" href=\"https:\/\/www.chinesegenset.com\/pt\/wp-json\/wp\/v2\/pages\/4389\/page\/3\/\">3<\/a><\/li>\n\t<li><a class=\"next page-numbers\" href=\"https:\/\/www.chinesegenset.com\/pt\/wp-json\/wp\/v2\/pages\/4389\/page\/2\/\"><span class=\"icon-angle-right\"><\/span><\/a><\/li>\n<\/ul>\n<\/div>\n\t<div class=\"wpb_text_column wpb_content_element  vc_custom_1645712212573\" >\n\t\t<div class=\"wpb_wrapper\">\n\t\t\t<h3>T\u00edtulo personalizado<\/h3>\n<p>Sou um bloco de texto. Clique no bot\u00e3o editar para alterar este texto. Lorem ipsum dolor sit amet, consectetur adipiscing elit. Ut elit tellus, luctus nec ullamcorper mattis, pulvinar dapibus leo.<\/p>\n\n\t\t<\/div>\n\t<\/div>\n\n\t\t<\/div>\n\t<\/div>\n\n<\/div>\n<\/div>","protected":false},"excerpt":{"rendered":"1. Grupo gerador de turbina a g\u00e1s MAN de 135kw 50HZ 400V com 8000 horas de funcionamento cont\u00ednuo Especifica\u00e7\u00f5es t\u00e9cnicas gerais: Gerador Modelo 135GT-MT Pot\u00eancia Nominal 135KW \/ 168.75KVA Velocidade Nominal\/ Frequ\u00eancia Nominal 1500 rpm \/50Hz Tens\u00e3o Nominal 400\/230V Factor de Pot\u00eancia 0.8 Fase\/Fio 3Fase\/4Fio Corrente Nominal (A) 243 Tipo de G\u00e1s G\u00e1s Natural Tamanho Total (mm) 2650x1100x1550 Peso (kg) 1870 Modelo do Motor MAN E2876E312 Modo de entrada de ar Turbo intercooler Modo de arrefecimento Arrefecimento fechado [...]","protected":false},"author":1,"featured_media":0,"parent":0,"menu_order":0,"comment_status":"closed","ping_status":"closed","template":"","meta":{"footnotes":""},"class_list":["post-4389","page","type-page","status-publish","hentry"],"aioseo_notices":[],"_links":{"self":[{"href":"https:\/\/www.chinesegenset.com\/pt\/wp-json\/wp\/v2\/pages\/4389","targetHints":{"allow":["GET"]}}],"collection":[{"href":"https:\/\/www.chinesegenset.com\/pt\/wp-json\/wp\/v2\/pages"}],"about":[{"href":"https:\/\/www.chinesegenset.com\/pt\/wp-json\/wp\/v2\/types\/page"}],"author":[{"embeddable":true,"href":"https:\/\/www.chinesegenset.com\/pt\/wp-json\/wp\/v2\/users\/1"}],"replies":[{"embeddable":true,"href":"https:\/\/www.chinesegenset.com\/pt\/wp-json\/wp\/v2\/comments?post=4389"}],"version-history":[{"count":7,"href":"https:\/\/www.chinesegenset.com\/pt\/wp-json\/wp\/v2\/pages\/4389\/revisions"}],"predecessor-version":[{"id":4396,"href":"https:\/\/www.chinesegenset.com\/pt\/wp-json\/wp\/v2\/pages\/4389\/revisions\/4396"}],"wp:attachment":[{"href":"https:\/\/www.chinesegenset.com\/pt\/wp-json\/wp\/v2\/media?parent=4389"}],"curies":[{"name":"wp","href":"https:\/\/api.w.org\/{rel}","templated":true}]}}