{"id":9,"date":"2015-02-02T04:30:57","date_gmt":"2015-02-02T04:30:57","guid":{"rendered":"http:\/\/rttheme19.rtthemes.com\/?page_id=9"},"modified":"2023-03-03T15:10:16","modified_gmt":"2023-03-03T15:10:16","slug":"about-us","status":"publish","type":"page","link":"https:\/\/www.chinesegenset.com\/pl\/about-us\/","title":{"rendered":"O nas"},"content":{"rendered":"<div  class=\"content_row row vc_row wpb_row vc_row-fluid default-style fullwidth\" >\n\t\n\t<div class=\"content_row_wrapper  default\" style=\"padding-top:100px;padding-bottom:140px;\">\n\t<div class=\"vc_col-sm-12 wpb_column vc_column_container\" >\n\t\t<div class=\"wpb_wrapper\">\n\t\t\t<div class=\"rt_heading_wrapper style-4\">\n\t\t\t\t\t\t\n\t\t\t\t\t\t<h1 class=\"rt_heading  style-4\" >O NAS<\/h1>\n\t\t\t\t\t<\/div>\n\n\t\t<\/div>\n\t<\/div>\n\n<\/div>\n<\/div>\n\n<div  class=\"content_row row vc_row wpb_row vc_row-fluid default-style fullwidth border-bottom\" >\n\t\n\t<div class=\"content_row_wrapper  default\" ><p>Shenzhen Gosun Industry Co,Ltd zlokalizowany w Shenzhen, Chiny, kt\u00f3re specjalizuj\u0105 si\u0119 w badaniach, rozwoju, marketingu i obs\u0142udze generator\u00f3w silnik\u00f3w gazowych cummins, w tym generator gazu ziemnego, generator silnika biogazu, generator gazu z biomasy, generator gazu drzewnego, generator gazu producenta, generator syngazu, generator gazu ziemnego, generator gazu ziemnego, zestaw generatora gazu w\u0119glowego, generator LPG, zestaw generatora propanu itp. Mo\u017cemy r\u00f3wnie\u017c produkowa\u0107 generator diesla marki cummins i inne markowe generatory silnik\u00f3w gazowych i wysokopr\u0119\u017cnych.<\/p>\n<p>Nasz zakres mocy generatora gazowego obejmuje od 20kw do 1200kw, 500RPM do1800RPM, zasilany gazem ziemnym, biogazem, gazem z biomasy, gazem drzewnym producenta, syngazem i innym gazem palnym, kt\u00f3rego niska warto\u015b\u0107 cieplna jest wi\u0119ksza ni\u017c 4.2MJ\/m3. We adopt world class gas engine technology, brand name engine and alternator, ignition system, speed governing system, gas air mixture, control panel etc; we have innovative experienced designer in gas engine area;we strictly carry out quality system and highly treasure product quality;all of these makes excellent generator performance.<\/p>\n<p>Produkujemy g\u0142\u00f3wnie generatory gazowe z oryginalnym silnikiem gazowym Cummins, Deutz , MWM, MTU , Ricardo , JDEC Chidong, Zichai marki lub przekonwertowanym silnikiem Diesla.<\/p>\n<p>Generator gazu mo\u017ce by\u0107 stale u\u017cywany w banku, fabryki, nieruchomo\u015bci, port lotniczy, hotel, autostrady, port morski, centrum wymiany danych, telekomunikacji itp. W obliczu niedoboru ropy naftowej i r\u00f3\u017cnych problem\u00f3w \u015brodowiskowych, korzystanie z agregatu gazowego jest doskona\u0142ym sposobem na zmniejszenie emisji dwutlenku w\u0119gla i zapewnienie wystarczaj\u0105cej ilo\u015bci energii elektrycznej, ekonomicznie i efektywnie.<\/p>\n<p>Mo\u017cemy r\u00f3wnie\u017c pom\u00f3c w ponownym zbudowaniu generatora silnika diesla do generatora silnika gazowego, klient powinien wys\u0142a\u0107 generator diesla do naszej fabryki i zap\u0142aci\u0107 troch\u0119 koszt\u00f3w pracy i koszt\u00f3w doradztwa technicznego do nas.<\/p>\n<p>Jako profesjonalny producent generator\u00f3w gazowych, produkujemy r\u00f3wnie\u017c generator diesla marki cummins i inne marki generatora silnika diesla na \u017cyczenie klienta.<\/p>\n<p>\"Nigdy nie krzywd\u017a swojego przyjaciela !\" jest nasz\u0105 zasad\u0105, szczerze chcemy nawi\u0105za\u0107 stabilne relacje biznesowe i dobr\u0105 przyja\u017a\u0144 z profesjonalnym sprzedawc\u0105 generator\u00f3w z ca\u0142ego s\u0142owa. Szczerze zapraszamy do przy\u0142\u0105czenia si\u0119 do naszej \u015bwiatowej sieci dystrybucji.<\/p>\n\n\t<div class=\"vc_col-sm-12 wpb_column vc_column_container\" >\n\t\t<div class=\"wpb_wrapper\">\n\t\t\t<div class=\"rt_heading_wrapper style-4\">\n\t\t\t\t\t\t<span class=\"punchline\">Kamienie milowe<\/span>\n\t\t\t\t\t\t<h4 class=\"rt_heading  with_punchline style-4\" >Kr\u00f3tka historia naszej firmy<\/h4>\n\t\t\t\t\t<\/div>\t \n\t\t<section  class=\"timeline\">\n\t\t\t \n\t\t<div  >\n\t\t\t \n\t\t<span class=\"event-date\">\n\t\t\t<span class=\"day\"><\/span>\n\t\t\t<span class=\"month\">Marzec, <\/span>\n\t\t\t<span class=\"year\">2017<\/span>\n\t\t<\/span>\n\t<div class=\"event-details\"><p>Ustawienie kompletnego projektu pilota\u017cowego wytwarzania energii z biomasy w Dongguan, Chiny.<\/p>\n<\/div>\n\t\t<\/div>\n\t\t \n\t\t<div  >\n\t\t\t \n\t\t<span class=\"event-date\">\n\t\t\t<span class=\"day\"><\/span>\n\t\t\t<span class=\"month\">Wrzesie\u0144, <\/span>\n\t\t\t<span class=\"year\">2016<\/span>\n\t\t<\/span>\n\t<div class=\"event-details\"><p>Zaprojektowanie i wyprodukowanie pierwszego generatora biogazu na rynek Nigerii.<\/p>\n<\/div>\n\t\t<\/div>\n\t\t \n\t\t<div  >\n\t\t\t \n\t\t<span class=\"event-date\">\n\t\t\t<span class=\"day\"><\/span>\n\t\t\t<span class=\"month\">Marzec, <\/span>\n\t\t\t<span class=\"year\">2016<\/span>\n\t\t<\/span>\n\t<div class=\"event-details\"><p>Projektowanie i produkcja generator\u00f3w LPG dla 5-gwiazdkowych hoteli w Macao, poniewa\u017c maj\u0105 one \u015bcis\u0142\u0105 polityk\u0119 wycieku oleju.<\/p>\n<\/div>\n\t\t<\/div>\n\t\t \n\t\t<div  >\n\t\t\t \n\t\t<span class=\"event-date\">\n\t\t\t<span class=\"day\"><\/span>\n\t\t\t<span class=\"month\">Czerwiec, <\/span>\n\t\t\t<span class=\"year\">2015<\/span>\n\t\t<\/span>\n\t<div class=\"event-details\"><p>Zaprojektowanie i wyprodukowanie 2 zestaw\u00f3w generatora LPG z silnikiem gazowym cummins 4BTAA3.9 na rynek kanadyjski wed\u0142ug sk\u0142adu LPG klienta.<\/p>\n<\/div>\n\t\t<\/div>\n\t\t \n\t\t<div  >\n\t\t\t \n\t\t<span class=\"event-date\">\n\t\t\t<span class=\"day\"><\/span>\n\t\t\t<span class=\"month\">Pa\u017adziernik, <\/span>\n\t\t\t<span class=\"year\">2014<\/span>\n\t\t<\/span>\n\t<div class=\"event-details\"><p>Sprzeda\u017c pierwszego generatora biomasy na rynek liba\u0144ski.<\/p>\n<\/div>\n\t\t<\/div>\n\t\t \n\t\t<div  >\n\t\t\t \n\t\t<span class=\"event-date\">\n\t\t\t<span class=\"day\"><\/span>\n\t\t\t<span class=\"month\">Maj, <\/span>\n\t\t\t<span class=\"year\">2014<\/span>\n\t\t<\/span>\n\t<div class=\"event-details\"><p>Konwersja 1500rpm cummins diesel engine to 900rpm cummins biomass generator for Philippine market.<\/p>\n<\/div>\n\t\t<\/div>\n\t\t \n\t\t<div  >\n\t\t\t \n\t\t<span class=\"event-date\">\n\t\t\t<span class=\"day\"><\/span>\n\t\t\t<span class=\"month\">Listopad, <\/span>\n\t\t\t<span class=\"year\">2013<\/span>\n\t\t<\/span>\n\t<div class=\"event-details\"><p>Zaprojektowanie i wyprodukowanie 15kw generatora biomasy, kt\u00f3ry dzia\u0142a na gaz z \u0142usek ry\u017cu o niskiej warto\u015bci cieplnej tylko 4MJ\/Nm3 na rynek japo\u0144ski.<\/p>\n<\/div>\n\t\t<\/div>\n\t\t \n\t\t<div  >\n\t\t\t \n\t\t<span class=\"event-date\">\n\t\t\t<span class=\"day\"><\/span>\n\t\t\t<span class=\"month\">Lipiec, <\/span>\n\t\t\t<span class=\"year\">2013<\/span>\n\t\t<\/span>\n\t<div class=\"event-details\"><p>Sprzeda\u017c pierwszego generatora 300kw na gaz ziemny do Wielkiej Brytanii.<\/p>\n<\/div>\n\t\t<\/div>\n\t\t \n\t\t<div  >\n\t\t\t \n\t\t<span class=\"event-date\">\n\t\t\t<span class=\"day\"><\/span>\n\t\t\t<span class=\"month\">Marzec, <\/span>\n\t\t\t<span class=\"year\">2013<\/span>\n\t\t<\/span>\n\t<div class=\"event-details\"><p>Sprzedajemy pierwszy generator biomasy o mocy 250kw na rynek w\u0142oski i udajemy si\u0119 do W\u0142och w celu uruchomienia generatora biomasy o mocy 250kw oraz przeszkolenia operatora generatora. <\/p>\n<\/div>\n\t\t<\/div>\n\t\t \n\t\t<div  >\n\t\t\t \n\t\t<span class=\"event-date\">\n\t\t\t<span class=\"day\"><\/span>\n\t\t\t<span class=\"month\">Grudzie\u0144,<\/span>\n\t\t\t<span class=\"year\">2012<\/span>\n\t\t<\/span>\n\t<div class=\"event-details\"><p>Sprzeda\u017c pierwszego generatora biogazu dla fermy \u015bwi\u0144 w Yiwu, prowincja Zhejiang, Chiny<\/p>\n<\/div>\n\t\t<\/div>\n\t\t \n\t\t<div  >\n\t\t\t \n\t\t<span class=\"event-date\">\n\t\t\t<span class=\"day\"><\/span>\n\t\t\t<span class=\"month\">Pa\u017adziernik,<\/span>\n\t\t\t<span class=\"year\">2012<\/span>\n\t\t<\/span>\n\t<div class=\"event-details\"><p>Udzia\u0142 w targach Canton Fair w pa\u017adzierniku 2012, przynosz\u0105c nasze najnowsze produkty generatora gazu ziemnego ich i spotka\u0107 si\u0119 z potencjalnymi klientami<\/p>\n<\/div>\n\t\t<\/div>\n\t\t \n\t\t<div  >\n\t\t\t \n\t\t<span class=\"event-date\">\n\t\t\t<span class=\"day\"><\/span>\n\t\t\t<span class=\"month\">Kwiecie\u0144,<\/span>\n\t\t\t<span class=\"year\">2012<\/span>\n\t\t<\/span>\n\t<div class=\"event-details\"><p>Shenzhen Gosun Industry Co.,Ltd za\u0142o\u017cona w Shenzhen,China<\/p>\n<\/div>\n\t\t<\/div>\n\t\n\t\t<\/section>\n\n\t\t<\/div>\n\t<\/div>\n\n<\/div>\n<\/div>\n\n<div  class=\"content_row row vc_row wpb_row vc_row-fluid alt-style-2 fullwidth\" >\n\t\n\t<div class=\"content_row_wrapper  default\" style=\"padding-top:60px;padding-bottom:60px;\">\n\t<div class=\"vc_col-sm-12 wpb_column vc_column_container\" >\n\t\t<div class=\"wpb_wrapper\">\n\t\t\t<div class=\"rt_heading_wrapper style-4\">\n\t\t\t\t\t\t<span class=\"punchline\">Testimonials<\/span>\n\t\t\t\t\t\t<h3 class=\"rt_heading  with_punchline style-4\" >Co m\u00f3wi\u0105<\/h3>\n\t\t\t\t\t<\/div>\r\n\t\t\t\t<div id=\"slider-testimonial-dynamicID-644077\" class=\"rt-carousel carousel-holder clearfix testimonial-carousel testimonials center big\" data-item-width=\"1\" data-nav=\"false\" data-dots=\"true\" data-margin=\"15\" data-autoplay=\"false\" data-timeout=\"5000\">\r\n\t\t\t\t\t<div class=\"owl-carousel\">\r\n\t\t\t\t\t\t<div><div class=\"testimonial item\">\n\n\n\n<div class=\"text\">\n\t<p>\n\t\t<span class=\"icon-quote-left\"><\/span>\n\t\t\tMamy projekt w Macao, potrzebuj\u0105 2 generator\u00f3w na \u0142odzi do jeziora wok\u00f3\u0142 hotelu. Nie mog\u0105 u\u017cywa\u0107 generatora diesla, poniewa\u017c wyciek oleju jest niedozwolony, wi\u0119c zdecydowali\u015bmy si\u0119 na generator LPG. Konsultowali\u015bmy si\u0119 z kilkoma du\u017cymi firmami produkuj\u0105cymi generatory gazowe, w tym z Generac w USA, ale nie mogli tego zrobi\u0107. Po 3 miesi\u0105cach poszukiwa\u0144 spotkali\u015bmy si\u0119 z firm\u0105 Gosun. Ich rozwi\u0105zanie i produkt ko\u0144cowy s\u0105 dla nas naprawd\u0119 doskona\u0142e.\t\t<span class=\"icon-quote-right\"><\/span>\n\t<\/p>\n\t<div class=\"client_info\">\n\n\t\t\tMohamad\n\t\t- <span>Kierownik projektu<\/span>\t\t\n\t\t\t\t\t\n\t\t\n\n\t<\/div>\n<\/div><\/div>\n<\/div><div><div class=\"testimonial item\">\n\n\n\n<div class=\"text\">\n\t<p>\n\t\t<span class=\"icon-quote-left\"><\/span>\n\t\t\tKupili\u015bmy ma\u0142y generator gazu gasifier z Gosun, nie wiemy, czy ich generator gazu jako\u015b\u0107 taka sama jak innych chi\u0144skich dostawc\u00f3w przed z\u0142o\u017ceniem zam\u00f3wienia, chcemy tylko spr\u00f3bowa\u0107. Kiedy \u0142\u0105czy si\u0119 z naszym w\u0142asnym gazownikiem, dzia\u0142a naprawd\u0119 dobrze, nie ma problemu oleju smo\u0142owego, nie ma nudnego problemu utrzymania; jeste\u015bmy bardzo zadowoleni z Torch i ich generator\u00f3w, zamierzamy kupi\u0107 wi\u0119cej od nich.\t\t<span class=\"icon-quote-right\"><\/span>\n\t<\/p>\n\t<div class=\"client_info\">\n\n\t\t\tAntoni Chlela\n\t\t- <span>CTO<\/span>\t\t\n\t\t<a href=\"http:\/\/machinery.phoenixlb.com\/\" target=\"_blank\" title=\"Maszyny Feniks\" class=\"client_link\">Maszyny Feniks<\/a>\t\t\t\n\t\t\n\n\t<\/div>\n<\/div><\/div>\n<\/div><div><div class=\"testimonial item\">\n\n\n\n<div class=\"text\">\n\t<p>\n\t\t<span class=\"icon-quote-left\"><\/span>\n\t\t\tGosun jest profesjonalnym producentem generator\u00f3w gazu w Chinach. Oni przekonwertowa\u0107 1500rpm cummins silnik wysokopr\u0119\u017cny do 900rpm biomasy silnik gazowy nap\u0119dzany generator dla naszych gospodarstw, ich in\u017cynier jest tak profesjonalny, poza tym, ich w\u0142a\u015bciciel jest m\u00f3j najlepszy przyjaciel w Chinach. On pom\u00f3g\u0142 mi du\u017co w innych biznesach w Chinach.\t\t<span class=\"icon-quote-right\"><\/span>\n\t<\/p>\n\t<div class=\"client_info\">\n\n\t\t\tKenneth Dominado\n\t\t- <span>Kierownik ds. zakup\u00f3w<\/span>\t\t\n\t\t\t\t\t\n\t\t\n\n\t<\/div>\n<\/div><\/div>\n<\/div>\r\n\t\t\t\t\t<\/div>\r\n\t\t\t\t\t\r\n\t\t\t\t<div id=\"slider-testimonial-dynamicID-644077-dots\" class=\"dots-holder\">\r\n\t\t\t\t<\/div>\r\n\t\t\t\r\n\t\t\t\t<\/div>\n\n\t\t<\/div>\n\t<\/div>\n\n<\/div>\n<\/div>","protected":false},"excerpt":{"rendered":"","protected":false},"author":1,"featured_media":0,"parent":0,"menu_order":0,"comment_status":"open","ping_status":"open","template":"","meta":{"footnotes":""},"class_list":["post-9","page","type-page","status-publish","hentry"],"aioseo_notices":[],"_links":{"self":[{"href":"https:\/\/www.chinesegenset.com\/pl\/wp-json\/wp\/v2\/pages\/9","targetHints":{"allow":["GET"]}}],"collection":[{"href":"https:\/\/www.chinesegenset.com\/pl\/wp-json\/wp\/v2\/pages"}],"about":[{"href":"https:\/\/www.chinesegenset.com\/pl\/wp-json\/wp\/v2\/types\/page"}],"author":[{"embeddable":true,"href":"https:\/\/www.chinesegenset.com\/pl\/wp-json\/wp\/v2\/users\/1"}],"replies":[{"embeddable":true,"href":"https:\/\/www.chinesegenset.com\/pl\/wp-json\/wp\/v2\/comments?post=9"}],"version-history":[{"count":19,"href":"https:\/\/www.chinesegenset.com\/pl\/wp-json\/wp\/v2\/pages\/9\/revisions"}],"predecessor-version":[{"id":4426,"href":"https:\/\/www.chinesegenset.com\/pl\/wp-json\/wp\/v2\/pages\/9\/revisions\/4426"}],"wp:attachment":[{"href":"https:\/\/www.chinesegenset.com\/pl\/wp-json\/wp\/v2\/media?parent=9"}],"curies":[{"name":"wp","href":"https:\/\/api.w.org\/{rel}","templated":true}]}}