{"id":4389,"date":"2022-02-24T14:09:13","date_gmt":"2022-02-24T14:09:13","guid":{"rendered":"https:\/\/www.chinesegenset.com\/?page_id=4389"},"modified":"2022-02-24T14:16:54","modified_gmt":"2022-02-24T14:16:54","slug":"natural-gas-generator","status":"publish","type":"page","link":"https:\/\/www.chinesegenset.com\/pl\/natural-gas-generator\/","title":{"rendered":"Generator na gaz ziemny"},"content":{"rendered":"<div  class=\"content_row row vc_row wpb_row vc_row-fluid default-style default\" >\n\t\n\t<div class=\"content_row_wrapper\" >\n\t<div class=\"vc_col-sm-12 wpb_column vc_column_container\" >\n\t\t<div class=\"wpb_wrapper\">\n\t\t\t\n\t<div class=\"wpb_text_column wpb_content_element  vc_custom_1645712196373\" >\n\t\t<div class=\"wpb_wrapper\">\n\t\t\t<h3>Nazwa w\u0142asna<\/h3>\n<p>Lorem ipsum dolor sit amet consectetur adipiscing elit etiam dictum ultrices, cum placerat per dictumst ligula odio pellentesque class pulvinar parturient, neque turpis tortor sociosqu est dis posuere condimentum fermentum. Luctus donec ac cubilia porta odio vehicula cum tristique dictum nulla at, non quis suspendisse mi nec magnis nascetur ultricies felis eleifend massa bibendum, nullam hac neque elementum lacus habitant habitasse malesuada suscipit est. Augue lectus leo curabitur lacus, purus dapibus posuere.  W tym momencie, gdy nie ma ju\u017c nic, co mog\u0142oby by\u0107 potrzebne, nie ma ju\u017c nic, co mog\u0142oby by\u0107 potrzebne, gdy nie ma ju\u017c nic, co mog\u0142oby by\u0107 potrzebne. W tym momencie, gdy nie ma ju\u017c nic, co mog\u0142oby si\u0119 wydarzy\u0107, nie ma ju\u017c nic, co mog\u0142oby si\u0119 wydarzy\u0107, gdy nie ma ju\u017c nic, co mog\u0142oby si\u0119 wydarzy\u0107. Nibh himenaeos fermentum quam vehicula iaculis hendrerit ante egestas integer, enim senectus urna pharetra semper curabitur vestibulum odio, venenatis ultricies viverra suscipit nostra blandit magna habitant.<\/p>\n\n\t\t<\/div>\n\t<\/div>\n\n<div id=\"product-dynamicID-945061\" class=\"product_holder product-showcase clearfix  border_grid fixed_heights\" data-column-width=\"3\">\n<div class=\"row clearfix\">\n<div class=\"col product_item_holder col-sm-4  jdec-natural-gas-generator\">\n\n<div class=\"product_item_holder\">\n\n\t\t\t<div class=\"featured_image\"> \n\t\t\t<!-- product image -->\n\t\t\t<div class=\"featured_image\"> \n\t\t\t\t<a href=\"https:\/\/www.chinesegenset.com\/pl\/product\/600kw-750kva-middle-speed-jdec-natural-gas-genset-from-china-factory\/\" title=\"600kw 750kva \u015brednia pr\u0119dko\u015b\u0107 JDEC gaz ziemny agregat z fabryki Chiny\" rel=\"bookmark\" class=\"imgeffect link\"><img decoding=\"async\" src=\"https:\/\/www.chinesegenset.com\/wp-content\/uploads\/2017\/10\/600kw-750kva-middle-speed-JDEC-natural-gas-genset-from-China-factory-480x334.jpg\" alt=\"600kw 750kva \u015brednia pr\u0119dko\u015b\u0107 JDEC gaz ziemny agregat z fabryki Chiny\" class=\"\" \/><\/a> \n\t\t\t<\/div> \n\t\t<\/div> \n\t\n\n\t\n\t\t\t\t\t\t\n\t\t<div class=\"product_info\">\n\n\t\t\t\t\t\t\t\t<!-- title-->\n\t\t\t\t<h5 class=\"clean_heading\"><a href=\"https:\/\/www.chinesegenset.com\/pl\/product\/600kw-750kva-middle-speed-jdec-natural-gas-genset-from-china-factory\/\" title=\"600kw 750kva \u015brednia pr\u0119dko\u015b\u0107 JDEC gaz ziemny agregat z fabryki Chiny\" rel=\"bookmark\">600kw 750kva \u015brednia pr\u0119dko\u015b\u0107 JDEC gaz ziemny agregat z fabryki Chiny<\/a><\/h5>\n\t\t\t\t\n\t\t\t\t<!-- text-->\n\t\t\t\t<p>600kw 750kva \u015brednia pr\u0119dko\u015b\u0107 JDEC gaz ziemny agregat z fabryki Chiny, zaprojektowany przez ci\u0105g\u0142ej pracy dla komercyjnych i przemys\u0142owych wykorzystania, nadaje si\u0119 do Nigerii, Rosji, Ameryki, Dubaju, Iraku, Iranu i innych kraj\u00f3w Azji Wschodniej.<\/p>\n\t\t\t\t<div class=\"product_info_footer clearfix\">\n\t\t\t<!-- product price -->\n\t\t\t<p class=\"price icon-\">\t\n\t\t\t\t<del><span class=\"amount\">$90<\/span><\/del> <ins><span class=\"amount\">$75<\/span><\/ins>\n\t\t\t<\/p> \n\t\t<div class=\"action_buttons\"><a href=\"https:\/\/www.chinesegenset.com\/pl\/product\/600kw-750kva-middle-speed-jdec-natural-gas-genset-from-china-factory\/\" title=\"600kw 750kva \u015brednia pr\u0119dko\u015b\u0107 JDEC gaz ziemny agregat z fabryki Chiny\" class=\"details icon-angle-right\">Szczeg\u00f3\u0142y<\/a><\/div><\/div> \t\t\n\n\t\t<\/div>\n\t\t\n\n\t\n<\/div><\/div>\n<div class=\"col product_item_holder col-sm-4  jdec-natural-gas-generator\">\n\n<div class=\"product_item_holder\">\n\n\t\t\t<div class=\"featured_image\"> \n\t\t\t<!-- product image -->\n\t\t\t<div class=\"featured_image\"> \n\t\t\t\t<a href=\"https:\/\/www.chinesegenset.com\/pl\/product\/500kw-1000rpm-medium-speed-jdec-natural-gas-generator-set-from-china\/\" title=\"500kw 1000rpm \u015brednia pr\u0119dko\u015b\u0107 JDEC zesp\u00f3\u0142 generatora gazu ziemnego z Chin\" rel=\"bookmark\" class=\"imgeffect link\"><img decoding=\"async\" src=\"https:\/\/www.chinesegenset.com\/wp-content\/uploads\/2017\/10\/500kw-1000rpm-medium-speed-JDEC-natural-gas-generator-set-from-China-480x334.jpg\" alt=\"500kw 1000rpm \u015brednia pr\u0119dko\u015b\u0107 JDEC zesp\u00f3\u0142 generatora gazu ziemnego z Chin\" class=\"\" \/><\/a> \n\t\t\t<\/div> \n\t\t<\/div> \n\t\n\n\t\n\t\t\t\t\t\t\n\t\t<div class=\"product_info\">\n\n\t\t\t\t\t\t\t\t<!-- title-->\n\t\t\t\t<h5 class=\"clean_heading\"><a href=\"https:\/\/www.chinesegenset.com\/pl\/product\/500kw-1000rpm-medium-speed-jdec-natural-gas-generator-set-from-china\/\" title=\"500kw 1000rpm \u015brednia pr\u0119dko\u015b\u0107 JDEC zesp\u00f3\u0142 generatora gazu ziemnego z Chin\" rel=\"bookmark\">500kw 1000rpm \u015brednia pr\u0119dko\u015b\u0107 JDEC zesp\u00f3\u0142 generatora gazu ziemnego z Chin<\/a><\/h5>\n\t\t\t\t\n\t\t\t\t<!-- text-->\n\t\t\t\t<p>500kw 1000rpm \u015brednia pr\u0119dko\u015b\u0107 JDEC zestaw generatora gazu ziemnego z Chin, mo\u017ce by\u0107 ch\u0142odzony albo przez zewn\u0119trzn\u0105 wie\u017c\u0119 ch\u0142odnicz\u0105 lub wbudowany zbiornik wody ch\u0142odz\u0105cej, nadaje si\u0119 do przemys\u0142owego ci\u0105g\u0142ego u\u017cytkowania.<\/p>\n\t\t\t\t<div class=\"product_info_footer clearfix\">\n\t\t\t<!-- product price -->\n\t\t\t<p class=\"price icon-\">\t\n\t\t\t\t<del><span class=\"amount\">$90<\/span><\/del> <ins><span class=\"amount\">$75<\/span><\/ins>\n\t\t\t<\/p> \n\t\t<div class=\"action_buttons\"><a href=\"https:\/\/www.chinesegenset.com\/pl\/product\/500kw-1000rpm-medium-speed-jdec-natural-gas-generator-set-from-china\/\" title=\"500kw 1000rpm \u015brednia pr\u0119dko\u015b\u0107 JDEC zesp\u00f3\u0142 generatora gazu ziemnego z Chin\" class=\"details icon-angle-right\">Szczeg\u00f3\u0142y<\/a><\/div><\/div> \t\t\n\n\t\t<\/div>\n\t\t\n\n\t\n<\/div><\/div>\n<div class=\"col product_item_holder col-sm-4  jdec-natural-gas-generator\">\n\n<div class=\"product_item_holder\">\n\n\t\t\t<div class=\"featured_image\"> \n\t\t\t<!-- product image -->\n\t\t\t<div class=\"featured_image\"> \n\t\t\t\t<a href=\"https:\/\/www.chinesegenset.com\/pl\/product\/1000kw-1mw-jdec-natural-gas-generator-1500-rpm-12-cylinders-engine\/\" title=\"1000kw 1MW generator JDEC na gaz ziemny silnik 1500 rpm 12 cylindr\u00f3w\" rel=\"bookmark\" class=\"imgeffect link\"><img decoding=\"async\" src=\"https:\/\/www.chinesegenset.com\/wp-content\/uploads\/2017\/10\/1000kw-1MW-JDEC-natural-gas-generator-1500-rpm-12-cylinders-engine-480x334.jpg\" alt=\"1000kw 1MW generator JDEC na gaz ziemny silnik 1500 rpm 12 cylindr\u00f3w\" class=\"\" \/><\/a> \n\t\t\t<\/div> \n\t\t<\/div> \n\t\n\n\t\n\t\t\t\t\t\t\n\t\t<div class=\"product_info\">\n\n\t\t\t\t\t\t\t\t<!-- title-->\n\t\t\t\t<h5 class=\"clean_heading\"><a href=\"https:\/\/www.chinesegenset.com\/pl\/product\/1000kw-1mw-jdec-natural-gas-generator-1500-rpm-12-cylinders-engine\/\" title=\"1000kw 1MW generator JDEC na gaz ziemny silnik 1500 rpm 12 cylindr\u00f3w\" rel=\"bookmark\">1000kw 1MW generator JDEC na gaz ziemny silnik 1500 rpm 12 cylindr\u00f3w<\/a><\/h5>\n\t\t\t\t\n\t\t\t\t<!-- text-->\n\t\t\t\t<p>1000kw 1MW JDEC zestaw generatora gazu ziemnego z 1500 rpm 12 cylindr\u00f3w silnika gazu ziemnego, sprz\u0119\u017cenie z alternatorem Stamford z Cummins China Generator Technology .<\/p>\n\t\t\t\t<div class=\"product_info_footer clearfix\">\n\t\t\t<!-- product price -->\n\t\t\t<p class=\"price icon-\">\t\n\t\t\t\t<del><span class=\"amount\">$90<\/span><\/del> <ins><span class=\"amount\">$75<\/span><\/ins>\n\t\t\t<\/p> \n\t\t<div class=\"action_buttons\"><a href=\"https:\/\/www.chinesegenset.com\/pl\/product\/1000kw-1mw-jdec-natural-gas-generator-1500-rpm-12-cylinders-engine\/\" title=\"1000kw 1MW generator JDEC na gaz ziemny silnik 1500 rpm 12 cylindr\u00f3w\" class=\"details icon-angle-right\">Szczeg\u00f3\u0142y<\/a><\/div><\/div> \t\t\n\n\t\t<\/div>\n\t\t\n\n\t\n<\/div><\/div>\n<\/div>\n<div class=\"row clearfix\">\n<div class=\"col product_item_holder col-sm-4  jdec-natural-gas-generator\">\n\n<div class=\"product_item_holder\">\n\n\t\t\t<div class=\"featured_image\"> \n\t\t\t<!-- product image -->\n\t\t\t<div class=\"featured_image\"> \n\t\t\t\t<a href=\"https:\/\/www.chinesegenset.com\/pl\/product\/700kw-natural-gas-generator-set-from-jinan-diesel-engine-corporation\/\" title=\"Zesp\u00f3\u0142 generator\u00f3w na gaz ziemny o mocy 700kw z Jinan Diesel Engine Corporation\" rel=\"bookmark\" class=\"imgeffect link\"><img decoding=\"async\" src=\"https:\/\/www.chinesegenset.com\/wp-content\/uploads\/2017\/10\/700kw-natural-gas-generator-set-from-Jinan-Diesel-Engine-Corporation-480x334.jpg\" alt=\"Zesp\u00f3\u0142 generator\u00f3w na gaz ziemny o mocy 700kw z Jinan Diesel Engine Corporation\" class=\"\" \/><\/a> \n\t\t\t<\/div> \n\t\t<\/div> \n\t\n\n\t\n\t\t\t\t\t\t\n\t\t<div class=\"product_info\">\n\n\t\t\t\t\t\t\t\t<!-- title-->\n\t\t\t\t<h5 class=\"clean_heading\"><a href=\"https:\/\/www.chinesegenset.com\/pl\/product\/700kw-natural-gas-generator-set-from-jinan-diesel-engine-corporation\/\" title=\"Zesp\u00f3\u0142 generator\u00f3w na gaz ziemny o mocy 700kw z Jinan Diesel Engine Corporation\" rel=\"bookmark\">Zesp\u00f3\u0142 generator\u00f3w na gaz ziemny o mocy 700kw z Jinan Diesel Engine Corporation<\/a><\/h5>\n\t\t\t\t\n\t\t\t\t<!-- text-->\n\t\t\t\t<p>Zesp\u00f3\u0142 pr\u0105dotw\u00f3rczy na gaz ziemny 700kw firmy Jinan Diesel Engine Corporation, nap\u0119dzany 12 cylindrowym silnikiem na gaz ziemny v line 12V190ZLDK oraz alternatorem w technologii Simens.<\/p>\n\t\t\t\t<div class=\"product_info_footer clearfix\">\n\t\t\t<!-- product price -->\n\t\t\t<p class=\"price icon-\">\t\n\t\t\t\t<del><span class=\"amount\">$90<\/span><\/del> <ins><span class=\"amount\">$75<\/span><\/ins>\n\t\t\t<\/p> \n\t\t<div class=\"action_buttons\"><a href=\"https:\/\/www.chinesegenset.com\/pl\/product\/700kw-natural-gas-generator-set-from-jinan-diesel-engine-corporation\/\" title=\"Zesp\u00f3\u0142 generator\u00f3w na gaz ziemny o mocy 700kw z Jinan Diesel Engine Corporation\" class=\"details icon-angle-right\">Szczeg\u00f3\u0142y<\/a><\/div><\/div> \t\t\n\n\t\t<\/div>\n\t\t\n\n\t\n<\/div><\/div>\n<div class=\"col product_item_holder col-sm-4  man-natural-gas-generator\">\n\n<div class=\"product_item_holder\">\n\n\t\t\t<div class=\"featured_image\"> \n\t\t\t<!-- product image -->\n\t\t\t<div class=\"featured_image\"> \n\t\t\t\t<a href=\"https:\/\/www.chinesegenset.com\/pl\/product\/500kw-625kva-man-chp-natural-gas-generator-set\/\" title=\"500kw 625kva MAN CHP generator na gaz ziemny, zasilany r\u00f3wnie\u017c gazem z pok\u0142adu w\u0119gla.\" rel=\"bookmark\" class=\"imgeffect link\"><img decoding=\"async\" src=\"https:\/\/www.chinesegenset.com\/wp-content\/uploads\/2017\/08\/500kw-625kva-MAN-CHP-natural-gas-generator-also-run-on-coal-bed-gas-480x334.jpg\" alt=\"500kw 625kva MAN CHP generator na gaz ziemny, zasilany r\u00f3wnie\u017c gazem z pok\u0142adu w\u0119gla.\" class=\"\" \/><\/a> \n\t\t\t<\/div> \n\t\t<\/div> \n\t\n\n\t\n\t\t\t\t\t\t\n\t\t<div class=\"product_info\">\n\n\t\t\t\t\t\t\t\t<!-- title-->\n\t\t\t\t<h5 class=\"clean_heading\"><a href=\"https:\/\/www.chinesegenset.com\/pl\/product\/500kw-625kva-man-chp-natural-gas-generator-set\/\" title=\"500kw 625kva MAN CHP generator na gaz ziemny, zasilany r\u00f3wnie\u017c gazem z pok\u0142adu w\u0119gla.\" rel=\"bookmark\">500kw 625kva MAN CHP generator na gaz ziemny, zasilany r\u00f3wnie\u017c gazem z pok\u0142adu w\u0119gla.<\/a><\/h5>\n\t\t\t\t\n\t\t\t\t<!-- text-->\n\t\t\t\t<p>Trwa\u0142y generator gazu ziemnego 500kw 625kva MAN CHP r\u00f3wnie\u017c dzia\u0142a na gazie z pok\u0142adu w\u0119gla z fabryki China OEM, dzia\u0142a na gazie ziemnym, gazie z pok\u0142adu w\u0119gla, gazie z kopalni w\u0119gla, gazie bagiennym i innym gazie metanowym , ci\u0105g\u0142y 8000 godzin pracy.<\/p>\n\t\t\t\t<div class=\"product_info_footer clearfix\">\n\t\t\t<!-- product price -->\n\t\t\t<p class=\"price icon-\">\t\n\t\t\t\t<del><span class=\"amount\">$90<\/span><\/del> <ins><span class=\"amount\">$75<\/span><\/ins>\n\t\t\t<\/p> \n\t\t<div class=\"action_buttons\"><a href=\"https:\/\/www.chinesegenset.com\/pl\/product\/500kw-625kva-man-chp-natural-gas-generator-set\/\" title=\"500kw 625kva MAN CHP generator na gaz ziemny, zasilany r\u00f3wnie\u017c gazem z pok\u0142adu w\u0119gla.\" class=\"details icon-angle-right\">Szczeg\u00f3\u0142y<\/a><\/div><\/div> \t\t\n\n\t\t<\/div>\n\t\t\n\n\t\n<\/div><\/div>\n<div class=\"col product_item_holder col-sm-4  man-natural-gas-generator\">\n\n<div class=\"product_item_holder\">\n\n\t\t\t<div class=\"featured_image\"> \n\t\t\t<!-- product image -->\n\t\t\t<div class=\"featured_image\"> \n\t\t\t\t<a href=\"https:\/\/www.chinesegenset.com\/pl\/product\/400kw-500kva-original-man-sewage-gas-power-plant-generator-set\/\" title=\"400kw 500kva oryginalny MAN gaz kanalizacyjny agregat pr\u0105dotw\u00f3rczy\" rel=\"bookmark\" class=\"imgeffect link\"><img decoding=\"async\" src=\"https:\/\/www.chinesegenset.com\/wp-content\/uploads\/2017\/08\/400kw-500kva-original-MAN-sewage-gas-power-plant-generator-set-480x334.jpg\" alt=\"400kw 500kva oryginalny MAN gaz kanalizacyjny agregat pr\u0105dotw\u00f3rczy\" class=\"\" \/><\/a> \n\t\t\t<\/div> \n\t\t<\/div> \n\t\n\n\t\n\t\t\t\t\t\t\n\t\t<div class=\"product_info\">\n\n\t\t\t\t\t\t\t\t<!-- title-->\n\t\t\t\t<h5 class=\"clean_heading\"><a href=\"https:\/\/www.chinesegenset.com\/pl\/product\/400kw-500kva-original-man-sewage-gas-power-plant-generator-set\/\" title=\"400kw 500kva oryginalny MAN gaz kanalizacyjny agregat pr\u0105dotw\u00f3rczy\" rel=\"bookmark\">400kw 500kva oryginalny MAN gaz kanalizacyjny agregat pr\u0105dotw\u00f3rczy<\/a><\/h5>\n\t\t\t\t\n\t\t\t\t<!-- text-->\n\t\t\t\t<p>Lean burn 400kw 500kva oryginalny MAN \u015bciekowy gazowy agregat pr\u0105dotw\u00f3rczy z fabryki China OEM, odpowiedni dla miejskiej oczyszczalni \u015bciek\u00f3w, stworzy\u0107 dodatkow\u0105 warto\u015b\u0107 ekonomiczn\u0105 i Eco friendly.<\/p>\n\t\t\t\t<div class=\"product_info_footer clearfix\">\n\t\t\t<!-- product price -->\n\t\t\t<p class=\"price icon-\">\t\n\t\t\t\t<del><span class=\"amount\">$90<\/span><\/del> <ins><span class=\"amount\">$75<\/span><\/ins>\n\t\t\t<\/p> \n\t\t<div class=\"action_buttons\"><a href=\"https:\/\/www.chinesegenset.com\/pl\/product\/400kw-500kva-original-man-sewage-gas-power-plant-generator-set\/\" title=\"400kw 500kva oryginalny MAN gaz kanalizacyjny agregat pr\u0105dotw\u00f3rczy\" class=\"details icon-angle-right\">Szczeg\u00f3\u0142y<\/a><\/div><\/div> \t\t\n\n\t\t<\/div>\n\t\t\n\n\t\n<\/div><\/div>\n<\/div>\n<div class=\"row clearfix\">\n<div class=\"col product_item_holder col-sm-4  man-natural-gas-generator\">\n\n<div class=\"product_item_holder\">\n\n\t\t\t<div class=\"featured_image\"> \n\t\t\t<!-- product image -->\n\t\t\t<div class=\"featured_image\"> \n\t\t\t\t<a href=\"https:\/\/www.chinesegenset.com\/pl\/product\/245kw-306kva-man-gas-engine-powered-electric-generator-on-sale\/\" title=\"245kw 306kva MAN silnik gazowy zasilany generator elektryczny na sprzeda\u017c\" rel=\"bookmark\" class=\"imgeffect link\"><img decoding=\"async\" src=\"https:\/\/www.chinesegenset.com\/wp-content\/uploads\/2017\/08\/245kw-306kva-MAN-gas-engine-powered-electric-generator-on-sale-480x334.jpg\" alt=\"245kw 306kva MAN silnik gazowy zasilany generator elektryczny na sprzeda\u017c\" class=\"\" \/><\/a> \n\t\t\t<\/div> \n\t\t<\/div> \n\t\n\n\t\n\t\t\t\t\t\t\n\t\t<div class=\"product_info\">\n\n\t\t\t\t\t\t\t\t<!-- title-->\n\t\t\t\t<h5 class=\"clean_heading\"><a href=\"https:\/\/www.chinesegenset.com\/pl\/product\/245kw-306kva-man-gas-engine-powered-electric-generator-on-sale\/\" title=\"245kw 306kva MAN silnik gazowy zasilany generator elektryczny na sprzeda\u017c\" rel=\"bookmark\">245kw 306kva MAN silnik gazowy zasilany generator elektryczny na sprzeda\u017c<\/a><\/h5>\n\t\t\t\t\n\t\t\t\t<!-- text-->\n\t\t\t\t<p>Ci\u0119\u017cki generator elektryczny 245kw 306kva MAN nap\u0119dzany silnikiem gazowym od producenta OEM z Chin, zasilany gazem ziemnym, metanem, CNG, LNG, nadaje si\u0119 do u\u017cytku g\u0142\u00f3wnego.<\/p>\n\t\t\t\t<div class=\"product_info_footer clearfix\">\n\t\t\t<!-- product price -->\n\t\t\t<p class=\"price icon-\">\t\n\t\t\t\t<del><span class=\"amount\">$90<\/span><\/del> <ins><span class=\"amount\">$75<\/span><\/ins>\n\t\t\t<\/p> \n\t\t<div class=\"action_buttons\"><a href=\"https:\/\/www.chinesegenset.com\/pl\/product\/245kw-306kva-man-gas-engine-powered-electric-generator-on-sale\/\" title=\"245kw 306kva MAN silnik gazowy zasilany generator elektryczny na sprzeda\u017c\" class=\"details icon-angle-right\">Szczeg\u00f3\u0142y<\/a><\/div><\/div> \t\t\n\n\t\t<\/div>\n\t\t\n\n\t\n<\/div><\/div>\n<div class=\"col product_item_holder col-sm-4  man-natural-gas-generator\">\n\n<div class=\"product_item_holder\">\n\n\t\t\t<div class=\"featured_image\"> \n\t\t\t<!-- product image -->\n\t\t\t<div class=\"featured_image\"> \n\t\t\t\t<a href=\"https:\/\/www.chinesegenset.com\/pl\/product\/230kw-288kva-man-turbine-engine-methane-shale-gas-generator-set\/\" title=\"230kw 288kva silnik turbinowy MAN zesp\u00f3\u0142 generatora gazu \u0142upkowego metanu\" rel=\"bookmark\" class=\"imgeffect link\"><img decoding=\"async\" src=\"https:\/\/www.chinesegenset.com\/wp-content\/uploads\/2017\/08\/230kw-288kva-MAN-turbine-engine-methane-shale-gas-generator-set-480x334.jpg\" alt=\"230kw 288kva silnik turbinowy MAN zesp\u00f3\u0142 generatora gazu \u0142upkowego metanu\" class=\"\" \/><\/a> \n\t\t\t<\/div> \n\t\t<\/div> \n\t\n\n\t\n\t\t\t\t\t\t\n\t\t<div class=\"product_info\">\n\n\t\t\t\t\t\t\t\t<!-- title-->\n\t\t\t\t<h5 class=\"clean_heading\"><a href=\"https:\/\/www.chinesegenset.com\/pl\/product\/230kw-288kva-man-turbine-engine-methane-shale-gas-generator-set\/\" title=\"230kw 288kva silnik turbinowy MAN zesp\u00f3\u0142 generatora gazu \u0142upkowego metanu\" rel=\"bookmark\">230kw 288kva silnik turbinowy MAN zesp\u00f3\u0142 generatora gazu \u0142upkowego metanu<\/a><\/h5>\n\t\t\t\t\n\t\t\t\t<!-- text-->\n\t\t\t\t<p>230kw 288kva MAN silnik turbinowy metan gaz \u0142upkowy zestaw generator z Chin OEM producenta, zasilany przez gaz ziemny, gaz metan, gaz \u0142upkowy; niezawodne i garnitury do ci\u0105g\u0142ej pracy .<\/p>\n\t\t\t\t<div class=\"product_info_footer clearfix\">\n\t\t\t<!-- product price -->\n\t\t\t<p class=\"price icon-\">\t\n\t\t\t\t<del><span class=\"amount\">$90<\/span><\/del> <ins><span class=\"amount\">$75<\/span><\/ins>\n\t\t\t<\/p> \n\t\t<div class=\"action_buttons\"><a href=\"https:\/\/www.chinesegenset.com\/pl\/product\/230kw-288kva-man-turbine-engine-methane-shale-gas-generator-set\/\" title=\"230kw 288kva silnik turbinowy MAN zesp\u00f3\u0142 generatora gazu \u0142upkowego metanu\" class=\"details icon-angle-right\">Szczeg\u00f3\u0142y<\/a><\/div><\/div> \t\t\n\n\t\t<\/div>\n\t\t\n\n\t\n<\/div><\/div>\n<div class=\"col product_item_holder col-sm-4  man-natural-gas-generator\">\n\n<div class=\"product_item_holder\">\n\n\t\t\t<div class=\"featured_image\"> \n\t\t\t<!-- product image -->\n\t\t\t<div class=\"featured_image\"> \n\t\t\t\t<a href=\"https:\/\/www.chinesegenset.com\/pl\/product\/190kw-237-5kva-man-natural-gas-cng-lng-power-genset-for-industrial-applications\/\" title=\"Agregat pr\u0105dotw\u00f3rczy 190kw 237,5kva MAN na gaz ziemny CNG LNG do zastosowa\u0144 przemys\u0142owych\" rel=\"bookmark\" class=\"imgeffect link\"><img decoding=\"async\" src=\"https:\/\/www.chinesegenset.com\/wp-content\/uploads\/2017\/08\/190kw-237.5kva-MAN-natural-gas-CNG-LNG-power-genset-for-industrial-applications-480x334.jpg\" alt=\"Agregat pr\u0105dotw\u00f3rczy 190kw 237,5kva MAN na gaz ziemny CNG LNG do zastosowa\u0144 przemys\u0142owych\" class=\"\" \/><\/a> \n\t\t\t<\/div> \n\t\t<\/div> \n\t\n\n\t\n\t\t\t\t\t\t\n\t\t<div class=\"product_info\">\n\n\t\t\t\t\t\t\t\t<!-- title-->\n\t\t\t\t<h5 class=\"clean_heading\"><a href=\"https:\/\/www.chinesegenset.com\/pl\/product\/190kw-237-5kva-man-natural-gas-cng-lng-power-genset-for-industrial-applications\/\" title=\"Agregat pr\u0105dotw\u00f3rczy 190kw 237,5kva MAN na gaz ziemny CNG LNG do zastosowa\u0144 przemys\u0142owych\" rel=\"bookmark\">Agregat pr\u0105dotw\u00f3rczy 190kw 237,5kva MAN na gaz ziemny CNG LNG do zastosowa\u0144 przemys\u0142owych<\/a><\/h5>\n\t\t\t\t\n\t\t\t\t<!-- text-->\n\t\t\t\t<p>2017 190kw 237.5kva MAN gaz ziemny CNG LNG power genset do zastosowa\u0144 przemys\u0142owych od dostawcy z Chin, stale dzia\u0142aj\u0105cy, pasuje do stacji komunikacyjnej, pola naftowego, \u0142odzi, banku, lotniska i innych zastosowa\u0144 przemys\u0142owych.<\/p>\n\t\t\t\t<div class=\"product_info_footer clearfix\">\n\t\t\t<!-- product price -->\n\t\t\t<p class=\"price icon-\">\t\n\t\t\t\t<del><span class=\"amount\">$90<\/span><\/del> <ins><span class=\"amount\">$75<\/span><\/ins>\n\t\t\t<\/p> \n\t\t<div class=\"action_buttons\"><a href=\"https:\/\/www.chinesegenset.com\/pl\/product\/190kw-237-5kva-man-natural-gas-cng-lng-power-genset-for-industrial-applications\/\" title=\"Agregat pr\u0105dotw\u00f3rczy 190kw 237,5kva MAN na gaz ziemny CNG LNG do zastosowa\u0144 przemys\u0142owych\" class=\"details icon-angle-right\">Szczeg\u00f3\u0142y<\/a><\/div><\/div> \t\t\n\n\t\t<\/div>\n\t\t\n\n\t\n<\/div><\/div>\n<\/div>\n<div class=\"row clearfix\">\n<div class=\"col product_item_holder col-sm-4  man-natural-gas-generator\">\n\n<div class=\"product_item_holder\">\n\n\t\t\t<div class=\"featured_image\"> \n\t\t\t<!-- product image -->\n\t\t\t<div class=\"featured_image\"> \n\t\t\t\t<a href=\"https:\/\/www.chinesegenset.com\/pl\/product\/135kw-man-gas-turbine-generator-set-50hz-400v-8000-hours-continuous\/\" title=\"135kw MAN turbina gazowa 50HZ 400V 8000 godzin pracy ci\u0105g\u0142ej\" rel=\"bookmark\" class=\"imgeffect link\"><img decoding=\"async\" src=\"https:\/\/www.chinesegenset.com\/wp-content\/uploads\/2017\/08\/135kw-MAN-gas-turbine-generator-set-50HZ-400V-8000-hours-continuous-480x334.jpg\" alt=\"135kw MAN turbina gazowa 50HZ 400V 8000 godzin pracy ci\u0105g\u0142ej\" class=\"\" \/><\/a> \n\t\t\t<\/div> \n\t\t<\/div> \n\t\n\n\t\n\t\t\t\t\t\t\n\t\t<div class=\"product_info\">\n\n\t\t\t\t\t\t\t\t<!-- title-->\n\t\t\t\t<h5 class=\"clean_heading\"><a href=\"https:\/\/www.chinesegenset.com\/pl\/product\/135kw-man-gas-turbine-generator-set-50hz-400v-8000-hours-continuous\/\" title=\"135kw MAN turbina gazowa 50HZ 400V 8000 godzin pracy ci\u0105g\u0142ej\" rel=\"bookmark\">135kw MAN turbina gazowa 50HZ 400V 8000 godzin pracy ci\u0105g\u0142ej<\/a><\/h5>\n\t\t\t\t\n\t\t\t\t<!-- text-->\n\t\t\t\t<p>Super cichy 135kw MAN turbina gazowa zestaw generatora 50HZ 400V z 8000 ci\u0105g\u0142ych godzin pracy od producenta OEM, nadaje si\u0119 do u\u017cytku g\u0142\u00f3wnego, dla banku, budynku biurowego, lotniska, aplikacji portu morskiego itp.<\/p>\n\t\t\t\t<div class=\"product_info_footer clearfix\">\n\t\t\t<!-- product price -->\n\t\t\t<p class=\"price icon-\">\t\n\t\t\t\t<del><span class=\"amount\">$90<\/span><\/del> <ins><span class=\"amount\">$75<\/span><\/ins>\n\t\t\t<\/p> \n\t\t<div class=\"action_buttons\"><a href=\"https:\/\/www.chinesegenset.com\/pl\/product\/135kw-man-gas-turbine-generator-set-50hz-400v-8000-hours-continuous\/\" title=\"135kw MAN turbina gazowa 50HZ 400V 8000 godzin pracy ci\u0105g\u0142ej\" class=\"details icon-angle-right\">Szczeg\u00f3\u0142y<\/a><\/div><\/div> \t\t\n\n\t\t<\/div>\n\t\t\n\n\t\n<\/div><\/div>\n<\/div>\n<\/div>\n<div class=\"paging_wrapper margin-t30 margin-b30\"><ul class='page-numbers'>\n\t<li><span aria-current=\"page\" class=\"page-numbers current\">1<\/span><\/li>\n\t<li><a class=\"page-numbers\" href=\"https:\/\/www.chinesegenset.com\/pl\/wp-json\/wp\/v2\/pages\/4389\/page\/2\/\">2<\/a><\/li>\n\t<li><a class=\"page-numbers\" href=\"https:\/\/www.chinesegenset.com\/pl\/wp-json\/wp\/v2\/pages\/4389\/page\/3\/\">3<\/a><\/li>\n\t<li><a class=\"next page-numbers\" href=\"https:\/\/www.chinesegenset.com\/pl\/wp-json\/wp\/v2\/pages\/4389\/page\/2\/\"><span class=\"icon-angle-right\"><\/span><\/a><\/li>\n<\/ul>\n<\/div>\n\t<div class=\"wpb_text_column wpb_content_element  vc_custom_1645712212573\" >\n\t\t<div class=\"wpb_wrapper\">\n\t\t\t<h3>Nazwa w\u0142asna<\/h3>\n<p>Jestem blokiem tekstowym. Kliknij przycisk edycji, aby zmieni\u0107 ten tekst. Lorem ipsum dolor sit amet, consectetur adipiscing elit. Ut elit tellus, luctus nec ullamcorper mattis, pulvinar dapibus leo.<\/p>\n\n\t\t<\/div>\n\t<\/div>\n\n\t\t<\/div>\n\t<\/div>\n\n<\/div>\n<\/div>","protected":false},"excerpt":{"rendered":"1. Zesp\u00f3\u0142 pr\u0105dotw\u00f3rczy 135kw MAN turbina gazowa 50HZ 400V z 8000 godzin ci\u0105g\u0142ej pracy Og\u00f3lna specyfikacja techniczna: Model agregatu 135GT-MT Moc znamionowa 135KW \/ 168,75KVA Pr\u0119dko\u015b\u0107 znamionowa\/ Cz\u0119stotliwo\u015b\u0107 znamionowa 1500 obr\/min \/50Hz Napi\u0119cie znamionowe 400\/230V Wsp\u00f3\u0142czynnik mocy 0,8 Faza\/przew\u00f3d 3Phase\/4Wire Pr\u0105d znamionowy (A) 243 Typ gazu gaz ziemny Rozmiar ca\u0142kowity (mm) 2650x1100x1550 Waga (kg) 1870 Silnik Model MAN E2876E312 Spos\u00f3b wlotu powietrza Turbo intercooled Spos\u00f3b ch\u0142odzenia Zamkni\u0119ty [...]","protected":false},"author":1,"featured_media":0,"parent":0,"menu_order":0,"comment_status":"closed","ping_status":"closed","template":"","meta":{"footnotes":""},"class_list":["post-4389","page","type-page","status-publish","hentry"],"aioseo_notices":[],"_links":{"self":[{"href":"https:\/\/www.chinesegenset.com\/pl\/wp-json\/wp\/v2\/pages\/4389","targetHints":{"allow":["GET"]}}],"collection":[{"href":"https:\/\/www.chinesegenset.com\/pl\/wp-json\/wp\/v2\/pages"}],"about":[{"href":"https:\/\/www.chinesegenset.com\/pl\/wp-json\/wp\/v2\/types\/page"}],"author":[{"embeddable":true,"href":"https:\/\/www.chinesegenset.com\/pl\/wp-json\/wp\/v2\/users\/1"}],"replies":[{"embeddable":true,"href":"https:\/\/www.chinesegenset.com\/pl\/wp-json\/wp\/v2\/comments?post=4389"}],"version-history":[{"count":7,"href":"https:\/\/www.chinesegenset.com\/pl\/wp-json\/wp\/v2\/pages\/4389\/revisions"}],"predecessor-version":[{"id":4396,"href":"https:\/\/www.chinesegenset.com\/pl\/wp-json\/wp\/v2\/pages\/4389\/revisions\/4396"}],"wp:attachment":[{"href":"https:\/\/www.chinesegenset.com\/pl\/wp-json\/wp\/v2\/media?parent=4389"}],"curies":[{"name":"wp","href":"https:\/\/api.w.org\/{rel}","templated":true}]}}