{"id":9,"date":"2015-02-02T04:30:57","date_gmt":"2015-02-02T04:30:57","guid":{"rendered":"http:\/\/rttheme19.rtthemes.com\/?page_id=9"},"modified":"2023-03-03T15:10:16","modified_gmt":"2023-03-03T15:10:16","slug":"about-us","status":"publish","type":"page","link":"https:\/\/www.chinesegenset.com\/it\/about-us\/","title":{"rendered":"Chi siamo"},"content":{"rendered":"<div  class=\"content_row row vc_row wpb_row vc_row-fluid default-style fullwidth\" >\n\t\n\t<div class=\"content_row_wrapper  default\" style=\"padding-top:100px;padding-bottom:140px;\">\n\t<div class=\"vc_col-sm-12 wpb_column vc_column_container\" >\n\t\t<div class=\"wpb_wrapper\">\n\t\t\t<div class=\"rt_heading_wrapper style-4\">\n\t\t\t\t\t\t\n\t\t\t\t\t\t<h1 class=\"rt_heading  style-4\" >SU DI NOI<\/h1>\n\t\t\t\t\t<\/div>\n\n\t\t<\/div>\n\t<\/div>\n\n<\/div>\n<\/div>\n\n<div  class=\"content_row row vc_row wpb_row vc_row-fluid default-style fullwidth border-bottom\" >\n\t\n\t<div class=\"content_row_wrapper  default\" ><p>Shenzhen Gosun Industry Co.,Ltd si trova a Shenzhen, in Cina, ed \u00e8 specializzata nella ricerca, nello sviluppo, nella commercializzazione e nel servizio di generatori di motori a gas cummins, tra cui il generatore di gas naturale, il generatore di motori a biogas, il generatore di gas di biomassa, il generatore di gas di legno, il generatore di gas di produzione, il generatore di syngas, il generatore di gas di riempimento del terreno, il gruppo di generatori di gas di carbone, il generatore di GPL, il gruppo di generatori di propano ecc. Possiamo anche produrre generatori diesel di marca cummins e altri generatori a motore diesel e a gas di marca.<\/p>\n<p>La nostra gamma di potenza del generatore di gas va da 20kw a 1200kw, da 500RPM a 1800RPM, alimentata da gas naturale, biogas, gas di biomassa, gas di legno del produttore, syngas e altri gas infiammabili che hanno un basso valore termico superiore a 4,2MJ\/m3. Adottiamo la tecnologia del motore a gas di classe mondiale, il motore di marca e l'alternatore, il sistema di accensione, il sistema di regolazione della velocit\u00e0, la miscela di aria e gas, il pannello di controllo ecc; abbiamo un progettista esperto innovativo nell'area del motore a gas; svolgiamo rigorosamente il sistema di qualit\u00e0 e la qualit\u00e0 del prodotto di alto tesoro; tutto ci\u00f2 rende la prestazione eccellente del generatore.<\/p>\n<p>Produciamo principalmente generatori di gas con motore a gas originale Cummins, Deutz, MWM, MTU, Ricardo, JDEC Chidong, Zichai o motore diesel convertito.<\/p>\n<p>Il generatore di gas pu\u00f2 essere utilizzato continuamente in banche, fabbriche, immobili, porti aerei, hotel, autostrade, porti marittimi, centri di scambio dati, telecomunicazioni ecc. Di fronte alla carenza di petrolio e ai diversi problemi ambientali, l'utilizzo di un gruppo elettrogeno a gas \u00e8 un modo perfetto per ridurre le emissioni di carbonio e garantire un'alimentazione sufficiente, in modo economico ed efficiente.<\/p>\n<p>Possiamo anche aiutare a ricostruire il generatore del motore diesel al generatore del motore a gas, il cliente dovrebbe spedire il generatore diesel alla nostra fabbrica e pagare alcuni costi di manodopera e di consulenza tecnica a noi.<\/p>\n<p>In qualit\u00e0 di produttore professionale di generatori di gas, produciamo anche generatori diesel di marca Cummins e altri generatori di motori diesel di marca su richiesta del cliente.<\/p>\n<p>\"Mai ferire il tuo amico!\" \u00e8 il nostro principio, vogliamo sinceramente stabilire una relazione d'affari stabile e una buona amicizia con il rivenditore di generatori professionali da ogni parte del mondo. Vi diamo il benvenuto a far parte della nostra rete di distribuzione mondiale.<\/p>\n\n\t<div class=\"vc_col-sm-12 wpb_column vc_column_container\" >\n\t\t<div class=\"wpb_wrapper\">\n\t\t\t<div class=\"rt_heading_wrapper style-4\">\n\t\t\t\t\t\t<span class=\"punchline\">Pietre miliari<\/span>\n\t\t\t\t\t\t<h4 class=\"rt_heading  with_punchline style-4\" >Breve storia della nostra azienda<\/h4>\n\t\t\t\t\t<\/div>\t \n\t\t<section  class=\"timeline\">\n\t\t\t \n\t\t<div  >\n\t\t\t \n\t\t<span class=\"event-date\">\n\t\t\t<span class=\"day\"><\/span>\n\t\t\t<span class=\"month\">Marzo, <\/span>\n\t\t\t<span class=\"year\">2017<\/span>\n\t\t<\/span>\n\t<div class=\"event-details\"><p>Realizzazione di un progetto pilota completo di gassificatore a biomassa per la produzione di energia elettrica a Dongguan, in Cina.<\/p>\n<\/div>\n\t\t<\/div>\n\t\t \n\t\t<div  >\n\t\t\t \n\t\t<span class=\"event-date\">\n\t\t\t<span class=\"day\"><\/span>\n\t\t\t<span class=\"month\">Settembre, <\/span>\n\t\t\t<span class=\"year\">2016<\/span>\n\t\t<\/span>\n\t<div class=\"event-details\"><p>Progettazione e produzione del primo generatore di biogas per il mercato nigeriano.<\/p>\n<\/div>\n\t\t<\/div>\n\t\t \n\t\t<div  >\n\t\t\t \n\t\t<span class=\"event-date\">\n\t\t\t<span class=\"day\"><\/span>\n\t\t\t<span class=\"month\">Marzo, <\/span>\n\t\t\t<span class=\"year\">2016<\/span>\n\t\t<\/span>\n\t<div class=\"event-details\"><p>Progettazione e produzione di generatori GPL per gli hotel a 5 stelle di Macao, che hanno una politica rigorosa in materia di perdite di olio.<\/p>\n<\/div>\n\t\t<\/div>\n\t\t \n\t\t<div  >\n\t\t\t \n\t\t<span class=\"event-date\">\n\t\t\t<span class=\"day\"><\/span>\n\t\t\t<span class=\"month\">Giugno, <\/span>\n\t\t\t<span class=\"year\">2015<\/span>\n\t\t<\/span>\n\t<div class=\"event-details\"><p>Progettazione e produzione di 2 gruppi di generatori GPL con motore a gas cummins 4BTAA3.9 per il mercato canadese in base alla composizione del GPL del cliente.<\/p>\n<\/div>\n\t\t<\/div>\n\t\t \n\t\t<div  >\n\t\t\t \n\t\t<span class=\"event-date\">\n\t\t\t<span class=\"day\"><\/span>\n\t\t\t<span class=\"month\">Ottobre, <\/span>\n\t\t\t<span class=\"year\">2014<\/span>\n\t\t<\/span>\n\t<div class=\"event-details\"><p>Vendita del primo generatore di biomassa al mercato libanese.<\/p>\n<\/div>\n\t\t<\/div>\n\t\t \n\t\t<div  >\n\t\t\t \n\t\t<span class=\"event-date\">\n\t\t\t<span class=\"day\"><\/span>\n\t\t\t<span class=\"month\">Maggio, <\/span>\n\t\t\t<span class=\"year\">2014<\/span>\n\t\t<\/span>\n\t<div class=\"event-details\"><p>Conversione di un motore diesel cummins a 1500 giri\/minuto in un generatore a biomassa cummins a 900 giri\/minuto per il mercato filippino.<\/p>\n<\/div>\n\t\t<\/div>\n\t\t \n\t\t<div  >\n\t\t\t \n\t\t<span class=\"event-date\">\n\t\t\t<span class=\"day\"><\/span>\n\t\t\t<span class=\"month\">Novembre, <\/span>\n\t\t\t<span class=\"year\">2013<\/span>\n\t\t<\/span>\n\t<div class=\"event-details\"><p>Progettazione e produzione di un generatore a biomassa da 15kw alimentato a gas di lolla di riso con un basso valore termico di soli 4MJ\/Nm3 per il mercato giapponese.<\/p>\n<\/div>\n\t\t<\/div>\n\t\t \n\t\t<div  >\n\t\t\t \n\t\t<span class=\"event-date\">\n\t\t\t<span class=\"day\"><\/span>\n\t\t\t<span class=\"month\">Luglio, <\/span>\n\t\t\t<span class=\"year\">2013<\/span>\n\t\t<\/span>\n\t<div class=\"event-details\"><p>Vendita del primo generatore a gas naturale da 300kw al Regno Unito.<\/p>\n<\/div>\n\t\t<\/div>\n\t\t \n\t\t<div  >\n\t\t\t \n\t\t<span class=\"event-date\">\n\t\t\t<span class=\"day\"><\/span>\n\t\t\t<span class=\"month\">Marzo, <\/span>\n\t\t\t<span class=\"year\">2013<\/span>\n\t\t<\/span>\n\t<div class=\"event-details\"><p>Vendiamo il primo generatore a biomassa da 250kw al mercato italiano e ci rechiamo in Italia per la messa in funzione del generatore a biomassa da 250kw e la formazione dell'operatore del generatore. <\/p>\n<\/div>\n\t\t<\/div>\n\t\t \n\t\t<div  >\n\t\t\t \n\t\t<span class=\"event-date\">\n\t\t\t<span class=\"day\"><\/span>\n\t\t\t<span class=\"month\">Dicembre,<\/span>\n\t\t\t<span class=\"year\">2012<\/span>\n\t\t<\/span>\n\t<div class=\"event-details\"><p>Vendita del primo generatore di biogas a un allevamento di suini a Yiwu, provincia di Zhejiang, Cina<\/p>\n<\/div>\n\t\t<\/div>\n\t\t \n\t\t<div  >\n\t\t\t \n\t\t<span class=\"event-date\">\n\t\t\t<span class=\"day\"><\/span>\n\t\t\t<span class=\"month\">Ottobre,<\/span>\n\t\t\t<span class=\"year\">2012<\/span>\n\t\t<\/span>\n\t<div class=\"event-details\"><p>Partecipare alla Fiera di Canton nell'ottobre 2012, portando i nostri ultimi prodotti di generatori di gas naturale e incontrando potenziali clienti.<\/p>\n<\/div>\n\t\t<\/div>\n\t\t \n\t\t<div  >\n\t\t\t \n\t\t<span class=\"event-date\">\n\t\t\t<span class=\"day\"><\/span>\n\t\t\t<span class=\"month\">Aprile,<\/span>\n\t\t\t<span class=\"year\">2012<\/span>\n\t\t<\/span>\n\t<div class=\"event-details\"><p>Shenzhen Gosun Industry Co.,Ltd ha sede a Shenzhen, in Cina.<\/p>\n<\/div>\n\t\t<\/div>\n\t\n\t\t<\/section>\n\n\t\t<\/div>\n\t<\/div>\n\n<\/div>\n<\/div>\n\n<div  class=\"content_row row vc_row wpb_row vc_row-fluid alt-style-2 fullwidth\" >\n\t\n\t<div class=\"content_row_wrapper  default\" style=\"padding-top:60px;padding-bottom:60px;\">\n\t<div class=\"vc_col-sm-12 wpb_column vc_column_container\" >\n\t\t<div class=\"wpb_wrapper\">\n\t\t\t<div class=\"rt_heading_wrapper style-4\">\n\t\t\t\t\t\t<span class=\"punchline\">Testimonianze<\/span>\n\t\t\t\t\t\t<h3 class=\"rt_heading  with_punchline style-4\" >Cosa dicono<\/h3>\n\t\t\t\t\t<\/div>\r\n\t\t\t\t<div id=\"slider-testimonial-dynamicID-977465\" class=\"rt-carousel carousel-holder clearfix testimonial-carousel testimonials center big\" data-item-width=\"1\" data-nav=\"false\" data-dots=\"true\" data-margin=\"15\" data-autoplay=\"false\" data-timeout=\"5000\">\r\n\t\t\t\t\t<div class=\"owl-carousel\">\r\n\t\t\t\t\t\t<div><div class=\"testimonial item\">\n\n\n\n<div class=\"text\">\n\t<p>\n\t\t<span class=\"icon-quote-left\"><\/span>\n\t\t\tAbbiamo un progetto a Macao, che richiede 2 generatori sulla barca per un lago intorno all'hotel. Non potendo utilizzare un generatore diesel perch\u00e9 non sono ammesse perdite di olio, abbiamo optato per un generatore a GPL. Abbiamo consultato diverse grandi aziende di generatori a gas, tra cui Generac negli Stati Uniti, ma non sono in grado di farlo. Dopo 3 mesi di ricerche, abbiamo incontrato Gosun. La loro soluzione e il loro prodotto finale sono davvero perfetti per noi.\t\t<span class=\"icon-quote-right\"><\/span>\n\t<\/p>\n\t<div class=\"client_info\">\n\n\t\t\tMohamad\n\t\t- <span>Responsabile di progetto<\/span>\t\t\n\t\t\t\t\t\n\t\t\n\n\t<\/div>\n<\/div><\/div>\n<\/div><div><div class=\"testimonial item\">\n\n\n\n<div class=\"text\">\n\t<p>\n\t\t<span class=\"icon-quote-left\"><\/span>\n\t\t\tAbbiamo acquistato un piccolo generatore di gas da Gosun, non sappiamo se la qualit\u00e0 del loro generatore di gas sia uguale a quella di altri fornitori cinesi prima di effettuare l'ordine, vogliamo solo provare. Quando si combina con il nostro gassificatore, funziona davvero bene, nessun problema di olio di catrame, nessun problema di manutenzione delle alesature; siamo molto soddisfatti di Torch e dei suoi generatori, abbiamo intenzione di acquistarne altri.\t\t<span class=\"icon-quote-right\"><\/span>\n\t<\/p>\n\t<div class=\"client_info\">\n\n\t\t\tAnthony Chlela\n\t\t- <span>CTO<\/span>\t\t\n\t\t<a href=\"http:\/\/machinery.phoenixlb.com\/\" target=\"_blank\" title=\"Macchine Phoenix\" class=\"client_link\">Macchine Phoenix<\/a>\t\t\t\n\t\t\n\n\t<\/div>\n<\/div><\/div>\n<\/div><div><div class=\"testimonial item\">\n\n\n\n<div class=\"text\">\n\t<p>\n\t\t<span class=\"icon-quote-left\"><\/span>\n\t\t\tGosun \u00e8 un produttore professionale di generatori di gas in Cina. Hanno convertito un motore diesel cummins da 1500 giri al minuto in un generatore alimentato da un motore a gas a biomassa da 900 giri al minuto per le nostre aziende agricole, il loro ingegnere \u00e8 cos\u00ec professionale, inoltre il loro proprietario \u00e8 il mio migliore amico in Cina. Mi ha aiutato molto in altri affari in Cina.\t\t<span class=\"icon-quote-right\"><\/span>\n\t<\/p>\n\t<div class=\"client_info\">\n\n\t\t\tKenneth Dominado\n\t\t- <span>Responsabile acquisti<\/span>\t\t\n\t\t\t\t\t\n\t\t\n\n\t<\/div>\n<\/div><\/div>\n<\/div>\r\n\t\t\t\t\t<\/div>\r\n\t\t\t\t\t\r\n\t\t\t\t<div id=\"slider-testimonial-dynamicID-977465-dots\" class=\"dots-holder\">\r\n\t\t\t\t<\/div>\r\n\t\t\t\r\n\t\t\t\t<\/div>\n\n\t\t<\/div>\n\t<\/div>\n\n<\/div>\n<\/div>","protected":false},"excerpt":{"rendered":"","protected":false},"author":1,"featured_media":0,"parent":0,"menu_order":0,"comment_status":"open","ping_status":"open","template":"","meta":{"footnotes":""},"class_list":["post-9","page","type-page","status-publish","hentry"],"aioseo_notices":[],"_links":{"self":[{"href":"https:\/\/www.chinesegenset.com\/it\/wp-json\/wp\/v2\/pages\/9","targetHints":{"allow":["GET"]}}],"collection":[{"href":"https:\/\/www.chinesegenset.com\/it\/wp-json\/wp\/v2\/pages"}],"about":[{"href":"https:\/\/www.chinesegenset.com\/it\/wp-json\/wp\/v2\/types\/page"}],"author":[{"embeddable":true,"href":"https:\/\/www.chinesegenset.com\/it\/wp-json\/wp\/v2\/users\/1"}],"replies":[{"embeddable":true,"href":"https:\/\/www.chinesegenset.com\/it\/wp-json\/wp\/v2\/comments?post=9"}],"version-history":[{"count":19,"href":"https:\/\/www.chinesegenset.com\/it\/wp-json\/wp\/v2\/pages\/9\/revisions"}],"predecessor-version":[{"id":4426,"href":"https:\/\/www.chinesegenset.com\/it\/wp-json\/wp\/v2\/pages\/9\/revisions\/4426"}],"wp:attachment":[{"href":"https:\/\/www.chinesegenset.com\/it\/wp-json\/wp\/v2\/media?parent=9"}],"curies":[{"name":"wp","href":"https:\/\/api.w.org\/{rel}","templated":true}]}}