{"id":9,"date":"2015-02-02T04:30:57","date_gmt":"2015-02-02T04:30:57","guid":{"rendered":"http:\/\/rttheme19.rtthemes.com\/?page_id=9"},"modified":"2023-03-03T15:10:16","modified_gmt":"2023-03-03T15:10:16","slug":"about-us","status":"publish","type":"page","link":"https:\/\/www.chinesegenset.com\/fr\/about-us\/","title":{"rendered":"A propos de nous"},"content":{"rendered":"<div  class=\"content_row row vc_row wpb_row vc_row-fluid default-style fullwidth\" >\n\t\n\t<div class=\"content_row_wrapper  default\" style=\"padding-top:100px;padding-bottom:140px;\">\n\t<div class=\"vc_col-sm-12 wpb_column vc_column_container\" >\n\t\t<div class=\"wpb_wrapper\">\n\t\t\t<div class=\"rt_heading_wrapper style-4\">\n\t\t\t\t\t\t\n\t\t\t\t\t\t<h1 class=\"rt_heading  style-4\" >\u00c0 PROPOS DE NOUS<\/h1>\n\t\t\t\t\t<\/div>\n\n\t\t<\/div>\n\t<\/div>\n\n<\/div>\n<\/div>\n\n<div  class=\"content_row row vc_row wpb_row vc_row-fluid default-style fullwidth border-bottom\" >\n\t\n\t<div class=\"content_row_wrapper  default\" ><p>Shenzhen Gosun Industry Co.,Ltd situ\u00e9 \u00e0 Shenzhen, Chine, sp\u00e9cialis\u00e9 dans la recherche, le d\u00e9veloppement, le marketing et le service des g\u00e9n\u00e9rateurs \u00e0 gaz Cummins, y compris le g\u00e9n\u00e9rateur \u00e0 gaz naturel, le g\u00e9n\u00e9rateur \u00e0 biogaz, le g\u00e9n\u00e9rateur \u00e0 gaz de biomasse, le g\u00e9n\u00e9rateur \u00e0 gaz de bois, le g\u00e9n\u00e9rateur \u00e0 gaz de production, le g\u00e9n\u00e9rateur \u00e0 gaz de synth\u00e8se, le g\u00e9n\u00e9rateur \u00e0 gaz de remblai, le groupe \u00e9lectrog\u00e8ne \u00e0 gaz de charbon, le groupe \u00e9lectrog\u00e8ne \u00e0 GPL, le groupe \u00e9lectrog\u00e8ne \u00e0 gaz propane, etc. Nous pouvons \u00e9galement fabriquer des g\u00e9n\u00e9rateurs diesel de marque Cummins et d'autres marques de g\u00e9n\u00e9rateurs \u00e0 gaz et \u00e0 moteur diesel.<\/p>\n<p>La gamme de puissance de nos g\u00e9n\u00e9rateurs \u00e0 gaz s'\u00e9tend de 20kw \u00e0 1200kw, de 500RPM \u00e0 1800RPM, aliment\u00e9s par du gaz naturel, du biogaz, du gaz de biomasse, du gaz de bois de production, du syngaz et d'autres gaz inflammables dont le faible pouvoir calorifique est sup\u00e9rieur \u00e0 4,2MJ\/m3. Nous adoptons une technologie de moteur \u00e0 gaz de classe mondiale, un moteur et un alternateur de marque, un syst\u00e8me d'allumage, un syst\u00e8me de r\u00e9gulation de la vitesse, un m\u00e9lange gaz-air, un panneau de commande, etc. Nous disposons d'un concepteur innovant et exp\u00e9riment\u00e9 dans le domaine des moteurs \u00e0 gaz ; nous appliquons strictement un syst\u00e8me de qualit\u00e9 et nous accordons une grande importance \u00e0 la qualit\u00e9 des produits ; tous ces \u00e9l\u00e9ments permettent d'obtenir d'excellentes performances du g\u00e9n\u00e9rateur.<\/p>\n<p>Nous fabriquons principalement des g\u00e9n\u00e9rateurs \u00e0 gaz dot\u00e9s d'un moteur \u00e0 gaz d'origine de marque Cummins, Deutz, MWM, MTU, Ricardo, JDEC Chidong, Zichai ou d'un moteur diesel converti.<\/p>\n<p>Les groupes \u00e9lectrog\u00e8nes \u00e0 gaz peuvent \u00eatre utilis\u00e9s en continu dans les banques, les usines, l'immobilier, les a\u00e9roports, les h\u00f4tels, les autoroutes, les ports maritimes, les centres d'\u00e9change de donn\u00e9es, les t\u00e9l\u00e9communications, etc. Face \u00e0 la p\u00e9nurie de p\u00e9trole et aux diff\u00e9rents probl\u00e8mes environnementaux, l'utilisation de groupes \u00e9lectrog\u00e8nes \u00e0 gaz est un moyen id\u00e9al de r\u00e9duire les \u00e9missions de carbone et d'assurer une alimentation \u00e9lectrique suffisante, de mani\u00e8re \u00e9conomique et efficace.<\/p>\n<p>Nous pouvons \u00e9galement vous aider \u00e0 reconstruire un g\u00e9n\u00e9rateur \u00e0 moteur diesel en g\u00e9n\u00e9rateur \u00e0 moteur \u00e0 gaz. Le client doit exp\u00e9dier son g\u00e9n\u00e9rateur diesel \u00e0 notre usine et payer les frais de main d'\u0153uvre et de conseil technique.<\/p>\n<p>En tant que fabricant professionnel de g\u00e9n\u00e9rateurs \u00e0 gaz, nous fabriquons \u00e9galement des g\u00e9n\u00e9rateurs diesel de marque Cummins et d'autres marques de g\u00e9n\u00e9rateurs \u00e0 moteur diesel selon la demande des clients.<\/p>\n<p>\"Nous souhaitons sinc\u00e8rement \u00e9tablir des relations d'affaires stables et une bonne amiti\u00e9 avec des revendeurs de g\u00e9n\u00e9rateurs professionnels du monde entier. Nous vous invitons sinc\u00e8rement \u00e0 rejoindre notre r\u00e9seau de distribution mondial.<\/p>\n\n\t<div class=\"vc_col-sm-12 wpb_column vc_column_container\" >\n\t\t<div class=\"wpb_wrapper\">\n\t\t\t<div class=\"rt_heading_wrapper style-4\">\n\t\t\t\t\t\t<span class=\"punchline\">Jalons<\/span>\n\t\t\t\t\t\t<h4 class=\"rt_heading  with_punchline style-4\" >Bref historique de notre soci\u00e9t\u00e9<\/h4>\n\t\t\t\t\t<\/div>\t \n\t\t<section  class=\"timeline\">\n\t\t\t \n\t\t<div  >\n\t\t\t \n\t\t<span class=\"event-date\">\n\t\t\t<span class=\"day\"><\/span>\n\t\t\t<span class=\"month\">Mars, <\/span>\n\t\t\t<span class=\"year\">2017<\/span>\n\t\t<\/span>\n\t<div class=\"event-details\"><p>Mise en place d'un projet pilote complet de production d'\u00e9lectricit\u00e9 par gaz\u00e9ification de la biomasse \u00e0 Dongguan, en Chine<\/p>\n<\/div>\n\t\t<\/div>\n\t\t \n\t\t<div  >\n\t\t\t \n\t\t<span class=\"event-date\">\n\t\t\t<span class=\"day\"><\/span>\n\t\t\t<span class=\"month\">Septembre, <\/span>\n\t\t\t<span class=\"year\">2016<\/span>\n\t\t<\/span>\n\t<div class=\"event-details\"><p>Conception et production du premier g\u00e9n\u00e9rateur de biogaz pour le march\u00e9 nig\u00e9rian.<\/p>\n<\/div>\n\t\t<\/div>\n\t\t \n\t\t<div  >\n\t\t\t \n\t\t<span class=\"event-date\">\n\t\t\t<span class=\"day\"><\/span>\n\t\t\t<span class=\"month\">Mars, <\/span>\n\t\t\t<span class=\"year\">2016<\/span>\n\t\t<\/span>\n\t<div class=\"event-details\"><p>Conception et production de g\u00e9n\u00e9rateurs GPL pour les h\u00f4tels 5 \u00e9toiles de Macao, qui appliquent une politique stricte en mati\u00e8re de fuites d'huile.<\/p>\n<\/div>\n\t\t<\/div>\n\t\t \n\t\t<div  >\n\t\t\t \n\t\t<span class=\"event-date\">\n\t\t\t<span class=\"day\"><\/span>\n\t\t\t<span class=\"month\">juin, <\/span>\n\t\t\t<span class=\"year\">2015<\/span>\n\t\t<\/span>\n\t<div class=\"event-details\"><p>Conception et production de 2 ensembles de g\u00e9n\u00e9rateurs GPL Cummins 4BTAA3.9 pour le march\u00e9 canadien selon la composition GPL du client.<\/p>\n<\/div>\n\t\t<\/div>\n\t\t \n\t\t<div  >\n\t\t\t \n\t\t<span class=\"event-date\">\n\t\t\t<span class=\"day\"><\/span>\n\t\t\t<span class=\"month\">octobre, <\/span>\n\t\t\t<span class=\"year\">2014<\/span>\n\t\t<\/span>\n\t<div class=\"event-details\"><p>Vente du premier g\u00e9n\u00e9rateur de biomasse sur le march\u00e9 libanais.<\/p>\n<\/div>\n\t\t<\/div>\n\t\t \n\t\t<div  >\n\t\t\t \n\t\t<span class=\"event-date\">\n\t\t\t<span class=\"day\"><\/span>\n\t\t\t<span class=\"month\">Mai, <\/span>\n\t\t\t<span class=\"year\">2014<\/span>\n\t\t<\/span>\n\t<div class=\"event-details\"><p>Conversion d'un moteur diesel cummins de 1500 tr\/min en un g\u00e9n\u00e9rateur de biomasse cummins de 900 tr\/min pour le march\u00e9 philippin.<\/p>\n<\/div>\n\t\t<\/div>\n\t\t \n\t\t<div  >\n\t\t\t \n\t\t<span class=\"event-date\">\n\t\t\t<span class=\"day\"><\/span>\n\t\t\t<span class=\"month\">novembre, <\/span>\n\t\t\t<span class=\"year\">2013<\/span>\n\t\t<\/span>\n\t<div class=\"event-details\"><p>Conception et production d'un g\u00e9n\u00e9rateur \u00e0 biomasse de 15 kW fonctionnant au gaz de balle de riz et ayant un faible pouvoir calorifique de seulement 4MJ\/Nm3 pour le march\u00e9 japonais.<\/p>\n<\/div>\n\t\t<\/div>\n\t\t \n\t\t<div  >\n\t\t\t \n\t\t<span class=\"event-date\">\n\t\t\t<span class=\"day\"><\/span>\n\t\t\t<span class=\"month\">Juillet, <\/span>\n\t\t\t<span class=\"year\">2013<\/span>\n\t\t<\/span>\n\t<div class=\"event-details\"><p>Vente du premier g\u00e9n\u00e9rateur au gaz naturel de 300 kW au Royaume-Uni.<\/p>\n<\/div>\n\t\t<\/div>\n\t\t \n\t\t<div  >\n\t\t\t \n\t\t<span class=\"event-date\">\n\t\t\t<span class=\"day\"><\/span>\n\t\t\t<span class=\"month\">Mars, <\/span>\n\t\t\t<span class=\"year\">2013<\/span>\n\t\t<\/span>\n\t<div class=\"event-details\"><p>Vente du premier g\u00e9n\u00e9rateur de biomasse de 250kw pour le march\u00e9 italien et nous nous rendons en Italie pour la mise en service du g\u00e9n\u00e9rateur de biomasse de 250kw et la formation de l'op\u00e9rateur du g\u00e9n\u00e9rateur. <\/p>\n<\/div>\n\t\t<\/div>\n\t\t \n\t\t<div  >\n\t\t\t \n\t\t<span class=\"event-date\">\n\t\t\t<span class=\"day\"><\/span>\n\t\t\t<span class=\"month\">D\u00e9cembre,<\/span>\n\t\t\t<span class=\"year\">2012<\/span>\n\t\t<\/span>\n\t<div class=\"event-details\"><p>Vente du premier g\u00e9n\u00e9rateur de biogaz \u00e0 un \u00e9levage de porcs \u00e0 Yiwu, dans la province de Zhejiang, en Chine<\/p>\n<\/div>\n\t\t<\/div>\n\t\t \n\t\t<div  >\n\t\t\t \n\t\t<span class=\"event-date\">\n\t\t\t<span class=\"day\"><\/span>\n\t\t\t<span class=\"month\">octobre,<\/span>\n\t\t\t<span class=\"year\">2012<\/span>\n\t\t<\/span>\n\t<div class=\"event-details\"><p>Participer \u00e0 la foire de Canton en octobre 2012, apporter nos derniers produits de g\u00e9n\u00e9rateurs de gaz naturel et rencontrer des clients potentiels.<\/p>\n<\/div>\n\t\t<\/div>\n\t\t \n\t\t<div  >\n\t\t\t \n\t\t<span class=\"event-date\">\n\t\t\t<span class=\"day\"><\/span>\n\t\t\t<span class=\"month\">Avril,<\/span>\n\t\t\t<span class=\"year\">2012<\/span>\n\t\t<\/span>\n\t<div class=\"event-details\"><p>Shenzhen Gosun Industry Co. \u00e9tablie \u00e0 Shenzhen, en Chine<\/p>\n<\/div>\n\t\t<\/div>\n\t\n\t\t<\/section>\n\n\t\t<\/div>\n\t<\/div>\n\n<\/div>\n<\/div>\n\n<div  class=\"content_row row vc_row wpb_row vc_row-fluid alt-style-2 fullwidth\" >\n\t\n\t<div class=\"content_row_wrapper  default\" style=\"padding-top:60px;padding-bottom:60px;\">\n\t<div class=\"vc_col-sm-12 wpb_column vc_column_container\" >\n\t\t<div class=\"wpb_wrapper\">\n\t\t\t<div class=\"rt_heading_wrapper style-4\">\n\t\t\t\t\t\t<span class=\"punchline\">T\u00e9moignages<\/span>\n\t\t\t\t\t\t<h3 class=\"rt_heading  with_punchline style-4\" >Ce qu'ils disent<\/h3>\n\t\t\t\t\t<\/div>\r\n\t\t\t\t<div id=\"slider-testimonial-dynamicID-642037\" class=\"rt-carousel carousel-holder clearfix testimonial-carousel testimonials center big\" data-item-width=\"1\" data-nav=\"false\" data-dots=\"true\" data-margin=\"15\" data-autoplay=\"false\" data-timeout=\"5000\">\r\n\t\t\t\t\t<div class=\"owl-carousel\">\r\n\t\t\t\t\t\t<div><div class=\"testimonial item\">\n\n\n\n<div class=\"text\">\n\t<p>\n\t\t<span class=\"icon-quote-left\"><\/span>\n\t\t\tNous avons un projet \u00e0 Macao, ils ont besoin de 2 g\u00e9n\u00e9rateurs sur le bateau pour un lac autour de l'h\u00f4tel. Ils ne peuvent pas utiliser de g\u00e9n\u00e9rateur diesel car les fuites d'huile ne sont pas autoris\u00e9es, nous nous sommes donc tourn\u00e9s vers les g\u00e9n\u00e9rateurs GPL. Nous avons consult\u00e9 plusieurs grandes entreprises de g\u00e9n\u00e9rateurs \u00e0 gaz, dont Generac aux \u00c9tats-Unis, mais elles ne pouvaient pas le faire. Apr\u00e8s 3 mois de recherche, nous avons rencontr\u00e9 Gosun. Leur solution et leur produit final sont vraiment parfaits pour nous.\t\t<span class=\"icon-quote-right\"><\/span>\n\t<\/p>\n\t<div class=\"client_info\">\n\n\t\t\tMohamad\n\t\t- <span>Chef de projet<\/span>\t\t\n\t\t\t\t\t\n\t\t\n\n\t<\/div>\n<\/div><\/div>\n<\/div><div><div class=\"testimonial item\">\n\n\n\n<div class=\"text\">\n\t<p>\n\t\t<span class=\"icon-quote-left\"><\/span>\n\t\t\tNous avons achet\u00e9 un petit gazog\u00e8ne \u00e0 Gosun, nous ne savons pas si la qualit\u00e9 de leur gazog\u00e8ne est la m\u00eame que celle des autres fournisseurs chinois avant de passer commande, nous voulons juste essayer. Lorsqu'il est combin\u00e9 avec notre propre gazog\u00e8ne, il fonctionne tr\u00e8s bien, pas de probl\u00e8me d'huile de goudron, pas de probl\u00e8me d'entretien de l'al\u00e9sage ; nous sommes tr\u00e8s satisfaits de Torch et de leurs g\u00e9n\u00e9rateurs, nous allons en acheter d'autres chez eux.\t\t<span class=\"icon-quote-right\"><\/span>\n\t<\/p>\n\t<div class=\"client_info\">\n\n\t\t\tAnthony Chlela\n\t\t- <span>CTO<\/span>\t\t\n\t\t<a href=\"http:\/\/machinery.phoenixlb.com\/\" target=\"_blank\" title=\"Phoenix Machinery\" class=\"client_link\">Phoenix Machinery<\/a>\t\t\t\n\t\t\n\n\t<\/div>\n<\/div><\/div>\n<\/div><div><div class=\"testimonial item\">\n\n\n\n<div class=\"text\">\n\t<p>\n\t\t<span class=\"icon-quote-left\"><\/span>\n\t\t\tGosun est un fabricant professionnel de g\u00e9n\u00e9rateurs de gaz en Chine. Ils ont converti un moteur diesel Cummins de 1500 tr\/min en un g\u00e9n\u00e9rateur aliment\u00e9 par un moteur \u00e0 gaz de biomasse de 900 tr\/min pour nos fermes, leur ing\u00e9nieur est si professionnel, de plus, leur propri\u00e9taire est mon meilleur ami en Chine. Il m'a beaucoup aid\u00e9 dans d'autres affaires en Chine.\t\t<span class=\"icon-quote-right\"><\/span>\n\t<\/p>\n\t<div class=\"client_info\">\n\n\t\t\tKenneth Dominado\n\t\t- <span>Responsable des achats<\/span>\t\t\n\t\t\t\t\t\n\t\t\n\n\t<\/div>\n<\/div><\/div>\n<\/div>\r\n\t\t\t\t\t<\/div>\r\n\t\t\t\t\t\r\n\t\t\t\t<div id=\"slider-testimonial-dynamicID-642037-dots\" class=\"dots-holder\">\r\n\t\t\t\t<\/div>\r\n\t\t\t\r\n\t\t\t\t<\/div>\n\n\t\t<\/div>\n\t<\/div>\n\n<\/div>\n<\/div>","protected":false},"excerpt":{"rendered":"","protected":false},"author":1,"featured_media":0,"parent":0,"menu_order":0,"comment_status":"open","ping_status":"open","template":"","meta":{"footnotes":""},"class_list":["post-9","page","type-page","status-publish","hentry"],"aioseo_notices":[],"_links":{"self":[{"href":"https:\/\/www.chinesegenset.com\/fr\/wp-json\/wp\/v2\/pages\/9","targetHints":{"allow":["GET"]}}],"collection":[{"href":"https:\/\/www.chinesegenset.com\/fr\/wp-json\/wp\/v2\/pages"}],"about":[{"href":"https:\/\/www.chinesegenset.com\/fr\/wp-json\/wp\/v2\/types\/page"}],"author":[{"embeddable":true,"href":"https:\/\/www.chinesegenset.com\/fr\/wp-json\/wp\/v2\/users\/1"}],"replies":[{"embeddable":true,"href":"https:\/\/www.chinesegenset.com\/fr\/wp-json\/wp\/v2\/comments?post=9"}],"version-history":[{"count":19,"href":"https:\/\/www.chinesegenset.com\/fr\/wp-json\/wp\/v2\/pages\/9\/revisions"}],"predecessor-version":[{"id":4426,"href":"https:\/\/www.chinesegenset.com\/fr\/wp-json\/wp\/v2\/pages\/9\/revisions\/4426"}],"wp:attachment":[{"href":"https:\/\/www.chinesegenset.com\/fr\/wp-json\/wp\/v2\/media?parent=9"}],"curies":[{"name":"wp","href":"https:\/\/api.w.org\/{rel}","templated":true}]}}