{"id":4389,"date":"2022-02-24T14:09:13","date_gmt":"2022-02-24T14:09:13","guid":{"rendered":"https:\/\/www.chinesegenset.com\/?page_id=4389"},"modified":"2022-02-24T14:16:54","modified_gmt":"2022-02-24T14:16:54","slug":"natural-gas-generator","status":"publish","type":"page","link":"https:\/\/www.chinesegenset.com\/fr\/natural-gas-generator\/","title":{"rendered":"G\u00e9n\u00e9rateur de gaz naturel"},"content":{"rendered":"<div  class=\"content_row row vc_row wpb_row vc_row-fluid default-style default\" >\n\t\n\t<div class=\"content_row_wrapper\" >\n\t<div class=\"vc_col-sm-12 wpb_column vc_column_container\" >\n\t\t<div class=\"wpb_wrapper\">\n\t\t\t\n\t<div class=\"wpb_text_column wpb_content_element  vc_custom_1645712196373\" >\n\t\t<div class=\"wpb_wrapper\">\n\t\t\t<h3>Titre personnalis\u00e9<\/h3>\n<p>Lorem ipsum dolor sit amet consectetur adipiscing elit etiam dictum ultrices, cum placerat per dictumst ligula odio pellentesque class pulvinar parturient, neque turpis tortor sociosqu est dis posuere condimentum fermentum. Luctus donec ac cubilia porta odio vehicula cum tristique dictum nulla at, non quis suspendisse mi nec magnis nascetur ultricies felis eleifend massa bibendum, nullam hac neque elementum lacus habitant habitasse malesuada suscipit est. Le corps de l'animal a \u00e9t\u00e9 mis \u00e0 nu, le corps de l'homme a \u00e9t\u00e9 mis \u00e0 nu, le corps de l'homme a \u00e9t\u00e9 mis \u00e0 nu, le corps de l'homme a \u00e9t\u00e9 mis \u00e0 nu. Vulputate nulla eros tempus bibendum cras rhoncus natoque fusce pulvinar ornare tempor, nec odio donec imperdiet primis turpis parturient euismod pretium habitasse. Aliquet eros integer at mattis sagittis commodo non, felis interdum magnis praesent torquent. Dui nunc vivamus cubilia ante nisl curabitur fusce, quisque nam platea per eleifend condimentum viverra, malesuada sociosqu eu eget ligula aliquet. Nibh himenaeos fermentum quam vehicula iaculis hendrerit ante egestas integer, enim senectus urna pharetra semper curabitur vestibulum odio, venenatis ultricies viverra suscipit nostra blandit magna habitant.<\/p>\n\n\t\t<\/div>\n\t<\/div>\n\n<div id=\"product-dynamicID-157109\" class=\"product_holder product-showcase clearfix  border_grid fixed_heights\" data-column-width=\"3\">\n<div class=\"row clearfix\">\n<div class=\"col product_item_holder col-sm-4  jdec-natural-gas-generator\">\n\n<div class=\"product_item_holder\">\n\n\t\t\t<div class=\"featured_image\"> \n\t\t\t<!-- product image -->\n\t\t\t<div class=\"featured_image\"> \n\t\t\t\t<a href=\"https:\/\/www.chinesegenset.com\/fr\/product\/600kw-750kva-middle-speed-jdec-natural-gas-genset-from-china-factory\/\" title=\"600kw 750kva middle speed JDEC natural gas genset from China factory\" rel=\"bookmark\" class=\"imgeffect link\"><img decoding=\"async\" src=\"https:\/\/www.chinesegenset.com\/wp-content\/uploads\/2017\/10\/600kw-750kva-middle-speed-JDEC-natural-gas-genset-from-China-factory-480x334.jpg\" alt=\"600kw 750kva middle speed JDEC natural gas genset from China factory\" class=\"\" \/><\/a> \n\t\t\t<\/div> \n\t\t<\/div> \n\t\n\n\t\n\t\t\t\t\t\t\n\t\t<div class=\"product_info\">\n\n\t\t\t\t\t\t\t\t<!-- title-->\n\t\t\t\t<h5 class=\"clean_heading\"><a href=\"https:\/\/www.chinesegenset.com\/fr\/product\/600kw-750kva-middle-speed-jdec-natural-gas-genset-from-china-factory\/\" title=\"600kw 750kva middle speed JDEC natural gas genset from China factory\" rel=\"bookmark\">600kw 750kva middle speed JDEC natural gas genset from China factory<\/a><\/h5>\n\t\t\t\t\n\t\t\t\t<!-- text-->\n\t\t\t\t<p>600kw 750kva middle speed JDEC natural gas genset from China factory, designed by continuous running for commercial and industrial use, suitable for Nigeria, Russia, America, Dubai, Iraq, Iran and other east asia countries.<\/p>\n\t\t\t\t<div class=\"product_info_footer clearfix\">\n\t\t\t<!-- product price -->\n\t\t\t<p class=\"price icon-\">\t\n\t\t\t\t<del><span class=\"amount\">$90<\/span><\/del> <ins><span class=\"amount\">$75<\/span><\/ins>\n\t\t\t<\/p> \n\t\t<div class=\"action_buttons\"><a href=\"https:\/\/www.chinesegenset.com\/fr\/product\/600kw-750kva-middle-speed-jdec-natural-gas-genset-from-china-factory\/\" title=\"600kw 750kva middle speed JDEC natural gas genset from China factory\" class=\"details icon-angle-right\">D\u00e9tails<\/a><\/div><\/div> \t\t\n\n\t\t<\/div>\n\t\t\n\n\t\n<\/div><\/div>\n<div class=\"col product_item_holder col-sm-4  jdec-natural-gas-generator\">\n\n<div class=\"product_item_holder\">\n\n\t\t\t<div class=\"featured_image\"> \n\t\t\t<!-- product image -->\n\t\t\t<div class=\"featured_image\"> \n\t\t\t\t<a href=\"https:\/\/www.chinesegenset.com\/fr\/product\/500kw-1000rpm-medium-speed-jdec-natural-gas-generator-set-from-china\/\" title=\"Groupe \u00e9lectrog\u00e8ne \u00e0 gaz naturel 500kw 1000rpm vitesse moyenne JDEC de Chine\" rel=\"bookmark\" class=\"imgeffect link\"><img decoding=\"async\" src=\"https:\/\/www.chinesegenset.com\/wp-content\/uploads\/2017\/10\/500kw-1000rpm-medium-speed-JDEC-natural-gas-generator-set-from-China-480x334.jpg\" alt=\"Groupe \u00e9lectrog\u00e8ne \u00e0 gaz naturel 500kw 1000rpm vitesse moyenne JDEC de Chine\" class=\"\" \/><\/a> \n\t\t\t<\/div> \n\t\t<\/div> \n\t\n\n\t\n\t\t\t\t\t\t\n\t\t<div class=\"product_info\">\n\n\t\t\t\t\t\t\t\t<!-- title-->\n\t\t\t\t<h5 class=\"clean_heading\"><a href=\"https:\/\/www.chinesegenset.com\/fr\/product\/500kw-1000rpm-medium-speed-jdec-natural-gas-generator-set-from-china\/\" title=\"Groupe \u00e9lectrog\u00e8ne \u00e0 gaz naturel 500kw 1000rpm vitesse moyenne JDEC de Chine\" rel=\"bookmark\">Groupe \u00e9lectrog\u00e8ne \u00e0 gaz naturel 500kw 1000rpm vitesse moyenne JDEC de Chine<\/a><\/h5>\n\t\t\t\t\n\t\t\t\t<!-- text-->\n\t\t\t\t<p>Groupe \u00e9lectrog\u00e8ne 500kw 1000rpm \u00e0 vitesse moyenne JDEC gaz naturel de Chine, il peut \u00eatre refroidi soit par une tour de refroidissement externe soit par un r\u00e9servoir d'eau de refroidissement int\u00e9gr\u00e9, adapt\u00e9 \u00e0 une utilisation industrielle continue.<\/p>\n\t\t\t\t<div class=\"product_info_footer clearfix\">\n\t\t\t<!-- product price -->\n\t\t\t<p class=\"price icon-\">\t\n\t\t\t\t<del><span class=\"amount\">$90<\/span><\/del> <ins><span class=\"amount\">$75<\/span><\/ins>\n\t\t\t<\/p> \n\t\t<div class=\"action_buttons\"><a href=\"https:\/\/www.chinesegenset.com\/fr\/product\/500kw-1000rpm-medium-speed-jdec-natural-gas-generator-set-from-china\/\" title=\"Groupe \u00e9lectrog\u00e8ne \u00e0 gaz naturel 500kw 1000rpm vitesse moyenne JDEC de Chine\" class=\"details icon-angle-right\">D\u00e9tails<\/a><\/div><\/div> \t\t\n\n\t\t<\/div>\n\t\t\n\n\t\n<\/div><\/div>\n<div class=\"col product_item_holder col-sm-4  jdec-natural-gas-generator\">\n\n<div class=\"product_item_holder\">\n\n\t\t\t<div class=\"featured_image\"> \n\t\t\t<!-- product image -->\n\t\t\t<div class=\"featured_image\"> \n\t\t\t\t<a href=\"https:\/\/www.chinesegenset.com\/fr\/product\/1000kw-1mw-jdec-natural-gas-generator-1500-rpm-12-cylinders-engine\/\" title=\"G\u00e9n\u00e9rateur de gaz naturel 1000kw 1MW JDEC 1500 rpm 12 cylindres\" rel=\"bookmark\" class=\"imgeffect link\"><img decoding=\"async\" src=\"https:\/\/www.chinesegenset.com\/wp-content\/uploads\/2017\/10\/1000kw-1MW-JDEC-natural-gas-generator-1500-rpm-12-cylinders-engine-480x334.jpg\" alt=\"G\u00e9n\u00e9rateur de gaz naturel 1000kw 1MW JDEC 1500 rpm 12 cylindres\" class=\"\" \/><\/a> \n\t\t\t<\/div> \n\t\t<\/div> \n\t\n\n\t\n\t\t\t\t\t\t\n\t\t<div class=\"product_info\">\n\n\t\t\t\t\t\t\t\t<!-- title-->\n\t\t\t\t<h5 class=\"clean_heading\"><a href=\"https:\/\/www.chinesegenset.com\/fr\/product\/1000kw-1mw-jdec-natural-gas-generator-1500-rpm-12-cylinders-engine\/\" title=\"G\u00e9n\u00e9rateur de gaz naturel 1000kw 1MW JDEC 1500 rpm 12 cylindres\" rel=\"bookmark\">G\u00e9n\u00e9rateur de gaz naturel 1000kw 1MW JDEC 1500 rpm 12 cylindres<\/a><\/h5>\n\t\t\t\t\n\t\t\t\t<!-- text-->\n\t\t\t\t<p>Groupe \u00e9lectrog\u00e8ne au gaz naturel 1000kw 1MW JDEC avec moteur \u00e0 gaz naturel 12 cylindres 1500 rpm, coupl\u00e9 \u00e0 un alternateur Stamford de Cummins China Generator Technology.<\/p>\n\t\t\t\t<div class=\"product_info_footer clearfix\">\n\t\t\t<!-- product price -->\n\t\t\t<p class=\"price icon-\">\t\n\t\t\t\t<del><span class=\"amount\">$90<\/span><\/del> <ins><span class=\"amount\">$75<\/span><\/ins>\n\t\t\t<\/p> \n\t\t<div class=\"action_buttons\"><a href=\"https:\/\/www.chinesegenset.com\/fr\/product\/1000kw-1mw-jdec-natural-gas-generator-1500-rpm-12-cylinders-engine\/\" title=\"G\u00e9n\u00e9rateur de gaz naturel 1000kw 1MW JDEC 1500 rpm 12 cylindres\" class=\"details icon-angle-right\">D\u00e9tails<\/a><\/div><\/div> \t\t\n\n\t\t<\/div>\n\t\t\n\n\t\n<\/div><\/div>\n<\/div>\n<div class=\"row clearfix\">\n<div class=\"col product_item_holder col-sm-4  jdec-natural-gas-generator\">\n\n<div class=\"product_item_holder\">\n\n\t\t\t<div class=\"featured_image\"> \n\t\t\t<!-- product image -->\n\t\t\t<div class=\"featured_image\"> \n\t\t\t\t<a href=\"https:\/\/www.chinesegenset.com\/fr\/product\/700kw-natural-gas-generator-set-from-jinan-diesel-engine-corporation\/\" title=\"Groupe \u00e9lectrog\u00e8ne de 700 kW au gaz naturel de Jinan Diesel Engine Corporation\" rel=\"bookmark\" class=\"imgeffect link\"><img decoding=\"async\" src=\"https:\/\/www.chinesegenset.com\/wp-content\/uploads\/2017\/10\/700kw-natural-gas-generator-set-from-Jinan-Diesel-Engine-Corporation-480x334.jpg\" alt=\"Groupe \u00e9lectrog\u00e8ne de 700 kW au gaz naturel de Jinan Diesel Engine Corporation\" class=\"\" \/><\/a> \n\t\t\t<\/div> \n\t\t<\/div> \n\t\n\n\t\n\t\t\t\t\t\t\n\t\t<div class=\"product_info\">\n\n\t\t\t\t\t\t\t\t<!-- title-->\n\t\t\t\t<h5 class=\"clean_heading\"><a href=\"https:\/\/www.chinesegenset.com\/fr\/product\/700kw-natural-gas-generator-set-from-jinan-diesel-engine-corporation\/\" title=\"Groupe \u00e9lectrog\u00e8ne de 700 kW au gaz naturel de Jinan Diesel Engine Corporation\" rel=\"bookmark\">Groupe \u00e9lectrog\u00e8ne de 700 kW au gaz naturel de Jinan Diesel Engine Corporation<\/a><\/h5>\n\t\t\t\t\n\t\t\t\t<!-- text-->\n\t\t\t\t<p>Groupe \u00e9lectrog\u00e8ne de 700 kW au gaz naturel de Jinan Diesel Engine Corporation, \u00e9quip\u00e9 d'un moteur \u00e0 gaz naturel 12 cylindres v line 12V190ZLDK et d'un alternateur de technologie Simens.<\/p>\n\t\t\t\t<div class=\"product_info_footer clearfix\">\n\t\t\t<!-- product price -->\n\t\t\t<p class=\"price icon-\">\t\n\t\t\t\t<del><span class=\"amount\">$90<\/span><\/del> <ins><span class=\"amount\">$75<\/span><\/ins>\n\t\t\t<\/p> \n\t\t<div class=\"action_buttons\"><a href=\"https:\/\/www.chinesegenset.com\/fr\/product\/700kw-natural-gas-generator-set-from-jinan-diesel-engine-corporation\/\" title=\"Groupe \u00e9lectrog\u00e8ne de 700 kW au gaz naturel de Jinan Diesel Engine Corporation\" class=\"details icon-angle-right\">D\u00e9tails<\/a><\/div><\/div> \t\t\n\n\t\t<\/div>\n\t\t\n\n\t\n<\/div><\/div>\n<div class=\"col product_item_holder col-sm-4  man-natural-gas-generator\">\n\n<div class=\"product_item_holder\">\n\n\t\t\t<div class=\"featured_image\"> \n\t\t\t<!-- product image -->\n\t\t\t<div class=\"featured_image\"> \n\t\t\t\t<a href=\"https:\/\/www.chinesegenset.com\/fr\/product\/500kw-625kva-man-chp-natural-gas-generator-set\/\" title=\"G\u00e9n\u00e9rateur MAN CHP 500kw 625kva au gaz naturel fonctionnant \u00e9galement au gaz de houille\" rel=\"bookmark\" class=\"imgeffect link\"><img decoding=\"async\" src=\"https:\/\/www.chinesegenset.com\/wp-content\/uploads\/2017\/08\/500kw-625kva-MAN-CHP-natural-gas-generator-also-run-on-coal-bed-gas-480x334.jpg\" alt=\"G\u00e9n\u00e9rateur MAN CHP 500kw 625kva au gaz naturel fonctionnant \u00e9galement au gaz de houille\" class=\"\" \/><\/a> \n\t\t\t<\/div> \n\t\t<\/div> \n\t\n\n\t\n\t\t\t\t\t\t\n\t\t<div class=\"product_info\">\n\n\t\t\t\t\t\t\t\t<!-- title-->\n\t\t\t\t<h5 class=\"clean_heading\"><a href=\"https:\/\/www.chinesegenset.com\/fr\/product\/500kw-625kva-man-chp-natural-gas-generator-set\/\" title=\"G\u00e9n\u00e9rateur MAN CHP 500kw 625kva au gaz naturel fonctionnant \u00e9galement au gaz de houille\" rel=\"bookmark\">G\u00e9n\u00e9rateur MAN CHP 500kw 625kva au gaz naturel fonctionnant \u00e9galement au gaz de houille<\/a><\/h5>\n\t\t\t\t\n\t\t\t\t<!-- text-->\n\t\t\t\t<p>G\u00e9n\u00e9rateur de gaz naturel durable 500kw 625kva MAN CHP fonctionnant \u00e9galement au gaz de lit de charbon de l'usine chinoise OEM, fonctionnant au gaz naturel, au gaz de lit de charbon, au gaz de mine de charbon, au gaz de marais et \u00e0 d'autres gaz m\u00e9thaniques, 8000 heures de fonctionnement continu.<\/p>\n\t\t\t\t<div class=\"product_info_footer clearfix\">\n\t\t\t<!-- product price -->\n\t\t\t<p class=\"price icon-\">\t\n\t\t\t\t<del><span class=\"amount\">$90<\/span><\/del> <ins><span class=\"amount\">$75<\/span><\/ins>\n\t\t\t<\/p> \n\t\t<div class=\"action_buttons\"><a href=\"https:\/\/www.chinesegenset.com\/fr\/product\/500kw-625kva-man-chp-natural-gas-generator-set\/\" title=\"G\u00e9n\u00e9rateur MAN CHP 500kw 625kva au gaz naturel fonctionnant \u00e9galement au gaz de houille\" class=\"details icon-angle-right\">D\u00e9tails<\/a><\/div><\/div> \t\t\n\n\t\t<\/div>\n\t\t\n\n\t\n<\/div><\/div>\n<div class=\"col product_item_holder col-sm-4  man-natural-gas-generator\">\n\n<div class=\"product_item_holder\">\n\n\t\t\t<div class=\"featured_image\"> \n\t\t\t<!-- product image -->\n\t\t\t<div class=\"featured_image\"> \n\t\t\t\t<a href=\"https:\/\/www.chinesegenset.com\/fr\/product\/400kw-500kva-original-man-sewage-gas-power-plant-generator-set\/\" title=\"400kw 500kva original MAN sewage gas power plant generator set\" rel=\"bookmark\" class=\"imgeffect link\"><img decoding=\"async\" src=\"https:\/\/www.chinesegenset.com\/wp-content\/uploads\/2017\/08\/400kw-500kva-original-MAN-sewage-gas-power-plant-generator-set-480x334.jpg\" alt=\"400kw 500kva original MAN sewage gas power plant generator set\" class=\"\" \/><\/a> \n\t\t\t<\/div> \n\t\t<\/div> \n\t\n\n\t\n\t\t\t\t\t\t\n\t\t<div class=\"product_info\">\n\n\t\t\t\t\t\t\t\t<!-- title-->\n\t\t\t\t<h5 class=\"clean_heading\"><a href=\"https:\/\/www.chinesegenset.com\/fr\/product\/400kw-500kva-original-man-sewage-gas-power-plant-generator-set\/\" title=\"400kw 500kva original MAN sewage gas power plant generator set\" rel=\"bookmark\">400kw 500kva original MAN sewage gas power plant generator set<\/a><\/h5>\n\t\t\t\t\n\t\t\t\t<!-- text-->\n\t\t\t\t<p>Groupe \u00e9lectrog\u00e8ne \u00e0 combustion lente 400kw 500kva original MAN pour centrale \u00e9lectrique \u00e0 gaz d'\u00e9gout de l'usine OEM de Chine, adapt\u00e9 \u00e0 la station d'\u00e9puration municipale, cr\u00e9ant une valeur \u00e9conomique suppl\u00e9mentaire et \u00e9cologique.<\/p>\n\t\t\t\t<div class=\"product_info_footer clearfix\">\n\t\t\t<!-- product price -->\n\t\t\t<p class=\"price icon-\">\t\n\t\t\t\t<del><span class=\"amount\">$90<\/span><\/del> <ins><span class=\"amount\">$75<\/span><\/ins>\n\t\t\t<\/p> \n\t\t<div class=\"action_buttons\"><a href=\"https:\/\/www.chinesegenset.com\/fr\/product\/400kw-500kva-original-man-sewage-gas-power-plant-generator-set\/\" title=\"400kw 500kva original MAN sewage gas power plant generator set\" class=\"details icon-angle-right\">D\u00e9tails<\/a><\/div><\/div> \t\t\n\n\t\t<\/div>\n\t\t\n\n\t\n<\/div><\/div>\n<\/div>\n<div class=\"row clearfix\">\n<div class=\"col product_item_holder col-sm-4  man-natural-gas-generator\">\n\n<div class=\"product_item_holder\">\n\n\t\t\t<div class=\"featured_image\"> \n\t\t\t<!-- product image -->\n\t\t\t<div class=\"featured_image\"> \n\t\t\t\t<a href=\"https:\/\/www.chinesegenset.com\/fr\/product\/245kw-306kva-man-gas-engine-powered-electric-generator-on-sale\/\" title=\"G\u00e9n\u00e9rateur \u00e9lectrique 245kw 306kva MAN \u00e0 moteur \u00e0 gaz en vente\" rel=\"bookmark\" class=\"imgeffect link\"><img decoding=\"async\" src=\"https:\/\/www.chinesegenset.com\/wp-content\/uploads\/2017\/08\/245kw-306kva-MAN-gas-engine-powered-electric-generator-on-sale-480x334.jpg\" alt=\"G\u00e9n\u00e9rateur \u00e9lectrique 245kw 306kva MAN \u00e0 moteur \u00e0 gaz en vente\" class=\"\" \/><\/a> \n\t\t\t<\/div> \n\t\t<\/div> \n\t\n\n\t\n\t\t\t\t\t\t\n\t\t<div class=\"product_info\">\n\n\t\t\t\t\t\t\t\t<!-- title-->\n\t\t\t\t<h5 class=\"clean_heading\"><a href=\"https:\/\/www.chinesegenset.com\/fr\/product\/245kw-306kva-man-gas-engine-powered-electric-generator-on-sale\/\" title=\"G\u00e9n\u00e9rateur \u00e9lectrique 245kw 306kva MAN \u00e0 moteur \u00e0 gaz en vente\" rel=\"bookmark\">G\u00e9n\u00e9rateur \u00e9lectrique 245kw 306kva MAN \u00e0 moteur \u00e0 gaz en vente<\/a><\/h5>\n\t\t\t\t\n\t\t\t\t<!-- text-->\n\t\t\t\t<p>G\u00e9n\u00e9rateur \u00e9lectrique de 245kw 306kva aliment\u00e9 par le moteur \u00e0 gaz MAN du fabricant chinois OEM, fonctionnant au gaz naturel, au m\u00e9thane, au GNC, au GNL, adapt\u00e9 \u00e0 une utilisation principale.<\/p>\n\t\t\t\t<div class=\"product_info_footer clearfix\">\n\t\t\t<!-- product price -->\n\t\t\t<p class=\"price icon-\">\t\n\t\t\t\t<del><span class=\"amount\">$90<\/span><\/del> <ins><span class=\"amount\">$75<\/span><\/ins>\n\t\t\t<\/p> \n\t\t<div class=\"action_buttons\"><a href=\"https:\/\/www.chinesegenset.com\/fr\/product\/245kw-306kva-man-gas-engine-powered-electric-generator-on-sale\/\" title=\"G\u00e9n\u00e9rateur \u00e9lectrique 245kw 306kva MAN \u00e0 moteur \u00e0 gaz en vente\" class=\"details icon-angle-right\">D\u00e9tails<\/a><\/div><\/div> \t\t\n\n\t\t<\/div>\n\t\t\n\n\t\n<\/div><\/div>\n<div class=\"col product_item_holder col-sm-4  man-natural-gas-generator\">\n\n<div class=\"product_item_holder\">\n\n\t\t\t<div class=\"featured_image\"> \n\t\t\t<!-- product image -->\n\t\t\t<div class=\"featured_image\"> \n\t\t\t\t<a href=\"https:\/\/www.chinesegenset.com\/fr\/product\/230kw-288kva-man-turbine-moteur-methane-gaz-de-schiste-groupe-electrogene\/\" title=\"Groupe \u00e9lectrog\u00e8ne 230kw 288kva \u00e0 turbine MAN pour gaz de schiste m\u00e9thane\" rel=\"bookmark\" class=\"imgeffect link\"><img decoding=\"async\" src=\"https:\/\/www.chinesegenset.com\/wp-content\/uploads\/2017\/08\/230kw-288kva-MAN-turbine-engine-methane-shale-gas-generator-set-480x334.jpg\" alt=\"Groupe \u00e9lectrog\u00e8ne 230kw 288kva \u00e0 turbine MAN pour gaz de schiste m\u00e9thane\" class=\"\" \/><\/a> \n\t\t\t<\/div> \n\t\t<\/div> \n\t\n\n\t\n\t\t\t\t\t\t\n\t\t<div class=\"product_info\">\n\n\t\t\t\t\t\t\t\t<!-- title-->\n\t\t\t\t<h5 class=\"clean_heading\"><a href=\"https:\/\/www.chinesegenset.com\/fr\/product\/230kw-288kva-man-turbine-moteur-methane-gaz-de-schiste-groupe-electrogene\/\" title=\"Groupe \u00e9lectrog\u00e8ne 230kw 288kva \u00e0 turbine MAN pour gaz de schiste m\u00e9thane\" rel=\"bookmark\">Groupe \u00e9lectrog\u00e8ne 230kw 288kva \u00e0 turbine MAN pour gaz de schiste m\u00e9thane<\/a><\/h5>\n\t\t\t\t\n\t\t\t\t<!-- text-->\n\t\t\t\t<p>Groupe \u00e9lectrog\u00e8ne 230kw 288kva \u00e0 turbine MAN pour gaz de schiste et m\u00e9thane de fabricant OEM chinois, aliment\u00e9 par du gaz naturel, du m\u00e9thane ou du gaz de schiste ; fiable et adapt\u00e9 \u00e0 un fonctionnement continu.<\/p>\n\t\t\t\t<div class=\"product_info_footer clearfix\">\n\t\t\t<!-- product price -->\n\t\t\t<p class=\"price icon-\">\t\n\t\t\t\t<del><span class=\"amount\">$90<\/span><\/del> <ins><span class=\"amount\">$75<\/span><\/ins>\n\t\t\t<\/p> \n\t\t<div class=\"action_buttons\"><a href=\"https:\/\/www.chinesegenset.com\/fr\/product\/230kw-288kva-man-turbine-moteur-methane-gaz-de-schiste-groupe-electrogene\/\" title=\"Groupe \u00e9lectrog\u00e8ne 230kw 288kva \u00e0 turbine MAN pour gaz de schiste m\u00e9thane\" class=\"details icon-angle-right\">D\u00e9tails<\/a><\/div><\/div> \t\t\n\n\t\t<\/div>\n\t\t\n\n\t\n<\/div><\/div>\n<div class=\"col product_item_holder col-sm-4  man-natural-gas-generator\">\n\n<div class=\"product_item_holder\">\n\n\t\t\t<div class=\"featured_image\"> \n\t\t\t<!-- product image -->\n\t\t\t<div class=\"featured_image\"> \n\t\t\t\t<a href=\"https:\/\/www.chinesegenset.com\/fr\/product\/190kw-237-5kva-man-natural-gas-cng-lng-power-genset-for-industrial-applications\/\" title=\"Groupe \u00e9lectrog\u00e8ne MAN 190kw 237,5kva au gaz naturel GNC GNL pour applications industrielles\" rel=\"bookmark\" class=\"imgeffect link\"><img decoding=\"async\" src=\"https:\/\/www.chinesegenset.com\/wp-content\/uploads\/2017\/08\/190kw-237.5kva-MAN-natural-gas-CNG-LNG-power-genset-for-industrial-applications-480x334.jpg\" alt=\"Groupe \u00e9lectrog\u00e8ne MAN 190kw 237,5kva au gaz naturel GNC GNL pour applications industrielles\" class=\"\" \/><\/a> \n\t\t\t<\/div> \n\t\t<\/div> \n\t\n\n\t\n\t\t\t\t\t\t\n\t\t<div class=\"product_info\">\n\n\t\t\t\t\t\t\t\t<!-- title-->\n\t\t\t\t<h5 class=\"clean_heading\"><a href=\"https:\/\/www.chinesegenset.com\/fr\/product\/190kw-237-5kva-man-natural-gas-cng-lng-power-genset-for-industrial-applications\/\" title=\"Groupe \u00e9lectrog\u00e8ne MAN 190kw 237,5kva au gaz naturel GNC GNL pour applications industrielles\" rel=\"bookmark\">Groupe \u00e9lectrog\u00e8ne MAN 190kw 237,5kva au gaz naturel GNC GNL pour applications industrielles<\/a><\/h5>\n\t\t\t\t\n\t\t\t\t<!-- text-->\n\t\t\t\t<p>2017 190kw 237.5kva MAN groupe \u00e9lectrog\u00e8ne au gaz naturel CNG LNG pour applications industrielles de Chine, fonctionne en continu, convient pour station de communication, champ p\u00e9trolier, bateau, banque, a\u00e9roport et autres applications industrielles.<\/p>\n\t\t\t\t<div class=\"product_info_footer clearfix\">\n\t\t\t<!-- product price -->\n\t\t\t<p class=\"price icon-\">\t\n\t\t\t\t<del><span class=\"amount\">$90<\/span><\/del> <ins><span class=\"amount\">$75<\/span><\/ins>\n\t\t\t<\/p> \n\t\t<div class=\"action_buttons\"><a href=\"https:\/\/www.chinesegenset.com\/fr\/product\/190kw-237-5kva-man-natural-gas-cng-lng-power-genset-for-industrial-applications\/\" title=\"Groupe \u00e9lectrog\u00e8ne MAN 190kw 237,5kva au gaz naturel GNC GNL pour applications industrielles\" class=\"details icon-angle-right\">D\u00e9tails<\/a><\/div><\/div> \t\t\n\n\t\t<\/div>\n\t\t\n\n\t\n<\/div><\/div>\n<\/div>\n<div class=\"row clearfix\">\n<div class=\"col product_item_holder col-sm-4  man-natural-gas-generator\">\n\n<div class=\"product_item_holder\">\n\n\t\t\t<div class=\"featured_image\"> \n\t\t\t<!-- product image -->\n\t\t\t<div class=\"featured_image\"> \n\t\t\t\t<a href=\"https:\/\/www.chinesegenset.com\/fr\/product\/135kw-man-gas-turbine-generator-set-50hz-400v-8000-hours-continuous\/\" title=\"Groupe \u00e9lectrog\u00e8ne \u00e0 turbine \u00e0 gaz MAN 135kw 50HZ 400V 8000 heures continues\" rel=\"bookmark\" class=\"imgeffect link\"><img decoding=\"async\" src=\"https:\/\/www.chinesegenset.com\/wp-content\/uploads\/2017\/08\/135kw-MAN-gas-turbine-generator-set-50HZ-400V-8000-hours-continuous-480x334.jpg\" alt=\"Groupe \u00e9lectrog\u00e8ne \u00e0 turbine \u00e0 gaz MAN 135kw 50HZ 400V 8000 heures continues\" class=\"\" \/><\/a> \n\t\t\t<\/div> \n\t\t<\/div> \n\t\n\n\t\n\t\t\t\t\t\t\n\t\t<div class=\"product_info\">\n\n\t\t\t\t\t\t\t\t<!-- title-->\n\t\t\t\t<h5 class=\"clean_heading\"><a href=\"https:\/\/www.chinesegenset.com\/fr\/product\/135kw-man-gas-turbine-generator-set-50hz-400v-8000-hours-continuous\/\" title=\"Groupe \u00e9lectrog\u00e8ne \u00e0 turbine \u00e0 gaz MAN 135kw 50HZ 400V 8000 heures continues\" rel=\"bookmark\">Groupe \u00e9lectrog\u00e8ne \u00e0 turbine \u00e0 gaz MAN 135kw 50HZ 400V 8000 heures continues<\/a><\/h5>\n\t\t\t\t\n\t\t\t\t<!-- text-->\n\t\t\t\t<p>Groupe \u00e9lectrog\u00e8ne \u00e0 turbine \u00e0 gaz MAN super silencieux de 135kw 50HZ 400V avec 8000 heures de fonctionnement continu du fabricant OEM, adapt\u00e9 \u00e0 l'utilisation principale, pour les banques, les immeubles de bureaux, les a\u00e9roports, les ports maritimes, etc.<\/p>\n\t\t\t\t<div class=\"product_info_footer clearfix\">\n\t\t\t<!-- product price -->\n\t\t\t<p class=\"price icon-\">\t\n\t\t\t\t<del><span class=\"amount\">$90<\/span><\/del> <ins><span class=\"amount\">$75<\/span><\/ins>\n\t\t\t<\/p> \n\t\t<div class=\"action_buttons\"><a href=\"https:\/\/www.chinesegenset.com\/fr\/product\/135kw-man-gas-turbine-generator-set-50hz-400v-8000-hours-continuous\/\" title=\"Groupe \u00e9lectrog\u00e8ne \u00e0 turbine \u00e0 gaz MAN 135kw 50HZ 400V 8000 heures continues\" class=\"details icon-angle-right\">D\u00e9tails<\/a><\/div><\/div> \t\t\n\n\t\t<\/div>\n\t\t\n\n\t\n<\/div><\/div>\n<\/div>\n<\/div>\n<div class=\"paging_wrapper margin-t30 margin-b30\"><ul class='page-numbers'>\n\t<li><span aria-current=\"page\" class=\"page-numbers current\">1<\/span><\/li>\n\t<li><a class=\"page-numbers\" href=\"https:\/\/www.chinesegenset.com\/fr\/wp-json\/wp\/v2\/pages\/4389\/page\/2\/\">2<\/a><\/li>\n\t<li><a class=\"page-numbers\" href=\"https:\/\/www.chinesegenset.com\/fr\/wp-json\/wp\/v2\/pages\/4389\/page\/3\/\">3<\/a><\/li>\n\t<li><a class=\"next page-numbers\" href=\"https:\/\/www.chinesegenset.com\/fr\/wp-json\/wp\/v2\/pages\/4389\/page\/2\/\"><span class=\"icon-angle-right\"><\/span><\/a><\/li>\n<\/ul>\n<\/div>\n\t<div class=\"wpb_text_column wpb_content_element  vc_custom_1645712212573\" >\n\t\t<div class=\"wpb_wrapper\">\n\t\t\t<h3>Titre personnalis\u00e9<\/h3>\n<p>Je suis un bloc de texte. Cliquez sur le bouton d'\u00e9dition pour modifier ce texte. Lorem ipsum dolor sit amet, consectetur adipiscing elit. Ut elit tellus, luctus nec ullamcorper mattis, pulvinar dapibus leo.<\/p>\n\n\t\t<\/div>\n\t<\/div>\n\n\t\t<\/div>\n\t<\/div>\n\n<\/div>\n<\/div>","protected":false},"excerpt":{"rendered":"1. Groupe \u00e9lectrog\u00e8ne \u00e0 turbine \u00e0 gaz MAN 135kw 50HZ 400V avec 8000 heures de fonctionnement continu Caract\u00e9ristiques techniques g\u00e9n\u00e9rales : Mod\u00e8le de groupe 135GT-MT Puissance nominale 135KW \/ 168.75KVA Vitesse nominale\/ Fr\u00e9quence nominale 1500 rpm \/50Hz Tension nominale 400\/230V Facteur de puissance 0.8 Phase\/Fil 3Phase\/4Fil Courant nominal (A) 243 Type de gaz Gaz naturel Dimensions hors tout (mm) 2650x1100x1550 Poids (kg) 1870 Mod\u00e8le de moteur MAN E2876E312 Mode d'admission d'air Turbo intercooled Mode de refroidissement Refroidissement ferm\u00e9 [...]","protected":false},"author":1,"featured_media":0,"parent":0,"menu_order":0,"comment_status":"closed","ping_status":"closed","template":"","meta":{"footnotes":""},"class_list":["post-4389","page","type-page","status-publish","hentry"],"aioseo_notices":[],"_links":{"self":[{"href":"https:\/\/www.chinesegenset.com\/fr\/wp-json\/wp\/v2\/pages\/4389","targetHints":{"allow":["GET"]}}],"collection":[{"href":"https:\/\/www.chinesegenset.com\/fr\/wp-json\/wp\/v2\/pages"}],"about":[{"href":"https:\/\/www.chinesegenset.com\/fr\/wp-json\/wp\/v2\/types\/page"}],"author":[{"embeddable":true,"href":"https:\/\/www.chinesegenset.com\/fr\/wp-json\/wp\/v2\/users\/1"}],"replies":[{"embeddable":true,"href":"https:\/\/www.chinesegenset.com\/fr\/wp-json\/wp\/v2\/comments?post=4389"}],"version-history":[{"count":7,"href":"https:\/\/www.chinesegenset.com\/fr\/wp-json\/wp\/v2\/pages\/4389\/revisions"}],"predecessor-version":[{"id":4396,"href":"https:\/\/www.chinesegenset.com\/fr\/wp-json\/wp\/v2\/pages\/4389\/revisions\/4396"}],"wp:attachment":[{"href":"https:\/\/www.chinesegenset.com\/fr\/wp-json\/wp\/v2\/media?parent=4389"}],"curies":[{"name":"wp","href":"https:\/\/api.w.org\/{rel}","templated":true}]}}