{"id":9,"date":"2015-02-02T04:30:57","date_gmt":"2015-02-02T04:30:57","guid":{"rendered":"http:\/\/rttheme19.rtthemes.com\/?page_id=9"},"modified":"2023-03-03T15:10:16","modified_gmt":"2023-03-03T15:10:16","slug":"about-us","status":"publish","type":"page","link":"https:\/\/www.chinesegenset.com\/fi\/about-us\/","title":{"rendered":"Tietoa meist\u00e4"},"content":{"rendered":"<div  class=\"content_row row vc_row wpb_row vc_row-fluid default-style fullwidth\" >\n\t\n\t<div class=\"content_row_wrapper  default\" style=\"padding-top:100px;padding-bottom:140px;\">\n\t<div class=\"vc_col-sm-12 wpb_column vc_column_container\" >\n\t\t<div class=\"wpb_wrapper\">\n\t\t\t<div class=\"rt_heading_wrapper style-4\">\n\t\t\t\t\t\t\n\t\t\t\t\t\t<h1 class=\"rt_heading  style-4\" >MEIST\u00c4<\/h1>\n\t\t\t\t\t<\/div>\n\n\t\t<\/div>\n\t<\/div>\n\n<\/div>\n<\/div>\n\n<div  class=\"content_row row vc_row wpb_row vc_row-fluid default-style fullwidth border-bottom\" >\n\t\n\t<div class=\"content_row_wrapper  default\" ><p>Shenzhen Gosun Industry Co., Ltd sijaitsee Shenzheniss\u00e4, Kiinassa, joka on erikoistunut tutkimaan, kehitt\u00e4m\u00e4\u00e4n, markkinoimaan ja palvelemaan cummins-kaasumoottorin generaattoreita, mukaan lukien maakaasugeneraattori, biokaasumoottorigeneraattori, biomassakaasugeneraattori, puukaasugeneraattori, tuottajan kaasugeneraattori, synkaasugeneraattori, maant\u00e4ytt\u00f6kaasugeneraattori, kivihiilikaasugeneraattorisarja, nestekaasugeneraattori, propaanigeneraattorisarja jne. Voimme my\u00f6s valmistaa cummins-tuotemerkin dieselgeneraattoria ja muita kaasu- ja dieselmoottorigeneraattoreita.<\/p>\n<p>Kaasugeneraattorimme tehoalue kattaa 20 kw: sta 1200 kw: iin, 500RPM: st\u00e4 1800RPM: iin, polttoaineena maakaasu, biokaasu, biomassakaasu, tuottajan puukaasu, synkaasu ja muu syttyv\u00e4 kaasu, jonka alhainen l\u00e4mp\u00f6arvo on yli 4,2MJ \/ m3. Hyv\u00e4ksymme maailmanluokan kaasumoottoriteknologian, tuotemerkin moottorin ja vaihtovirtageneraattorin, sytytysj\u00e4rjestelm\u00e4n, nopeuden s\u00e4\u00e4t\u00f6j\u00e4rjestelm\u00e4n, kaasun ilmaseoksen, ohjauspaneelin jne.; Meill\u00e4 on innovatiivinen kokenut suunnittelija kaasumoottorialueella; suoritamme tiukasti laatuj\u00e4rjestelm\u00e4n ja eritt\u00e4in arvokkaan tuotteen laadun; kaikki n\u00e4m\u00e4 tekev\u00e4t erinomaisen generaattorin suorituskyvyn.<\/p>\n<p>Valmistamme p\u00e4\u00e4asiassa kaasugeneraattoreita, joissa on Cummins-, Deutz-, MWM-, MTU-, Ricardo-, JDEC Chidong-, Zichai-merkkinen alkuper\u00e4inen kaasumoottori tai muunnettu dieselmoottori.<\/p>\n<p>Kaasugeneraattoria voidaan k\u00e4ytt\u00e4\u00e4 jatkuvasti pankissa, tehtaissa, kiinteist\u00f6iss\u00e4, lentosatamissa, hotelleissa, moottoriteill\u00e4, merisatamissa, tietojenvaihtokeskuksissa, televiestinn\u00e4ss\u00e4 jne. \u00d6ljypulan ja erilaisten ymp\u00e4rist\u00f6ongelmien vuoksi kaasugeneraattorin k\u00e4ytt\u00f6 on t\u00e4ydellinen tapa v\u00e4hent\u00e4\u00e4 hiilidioksidip\u00e4\u00e4st\u00f6j\u00e4 ja varmistaa riitt\u00e4v\u00e4 s\u00e4hk\u00f6nsaanti taloudellisesti ja tehokkaasti.<\/p>\n<p>Voimme my\u00f6s auttaa j\u00e4lleenrakentamaan dieselmoottorigeneraattorin kaasumoottorigeneraattoriksi, asiakkaan tulisi l\u00e4hett\u00e4\u00e4 dieselgeneraattori tehtaallemme ja maksaa meille joitakin ty\u00f6voimakustannuksia ja teknisi\u00e4 konsultointikustannuksia.<\/p>\n<p>Ammattimaisena kaasugeneraattorivalmistajana valmistamme my\u00f6s cummins-tuotemerkin dieselgeneraattoria ja muita tuotemerkin dieselmoottorigeneraattoreita asiakkaan pyynn\u00f6st\u00e4.<\/p>\n<p>\"\u00c4l\u00e4 koskaan satuta yst\u00e4v\u00e4\u00e4si !\" on periaatteemme, haluamme vilpitt\u00f6m\u00e4sti luoda vakaan liikesuhteen ja hyv\u00e4n yst\u00e4vyyden ammattimaisen generaattorij\u00e4lleenmyyj\u00e4n kanssa kaikkialla maailmassa. Toivotamme sinut vilpitt\u00f6m\u00e4sti tervetulleeksi liittym\u00e4\u00e4n maailmanlaajuiseen jakeluverkostoomme.<\/p>\n\n\t<div class=\"vc_col-sm-12 wpb_column vc_column_container\" >\n\t\t<div class=\"wpb_wrapper\">\n\t\t\t<div class=\"rt_heading_wrapper style-4\">\n\t\t\t\t\t\t<span class=\"punchline\">Virstanpylv\u00e4\u00e4t<\/span>\n\t\t\t\t\t\t<h4 class=\"rt_heading  with_punchline style-4\" >Yrityksemme lyhyt historia<\/h4>\n\t\t\t\t\t<\/div>\t \n\t\t<section  class=\"timeline\">\n\t\t\t \n\t\t<div  >\n\t\t\t \n\t\t<span class=\"event-date\">\n\t\t\t<span class=\"day\"><\/span>\n\t\t\t<span class=\"month\">Maaliskuu, <\/span>\n\t\t\t<span class=\"year\">2017<\/span>\n\t\t<\/span>\n\t<div class=\"event-details\"><p>T\u00e4ydellisen biomassakaasuttimen voimantuotannon pilottihankkeen perustaminen Dongguaniin, Kiinaan.<\/p>\n<\/div>\n\t\t<\/div>\n\t\t \n\t\t<div  >\n\t\t\t \n\t\t<span class=\"event-date\">\n\t\t\t<span class=\"day\"><\/span>\n\t\t\t<span class=\"month\">Syyskuussa, <\/span>\n\t\t\t<span class=\"year\">2016<\/span>\n\t\t<\/span>\n\t<div class=\"event-details\"><p>Suunnittelu ja tuotanto ensimm\u00e4inen biokaasugeneraattori Nigerian markkinoille.<\/p>\n<\/div>\n\t\t<\/div>\n\t\t \n\t\t<div  >\n\t\t\t \n\t\t<span class=\"event-date\">\n\t\t\t<span class=\"day\"><\/span>\n\t\t\t<span class=\"month\">Maaliskuu, <\/span>\n\t\t\t<span class=\"year\">2016<\/span>\n\t\t<\/span>\n\t<div class=\"event-details\"><p>Suunnittelemme ja valmistamme nestekaasugeneraattoreita viiden t\u00e4hden hotelleille Macaossa, koska niill\u00e4 on tiukka \u00f6ljyvuotok\u00e4yt\u00e4nt\u00f6.<\/p>\n<\/div>\n\t\t<\/div>\n\t\t \n\t\t<div  >\n\t\t\t \n\t\t<span class=\"event-date\">\n\t\t\t<span class=\"day\"><\/span>\n\t\t\t<span class=\"month\">Kes\u00e4kuu, <\/span>\n\t\t\t<span class=\"year\">2015<\/span>\n\t\t<\/span>\n\t<div class=\"event-details\"><p>Suunnittelu ja tuotanto 2 sarjaa cummins 4BTAA3.9 -kaasumoottorista nestekaasugeneraattoria Kanadan markkinoille asiakkaan nestekaasun koostumuksen mukaan.<\/p>\n<\/div>\n\t\t<\/div>\n\t\t \n\t\t<div  >\n\t\t\t \n\t\t<span class=\"event-date\">\n\t\t\t<span class=\"day\"><\/span>\n\t\t\t<span class=\"month\">Lokakuu, <\/span>\n\t\t\t<span class=\"year\">2014<\/span>\n\t\t<\/span>\n\t<div class=\"event-details\"><p>Ensimm\u00e4isen biomassageneraattorin myynti Libanonin markkinoille.<\/p>\n<\/div>\n\t\t<\/div>\n\t\t \n\t\t<div  >\n\t\t\t \n\t\t<span class=\"event-date\">\n\t\t\t<span class=\"day\"><\/span>\n\t\t\t<span class=\"month\">Toukokuu, <\/span>\n\t\t\t<span class=\"year\">2014<\/span>\n\t\t<\/span>\n\t<div class=\"event-details\"><p>1500rpm cummins-dieselmoottorin muuntaminen 900rpm cummins-biomassageneraattoriksi Filippiinien markkinoille.<\/p>\n<\/div>\n\t\t<\/div>\n\t\t \n\t\t<div  >\n\t\t\t \n\t\t<span class=\"event-date\">\n\t\t\t<span class=\"day\"><\/span>\n\t\t\t<span class=\"month\">Marraskuu, <\/span>\n\t\t\t<span class=\"year\">2013<\/span>\n\t\t<\/span>\n\t<div class=\"event-details\"><p>Suunnitellaan ja valmistetaan Japanin markkinoille 15 kw:n biomassageneraattori, joka toimii riisin kuorikaasulla, jonka l\u00e4mp\u00f6arvo on alhainen (vain 4 MJ\/Nm3).<\/p>\n<\/div>\n\t\t<\/div>\n\t\t \n\t\t<div  >\n\t\t\t \n\t\t<span class=\"event-date\">\n\t\t\t<span class=\"day\"><\/span>\n\t\t\t<span class=\"month\">Hein\u00e4kuussa, <\/span>\n\t\t\t<span class=\"year\">2013<\/span>\n\t\t<\/span>\n\t<div class=\"event-details\"><p>Ensimm\u00e4isen 300 kw:n maakaasugeneraattorin myynti Yhdistyneeseen kuningaskuntaan.<\/p>\n<\/div>\n\t\t<\/div>\n\t\t \n\t\t<div  >\n\t\t\t \n\t\t<span class=\"event-date\">\n\t\t\t<span class=\"day\"><\/span>\n\t\t\t<span class=\"month\">Maaliskuu, <\/span>\n\t\t\t<span class=\"year\">2013<\/span>\n\t\t<\/span>\n\t<div class=\"event-details\"><p>Myymme ensimm\u00e4isen 250 kw:n biomassageneraattorin Italian markkinoille, ja menemme Italiaan 250 kw:n biomassageneraattorin k\u00e4ytt\u00f6\u00f6nottoa ja generaattorin k\u00e4ytt\u00e4j\u00e4n koulutusta varten. <\/p>\n<\/div>\n\t\t<\/div>\n\t\t \n\t\t<div  >\n\t\t\t \n\t\t<span class=\"event-date\">\n\t\t\t<span class=\"day\"><\/span>\n\t\t\t<span class=\"month\">Joulukuu,<\/span>\n\t\t\t<span class=\"year\">2012<\/span>\n\t\t<\/span>\n\t<div class=\"event-details\"><p>Ensimm\u00e4isen biokaasugeneraattorin myynti sikatilalle Yiwussa, Zhejiangin maakunnassa, Kiinassa.<\/p>\n<\/div>\n\t\t<\/div>\n\t\t \n\t\t<div  >\n\t\t\t \n\t\t<span class=\"event-date\">\n\t\t\t<span class=\"day\"><\/span>\n\t\t\t<span class=\"month\">Lokakuu,<\/span>\n\t\t\t<span class=\"year\">2012<\/span>\n\t\t<\/span>\n\t<div class=\"event-details\"><p>Osallistu Kantonin messuille lokakuussa 2012, tuo uusimmat maakaasugeneraattorituotteemme ja tapaa potentiaalisia asiakkaita.<\/p>\n<\/div>\n\t\t<\/div>\n\t\t \n\t\t<div  >\n\t\t\t \n\t\t<span class=\"event-date\">\n\t\t\t<span class=\"day\"><\/span>\n\t\t\t<span class=\"month\">Huhtikuu,<\/span>\n\t\t\t<span class=\"year\">2012<\/span>\n\t\t<\/span>\n\t<div class=\"event-details\"><p>Shenzhen Gosun Industry Co., Ltd perustettiin Shenzheniin, Kiinaan.<\/p>\n<\/div>\n\t\t<\/div>\n\t\n\t\t<\/section>\n\n\t\t<\/div>\n\t<\/div>\n\n<\/div>\n<\/div>\n\n<div  class=\"content_row row vc_row wpb_row vc_row-fluid alt-style-2 fullwidth\" >\n\t\n\t<div class=\"content_row_wrapper  default\" style=\"padding-top:60px;padding-bottom:60px;\">\n\t<div class=\"vc_col-sm-12 wpb_column vc_column_container\" >\n\t\t<div class=\"wpb_wrapper\">\n\t\t\t<div class=\"rt_heading_wrapper style-4\">\n\t\t\t\t\t\t<span class=\"punchline\">Suosittelut<\/span>\n\t\t\t\t\t\t<h3 class=\"rt_heading  with_punchline style-4\" >Mit\u00e4 he sanovat<\/h3>\n\t\t\t\t\t<\/div>\r\n\t\t\t\t<div id=\"slider-testimonial-dynamicID-877577\" class=\"rt-carousel carousel-holder clearfix testimonial-carousel testimonials center big\" data-item-width=\"1\" data-nav=\"false\" data-dots=\"true\" data-margin=\"15\" data-autoplay=\"false\" data-timeout=\"5000\">\r\n\t\t\t\t\t<div class=\"owl-carousel\">\r\n\t\t\t\t\t\t<div><div class=\"testimonial item\">\n\n\n\n<div class=\"text\">\n\t<p>\n\t\t<span class=\"icon-quote-left\"><\/span>\n\t\t\tMeill\u00e4 on hanke Macaossa, he tarvitsevat 2 generaattoria veneeseen hotellin ymp\u00e4rill\u00e4 olevaa j\u00e4rve\u00e4 varten. He eiv\u00e4t voi k\u00e4ytt\u00e4\u00e4 dieselgeneraattoria, koska \u00f6ljyvuotoja ei sallita, joten siirryimme nestekaasugeneraattoriin. Konsultoimme useita suuria kaasugeneraattorivalmistajia, mukaan lukien yhdysvaltalainen Generac, mutta he eiv\u00e4t pystyneet t\u00e4h\u00e4n. Kolmen kuukauden hankinnan j\u00e4lkeen tapasimme Gosunin. Heid\u00e4n ratkaisunsa ja lopputuotteensa on todella t\u00e4ydellinen meille.\t\t<span class=\"icon-quote-right\"><\/span>\n\t<\/p>\n\t<div class=\"client_info\">\n\n\t\t\tMohamad\n\t\t- <span>Projektip\u00e4\u00e4llikk\u00f6<\/span>\t\t\n\t\t\t\t\t\n\t\t\n\n\t<\/div>\n<\/div><\/div>\n<\/div><div><div class=\"testimonial item\">\n\n\n\n<div class=\"text\">\n\t<p>\n\t\t<span class=\"icon-quote-left\"><\/span>\n\t\t\tOstimme pienen kaasuttimen kaasugeneraattorin Gosunilta, emme tied\u00e4, onko heid\u00e4n kaasugeneraattorinsa laatu sama kuin muilla kiinalaisilla toimittajilla ennen tilauksen tekemist\u00e4, haluamme vain kokeilla. Kun se yhdistet\u00e4\u00e4n omaan kaasuttimeemme, se toimii todella hienosti, ei terva\u00f6ljyongelmaa, ei tyls\u00e4\u00e4 yll\u00e4pito-ongelmaa; olemme eritt\u00e4in tyytyv\u00e4isi\u00e4 Torchiin ja heid\u00e4n generaattoreihinsa, aiomme ostaa heilt\u00e4 lis\u00e4\u00e4.\t\t<span class=\"icon-quote-right\"><\/span>\n\t<\/p>\n\t<div class=\"client_info\">\n\n\t\t\tAnthony Chlela\n\t\t- <span>CTO<\/span>\t\t\n\t\t<a href=\"http:\/\/machinery.phoenixlb.com\/\" target=\"_blank\" title=\"Phoenix Machinery\" class=\"client_link\">Phoenix Machinery<\/a>\t\t\t\n\t\t\n\n\t<\/div>\n<\/div><\/div>\n<\/div><div><div class=\"testimonial item\">\n\n\n\n<div class=\"text\">\n\t<p>\n\t\t<span class=\"icon-quote-left\"><\/span>\n\t\t\tGosun on ammattimainen kaasugeneraattorin valmistaja Kiinassa. He muuttavat 1500rpm cummins-dieselmoottorin 900rpm biomassakaasumoottorik\u00e4ytt\u00f6iseksi generaattoriksi maatiloillamme, heid\u00e4n insin\u00f6\u00f6rins\u00e4 on niin ammattitaitoinen, ja lis\u00e4ksi heid\u00e4n omistajansa on paras yst\u00e4v\u00e4ni Kiinassa. H\u00e4n auttoi minua paljon muussa liiketoiminnassa Kiinassa.\t\t<span class=\"icon-quote-right\"><\/span>\n\t<\/p>\n\t<div class=\"client_info\">\n\n\t\t\tKenneth Dominado\n\t\t- <span>Ostop\u00e4\u00e4llikk\u00f6<\/span>\t\t\n\t\t\t\t\t\n\t\t\n\n\t<\/div>\n<\/div><\/div>\n<\/div>\r\n\t\t\t\t\t<\/div>\r\n\t\t\t\t\t\r\n\t\t\t\t<div id=\"slider-testimonial-dynamicID-877577-dots\" class=\"dots-holder\">\r\n\t\t\t\t<\/div>\r\n\t\t\t\r\n\t\t\t\t<\/div>\n\n\t\t<\/div>\n\t<\/div>\n\n<\/div>\n<\/div>","protected":false},"excerpt":{"rendered":"","protected":false},"author":1,"featured_media":0,"parent":0,"menu_order":0,"comment_status":"open","ping_status":"open","template":"","meta":{"footnotes":""},"class_list":["post-9","page","type-page","status-publish","hentry"],"aioseo_notices":[],"_links":{"self":[{"href":"https:\/\/www.chinesegenset.com\/fi\/wp-json\/wp\/v2\/pages\/9","targetHints":{"allow":["GET"]}}],"collection":[{"href":"https:\/\/www.chinesegenset.com\/fi\/wp-json\/wp\/v2\/pages"}],"about":[{"href":"https:\/\/www.chinesegenset.com\/fi\/wp-json\/wp\/v2\/types\/page"}],"author":[{"embeddable":true,"href":"https:\/\/www.chinesegenset.com\/fi\/wp-json\/wp\/v2\/users\/1"}],"replies":[{"embeddable":true,"href":"https:\/\/www.chinesegenset.com\/fi\/wp-json\/wp\/v2\/comments?post=9"}],"version-history":[{"count":19,"href":"https:\/\/www.chinesegenset.com\/fi\/wp-json\/wp\/v2\/pages\/9\/revisions"}],"predecessor-version":[{"id":4426,"href":"https:\/\/www.chinesegenset.com\/fi\/wp-json\/wp\/v2\/pages\/9\/revisions\/4426"}],"wp:attachment":[{"href":"https:\/\/www.chinesegenset.com\/fi\/wp-json\/wp\/v2\/media?parent=9"}],"curies":[{"name":"wp","href":"https:\/\/api.w.org\/{rel}","templated":true}]}}