{"id":4389,"date":"2022-02-24T14:09:13","date_gmt":"2022-02-24T14:09:13","guid":{"rendered":"https:\/\/www.chinesegenset.com\/?page_id=4389"},"modified":"2022-02-24T14:16:54","modified_gmt":"2022-02-24T14:16:54","slug":"natural-gas-generator","status":"publish","type":"page","link":"https:\/\/www.chinesegenset.com\/fi\/natural-gas-generator\/","title":{"rendered":"Maakaasugeneraattori"},"content":{"rendered":"<div  class=\"content_row row vc_row wpb_row vc_row-fluid default-style default\" >\n\t\n\t<div class=\"content_row_wrapper\" >\n\t<div class=\"vc_col-sm-12 wpb_column vc_column_container\" >\n\t\t<div class=\"wpb_wrapper\">\n\t\t\t\n\t<div class=\"wpb_text_column wpb_content_element  vc_custom_1645712196373\" >\n\t\t<div class=\"wpb_wrapper\">\n\t\t\t<h3>Mukautettu otsikko<\/h3>\n<p>Lorem ipsum dolor sit amet consectetur adipiscing elit etiam dictum ultrices, cum placerat per dictumst ligula odio pellentesque class pulvinar parturient, neque turpis tortor sociosqu est dis posuere condimentum fermentum. Luctus donec ac cubilia porta odio vehicula cum tristique dictum nulla at, non quis suspendisse mi nec magnis nascetur ultricies felis eleifend massa bibendum, nullam hac neque elementum lacus habitant habitasse malesuada suscipit est. Augue lectus leo curabitur lacus, purus dapibus posuere. Vulputate nulla eros tempus bibendum cras rhoncus natoque fusce pulvinar ornare tempor, nec odio donec imperdiet primis turpis parturient euismod pretium habitasse. Aliquet eros integer at mattis sagittis commodo non, felis interdum magnis praesent torquent. Dui nunc vivamus cubilia ante nisl curabitur fusce, quisque nam platea per eleifend condimentum viverra, malesuada sociosqu eu eget ligula aliquet. Nibh himenaeos fermentum quam vehicula iaculis hendrerit ante egestas integer, enim senectus urna pharetra semper curabitur vestibulum odio, venenatis ultricies viverra suscipit nostra blandit magna habitant.<\/p>\n\n\t\t<\/div>\n\t<\/div>\n\n<div id=\"product-dynamicID-282178\" class=\"product_holder product-showcase clearfix  border_grid fixed_heights\" data-column-width=\"3\">\n<div class=\"row clearfix\">\n<div class=\"col product_item_holder col-sm-4  jdec-natural-gas-generator\">\n\n<div class=\"product_item_holder\">\n\n\t\t\t<div class=\"featured_image\"> \n\t\t\t<!-- product image -->\n\t\t\t<div class=\"featured_image\"> \n\t\t\t\t<a href=\"https:\/\/www.chinesegenset.com\/fi\/product\/600kw-750kva-middle-speed-jdec-natural-gas-genset-from-china-factory\/\" title=\"600kw 750kva keskinopeus JDEC maakaasu generaattori Kiinasta tehdas\" rel=\"bookmark\" class=\"imgeffect link\"><img decoding=\"async\" src=\"https:\/\/www.chinesegenset.com\/wp-content\/uploads\/2017\/10\/600kw-750kva-middle-speed-JDEC-natural-gas-genset-from-China-factory-480x334.jpg\" alt=\"600kw 750kva keskinopeus JDEC maakaasu generaattori Kiinasta tehdas\" class=\"\" \/><\/a> \n\t\t\t<\/div> \n\t\t<\/div> \n\t\n\n\t\n\t\t\t\t\t\t\n\t\t<div class=\"product_info\">\n\n\t\t\t\t\t\t\t\t<!-- title-->\n\t\t\t\t<h5 class=\"clean_heading\"><a href=\"https:\/\/www.chinesegenset.com\/fi\/product\/600kw-750kva-middle-speed-jdec-natural-gas-genset-from-china-factory\/\" title=\"600kw 750kva keskinopeus JDEC maakaasu generaattori Kiinasta tehdas\" rel=\"bookmark\">600kw 750kva keskinopeus JDEC maakaasu generaattori Kiinasta tehdas<\/a><\/h5>\n\t\t\t\t\n\t\t\t\t<!-- text-->\n\t\t\t\t<p>600kw 750kva keskinopeus JDEC maakaasu generaattori Kiinasta tehdas, suunniteltu jatkuva k\u00e4ynniss\u00e4 kaupalliseen ja teolliseen k\u00e4ytt\u00f6\u00f6n, sopii Nigeriassa, Ven\u00e4j\u00e4ll\u00e4, Amerikassa, Dubaissa, Irakissa, Iranissa ja muissa It\u00e4-Aasian maissa.<\/p>\n\t\t\t\t<div class=\"product_info_footer clearfix\">\n\t\t\t<!-- product price -->\n\t\t\t<p class=\"price icon-\">\t\n\t\t\t\t<del><span class=\"amount\">$90<\/span><\/del> <ins><span class=\"amount\">$75<\/span><\/ins>\n\t\t\t<\/p> \n\t\t<div class=\"action_buttons\"><a href=\"https:\/\/www.chinesegenset.com\/fi\/product\/600kw-750kva-middle-speed-jdec-natural-gas-genset-from-china-factory\/\" title=\"600kw 750kva keskinopeus JDEC maakaasu generaattori Kiinasta tehdas\" class=\"details icon-angle-right\">Yksityiskohdat<\/a><\/div><\/div> \t\t\n\n\t\t<\/div>\n\t\t\n\n\t\n<\/div><\/div>\n<div class=\"col product_item_holder col-sm-4  jdec-natural-gas-generator\">\n\n<div class=\"product_item_holder\">\n\n\t\t\t<div class=\"featured_image\"> \n\t\t\t<!-- product image -->\n\t\t\t<div class=\"featured_image\"> \n\t\t\t\t<a href=\"https:\/\/www.chinesegenset.com\/fi\/product\/500kw-1000rpm-medium-speed-jdec-natural-gas-generator-set-from-china\/\" title=\"500kw 1000rpm keskinopeus JDEC maakaasugeneraattorisarja Kiinasta\" rel=\"bookmark\" class=\"imgeffect link\"><img decoding=\"async\" src=\"https:\/\/www.chinesegenset.com\/wp-content\/uploads\/2017\/10\/500kw-1000rpm-medium-speed-JDEC-natural-gas-generator-set-from-China-480x334.jpg\" alt=\"500kw 1000rpm keskinopeus JDEC maakaasugeneraattorisarja Kiinasta\" class=\"\" \/><\/a> \n\t\t\t<\/div> \n\t\t<\/div> \n\t\n\n\t\n\t\t\t\t\t\t\n\t\t<div class=\"product_info\">\n\n\t\t\t\t\t\t\t\t<!-- title-->\n\t\t\t\t<h5 class=\"clean_heading\"><a href=\"https:\/\/www.chinesegenset.com\/fi\/product\/500kw-1000rpm-medium-speed-jdec-natural-gas-generator-set-from-china\/\" title=\"500kw 1000rpm keskinopeus JDEC maakaasugeneraattorisarja Kiinasta\" rel=\"bookmark\">500kw 1000rpm keskinopeus JDEC maakaasugeneraattorisarja Kiinasta<\/a><\/h5>\n\t\t\t\t\n\t\t\t\t<!-- text-->\n\t\t\t\t<p>500kw 1000rpm keskinopeus JDEC maakaasugeneraattori Kiinasta, se voidaan j\u00e4\u00e4hdytt\u00e4\u00e4 joko ulkoisella j\u00e4\u00e4hdytystornilla tai sis\u00e4\u00e4nrakennetulla j\u00e4\u00e4hdytysvesis\u00e4ili\u00f6ll\u00e4, joka sopii teollisuuden jatkuvaan k\u00e4ytt\u00f6\u00f6n.<\/p>\n\t\t\t\t<div class=\"product_info_footer clearfix\">\n\t\t\t<!-- product price -->\n\t\t\t<p class=\"price icon-\">\t\n\t\t\t\t<del><span class=\"amount\">$90<\/span><\/del> <ins><span class=\"amount\">$75<\/span><\/ins>\n\t\t\t<\/p> \n\t\t<div class=\"action_buttons\"><a href=\"https:\/\/www.chinesegenset.com\/fi\/product\/500kw-1000rpm-medium-speed-jdec-natural-gas-generator-set-from-china\/\" title=\"500kw 1000rpm keskinopeus JDEC maakaasugeneraattorisarja Kiinasta\" class=\"details icon-angle-right\">Yksityiskohdat<\/a><\/div><\/div> \t\t\n\n\t\t<\/div>\n\t\t\n\n\t\n<\/div><\/div>\n<div class=\"col product_item_holder col-sm-4  jdec-natural-gas-generator\">\n\n<div class=\"product_item_holder\">\n\n\t\t\t<div class=\"featured_image\"> \n\t\t\t<!-- product image -->\n\t\t\t<div class=\"featured_image\"> \n\t\t\t\t<a href=\"https:\/\/www.chinesegenset.com\/fi\/product\/1000kw-1mw-jdec-natural-gas-generator-1500-rpm-12-cylinders-engine\/\" title=\"1000kw 1MW JDEC maakaasugeneraattori 1500 rpm 12 sylinterin moottori\" rel=\"bookmark\" class=\"imgeffect link\"><img decoding=\"async\" src=\"https:\/\/www.chinesegenset.com\/wp-content\/uploads\/2017\/10\/1000kw-1MW-JDEC-natural-gas-generator-1500-rpm-12-cylinders-engine-480x334.jpg\" alt=\"1000kw 1MW JDEC maakaasugeneraattori 1500 rpm 12 sylinterin moottori\" class=\"\" \/><\/a> \n\t\t\t<\/div> \n\t\t<\/div> \n\t\n\n\t\n\t\t\t\t\t\t\n\t\t<div class=\"product_info\">\n\n\t\t\t\t\t\t\t\t<!-- title-->\n\t\t\t\t<h5 class=\"clean_heading\"><a href=\"https:\/\/www.chinesegenset.com\/fi\/product\/1000kw-1mw-jdec-natural-gas-generator-1500-rpm-12-cylinders-engine\/\" title=\"1000kw 1MW JDEC maakaasugeneraattori 1500 rpm 12 sylinterin moottori\" rel=\"bookmark\">1000kw 1MW JDEC maakaasugeneraattori 1500 rpm 12 sylinterin moottori<\/a><\/h5>\n\t\t\t\t\n\t\t\t\t<!-- text-->\n\t\t\t\t<p>1000kw 1MW JDEC maakaasugeneraattori asetettu 1500 rpm 12 sylinterit maakaasumoottori, kytkent\u00e4 Stamford generaattori Cummins Kiina Generator Technology .<\/p>\n\t\t\t\t<div class=\"product_info_footer clearfix\">\n\t\t\t<!-- product price -->\n\t\t\t<p class=\"price icon-\">\t\n\t\t\t\t<del><span class=\"amount\">$90<\/span><\/del> <ins><span class=\"amount\">$75<\/span><\/ins>\n\t\t\t<\/p> \n\t\t<div class=\"action_buttons\"><a href=\"https:\/\/www.chinesegenset.com\/fi\/product\/1000kw-1mw-jdec-natural-gas-generator-1500-rpm-12-cylinders-engine\/\" title=\"1000kw 1MW JDEC maakaasugeneraattori 1500 rpm 12 sylinterin moottori\" class=\"details icon-angle-right\">Yksityiskohdat<\/a><\/div><\/div> \t\t\n\n\t\t<\/div>\n\t\t\n\n\t\n<\/div><\/div>\n<\/div>\n<div class=\"row clearfix\">\n<div class=\"col product_item_holder col-sm-4  jdec-natural-gas-generator\">\n\n<div class=\"product_item_holder\">\n\n\t\t\t<div class=\"featured_image\"> \n\t\t\t<!-- product image -->\n\t\t\t<div class=\"featured_image\"> \n\t\t\t\t<a href=\"https:\/\/www.chinesegenset.com\/fi\/product\/700kw-natural-gas-generator-set-from-jinan-diesel-engine-corporation\/\" title=\"Jinan Diesel Engine Corporationin 700 kw:n maakaasugeneraattorisarja\" rel=\"bookmark\" class=\"imgeffect link\"><img decoding=\"async\" src=\"https:\/\/www.chinesegenset.com\/wp-content\/uploads\/2017\/10\/700kw-natural-gas-generator-set-from-Jinan-Diesel-Engine-Corporation-480x334.jpg\" alt=\"Jinan Diesel Engine Corporationin 700 kw:n maakaasugeneraattorisarja\" class=\"\" \/><\/a> \n\t\t\t<\/div> \n\t\t<\/div> \n\t\n\n\t\n\t\t\t\t\t\t\n\t\t<div class=\"product_info\">\n\n\t\t\t\t\t\t\t\t<!-- title-->\n\t\t\t\t<h5 class=\"clean_heading\"><a href=\"https:\/\/www.chinesegenset.com\/fi\/product\/700kw-natural-gas-generator-set-from-jinan-diesel-engine-corporation\/\" title=\"Jinan Diesel Engine Corporationin 700 kw:n maakaasugeneraattorisarja\" rel=\"bookmark\">Jinan Diesel Engine Corporationin 700 kw:n maakaasugeneraattorisarja<\/a><\/h5>\n\t\t\t\t\n\t\t\t\t<!-- text-->\n\t\t\t\t<p>Jinan Diesel Engine Corporationin 700 kw:n maakaasugeneraattori, jonka voimanl\u00e4hteen\u00e4 on 12 sylinterinen v line 12V190ZLDK -maakaasumoottori ja Simens-teknologiaa k\u00e4ytt\u00e4v\u00e4 generaattori.<\/p>\n\t\t\t\t<div class=\"product_info_footer clearfix\">\n\t\t\t<!-- product price -->\n\t\t\t<p class=\"price icon-\">\t\n\t\t\t\t<del><span class=\"amount\">$90<\/span><\/del> <ins><span class=\"amount\">$75<\/span><\/ins>\n\t\t\t<\/p> \n\t\t<div class=\"action_buttons\"><a href=\"https:\/\/www.chinesegenset.com\/fi\/product\/700kw-natural-gas-generator-set-from-jinan-diesel-engine-corporation\/\" title=\"Jinan Diesel Engine Corporationin 700 kw:n maakaasugeneraattorisarja\" class=\"details icon-angle-right\">Yksityiskohdat<\/a><\/div><\/div> \t\t\n\n\t\t<\/div>\n\t\t\n\n\t\n<\/div><\/div>\n<div class=\"col product_item_holder col-sm-4  man-natural-gas-generator\">\n\n<div class=\"product_item_holder\">\n\n\t\t\t<div class=\"featured_image\"> \n\t\t\t<!-- product image -->\n\t\t\t<div class=\"featured_image\"> \n\t\t\t\t<a href=\"https:\/\/www.chinesegenset.com\/fi\/product\/500kw-625kva-man-chp-natural-gas-generator-set\/\" title=\"500kw 625kva MAN CHP maakaasugeneraattori, joka toimii my\u00f6s hiilikaasulla.\" rel=\"bookmark\" class=\"imgeffect link\"><img decoding=\"async\" src=\"https:\/\/www.chinesegenset.com\/wp-content\/uploads\/2017\/08\/500kw-625kva-MAN-CHP-natural-gas-generator-also-run-on-coal-bed-gas-480x334.jpg\" alt=\"500kw 625kva MAN CHP maakaasugeneraattori, joka toimii my\u00f6s hiilikaasulla.\" class=\"\" \/><\/a> \n\t\t\t<\/div> \n\t\t<\/div> \n\t\n\n\t\n\t\t\t\t\t\t\n\t\t<div class=\"product_info\">\n\n\t\t\t\t\t\t\t\t<!-- title-->\n\t\t\t\t<h5 class=\"clean_heading\"><a href=\"https:\/\/www.chinesegenset.com\/fi\/product\/500kw-625kva-man-chp-natural-gas-generator-set\/\" title=\"500kw 625kva MAN CHP maakaasugeneraattori, joka toimii my\u00f6s hiilikaasulla.\" rel=\"bookmark\">500kw 625kva MAN CHP maakaasugeneraattori, joka toimii my\u00f6s hiilikaasulla.<\/a><\/h5>\n\t\t\t\t\n\t\t\t\t<!-- text-->\n\t\t\t\t<p>Kest\u00e4v\u00e4 500kw 625kva MAN CHP maakaasugeneraattori toimii my\u00f6s hiilivuodekaasulla Kiinasta OEM-tehtaalta, toimii maakaasulla, hiilivuodekaasulla, hiilikaivoskaasulla, suokaasulla ja muulla metaanikaasulla, jatkuva 8000 ty\u00f6tuntia.<\/p>\n\t\t\t\t<div class=\"product_info_footer clearfix\">\n\t\t\t<!-- product price -->\n\t\t\t<p class=\"price icon-\">\t\n\t\t\t\t<del><span class=\"amount\">$90<\/span><\/del> <ins><span class=\"amount\">$75<\/span><\/ins>\n\t\t\t<\/p> \n\t\t<div class=\"action_buttons\"><a href=\"https:\/\/www.chinesegenset.com\/fi\/product\/500kw-625kva-man-chp-natural-gas-generator-set\/\" title=\"500kw 625kva MAN CHP maakaasugeneraattori, joka toimii my\u00f6s hiilikaasulla.\" class=\"details icon-angle-right\">Yksityiskohdat<\/a><\/div><\/div> \t\t\n\n\t\t<\/div>\n\t\t\n\n\t\n<\/div><\/div>\n<div class=\"col product_item_holder col-sm-4  man-natural-gas-generator\">\n\n<div class=\"product_item_holder\">\n\n\t\t\t<div class=\"featured_image\"> \n\t\t\t<!-- product image -->\n\t\t\t<div class=\"featured_image\"> \n\t\t\t\t<a href=\"https:\/\/www.chinesegenset.com\/fi\/product\/400kw-500kva-original-man-sewage-gas-power-plant-generator-set\/\" title=\"400kw 500kva alkuper\u00e4inen MAN j\u00e4teveden kaasuvoimalaitos generaattori asetettu\" rel=\"bookmark\" class=\"imgeffect link\"><img decoding=\"async\" src=\"https:\/\/www.chinesegenset.com\/wp-content\/uploads\/2017\/08\/400kw-500kva-original-MAN-sewage-gas-power-plant-generator-set-480x334.jpg\" alt=\"400kw 500kva alkuper\u00e4inen MAN j\u00e4teveden kaasuvoimalaitos generaattori asetettu\" class=\"\" \/><\/a> \n\t\t\t<\/div> \n\t\t<\/div> \n\t\n\n\t\n\t\t\t\t\t\t\n\t\t<div class=\"product_info\">\n\n\t\t\t\t\t\t\t\t<!-- title-->\n\t\t\t\t<h5 class=\"clean_heading\"><a href=\"https:\/\/www.chinesegenset.com\/fi\/product\/400kw-500kva-original-man-sewage-gas-power-plant-generator-set\/\" title=\"400kw 500kva alkuper\u00e4inen MAN j\u00e4teveden kaasuvoimalaitos generaattori asetettu\" rel=\"bookmark\">400kw 500kva alkuper\u00e4inen MAN j\u00e4teveden kaasuvoimalaitos generaattori asetettu<\/a><\/h5>\n\t\t\t\t\n\t\t\t\t<!-- text-->\n\t\t\t\t<p>Lean burn 400kw 500kva alkuper\u00e4inen MAN j\u00e4teveden kaasuvoimalaitos generaattori asetettu Kiina OEM tehdas, sopii kunnallinen j\u00e4teveden laitos, luoda ylim\u00e4\u00e4r\u00e4ist\u00e4 taloudellista arvoa ja ymp\u00e4rist\u00f6yst\u00e4v\u00e4llinen.<\/p>\n\t\t\t\t<div class=\"product_info_footer clearfix\">\n\t\t\t<!-- product price -->\n\t\t\t<p class=\"price icon-\">\t\n\t\t\t\t<del><span class=\"amount\">$90<\/span><\/del> <ins><span class=\"amount\">$75<\/span><\/ins>\n\t\t\t<\/p> \n\t\t<div class=\"action_buttons\"><a href=\"https:\/\/www.chinesegenset.com\/fi\/product\/400kw-500kva-original-man-sewage-gas-power-plant-generator-set\/\" title=\"400kw 500kva alkuper\u00e4inen MAN j\u00e4teveden kaasuvoimalaitos generaattori asetettu\" class=\"details icon-angle-right\">Yksityiskohdat<\/a><\/div><\/div> \t\t\n\n\t\t<\/div>\n\t\t\n\n\t\n<\/div><\/div>\n<\/div>\n<div class=\"row clearfix\">\n<div class=\"col product_item_holder col-sm-4  man-natural-gas-generator\">\n\n<div class=\"product_item_holder\">\n\n\t\t\t<div class=\"featured_image\"> \n\t\t\t<!-- product image -->\n\t\t\t<div class=\"featured_image\"> \n\t\t\t\t<a href=\"https:\/\/www.chinesegenset.com\/fi\/product\/245kw-306kva-man-gas-engine-powered-electric-generator-on-sale\/\" title=\"245kw 306kva MAN kaasumoottorik\u00e4ytt\u00f6inen s\u00e4hk\u00f6generaattori myynniss\u00e4\" rel=\"bookmark\" class=\"imgeffect link\"><img decoding=\"async\" src=\"https:\/\/www.chinesegenset.com\/wp-content\/uploads\/2017\/08\/245kw-306kva-MAN-gas-engine-powered-electric-generator-on-sale-480x334.jpg\" alt=\"245kw 306kva MAN kaasumoottorik\u00e4ytt\u00f6inen s\u00e4hk\u00f6generaattori myynniss\u00e4\" class=\"\" \/><\/a> \n\t\t\t<\/div> \n\t\t<\/div> \n\t\n\n\t\n\t\t\t\t\t\t\n\t\t<div class=\"product_info\">\n\n\t\t\t\t\t\t\t\t<!-- title-->\n\t\t\t\t<h5 class=\"clean_heading\"><a href=\"https:\/\/www.chinesegenset.com\/fi\/product\/245kw-306kva-man-gas-engine-powered-electric-generator-on-sale\/\" title=\"245kw 306kva MAN kaasumoottorik\u00e4ytt\u00f6inen s\u00e4hk\u00f6generaattori myynniss\u00e4\" rel=\"bookmark\">245kw 306kva MAN kaasumoottorik\u00e4ytt\u00f6inen s\u00e4hk\u00f6generaattori myynniss\u00e4<\/a><\/h5>\n\t\t\t\t\n\t\t\t\t<!-- text-->\n\t\t\t\t<p>Raskas 245kw 306kva MAN kaasumoottorik\u00e4ytt\u00f6inen s\u00e4hk\u00f6generaattori Kiinasta OEM-valmistajalta, joka toimii maakaasulla, metaanikaasulla, CNG: ll\u00e4, LNG: ll\u00e4, sopii ensisijaiseen k\u00e4ytt\u00f6\u00f6n.<\/p>\n\t\t\t\t<div class=\"product_info_footer clearfix\">\n\t\t\t<!-- product price -->\n\t\t\t<p class=\"price icon-\">\t\n\t\t\t\t<del><span class=\"amount\">$90<\/span><\/del> <ins><span class=\"amount\">$75<\/span><\/ins>\n\t\t\t<\/p> \n\t\t<div class=\"action_buttons\"><a href=\"https:\/\/www.chinesegenset.com\/fi\/product\/245kw-306kva-man-gas-engine-powered-electric-generator-on-sale\/\" title=\"245kw 306kva MAN kaasumoottorik\u00e4ytt\u00f6inen s\u00e4hk\u00f6generaattori myynniss\u00e4\" class=\"details icon-angle-right\">Yksityiskohdat<\/a><\/div><\/div> \t\t\n\n\t\t<\/div>\n\t\t\n\n\t\n<\/div><\/div>\n<div class=\"col product_item_holder col-sm-4  man-natural-gas-generator\">\n\n<div class=\"product_item_holder\">\n\n\t\t\t<div class=\"featured_image\"> \n\t\t\t<!-- product image -->\n\t\t\t<div class=\"featured_image\"> \n\t\t\t\t<a href=\"https:\/\/www.chinesegenset.com\/fi\/product\/230kw-288kva-man-turbine-engine-methane-shale-gas-generator-set\/\" title=\"230kw 288kva MAN-turbiinimoottorilla varustettu metaani liuskekaasugeneraattoriyhdistelm\u00e4\" rel=\"bookmark\" class=\"imgeffect link\"><img decoding=\"async\" src=\"https:\/\/www.chinesegenset.com\/wp-content\/uploads\/2017\/08\/230kw-288kva-MAN-turbine-engine-methane-shale-gas-generator-set-480x334.jpg\" alt=\"230kw 288kva MAN-turbiinimoottorilla varustettu metaani liuskekaasugeneraattoriyhdistelm\u00e4\" class=\"\" \/><\/a> \n\t\t\t<\/div> \n\t\t<\/div> \n\t\n\n\t\n\t\t\t\t\t\t\n\t\t<div class=\"product_info\">\n\n\t\t\t\t\t\t\t\t<!-- title-->\n\t\t\t\t<h5 class=\"clean_heading\"><a href=\"https:\/\/www.chinesegenset.com\/fi\/product\/230kw-288kva-man-turbine-engine-methane-shale-gas-generator-set\/\" title=\"230kw 288kva MAN-turbiinimoottorilla varustettu metaani liuskekaasugeneraattoriyhdistelm\u00e4\" rel=\"bookmark\">230kw 288kva MAN-turbiinimoottorilla varustettu metaani liuskekaasugeneraattoriyhdistelm\u00e4<\/a><\/h5>\n\t\t\t\t\n\t\t\t\t<!-- text-->\n\t\t\t\t<p>230kw 288kva MAN turbiinimoottori metaani liuskekaasugeneraattori Kiinasta OEM-valmistajalta, joka toimii maakaasulla, metaanikaasulla, liuskekaasulla; luotettava ja sopii jatkuvaan k\u00e4ytt\u00f6\u00f6n.<\/p>\n\t\t\t\t<div class=\"product_info_footer clearfix\">\n\t\t\t<!-- product price -->\n\t\t\t<p class=\"price icon-\">\t\n\t\t\t\t<del><span class=\"amount\">$90<\/span><\/del> <ins><span class=\"amount\">$75<\/span><\/ins>\n\t\t\t<\/p> \n\t\t<div class=\"action_buttons\"><a href=\"https:\/\/www.chinesegenset.com\/fi\/product\/230kw-288kva-man-turbine-engine-methane-shale-gas-generator-set\/\" title=\"230kw 288kva MAN-turbiinimoottorilla varustettu metaani liuskekaasugeneraattoriyhdistelm\u00e4\" class=\"details icon-angle-right\">Yksityiskohdat<\/a><\/div><\/div> \t\t\n\n\t\t<\/div>\n\t\t\n\n\t\n<\/div><\/div>\n<div class=\"col product_item_holder col-sm-4  man-natural-gas-generator\">\n\n<div class=\"product_item_holder\">\n\n\t\t\t<div class=\"featured_image\"> \n\t\t\t<!-- product image -->\n\t\t\t<div class=\"featured_image\"> \n\t\t\t\t<a href=\"https:\/\/www.chinesegenset.com\/fi\/product\/190kw-237-5kva-man-natural-gas-cng-lng-power-genset-for-industrial-applications\/\" title=\"190 kw 237,5 kva MAN maakaasu CNG LNG voimakone teollisuusk\u00e4ytt\u00f6\u00f6n.\" rel=\"bookmark\" class=\"imgeffect link\"><img decoding=\"async\" src=\"https:\/\/www.chinesegenset.com\/wp-content\/uploads\/2017\/08\/190kw-237.5kva-MAN-natural-gas-CNG-LNG-power-genset-for-industrial-applications-480x334.jpg\" alt=\"190 kw 237,5 kva MAN maakaasu CNG LNG voimakone teollisuusk\u00e4ytt\u00f6\u00f6n.\" class=\"\" \/><\/a> \n\t\t\t<\/div> \n\t\t<\/div> \n\t\n\n\t\n\t\t\t\t\t\t\n\t\t<div class=\"product_info\">\n\n\t\t\t\t\t\t\t\t<!-- title-->\n\t\t\t\t<h5 class=\"clean_heading\"><a href=\"https:\/\/www.chinesegenset.com\/fi\/product\/190kw-237-5kva-man-natural-gas-cng-lng-power-genset-for-industrial-applications\/\" title=\"190 kw 237,5 kva MAN maakaasu CNG LNG voimakone teollisuusk\u00e4ytt\u00f6\u00f6n.\" rel=\"bookmark\">190 kw 237,5 kva MAN maakaasu CNG LNG voimakone teollisuusk\u00e4ytt\u00f6\u00f6n.<\/a><\/h5>\n\t\t\t\t\n\t\t\t\t<!-- text-->\n\t\t\t\t<p>2017 190kw 237.5kva MAN maakaasun CNG LNG-generaattori teollisiin sovelluksiin Kiinasta toimittajalta, jatkuvasti k\u00e4ynniss\u00e4, sopii viestint\u00e4asemalle, \u00f6ljykent\u00e4lle, veneelle, pankille, lentokent\u00e4lle ja muille teollisille sovelluksille.<\/p>\n\t\t\t\t<div class=\"product_info_footer clearfix\">\n\t\t\t<!-- product price -->\n\t\t\t<p class=\"price icon-\">\t\n\t\t\t\t<del><span class=\"amount\">$90<\/span><\/del> <ins><span class=\"amount\">$75<\/span><\/ins>\n\t\t\t<\/p> \n\t\t<div class=\"action_buttons\"><a href=\"https:\/\/www.chinesegenset.com\/fi\/product\/190kw-237-5kva-man-natural-gas-cng-lng-power-genset-for-industrial-applications\/\" title=\"190 kw 237,5 kva MAN maakaasu CNG LNG voimakone teollisuusk\u00e4ytt\u00f6\u00f6n.\" class=\"details icon-angle-right\">Yksityiskohdat<\/a><\/div><\/div> \t\t\n\n\t\t<\/div>\n\t\t\n\n\t\n<\/div><\/div>\n<\/div>\n<div class=\"row clearfix\">\n<div class=\"col product_item_holder col-sm-4  man-natural-gas-generator\">\n\n<div class=\"product_item_holder\">\n\n\t\t\t<div class=\"featured_image\"> \n\t\t\t<!-- product image -->\n\t\t\t<div class=\"featured_image\"> \n\t\t\t\t<a href=\"https:\/\/www.chinesegenset.com\/fi\/product\/135kw-man-gas-turbine-generator-set-50hz-400v-8000-hours-continuous\/\" title=\"135kw MAN kaasuturbiinigeneraattori 50HZ 400V 8000 tuntia yht\u00e4jaksoisesti\" rel=\"bookmark\" class=\"imgeffect link\"><img decoding=\"async\" src=\"https:\/\/www.chinesegenset.com\/wp-content\/uploads\/2017\/08\/135kw-MAN-gas-turbine-generator-set-50HZ-400V-8000-hours-continuous-480x334.jpg\" alt=\"135kw MAN kaasuturbiinigeneraattori 50HZ 400V 8000 tuntia yht\u00e4jaksoisesti\" class=\"\" \/><\/a> \n\t\t\t<\/div> \n\t\t<\/div> \n\t\n\n\t\n\t\t\t\t\t\t\n\t\t<div class=\"product_info\">\n\n\t\t\t\t\t\t\t\t<!-- title-->\n\t\t\t\t<h5 class=\"clean_heading\"><a href=\"https:\/\/www.chinesegenset.com\/fi\/product\/135kw-man-gas-turbine-generator-set-50hz-400v-8000-hours-continuous\/\" title=\"135kw MAN kaasuturbiinigeneraattori 50HZ 400V 8000 tuntia yht\u00e4jaksoisesti\" rel=\"bookmark\">135kw MAN kaasuturbiinigeneraattori 50HZ 400V 8000 tuntia yht\u00e4jaksoisesti<\/a><\/h5>\n\t\t\t\t\n\t\t\t\t<!-- text-->\n\t\t\t\t<p>Super hiljainen 135kw MAN kaasuturbiinigeneraattori 50HZ 400V, jossa on 8000 jatkuvaa k\u00e4ytt\u00f6tuntia OEM-valmistajalta, sopii ensisijaiseen k\u00e4ytt\u00f6\u00f6n, pankkiin, toimistorakennukseen, lentokent\u00e4lle, merisatamasovellukseen jne.<\/p>\n\t\t\t\t<div class=\"product_info_footer clearfix\">\n\t\t\t<!-- product price -->\n\t\t\t<p class=\"price icon-\">\t\n\t\t\t\t<del><span class=\"amount\">$90<\/span><\/del> <ins><span class=\"amount\">$75<\/span><\/ins>\n\t\t\t<\/p> \n\t\t<div class=\"action_buttons\"><a href=\"https:\/\/www.chinesegenset.com\/fi\/product\/135kw-man-gas-turbine-generator-set-50hz-400v-8000-hours-continuous\/\" title=\"135kw MAN kaasuturbiinigeneraattori 50HZ 400V 8000 tuntia yht\u00e4jaksoisesti\" class=\"details icon-angle-right\">Yksityiskohdat<\/a><\/div><\/div> \t\t\n\n\t\t<\/div>\n\t\t\n\n\t\n<\/div><\/div>\n<\/div>\n<\/div>\n<div class=\"paging_wrapper margin-t30 margin-b30\"><ul class='page-numbers'>\n\t<li><span aria-current=\"page\" class=\"page-numbers current\">1<\/span><\/li>\n\t<li><a class=\"page-numbers\" href=\"https:\/\/www.chinesegenset.com\/fi\/wp-json\/wp\/v2\/pages\/4389\/page\/2\/\">2<\/a><\/li>\n\t<li><a class=\"page-numbers\" href=\"https:\/\/www.chinesegenset.com\/fi\/wp-json\/wp\/v2\/pages\/4389\/page\/3\/\">3<\/a><\/li>\n\t<li><a class=\"next page-numbers\" href=\"https:\/\/www.chinesegenset.com\/fi\/wp-json\/wp\/v2\/pages\/4389\/page\/2\/\"><span class=\"icon-angle-right\"><\/span><\/a><\/li>\n<\/ul>\n<\/div>\n\t<div class=\"wpb_text_column wpb_content_element  vc_custom_1645712212573\" >\n\t\t<div class=\"wpb_wrapper\">\n\t\t\t<h3>Mukautettu otsikko<\/h3>\n<p>Olen tekstilohko. Voit muuttaa t\u00e4t\u00e4 teksti\u00e4 napsauttamalla muokkauspainiketta. Lorem ipsum dolor sit amet, consectetur adipiscing elit. Ut elit tellus, luctus nec ullamcorper mattis, pulvinar dapibus leo.<\/p>\n\n\t\t<\/div>\n\t<\/div>\n\n\t\t<\/div>\n\t<\/div>\n\n<\/div>\n<\/div>","protected":false},"excerpt":{"rendered":"1. 135 kw MAN-kaasuturbiinigeneraattori 50 Hz 400 V, 8000 jatkuvaa k\u00e4ytt\u00f6tuntia Yleiset tekniset tiedot: Generaattorimalli 135GT-MT Nimellisteho 135KW \/ 168.75KVA Nimellisnopeus \/ Nimellistaajuus 1500 rpm \/50Hz Nimellisj\u00e4nnite 400\/230V Tehokerroin 0.8 Vaihe\/johto 3Phase\/4Wire Nimellisvirta (A) 243 Kaasutyyppi maakaasu Kokonaiskoko (mm) 2650x1100x1550 Paino (kg) 1870 Moottorimalli MAN E2876E312 Ilmanottotapa Turbo j\u00e4\u00e4hdytetty J\u00e4\u00e4hdytystapa Suljettu j\u00e4\u00e4hdytys [...]","protected":false},"author":1,"featured_media":0,"parent":0,"menu_order":0,"comment_status":"closed","ping_status":"closed","template":"","meta":{"footnotes":""},"class_list":["post-4389","page","type-page","status-publish","hentry"],"aioseo_notices":[],"_links":{"self":[{"href":"https:\/\/www.chinesegenset.com\/fi\/wp-json\/wp\/v2\/pages\/4389","targetHints":{"allow":["GET"]}}],"collection":[{"href":"https:\/\/www.chinesegenset.com\/fi\/wp-json\/wp\/v2\/pages"}],"about":[{"href":"https:\/\/www.chinesegenset.com\/fi\/wp-json\/wp\/v2\/types\/page"}],"author":[{"embeddable":true,"href":"https:\/\/www.chinesegenset.com\/fi\/wp-json\/wp\/v2\/users\/1"}],"replies":[{"embeddable":true,"href":"https:\/\/www.chinesegenset.com\/fi\/wp-json\/wp\/v2\/comments?post=4389"}],"version-history":[{"count":7,"href":"https:\/\/www.chinesegenset.com\/fi\/wp-json\/wp\/v2\/pages\/4389\/revisions"}],"predecessor-version":[{"id":4396,"href":"https:\/\/www.chinesegenset.com\/fi\/wp-json\/wp\/v2\/pages\/4389\/revisions\/4396"}],"wp:attachment":[{"href":"https:\/\/www.chinesegenset.com\/fi\/wp-json\/wp\/v2\/media?parent=4389"}],"curies":[{"name":"wp","href":"https:\/\/api.w.org\/{rel}","templated":true}]}}