{"id":9,"date":"2015-02-02T04:30:57","date_gmt":"2015-02-02T04:30:57","guid":{"rendered":"http:\/\/rttheme19.rtthemes.com\/?page_id=9"},"modified":"2023-03-03T15:10:16","modified_gmt":"2023-03-03T15:10:16","slug":"about-us","status":"publish","type":"page","link":"https:\/\/www.chinesegenset.com\/es\/sobre-nosotros\/","title":{"rendered":"Qui\u00e9nes somos"},"content":{"rendered":"<div  class=\"content_row row vc_row wpb_row vc_row-fluid default-style fullwidth\" >\n\t\n\t<div class=\"content_row_wrapper  default\" style=\"padding-top:100px;padding-bottom:140px;\">\n\t<div class=\"vc_col-sm-12 wpb_column vc_column_container\" >\n\t\t<div class=\"wpb_wrapper\">\n\t\t\t<div class=\"rt_heading_wrapper style-4\">\n\t\t\t\t\t\t\n\t\t\t\t\t\t<h1 class=\"rt_heading  style-4\" >SOBRE NOSOTROS<\/h1>\n\t\t\t\t\t<\/div>\n\n\t\t<\/div>\n\t<\/div>\n\n<\/div>\n<\/div>\n\n<div  class=\"content_row row vc_row wpb_row vc_row-fluid default-style fullwidth border-bottom\" >\n\t\n\t<div class=\"content_row_wrapper  default\" ><p>Shenzhen Gosun Industry Co., Ltd situado en Shenzhen, China que se especializa en la investigaci\u00f3n, convertirse, la comercializaci\u00f3n y el servicio de los generadores del motor de gas de los cummins, incluyendo el generador del gas natural, el generador del motor del biog\u00e1s, el generador del gas de la biomasa, el generador del gas de madera, el generador del gas del productor, el generador del syngas, el generador del gas del terrapl\u00e9n, el sistema de generador del gas de carb\u00f3n, el generador del LPG, el sistema de generador etc. del propano. Tambi\u00e9n podemos fabricar generadores diesel de la marca Cummins y generadores de gas y diesel de otras marcas.<\/p>\n<p>Nuestro rango de potencia del generador de gas cubre desde 20kw a 1200kw, 500RPM a 1800RPM, alimentado por gas natural, biog\u00e1s, gas de biomasa, gas de madera, syngas y otros gases inflamables con bajo valor calor\u00edfico de m\u00e1s de 4.2MJ\/m3. Adoptamos la tecnolog\u00eda de motor de gas de clase mundial, motor de marca y alternador, sistema de encendido, sistema de gobierno de velocidad, mezcla de aire de gas, panel de control, etc; hemos innovado dise\u00f1ador experimentado en el \u00e1rea de motor de gas, llevamos a cabo estrictamente el sistema de calidad y altamente atesorar la calidad del producto, todo esto hace que el rendimiento del generador excelente.<\/p>\n<p>Fabricamos principalmente generadores de gas con motor de gas original de las marcas Cummins, Deutz , MWM, MTU , Ricardo , JDEC Chidong, Zichai o motor diesel convertido.<\/p>\n<p>El generador de gas puede utilizarse continuamente en bancos, f\u00e1bricas, inmobiliarias, puertos a\u00e9reos, hoteles, autopistas, puertos mar\u00edtimos, centros de intercambio de datos, telecomunicaciones, etc. Frente a la escasez de petr\u00f3leo y los diferentes problemas ambientales, el uso de grupos electr\u00f3genos de gas es una manera perfecta para reducir las emisiones de carbono y garantizar el suministro de energ\u00eda suficiente, econ\u00f3mica y eficiente.<\/p>\n<p>Tambi\u00e9n podemos ayudar a reconstruir generador de motor diesel a generador de motor de gas, el cliente debe enviar su generador diesel a nuestra f\u00e1brica y pagar algunos costos de mano de obra y consultor\u00eda t\u00e9cnica para nosotros.<\/p>\n<p>Como fabricante profesional de generadores de gas, tambi\u00e9n fabricamos generadores diesel de la marca Cummins y generadores diesel de otras marcas a petici\u00f3n del cliente.<\/p>\n<p>Nuestro principio es \"Nunca hagas da\u00f1o a tu amigo\", por lo que deseamos sinceramente establecer relaciones comerciales estables y una buena amistad con distribuidores profesionales de generadores de todo el mundo. Le invitamos sinceramente a unirse a nuestra red de distribuci\u00f3n mundial.<\/p>\n\n\t<div class=\"vc_col-sm-12 wpb_column vc_column_container\" >\n\t\t<div class=\"wpb_wrapper\">\n\t\t\t<div class=\"rt_heading_wrapper style-4\">\n\t\t\t\t\t\t<span class=\"punchline\">Hitos<\/span>\n\t\t\t\t\t\t<h4 class=\"rt_heading  with_punchline style-4\" >Breve historia de nuestra empresa<\/h4>\n\t\t\t\t\t<\/div>\t \n\t\t<section  class=\"timeline\">\n\t\t\t \n\t\t<div  >\n\t\t\t \n\t\t<span class=\"event-date\">\n\t\t\t<span class=\"day\"><\/span>\n\t\t\t<span class=\"month\">En marzo, <\/span>\n\t\t\t<span class=\"year\">2017<\/span>\n\t\t<\/span>\n\t<div class=\"event-details\"><p>Puesta en marcha de un proyecto piloto completo de generaci\u00f3n de energ\u00eda mediante gasificaci\u00f3n de biomasa en Dongguan,China<\/p>\n<\/div>\n\t\t<\/div>\n\t\t \n\t\t<div  >\n\t\t\t \n\t\t<span class=\"event-date\">\n\t\t\t<span class=\"day\"><\/span>\n\t\t\t<span class=\"month\">Septiembre, <\/span>\n\t\t\t<span class=\"year\">2016<\/span>\n\t\t<\/span>\n\t<div class=\"event-details\"><p>Dise\u00f1o y producci\u00f3n del primer generador de biog\u00e1s para el mercado nigeriano.<\/p>\n<\/div>\n\t\t<\/div>\n\t\t \n\t\t<div  >\n\t\t\t \n\t\t<span class=\"event-date\">\n\t\t\t<span class=\"day\"><\/span>\n\t\t\t<span class=\"month\">En marzo, <\/span>\n\t\t\t<span class=\"year\">2016<\/span>\n\t\t<\/span>\n\t<div class=\"event-details\"><p>Dise\u00f1o y producci\u00f3n de generadores de GLP para hoteles de 5 estrellas en Macao, ya que tienen una estricta pol\u00edtica de fugas de aceite.<\/p>\n<\/div>\n\t\t<\/div>\n\t\t \n\t\t<div  >\n\t\t\t \n\t\t<span class=\"event-date\">\n\t\t\t<span class=\"day\"><\/span>\n\t\t\t<span class=\"month\">Junio, <\/span>\n\t\t\t<span class=\"year\">2015<\/span>\n\t\t<\/span>\n\t<div class=\"event-details\"><p>Dise\u00f1o y producci\u00f3n de 2 conjuntos de generadores de GLP con motor de gas Cummins 4BTAA3.9 para el mercado canadiense seg\u00fan la composici\u00f3n de GLP del cliente.<\/p>\n<\/div>\n\t\t<\/div>\n\t\t \n\t\t<div  >\n\t\t\t \n\t\t<span class=\"event-date\">\n\t\t\t<span class=\"day\"><\/span>\n\t\t\t<span class=\"month\">Octubre, <\/span>\n\t\t\t<span class=\"year\">2014<\/span>\n\t\t<\/span>\n\t<div class=\"event-details\"><p>Venta del primer generador de biomasa al mercado liban\u00e9s.<\/p>\n<\/div>\n\t\t<\/div>\n\t\t \n\t\t<div  >\n\t\t\t \n\t\t<span class=\"event-date\">\n\t\t\t<span class=\"day\"><\/span>\n\t\t\t<span class=\"month\">Mayo, <\/span>\n\t\t\t<span class=\"year\">2014<\/span>\n\t\t<\/span>\n\t<div class=\"event-details\"><p>Conversi\u00f3n de un motor diesel cummins de 1500 rpm en un generador de biomasa cummins de 900 rpm para el mercado filipino.<\/p>\n<\/div>\n\t\t<\/div>\n\t\t \n\t\t<div  >\n\t\t\t \n\t\t<span class=\"event-date\">\n\t\t\t<span class=\"day\"><\/span>\n\t\t\t<span class=\"month\">Noviembre, <\/span>\n\t\t\t<span class=\"year\">2013<\/span>\n\t\t<\/span>\n\t<div class=\"event-details\"><p>Dise\u00f1o y producci\u00f3n del generador de biomasa de 15 kW que funciona con gas de c\u00e1scara de arroz con un bajo poder calor\u00edfico de s\u00f3lo 4MJ\/Nm3 para el mercado japon\u00e9s.<\/p>\n<\/div>\n\t\t<\/div>\n\t\t \n\t\t<div  >\n\t\t\t \n\t\t<span class=\"event-date\">\n\t\t\t<span class=\"day\"><\/span>\n\t\t\t<span class=\"month\">Julio, <\/span>\n\t\t\t<span class=\"year\">2013<\/span>\n\t\t<\/span>\n\t<div class=\"event-details\"><p>Venta del primer generador de gas natural de 300 kW al Reino Unido.<\/p>\n<\/div>\n\t\t<\/div>\n\t\t \n\t\t<div  >\n\t\t\t \n\t\t<span class=\"event-date\">\n\t\t\t<span class=\"day\"><\/span>\n\t\t\t<span class=\"month\">En marzo, <\/span>\n\t\t\t<span class=\"year\">2013<\/span>\n\t\t<\/span>\n\t<div class=\"event-details\"><p>Venta del primer generador de biomasa de 250 kW al mercado italiano y desplazamiento a Italia para la puesta en servicio del generador de biomasa de 250 kW y la formaci\u00f3n del operador del generador. <\/p>\n<\/div>\n\t\t<\/div>\n\t\t \n\t\t<div  >\n\t\t\t \n\t\t<span class=\"event-date\">\n\t\t\t<span class=\"day\"><\/span>\n\t\t\t<span class=\"month\">Diciembre,<\/span>\n\t\t\t<span class=\"year\">2012<\/span>\n\t\t<\/span>\n\t<div class=\"event-details\"><p>Venta del primer generador de biog\u00e1s a una granja porcina de Yiwu, provincia china de Zhejiang.<\/p>\n<\/div>\n\t\t<\/div>\n\t\t \n\t\t<div  >\n\t\t\t \n\t\t<span class=\"event-date\">\n\t\t\t<span class=\"day\"><\/span>\n\t\t\t<span class=\"month\">Octubre,<\/span>\n\t\t\t<span class=\"year\">2012<\/span>\n\t\t<\/span>\n\t<div class=\"event-details\"><p>Participar en la Feria de Cant\u00f3n en octubre de 2012, llevando nuestros \u00faltimos productos de generadores de gas natural y reuni\u00e9ndonos con clientes potenciales.<\/p>\n<\/div>\n\t\t<\/div>\n\t\t \n\t\t<div  >\n\t\t\t \n\t\t<span class=\"event-date\">\n\t\t\t<span class=\"day\"><\/span>\n\t\t\t<span class=\"month\">Abril,<\/span>\n\t\t\t<span class=\"year\">2012<\/span>\n\t\t<\/span>\n\t<div class=\"event-details\"><p>Shenzhen Gosun Industry Co.,Ltd establecida en Shenzhen,China<\/p>\n<\/div>\n\t\t<\/div>\n\t\n\t\t<\/section>\n\n\t\t<\/div>\n\t<\/div>\n\n<\/div>\n<\/div>\n\n<div  class=\"content_row row vc_row wpb_row vc_row-fluid alt-style-2 fullwidth\" >\n\t\n\t<div class=\"content_row_wrapper  default\" style=\"padding-top:60px;padding-bottom:60px;\">\n\t<div class=\"vc_col-sm-12 wpb_column vc_column_container\" >\n\t\t<div class=\"wpb_wrapper\">\n\t\t\t<div class=\"rt_heading_wrapper style-4\">\n\t\t\t\t\t\t<span class=\"punchline\">Testimonios<\/span>\n\t\t\t\t\t\t<h3 class=\"rt_heading  with_punchline style-4\" >Lo que dicen<\/h3>\n\t\t\t\t\t<\/div>\r\n\t\t\t\t<div id=\"slider-testimonial-dynamicID-177342\" class=\"rt-carousel carousel-holder clearfix testimonial-carousel testimonials center big\" data-item-width=\"1\" data-nav=\"false\" data-dots=\"true\" data-margin=\"15\" data-autoplay=\"false\" data-timeout=\"5000\">\r\n\t\t\t\t\t<div class=\"owl-carousel\">\r\n\t\t\t\t\t\t<div><div class=\"testimonial item\">\n\n\n\n<div class=\"text\">\n\t<p>\n\t\t<span class=\"icon-quote-left\"><\/span>\n\t\t\tTenemos un proyecto en Macao, necesitan 2 generadores en el barco para un lago alrededor del hotel. No pueden utilizar un generador diesel porque no se permiten las fugas de aceite, as\u00ed que optamos por un generador GLP. Consultamos a varias grandes empresas de generadores de gas, incluida Generac en EE.UU., pero no pod\u00edan hacerlo. Despu\u00e9s de buscar durante 3 meses, nos reunimos con Gosun. Su soluci\u00f3n y producto final son realmente perfectos para nosotros.\t\t<span class=\"icon-quote-right\"><\/span>\n\t<\/p>\n\t<div class=\"client_info\">\n\n\t\t\tMohamad\n\t\t- <span>Jefe de proyecto<\/span>\t\t\n\t\t\t\t\t\n\t\t\n\n\t<\/div>\n<\/div><\/div>\n<\/div><div><div class=\"testimonial item\">\n\n\n\n<div class=\"text\">\n\t<p>\n\t\t<span class=\"icon-quote-left\"><\/span>\n\t\t\tCompramos un peque\u00f1o generador de gas gasificador de Gosun, no sabemos si su generador de gas de calidad igual que otros proveedores chinos antes de hacer el pedido, s\u00f3lo queremos probar. Cuando se combinan con nuestro propio gasificador, que funciona muy bien, no hay problema de aceite de alquitr\u00e1n, no aburrido mantener problema; estamos muy satisfechos con la antorcha y sus generadores, vamos a comprar m\u00e1s de ellos.\t\t<span class=\"icon-quote-right\"><\/span>\n\t<\/p>\n\t<div class=\"client_info\">\n\n\t\t\tAnthony Chlela\n\t\t- <span>CTO<\/span>\t\t\n\t\t<a href=\"http:\/\/machinery.phoenixlb.com\/\" target=\"_blank\" title=\"Maquinaria Phoenix\" class=\"client_link\">Maquinaria Phoenix<\/a>\t\t\t\n\t\t\n\n\t<\/div>\n<\/div><\/div>\n<\/div><div><div class=\"testimonial item\">\n\n\n\n<div class=\"text\">\n\t<p>\n\t\t<span class=\"icon-quote-left\"><\/span>\n\t\t\tGosun es un fabricante profesional de generador de gas en China. Convierten un motor diesel cummins 1500rpm a 900rpm generador alimentado por motor de gas de biomasa para nuestras granjas, su ingeniero es tan profesional, adem\u00e1s, su due\u00f1o es mi mejor amigo en China. \u00c9l me ayud\u00f3 mucho en otros negocios en China.\t\t<span class=\"icon-quote-right\"><\/span>\n\t<\/p>\n\t<div class=\"client_info\">\n\n\t\t\tKenneth Dominado\n\t\t- <span>Director de compras<\/span>\t\t\n\t\t\t\t\t\n\t\t\n\n\t<\/div>\n<\/div><\/div>\n<\/div>\r\n\t\t\t\t\t<\/div>\r\n\t\t\t\t\t\r\n\t\t\t\t<div id=\"slider-testimonial-dynamicID-177342-dots\" class=\"dots-holder\">\r\n\t\t\t\t<\/div>\r\n\t\t\t\r\n\t\t\t\t<\/div>\n\n\t\t<\/div>\n\t<\/div>\n\n<\/div>\n<\/div>","protected":false},"excerpt":{"rendered":"","protected":false},"author":1,"featured_media":0,"parent":0,"menu_order":0,"comment_status":"open","ping_status":"open","template":"","meta":{"footnotes":""},"class_list":["post-9","page","type-page","status-publish","hentry"],"aioseo_notices":[],"_links":{"self":[{"href":"https:\/\/www.chinesegenset.com\/es\/wp-json\/wp\/v2\/pages\/9","targetHints":{"allow":["GET"]}}],"collection":[{"href":"https:\/\/www.chinesegenset.com\/es\/wp-json\/wp\/v2\/pages"}],"about":[{"href":"https:\/\/www.chinesegenset.com\/es\/wp-json\/wp\/v2\/types\/page"}],"author":[{"embeddable":true,"href":"https:\/\/www.chinesegenset.com\/es\/wp-json\/wp\/v2\/users\/1"}],"replies":[{"embeddable":true,"href":"https:\/\/www.chinesegenset.com\/es\/wp-json\/wp\/v2\/comments?post=9"}],"version-history":[{"count":19,"href":"https:\/\/www.chinesegenset.com\/es\/wp-json\/wp\/v2\/pages\/9\/revisions"}],"predecessor-version":[{"id":4426,"href":"https:\/\/www.chinesegenset.com\/es\/wp-json\/wp\/v2\/pages\/9\/revisions\/4426"}],"wp:attachment":[{"href":"https:\/\/www.chinesegenset.com\/es\/wp-json\/wp\/v2\/media?parent=9"}],"curies":[{"name":"wp","href":"https:\/\/api.w.org\/{rel}","templated":true}]}}