{"id":4389,"date":"2022-02-24T14:09:13","date_gmt":"2022-02-24T14:09:13","guid":{"rendered":"https:\/\/www.chinesegenset.com\/?page_id=4389"},"modified":"2022-02-24T14:16:54","modified_gmt":"2022-02-24T14:16:54","slug":"natural-gas-generator","status":"publish","type":"page","link":"https:\/\/www.chinesegenset.com\/es\/natural-gas-generator\/","title":{"rendered":"Generador de gas natural"},"content":{"rendered":"<div  class=\"content_row row vc_row wpb_row vc_row-fluid default-style default\" >\n\t\n\t<div class=\"content_row_wrapper\" >\n\t<div class=\"vc_col-sm-12 wpb_column vc_column_container\" >\n\t\t<div class=\"wpb_wrapper\">\n\t\t\t\n\t<div class=\"wpb_text_column wpb_content_element  vc_custom_1645712196373\" >\n\t\t<div class=\"wpb_wrapper\">\n\t\t\t<h3>T\u00edtulo personalizado<\/h3>\n<p>Lorem ipsum dolor sit amet consectetur adipiscing elit etiam dictum ultrices, cum placerat per dictumst ligula odio pellentesque class pulvinar parturient, neque turpis tortor sociosqu est dis posuere condimentum fermentum. Luctus donec ac cubilia porta odio vehicula cum tristique dictum nulla at, non quis suspendisse mi nec magnis nascetur ultricies felis eleifend massa bibendum, nullam hac neque elementum lacus habitant habitasse malesuada suscipit est. Augue lectus leo curabitur lacus, purus dapibus posuere. Vulputate nulla eros tempus bibendum cras rhoncus natoque fusce pulvinar ornare tempor, nec odio donec imperdiet primis turpis parturient euismod pretium habitasse. Aliquet eros integer at mattis sagittis commodo non, felis interdum magnis praesent torquent. Dui nunc vivamus cubilia ante nisl curabitur fusce, quisque nam platea per eleifend condimentum viverra, malesuada sociosqu eu eget ligula aliquet. Nibh himenaeos fermentum quam vehicula iaculis hendrerit ante egestas integer, enim senectus urna pharetra semper curabitur vestibulum odio, venenatis ultricies viverra suscipit nostra blandit magna habitant.<\/p>\n\n\t\t<\/div>\n\t<\/div>\n\n<div id=\"product-dynamicID-126917\" class=\"product_holder product-showcase clearfix  border_grid fixed_heights\" data-column-width=\"3\">\n<div class=\"row clearfix\">\n<div class=\"col product_item_holder col-sm-4  jdec-natural-gas-generator\">\n\n<div class=\"product_item_holder\">\n\n\t\t\t<div class=\"featured_image\"> \n\t\t\t<!-- product image -->\n\t\t\t<div class=\"featured_image\"> \n\t\t\t\t<a href=\"https:\/\/www.chinesegenset.com\/es\/product\/600kw-750kva-middle-speed-jdec-natural-gas-genset-from-china-factory\/\" title=\"600kw 750kva velocidad media JDEC grupo electr\u00f3geno de gas natural de la f\u00e1brica de China\" rel=\"bookmark\" class=\"imgeffect link\"><img decoding=\"async\" src=\"https:\/\/www.chinesegenset.com\/wp-content\/uploads\/2017\/10\/600kw-750kva-middle-speed-JDEC-natural-gas-genset-from-China-factory-480x334.jpg\" alt=\"600kw 750kva velocidad media JDEC grupo electr\u00f3geno de gas natural de la f\u00e1brica de China\" class=\"\" \/><\/a> \n\t\t\t<\/div> \n\t\t<\/div> \n\t\n\n\t\n\t\t\t\t\t\t\n\t\t<div class=\"product_info\">\n\n\t\t\t\t\t\t\t\t<!-- title-->\n\t\t\t\t<h5 class=\"clean_heading\"><a href=\"https:\/\/www.chinesegenset.com\/es\/product\/600kw-750kva-middle-speed-jdec-natural-gas-genset-from-china-factory\/\" title=\"600kw 750kva velocidad media JDEC grupo electr\u00f3geno de gas natural de la f\u00e1brica de China\" rel=\"bookmark\">600kw 750kva velocidad media JDEC grupo electr\u00f3geno de gas natural de la f\u00e1brica de China<\/a><\/h5>\n\t\t\t\t\n\t\t\t\t<!-- text-->\n\t\t\t\t<p>600kw 750kva velocidad media JDEC grupo electr\u00f3geno de gas natural de la f\u00e1brica de China, dise\u00f1ado por el funcionamiento continuo para uso comercial e industrial, adecuado para Nigeria, Rusia, Am\u00e9rica, Dubai, Irak, Ir\u00e1n y otros pa\u00edses de Asia oriental.<\/p>\n\t\t\t\t<div class=\"product_info_footer clearfix\">\n\t\t\t<!-- product price -->\n\t\t\t<p class=\"price icon-\">\t\n\t\t\t\t<del><span class=\"amount\">$90<\/span><\/del> <ins><span class=\"amount\">$75<\/span><\/ins>\n\t\t\t<\/p> \n\t\t<div class=\"action_buttons\"><a href=\"https:\/\/www.chinesegenset.com\/es\/product\/600kw-750kva-middle-speed-jdec-natural-gas-genset-from-china-factory\/\" title=\"600kw 750kva velocidad media JDEC grupo electr\u00f3geno de gas natural de la f\u00e1brica de China\" class=\"details icon-angle-right\">Detalles<\/a><\/div><\/div> \t\t\n\n\t\t<\/div>\n\t\t\n\n\t\n<\/div><\/div>\n<div class=\"col product_item_holder col-sm-4  jdec-natural-gas-generator\">\n\n<div class=\"product_item_holder\">\n\n\t\t\t<div class=\"featured_image\"> \n\t\t\t<!-- product image -->\n\t\t\t<div class=\"featured_image\"> \n\t\t\t\t<a href=\"https:\/\/www.chinesegenset.com\/es\/product\/500kw-1000rpm-medium-speed-jdec-natural-gas-generator-set-from-china\/\" title=\"500kw 1000rpm velocidad media JDEC grupo generador de gas natural de China\" rel=\"bookmark\" class=\"imgeffect link\"><img decoding=\"async\" src=\"https:\/\/www.chinesegenset.com\/wp-content\/uploads\/2017\/10\/500kw-1000rpm-medium-speed-JDEC-natural-gas-generator-set-from-China-480x334.jpg\" alt=\"500kw 1000rpm velocidad media JDEC grupo generador de gas natural de China\" class=\"\" \/><\/a> \n\t\t\t<\/div> \n\t\t<\/div> \n\t\n\n\t\n\t\t\t\t\t\t\n\t\t<div class=\"product_info\">\n\n\t\t\t\t\t\t\t\t<!-- title-->\n\t\t\t\t<h5 class=\"clean_heading\"><a href=\"https:\/\/www.chinesegenset.com\/es\/product\/500kw-1000rpm-medium-speed-jdec-natural-gas-generator-set-from-china\/\" title=\"500kw 1000rpm velocidad media JDEC grupo generador de gas natural de China\" rel=\"bookmark\">500kw 1000rpm velocidad media JDEC grupo generador de gas natural de China<\/a><\/h5>\n\t\t\t\t\n\t\t\t\t<!-- text-->\n\t\t\t\t<p>500kw 1000rpm velocidad media JDEC generador de gas natural de China, puede ser enfriado por una torre de refrigeraci\u00f3n externa o un tanque de agua de refrigeraci\u00f3n incorporado, adecuado para el uso industrial de funcionamiento continuo.<\/p>\n\t\t\t\t<div class=\"product_info_footer clearfix\">\n\t\t\t<!-- product price -->\n\t\t\t<p class=\"price icon-\">\t\n\t\t\t\t<del><span class=\"amount\">$90<\/span><\/del> <ins><span class=\"amount\">$75<\/span><\/ins>\n\t\t\t<\/p> \n\t\t<div class=\"action_buttons\"><a href=\"https:\/\/www.chinesegenset.com\/es\/product\/500kw-1000rpm-medium-speed-jdec-natural-gas-generator-set-from-china\/\" title=\"500kw 1000rpm velocidad media JDEC grupo generador de gas natural de China\" class=\"details icon-angle-right\">Detalles<\/a><\/div><\/div> \t\t\n\n\t\t<\/div>\n\t\t\n\n\t\n<\/div><\/div>\n<div class=\"col product_item_holder col-sm-4  jdec-natural-gas-generator\">\n\n<div class=\"product_item_holder\">\n\n\t\t\t<div class=\"featured_image\"> \n\t\t\t<!-- product image -->\n\t\t\t<div class=\"featured_image\"> \n\t\t\t\t<a href=\"https:\/\/www.chinesegenset.com\/es\/product\/1000kw-1mw-jdec-natural-gas-generator-1500-rpm-12-cylinders-engine\/\" title=\"1000kw 1MW JDEC generador de gas natural 1500 rpm motor de 12 cilindros\" rel=\"bookmark\" class=\"imgeffect link\"><img decoding=\"async\" src=\"https:\/\/www.chinesegenset.com\/wp-content\/uploads\/2017\/10\/1000kw-1MW-JDEC-natural-gas-generator-1500-rpm-12-cylinders-engine-480x334.jpg\" alt=\"1000kw 1MW JDEC generador de gas natural 1500 rpm motor de 12 cilindros\" class=\"\" \/><\/a> \n\t\t\t<\/div> \n\t\t<\/div> \n\t\n\n\t\n\t\t\t\t\t\t\n\t\t<div class=\"product_info\">\n\n\t\t\t\t\t\t\t\t<!-- title-->\n\t\t\t\t<h5 class=\"clean_heading\"><a href=\"https:\/\/www.chinesegenset.com\/es\/product\/1000kw-1mw-jdec-natural-gas-generator-1500-rpm-12-cylinders-engine\/\" title=\"1000kw 1MW JDEC generador de gas natural 1500 rpm motor de 12 cilindros\" rel=\"bookmark\">1000kw 1MW JDEC generador de gas natural 1500 rpm motor de 12 cilindros<\/a><\/h5>\n\t\t\t\t\n\t\t\t\t<!-- text-->\n\t\t\t\t<p>1000kw 1MW JDEC generador de gas natural con 1500 rpm 12 cilindros del motor de gas natural, acoplamiento con alternador Stamford de Cummins China Generador Tecnolog\u00eda .<\/p>\n\t\t\t\t<div class=\"product_info_footer clearfix\">\n\t\t\t<!-- product price -->\n\t\t\t<p class=\"price icon-\">\t\n\t\t\t\t<del><span class=\"amount\">$90<\/span><\/del> <ins><span class=\"amount\">$75<\/span><\/ins>\n\t\t\t<\/p> \n\t\t<div class=\"action_buttons\"><a href=\"https:\/\/www.chinesegenset.com\/es\/product\/1000kw-1mw-jdec-natural-gas-generator-1500-rpm-12-cylinders-engine\/\" title=\"1000kw 1MW JDEC generador de gas natural 1500 rpm motor de 12 cilindros\" class=\"details icon-angle-right\">Detalles<\/a><\/div><\/div> \t\t\n\n\t\t<\/div>\n\t\t\n\n\t\n<\/div><\/div>\n<\/div>\n<div class=\"row clearfix\">\n<div class=\"col product_item_holder col-sm-4  jdec-natural-gas-generator\">\n\n<div class=\"product_item_holder\">\n\n\t\t\t<div class=\"featured_image\"> \n\t\t\t<!-- product image -->\n\t\t\t<div class=\"featured_image\"> \n\t\t\t\t<a href=\"https:\/\/www.chinesegenset.com\/es\/product\/700kw-natural-gas-generator-set-from-jinan-diesel-engine-corporation\/\" title=\"Grupo electr\u00f3geno de gas natural de 700 kW de Jinan Diesel Engine Corporation\" rel=\"bookmark\" class=\"imgeffect link\"><img decoding=\"async\" src=\"https:\/\/www.chinesegenset.com\/wp-content\/uploads\/2017\/10\/700kw-natural-gas-generator-set-from-Jinan-Diesel-Engine-Corporation-480x334.jpg\" alt=\"Grupo electr\u00f3geno de gas natural de 700 kW de Jinan Diesel Engine Corporation\" class=\"\" \/><\/a> \n\t\t\t<\/div> \n\t\t<\/div> \n\t\n\n\t\n\t\t\t\t\t\t\n\t\t<div class=\"product_info\">\n\n\t\t\t\t\t\t\t\t<!-- title-->\n\t\t\t\t<h5 class=\"clean_heading\"><a href=\"https:\/\/www.chinesegenset.com\/es\/product\/700kw-natural-gas-generator-set-from-jinan-diesel-engine-corporation\/\" title=\"Grupo electr\u00f3geno de gas natural de 700 kW de Jinan Diesel Engine Corporation\" rel=\"bookmark\">Grupo electr\u00f3geno de gas natural de 700 kW de Jinan Diesel Engine Corporation<\/a><\/h5>\n\t\t\t\t\n\t\t\t\t<!-- text-->\n\t\t\t\t<p>Grupo electr\u00f3geno de gas natural de 700 kW de Jinan Diesel Engine Corporation, propulsado por motor de gas natural 12V190ZLDK v line de 12 cilindros y alternador de tecnolog\u00eda Simens.<\/p>\n\t\t\t\t<div class=\"product_info_footer clearfix\">\n\t\t\t<!-- product price -->\n\t\t\t<p class=\"price icon-\">\t\n\t\t\t\t<del><span class=\"amount\">$90<\/span><\/del> <ins><span class=\"amount\">$75<\/span><\/ins>\n\t\t\t<\/p> \n\t\t<div class=\"action_buttons\"><a href=\"https:\/\/www.chinesegenset.com\/es\/product\/700kw-natural-gas-generator-set-from-jinan-diesel-engine-corporation\/\" title=\"Grupo electr\u00f3geno de gas natural de 700 kW de Jinan Diesel Engine Corporation\" class=\"details icon-angle-right\">Detalles<\/a><\/div><\/div> \t\t\n\n\t\t<\/div>\n\t\t\n\n\t\n<\/div><\/div>\n<div class=\"col product_item_holder col-sm-4  man-natural-gas-generator\">\n\n<div class=\"product_item_holder\">\n\n\t\t\t<div class=\"featured_image\"> \n\t\t\t<!-- product image -->\n\t\t\t<div class=\"featured_image\"> \n\t\t\t\t<a href=\"https:\/\/www.chinesegenset.com\/es\/product\/500kw-625kva-man-chp-natural-gas-generator-set\/\" title=\"Generador de gas natural MAN CHP de 500 kw y 625 kva que tambi\u00e9n funciona con gas de lecho de carb\u00f3n\" rel=\"bookmark\" class=\"imgeffect link\"><img decoding=\"async\" src=\"https:\/\/www.chinesegenset.com\/wp-content\/uploads\/2017\/08\/500kw-625kva-MAN-CHP-natural-gas-generator-also-run-on-coal-bed-gas-480x334.jpg\" alt=\"Generador de gas natural MAN CHP de 500 kw y 625 kva que tambi\u00e9n funciona con gas de lecho de carb\u00f3n\" class=\"\" \/><\/a> \n\t\t\t<\/div> \n\t\t<\/div> \n\t\n\n\t\n\t\t\t\t\t\t\n\t\t<div class=\"product_info\">\n\n\t\t\t\t\t\t\t\t<!-- title-->\n\t\t\t\t<h5 class=\"clean_heading\"><a href=\"https:\/\/www.chinesegenset.com\/es\/product\/500kw-625kva-man-chp-natural-gas-generator-set\/\" title=\"Generador de gas natural MAN CHP de 500 kw y 625 kva que tambi\u00e9n funciona con gas de lecho de carb\u00f3n\" rel=\"bookmark\">Generador de gas natural MAN CHP de 500 kw y 625 kva que tambi\u00e9n funciona con gas de lecho de carb\u00f3n<\/a><\/h5>\n\t\t\t\t\n\t\t\t\t<!-- text-->\n\t\t\t\t<p>Durable 500kw 625kva MAN CHP generador de gas natural tambi\u00e9n funcionan con gas de lecho de carb\u00f3n de la f\u00e1brica de China OEM, funcionan con gas natural, gas de lecho de carb\u00f3n, gas de mina de carb\u00f3n, gas de los pantanos y otro gas metano, continua 8000 horas de trabajo.<\/p>\n\t\t\t\t<div class=\"product_info_footer clearfix\">\n\t\t\t<!-- product price -->\n\t\t\t<p class=\"price icon-\">\t\n\t\t\t\t<del><span class=\"amount\">$90<\/span><\/del> <ins><span class=\"amount\">$75<\/span><\/ins>\n\t\t\t<\/p> \n\t\t<div class=\"action_buttons\"><a href=\"https:\/\/www.chinesegenset.com\/es\/product\/500kw-625kva-man-chp-natural-gas-generator-set\/\" title=\"Generador de gas natural MAN CHP de 500 kw y 625 kva que tambi\u00e9n funciona con gas de lecho de carb\u00f3n\" class=\"details icon-angle-right\">Detalles<\/a><\/div><\/div> \t\t\n\n\t\t<\/div>\n\t\t\n\n\t\n<\/div><\/div>\n<div class=\"col product_item_holder col-sm-4  man-natural-gas-generator\">\n\n<div class=\"product_item_holder\">\n\n\t\t\t<div class=\"featured_image\"> \n\t\t\t<!-- product image -->\n\t\t\t<div class=\"featured_image\"> \n\t\t\t\t<a href=\"https:\/\/www.chinesegenset.com\/es\/product\/400kw-500kva-original-man-sewage-gas-power-plant-generator-set\/\" title=\"400kw 500kva original MAN planta de energ\u00eda de gas de alcantarillado grupo electr\u00f3geno\" rel=\"bookmark\" class=\"imgeffect link\"><img decoding=\"async\" src=\"https:\/\/www.chinesegenset.com\/wp-content\/uploads\/2017\/08\/400kw-500kva-original-MAN-sewage-gas-power-plant-generator-set-480x334.jpg\" alt=\"400kw 500kva original MAN planta de energ\u00eda de gas de alcantarillado grupo electr\u00f3geno\" class=\"\" \/><\/a> \n\t\t\t<\/div> \n\t\t<\/div> \n\t\n\n\t\n\t\t\t\t\t\t\n\t\t<div class=\"product_info\">\n\n\t\t\t\t\t\t\t\t<!-- title-->\n\t\t\t\t<h5 class=\"clean_heading\"><a href=\"https:\/\/www.chinesegenset.com\/es\/product\/400kw-500kva-original-man-sewage-gas-power-plant-generator-set\/\" title=\"400kw 500kva original MAN planta de energ\u00eda de gas de alcantarillado grupo electr\u00f3geno\" rel=\"bookmark\">400kw 500kva original MAN planta de energ\u00eda de gas de alcantarillado grupo electr\u00f3geno<\/a><\/h5>\n\t\t\t\t\n\t\t\t\t<!-- text-->\n\t\t\t\t<p>Lean quemar 400kw 500kva original MAN aguas residuales planta de gas generador de la f\u00e1brica del OEM de China, conveniente para la planta de aguas residuales municipales, crear valor econ\u00f3mico adicional y respetuoso del medio ambiente.<\/p>\n\t\t\t\t<div class=\"product_info_footer clearfix\">\n\t\t\t<!-- product price -->\n\t\t\t<p class=\"price icon-\">\t\n\t\t\t\t<del><span class=\"amount\">$90<\/span><\/del> <ins><span class=\"amount\">$75<\/span><\/ins>\n\t\t\t<\/p> \n\t\t<div class=\"action_buttons\"><a href=\"https:\/\/www.chinesegenset.com\/es\/product\/400kw-500kva-original-man-sewage-gas-power-plant-generator-set\/\" title=\"400kw 500kva original MAN planta de energ\u00eda de gas de alcantarillado grupo electr\u00f3geno\" class=\"details icon-angle-right\">Detalles<\/a><\/div><\/div> \t\t\n\n\t\t<\/div>\n\t\t\n\n\t\n<\/div><\/div>\n<\/div>\n<div class=\"row clearfix\">\n<div class=\"col product_item_holder col-sm-4  man-natural-gas-generator\">\n\n<div class=\"product_item_holder\">\n\n\t\t\t<div class=\"featured_image\"> \n\t\t\t<!-- product image -->\n\t\t\t<div class=\"featured_image\"> \n\t\t\t\t<a href=\"https:\/\/www.chinesegenset.com\/es\/product\/245kw-306kva-man-gas-engine-powered-electric-generator-on-sale\/\" title=\"245kw 306kva MAN motor de gas generador el\u00e9ctrico en venta\" rel=\"bookmark\" class=\"imgeffect link\"><img decoding=\"async\" src=\"https:\/\/www.chinesegenset.com\/wp-content\/uploads\/2017\/08\/245kw-306kva-MAN-gas-engine-powered-electric-generator-on-sale-480x334.jpg\" alt=\"245kw 306kva MAN motor de gas generador el\u00e9ctrico en venta\" class=\"\" \/><\/a> \n\t\t\t<\/div> \n\t\t<\/div> \n\t\n\n\t\n\t\t\t\t\t\t\n\t\t<div class=\"product_info\">\n\n\t\t\t\t\t\t\t\t<!-- title-->\n\t\t\t\t<h5 class=\"clean_heading\"><a href=\"https:\/\/www.chinesegenset.com\/es\/product\/245kw-306kva-man-gas-engine-powered-electric-generator-on-sale\/\" title=\"245kw 306kva MAN motor de gas generador el\u00e9ctrico en venta\" rel=\"bookmark\">245kw 306kva MAN motor de gas generador el\u00e9ctrico en venta<\/a><\/h5>\n\t\t\t\t\n\t\t\t\t<!-- text-->\n\t\t\t\t<p>De alta resistencia 245kw 306kva MAN motor de gas alimentado generador el\u00e9ctrico de China fabricante OEM, que funcionan con gas natural, gas metano, GNC, GNL, se adapta para el uso principal .<\/p>\n\t\t\t\t<div class=\"product_info_footer clearfix\">\n\t\t\t<!-- product price -->\n\t\t\t<p class=\"price icon-\">\t\n\t\t\t\t<del><span class=\"amount\">$90<\/span><\/del> <ins><span class=\"amount\">$75<\/span><\/ins>\n\t\t\t<\/p> \n\t\t<div class=\"action_buttons\"><a href=\"https:\/\/www.chinesegenset.com\/es\/product\/245kw-306kva-man-gas-engine-powered-electric-generator-on-sale\/\" title=\"245kw 306kva MAN motor de gas generador el\u00e9ctrico en venta\" class=\"details icon-angle-right\">Detalles<\/a><\/div><\/div> \t\t\n\n\t\t<\/div>\n\t\t\n\n\t\n<\/div><\/div>\n<div class=\"col product_item_holder col-sm-4  man-natural-gas-generator\">\n\n<div class=\"product_item_holder\">\n\n\t\t\t<div class=\"featured_image\"> \n\t\t\t<!-- product image -->\n\t\t\t<div class=\"featured_image\"> \n\t\t\t\t<a href=\"https:\/\/www.chinesegenset.com\/es\/product\/grupo-electrogeno-de-gas-de-pizarra-de-metano-de-230-kw-y-288-kva-con-turbina-humana\/\" title=\"Grupo electr\u00f3geno de gas metano de esquisto con motor de turbina MAN de 230 kw y 288 kva\" rel=\"bookmark\" class=\"imgeffect link\"><img decoding=\"async\" src=\"https:\/\/www.chinesegenset.com\/wp-content\/uploads\/2017\/08\/230kw-288kva-MAN-turbine-engine-methane-shale-gas-generator-set-480x334.jpg\" alt=\"Grupo electr\u00f3geno de gas metano de esquisto con motor de turbina MAN de 230 kw y 288 kva\" class=\"\" \/><\/a> \n\t\t\t<\/div> \n\t\t<\/div> \n\t\n\n\t\n\t\t\t\t\t\t\n\t\t<div class=\"product_info\">\n\n\t\t\t\t\t\t\t\t<!-- title-->\n\t\t\t\t<h5 class=\"clean_heading\"><a href=\"https:\/\/www.chinesegenset.com\/es\/product\/grupo-electrogeno-de-gas-de-pizarra-de-metano-de-230-kw-y-288-kva-con-turbina-humana\/\" title=\"Grupo electr\u00f3geno de gas metano de esquisto con motor de turbina MAN de 230 kw y 288 kva\" rel=\"bookmark\">Grupo electr\u00f3geno de gas metano de esquisto con motor de turbina MAN de 230 kw y 288 kva<\/a><\/h5>\n\t\t\t\t\n\t\t\t\t<!-- text-->\n\t\t\t\t<p>230kw 288kva MAN motor de turbina de gas metano esquisto grupo generador de China OEM fabricante, impulsado por gas natural, gas metano, gas de esquisto, fiable y trajes para el funcionamiento continuo.<\/p>\n\t\t\t\t<div class=\"product_info_footer clearfix\">\n\t\t\t<!-- product price -->\n\t\t\t<p class=\"price icon-\">\t\n\t\t\t\t<del><span class=\"amount\">$90<\/span><\/del> <ins><span class=\"amount\">$75<\/span><\/ins>\n\t\t\t<\/p> \n\t\t<div class=\"action_buttons\"><a href=\"https:\/\/www.chinesegenset.com\/es\/product\/grupo-electrogeno-de-gas-de-pizarra-de-metano-de-230-kw-y-288-kva-con-turbina-humana\/\" title=\"Grupo electr\u00f3geno de gas metano de esquisto con motor de turbina MAN de 230 kw y 288 kva\" class=\"details icon-angle-right\">Detalles<\/a><\/div><\/div> \t\t\n\n\t\t<\/div>\n\t\t\n\n\t\n<\/div><\/div>\n<div class=\"col product_item_holder col-sm-4  man-natural-gas-generator\">\n\n<div class=\"product_item_holder\">\n\n\t\t\t<div class=\"featured_image\"> \n\t\t\t<!-- product image -->\n\t\t\t<div class=\"featured_image\"> \n\t\t\t\t<a href=\"https:\/\/www.chinesegenset.com\/es\/product\/190kw-237-5kva-man-natural-gas-cng-lng-power-genset-for-industrial-applications\/\" title=\"Grupo electr\u00f3geno MAN a gas natural GNC GNL de 190 kW y 237,5 kVA para aplicaciones industriales\" rel=\"bookmark\" class=\"imgeffect link\"><img decoding=\"async\" src=\"https:\/\/www.chinesegenset.com\/wp-content\/uploads\/2017\/08\/190kw-237.5kva-MAN-natural-gas-CNG-LNG-power-genset-for-industrial-applications-480x334.jpg\" alt=\"Grupo electr\u00f3geno MAN a gas natural GNC GNL de 190 kW y 237,5 kVA para aplicaciones industriales\" class=\"\" \/><\/a> \n\t\t\t<\/div> \n\t\t<\/div> \n\t\n\n\t\n\t\t\t\t\t\t\n\t\t<div class=\"product_info\">\n\n\t\t\t\t\t\t\t\t<!-- title-->\n\t\t\t\t<h5 class=\"clean_heading\"><a href=\"https:\/\/www.chinesegenset.com\/es\/product\/190kw-237-5kva-man-natural-gas-cng-lng-power-genset-for-industrial-applications\/\" title=\"Grupo electr\u00f3geno MAN a gas natural GNC GNL de 190 kW y 237,5 kVA para aplicaciones industriales\" rel=\"bookmark\">Grupo electr\u00f3geno MAN a gas natural GNC GNL de 190 kW y 237,5 kVA para aplicaciones industriales<\/a><\/h5>\n\t\t\t\t\n\t\t\t\t<!-- text-->\n\t\t\t\t<p>2017 190kw 237.5kva MAN gas natural GNC GNL grupo electr\u00f3geno de energ\u00eda para aplicaciones industriales de China proveedor, en funcionamiento continuo, trajes para la estaci\u00f3n de comunicaci\u00f3n, campo petrol\u00edfero, barco, banco, aeropuerto y otras aplicaciones industriales.<\/p>\n\t\t\t\t<div class=\"product_info_footer clearfix\">\n\t\t\t<!-- product price -->\n\t\t\t<p class=\"price icon-\">\t\n\t\t\t\t<del><span class=\"amount\">$90<\/span><\/del> <ins><span class=\"amount\">$75<\/span><\/ins>\n\t\t\t<\/p> \n\t\t<div class=\"action_buttons\"><a href=\"https:\/\/www.chinesegenset.com\/es\/product\/190kw-237-5kva-man-natural-gas-cng-lng-power-genset-for-industrial-applications\/\" title=\"Grupo electr\u00f3geno MAN a gas natural GNC GNL de 190 kW y 237,5 kVA para aplicaciones industriales\" class=\"details icon-angle-right\">Detalles<\/a><\/div><\/div> \t\t\n\n\t\t<\/div>\n\t\t\n\n\t\n<\/div><\/div>\n<\/div>\n<div class=\"row clearfix\">\n<div class=\"col product_item_holder col-sm-4  man-natural-gas-generator\">\n\n<div class=\"product_item_holder\">\n\n\t\t\t<div class=\"featured_image\"> \n\t\t\t<!-- product image -->\n\t\t\t<div class=\"featured_image\"> \n\t\t\t\t<a href=\"https:\/\/www.chinesegenset.com\/es\/product\/135kw-man-gas-turbine-generator-set-50hz-400v-8000-hours-continuous\/\" title=\"Grupo generador de turbina de gas MAN 135kw 50HZ 400V 8000 horas continuas\" rel=\"bookmark\" class=\"imgeffect link\"><img decoding=\"async\" src=\"https:\/\/www.chinesegenset.com\/wp-content\/uploads\/2017\/08\/135kw-MAN-gas-turbine-generator-set-50HZ-400V-8000-hours-continuous-480x334.jpg\" alt=\"Grupo generador de turbina de gas MAN 135kw 50HZ 400V 8000 horas continuas\" class=\"\" \/><\/a> \n\t\t\t<\/div> \n\t\t<\/div> \n\t\n\n\t\n\t\t\t\t\t\t\n\t\t<div class=\"product_info\">\n\n\t\t\t\t\t\t\t\t<!-- title-->\n\t\t\t\t<h5 class=\"clean_heading\"><a href=\"https:\/\/www.chinesegenset.com\/es\/product\/135kw-man-gas-turbine-generator-set-50hz-400v-8000-hours-continuous\/\" title=\"Grupo generador de turbina de gas MAN 135kw 50HZ 400V 8000 horas continuas\" rel=\"bookmark\">Grupo generador de turbina de gas MAN 135kw 50HZ 400V 8000 horas continuas<\/a><\/h5>\n\t\t\t\t\n\t\t\t\t<!-- text-->\n\t\t\t\t<p>Super silencioso 135kw MAN generador de turbina de gas 50HZ 400V con 8000 horas de funcionamiento continuo del fabricante OEM, adecuado para el uso principal, para el banco, edificio de oficinas, aeropuerto, puerto mar\u00edtimo, etc aplicaci\u00f3n.<\/p>\n\t\t\t\t<div class=\"product_info_footer clearfix\">\n\t\t\t<!-- product price -->\n\t\t\t<p class=\"price icon-\">\t\n\t\t\t\t<del><span class=\"amount\">$90<\/span><\/del> <ins><span class=\"amount\">$75<\/span><\/ins>\n\t\t\t<\/p> \n\t\t<div class=\"action_buttons\"><a href=\"https:\/\/www.chinesegenset.com\/es\/product\/135kw-man-gas-turbine-generator-set-50hz-400v-8000-hours-continuous\/\" title=\"Grupo generador de turbina de gas MAN 135kw 50HZ 400V 8000 horas continuas\" class=\"details icon-angle-right\">Detalles<\/a><\/div><\/div> \t\t\n\n\t\t<\/div>\n\t\t\n\n\t\n<\/div><\/div>\n<\/div>\n<\/div>\n<div class=\"paging_wrapper margin-t30 margin-b30\"><ul class='page-numbers'>\n\t<li><span aria-current=\"page\" class=\"page-numbers current\">1<\/span><\/li>\n\t<li><a class=\"page-numbers\" href=\"https:\/\/www.chinesegenset.com\/es\/wp-json\/wp\/v2\/pages\/4389\/page\/2\/\">2<\/a><\/li>\n\t<li><a class=\"page-numbers\" href=\"https:\/\/www.chinesegenset.com\/es\/wp-json\/wp\/v2\/pages\/4389\/page\/3\/\">3<\/a><\/li>\n\t<li><a class=\"next page-numbers\" href=\"https:\/\/www.chinesegenset.com\/es\/wp-json\/wp\/v2\/pages\/4389\/page\/2\/\"><span class=\"icon-angle-right\"><\/span><\/a><\/li>\n<\/ul>\n<\/div>\n\t<div class=\"wpb_text_column wpb_content_element  vc_custom_1645712212573\" >\n\t\t<div class=\"wpb_wrapper\">\n\t\t\t<h3>T\u00edtulo personalizado<\/h3>\n<p>Soy bloque de texto. Haga clic en el bot\u00f3n de edici\u00f3n para cambiar este texto. Lorem ipsum dolor sit amet, consectetur adipiscing elit. Ut elit tellus, luctus nec ullamcorper mattis, pulvinar dapibus leo.<\/p>\n\n\t\t<\/div>\n\t<\/div>\n\n\t\t<\/div>\n\t<\/div>\n\n<\/div>\n<\/div>","protected":false},"excerpt":{"rendered":"1. Grupo electr\u00f3geno de turbina de gas MAN de 135kw 50HZ 400V con 8000 horas de funcionamiento continuo Especificaciones t\u00e9cnicas generales: Modelo del grupo electr\u00f3geno 135GT-MT Potencia nominal 135KW \/ 168.75KVA Velocidad nominal\/ Frecuencia nominal 1500 rpm \/50Hz Voltaje nominal 400\/230V Factor de potencia 0.8 Fase\/Cable 3Fase\/4Cable Corriente nominal (A) 243 Tipo de gas gas natural Tama\u00f1o total (mm) 2650x1100x1550 Peso (kg) 1870 Modelo del motor MAN E2876E312 Forma de admisi\u00f3n de aire Turbo intercooler Forma de enfriamiento Enfriamiento [...]","protected":false},"author":1,"featured_media":0,"parent":0,"menu_order":0,"comment_status":"closed","ping_status":"closed","template":"","meta":{"footnotes":""},"class_list":["post-4389","page","type-page","status-publish","hentry"],"aioseo_notices":[],"_links":{"self":[{"href":"https:\/\/www.chinesegenset.com\/es\/wp-json\/wp\/v2\/pages\/4389","targetHints":{"allow":["GET"]}}],"collection":[{"href":"https:\/\/www.chinesegenset.com\/es\/wp-json\/wp\/v2\/pages"}],"about":[{"href":"https:\/\/www.chinesegenset.com\/es\/wp-json\/wp\/v2\/types\/page"}],"author":[{"embeddable":true,"href":"https:\/\/www.chinesegenset.com\/es\/wp-json\/wp\/v2\/users\/1"}],"replies":[{"embeddable":true,"href":"https:\/\/www.chinesegenset.com\/es\/wp-json\/wp\/v2\/comments?post=4389"}],"version-history":[{"count":7,"href":"https:\/\/www.chinesegenset.com\/es\/wp-json\/wp\/v2\/pages\/4389\/revisions"}],"predecessor-version":[{"id":4396,"href":"https:\/\/www.chinesegenset.com\/es\/wp-json\/wp\/v2\/pages\/4389\/revisions\/4396"}],"wp:attachment":[{"href":"https:\/\/www.chinesegenset.com\/es\/wp-json\/wp\/v2\/media?parent=4389"}],"curies":[{"name":"wp","href":"https:\/\/api.w.org\/{rel}","templated":true}]}}