{"id":9,"date":"2015-02-02T04:30:57","date_gmt":"2015-02-02T04:30:57","guid":{"rendered":"http:\/\/rttheme19.rtthemes.com\/?page_id=9"},"modified":"2023-03-03T15:10:16","modified_gmt":"2023-03-03T15:10:16","slug":"about-us","status":"publish","type":"page","link":"https:\/\/www.chinesegenset.com\/de\/about-us\/","title":{"rendered":"\u00dcber uns"},"content":{"rendered":"<div  class=\"content_row row vc_row wpb_row vc_row-fluid default-style fullwidth\" >\n\t\n\t<div class=\"content_row_wrapper  default\" style=\"padding-top:100px;padding-bottom:140px;\">\n\t<div class=\"vc_col-sm-12 wpb_column vc_column_container\" >\n\t\t<div class=\"wpb_wrapper\">\n\t\t\t<div class=\"rt_heading_wrapper style-4\">\n\t\t\t\t\t\t\n\t\t\t\t\t\t<h1 class=\"rt_heading  style-4\" >\u00dcBER UNS<\/h1>\n\t\t\t\t\t<\/div>\n\n\t\t<\/div>\n\t<\/div>\n\n<\/div>\n<\/div>\n\n<div  class=\"content_row row vc_row wpb_row vc_row-fluid default-style fullwidth border-bottom\" >\n\t\n\t<div class=\"content_row_wrapper  default\" ><p>Shenzhen Gosun Industry Co.,Ltd befindet sich in Shenzhen, China, die in der Forschung, Entwicklung, Marketing und Service von Cummins Gasmotor-Generatoren, einschlie\u00dflich Erdgas-Generator, Biogas-Motor-Generator, Biomasse-Gas-Generator, Holz-Gas-Generator, Produzent Gas-Generator, Syngas-Generator, Land f\u00fcllen Gas-Generator, Kohle-Gas-Generator gesetzt, LPG-Generator, Propan-Generator gesetzt usw. spezialisiert. Wir k\u00f6nnen auch Dieselgeneratoren der Marke Cummins und andere Gas- und Dieselmotorgeneratoren herstellen.<\/p>\n<p>Unser Gasgenerator Leistungsbereich decken von 20kw bis 1200kw, 500RPM bis 1800RPM, durch Erdgas, Biogas, Biomasse-Gas, Produzent Holz Gas, Syngas und andere brennbare Gas, das niedrige W\u00e4rmewert mehr als 4.2MJ\/m3 angetrieben. Wir nehmen Weltklasse-Gasmotor-Technologie, Markennamen Motor und Generator, Z\u00fcndsystem, Drehzahlregelung System, Gas-Luft-Gemisch, Bedienfeld usw.; wir haben innovative erfahrene Designer in Gasmotor Bereich; wir streng durchf\u00fchren Qualit\u00e4tssystem und hoch Schatz Produktqualit\u00e4t; all dies macht ausgezeichnete Generator Leistung.<\/p>\n<p>Wir stellen haupts\u00e4chlich Gasgeneratoren mit Original-Gasmotoren der Marken Cummins, Deutz, MWM, MTU, Ricardo, JDEC Chidong und Zichai oder mit umgebauten Dieselmotoren her.<\/p>\n<p>Gasgeneratoren k\u00f6nnen kontinuierlich in Banken, Fabriken, Immobilien, Flugh\u00e4fen, Hotels, Autobahnen, Seeh\u00e4fen, Datenaustauschzentren, Telekommunikationseinrichtungen usw. eingesetzt werden. Angesichts der \u00d6lknappheit und verschiedener Umweltprobleme ist die Verwendung von Gasaggregaten ein perfekter Weg, um Kohlenstoffemissionen zu reduzieren und eine ausreichende Stromversorgung wirtschaftlich und effizient zu gew\u00e4hrleisten.<\/p>\n<p>Wir k\u00f6nnen auch helfen, Dieselmotor-Generator zu Gasmotor-Generator umzubauen, sollte der Kunde Ihre Diesel-Generator zu unserer Fabrik zu senden und zahlen einige Arbeitskosten und technische Beratung Kosten zu uns.<\/p>\n<p>Als professioneller Hersteller von Gasgeneratoren stellen wir auch Dieselgeneratoren der Marke Cummins und andere Marken von Dieselmotoren auf Kundenwunsch her.<\/p>\n<p>\"Never hurt your friend!\" ist unser Prinzip, wir wollen aufrichtig stabile Gesch\u00e4ftsbeziehungen und gute Freundschaft mit professionellen Generator H\u00e4ndler aus der ganzen Welt zu etablieren. Wir hei\u00dfen Sie herzlich willkommen, um unser weltweites Vertriebsnetz zu verbinden.<\/p>\n\n\t<div class=\"vc_col-sm-12 wpb_column vc_column_container\" >\n\t\t<div class=\"wpb_wrapper\">\n\t\t\t<div class=\"rt_heading_wrapper style-4\">\n\t\t\t\t\t\t<span class=\"punchline\">Meilensteine<\/span>\n\t\t\t\t\t\t<h4 class=\"rt_heading  with_punchline style-4\" >Kurze Geschichte unseres Unternehmens<\/h4>\n\t\t\t\t\t<\/div>\t \n\t\t<section  class=\"timeline\">\n\t\t\t \n\t\t<div  >\n\t\t\t \n\t\t<span class=\"event-date\">\n\t\t\t<span class=\"day\"><\/span>\n\t\t\t<span class=\"month\">M\u00e4rz, <\/span>\n\t\t\t<span class=\"year\">2017<\/span>\n\t\t<\/span>\n\t<div class=\"event-details\"><p>Einrichtung eines kompletten Pilotprojekts zur Stromerzeugung aus Biomassevergasern in Dongguan, China<\/p>\n<\/div>\n\t\t<\/div>\n\t\t \n\t\t<div  >\n\t\t\t \n\t\t<span class=\"event-date\">\n\t\t\t<span class=\"day\"><\/span>\n\t\t\t<span class=\"month\">September, <\/span>\n\t\t\t<span class=\"year\">2016<\/span>\n\t\t<\/span>\n\t<div class=\"event-details\"><p>Entwicklung und Herstellung des ersten Biogasgenerators f\u00fcr den nigerianischen Markt.<\/p>\n<\/div>\n\t\t<\/div>\n\t\t \n\t\t<div  >\n\t\t\t \n\t\t<span class=\"event-date\">\n\t\t\t<span class=\"day\"><\/span>\n\t\t\t<span class=\"month\">M\u00e4rz, <\/span>\n\t\t\t<span class=\"year\">2016<\/span>\n\t\t<\/span>\n\t<div class=\"event-details\"><p>Entwicklung und Herstellung von LPG-Generatoren f\u00fcr 5-Sterne-Hotels in Macao, die strenge Vorschriften f\u00fcr das Auslaufen von \u00d6l haben.<\/p>\n<\/div>\n\t\t<\/div>\n\t\t \n\t\t<div  >\n\t\t\t \n\t\t<span class=\"event-date\">\n\t\t\t<span class=\"day\"><\/span>\n\t\t\t<span class=\"month\">Juni, <\/span>\n\t\t\t<span class=\"year\">2015<\/span>\n\t\t<\/span>\n\t<div class=\"event-details\"><p>Entwicklung und Herstellung von 2 S\u00e4tzen eines LPG-Generators mit Cummins 4BTAA3.9-Gasmotor f\u00fcr den kanadischen Markt gem\u00e4\u00df der LPG-Zusammensetzung des Kunden.<\/p>\n<\/div>\n\t\t<\/div>\n\t\t \n\t\t<div  >\n\t\t\t \n\t\t<span class=\"event-date\">\n\t\t\t<span class=\"day\"><\/span>\n\t\t\t<span class=\"month\">Oktober, <\/span>\n\t\t\t<span class=\"year\">2014<\/span>\n\t\t<\/span>\n\t<div class=\"event-details\"><p>Verkauf des ersten Biomassegenerators auf dem libanesischen Markt.<\/p>\n<\/div>\n\t\t<\/div>\n\t\t \n\t\t<div  >\n\t\t\t \n\t\t<span class=\"event-date\">\n\t\t\t<span class=\"day\"><\/span>\n\t\t\t<span class=\"month\">Mai, <\/span>\n\t\t\t<span class=\"year\">2014<\/span>\n\t\t<\/span>\n\t<div class=\"event-details\"><p>Umbau eines Cummins-Dieselmotors mit 1500 U\/min in einen Cummins-Biomassegenerator mit 900 U\/min f\u00fcr den philippinischen Markt.<\/p>\n<\/div>\n\t\t<\/div>\n\t\t \n\t\t<div  >\n\t\t\t \n\t\t<span class=\"event-date\">\n\t\t\t<span class=\"day\"><\/span>\n\t\t\t<span class=\"month\">November, <\/span>\n\t\t\t<span class=\"year\">2013<\/span>\n\t\t<\/span>\n\t<div class=\"event-details\"><p>Entwicklung und Herstellung eines 15-kW-Biomassegenerators, der mit Reish\u00fclsengas mit einem niedrigen Heizwert von nur 4 MJ\/Nm3 f\u00fcr den japanischen Markt betrieben wird.<\/p>\n<\/div>\n\t\t<\/div>\n\t\t \n\t\t<div  >\n\t\t\t \n\t\t<span class=\"event-date\">\n\t\t\t<span class=\"day\"><\/span>\n\t\t\t<span class=\"month\">Juli, <\/span>\n\t\t\t<span class=\"year\">2013<\/span>\n\t\t<\/span>\n\t<div class=\"event-details\"><p>Verkauf des ersten 300-kW-Erdgasgenerators an das Vereinigte K\u00f6nigreich.<\/p>\n<\/div>\n\t\t<\/div>\n\t\t \n\t\t<div  >\n\t\t\t \n\t\t<span class=\"event-date\">\n\t\t\t<span class=\"day\"><\/span>\n\t\t\t<span class=\"month\">M\u00e4rz, <\/span>\n\t\t\t<span class=\"year\">2013<\/span>\n\t\t<\/span>\n\t<div class=\"event-details\"><p>Verkauf des ersten 250-kW-Biomassegenerators an den italienischen Markt, und wir fahren nach Italien, um den 250-kW-Biomassegenerator in Betrieb zu nehmen und den Generatorbetreiber zu schulen. <\/p>\n<\/div>\n\t\t<\/div>\n\t\t \n\t\t<div  >\n\t\t\t \n\t\t<span class=\"event-date\">\n\t\t\t<span class=\"day\"><\/span>\n\t\t\t<span class=\"month\">Dezember,<\/span>\n\t\t\t<span class=\"year\">2012<\/span>\n\t\t<\/span>\n\t<div class=\"event-details\"><p>Verkauf des ersten Biogasgenerators an einen Schweinezuchtbetrieb in Yiwu, Provinz Zhejiang, China<\/p>\n<\/div>\n\t\t<\/div>\n\t\t \n\t\t<div  >\n\t\t\t \n\t\t<span class=\"event-date\">\n\t\t\t<span class=\"day\"><\/span>\n\t\t\t<span class=\"month\">Oktober,<\/span>\n\t\t\t<span class=\"year\">2012<\/span>\n\t\t<\/span>\n\t<div class=\"event-details\"><p>Teilnahme an der Canton Fair im Oktober 2012, wo wir unsere neuesten Produkte f\u00fcr Erdgasgeneratoren vorstellen und potenzielle Kunden treffen.<\/p>\n<\/div>\n\t\t<\/div>\n\t\t \n\t\t<div  >\n\t\t\t \n\t\t<span class=\"event-date\">\n\t\t\t<span class=\"day\"><\/span>\n\t\t\t<span class=\"month\">April,<\/span>\n\t\t\t<span class=\"year\">2012<\/span>\n\t\t<\/span>\n\t<div class=\"event-details\"><p>Shenzhen Gosun Industry Co.,Ltd mit Sitz in Shenzhen, China<\/p>\n<\/div>\n\t\t<\/div>\n\t\n\t\t<\/section>\n\n\t\t<\/div>\n\t<\/div>\n\n<\/div>\n<\/div>\n\n<div  class=\"content_row row vc_row wpb_row vc_row-fluid alt-style-2 fullwidth\" >\n\t\n\t<div class=\"content_row_wrapper  default\" style=\"padding-top:60px;padding-bottom:60px;\">\n\t<div class=\"vc_col-sm-12 wpb_column vc_column_container\" >\n\t\t<div class=\"wpb_wrapper\">\n\t\t\t<div class=\"rt_heading_wrapper style-4\">\n\t\t\t\t\t\t<span class=\"punchline\">Testimonials<\/span>\n\t\t\t\t\t\t<h3 class=\"rt_heading  with_punchline style-4\" >Was sie sagen<\/h3>\n\t\t\t\t\t<\/div>\r\n\t\t\t\t<div id=\"slider-testimonial-dynamicID-623931\" class=\"rt-carousel carousel-holder clearfix testimonial-carousel testimonials center big\" data-item-width=\"1\" data-nav=\"false\" data-dots=\"true\" data-margin=\"15\" data-autoplay=\"false\" data-timeout=\"5000\">\r\n\t\t\t\t\t<div class=\"owl-carousel\">\r\n\t\t\t\t\t\t<div><div class=\"testimonial item\">\n\n\n\n<div class=\"text\">\n\t<p>\n\t\t<span class=\"icon-quote-left\"><\/span>\n\t\t\tWir haben ein Projekt in Macao, bei dem 2 Generatoren auf dem Boot f\u00fcr einen See rund um das Hotel ben\u00f6tigt werden. Da sie keinen Dieselgenerator verwenden k\u00f6nnen, weil das Auslaufen von \u00d6l nicht erlaubt ist, haben wir uns f\u00fcr einen LPG-Generator entschieden. Wir haben uns bei mehreren gro\u00dfen Gasgeneratorenherstellern erkundigt, darunter auch Generac in den USA, aber die k\u00f6nnen das nicht machen. Nach 3-monatiger Suche trafen wir uns mit Gosun. Ihre L\u00f6sung und ihr Endprodukt sind wirklich perfekt f\u00fcr uns.\t\t<span class=\"icon-quote-right\"><\/span>\n\t<\/p>\n\t<div class=\"client_info\">\n\n\t\t\tMohamad\n\t\t- <span>Projektleiter<\/span>\t\t\n\t\t\t\t\t\n\t\t\n\n\t<\/div>\n<\/div><\/div>\n<\/div><div><div class=\"testimonial item\">\n\n\n\n<div class=\"text\">\n\t<p>\n\t\t<span class=\"icon-quote-left\"><\/span>\n\t\t\tWir haben einen kleinen Gasgenerator von Gosun gekauft. Wir wissen nicht, ob die Qualit\u00e4t des Gasgenerators mit der anderer chinesischer Anbieter vergleichbar ist, bevor wir eine Bestellung aufgeben, wir wollen es einfach ausprobieren. Wenn es mit unserem eigenen Vergaser zu kombinieren, es funktioniert wirklich gut, kein Teer\u00f6l Problem, keine Bohrung warten Problem; wir sind sehr zufrieden mit Torch und ihre Generatoren, wir werden mehr von ihnen zu kaufen.\t\t<span class=\"icon-quote-right\"><\/span>\n\t<\/p>\n\t<div class=\"client_info\">\n\n\t\t\tAnthony Chlela\n\t\t- <span>CTO<\/span>\t\t\n\t\t<a href=\"http:\/\/machinery.phoenixlb.com\/\" target=\"_blank\" title=\"Phoenix Maschinenpark\" class=\"client_link\">Phoenix Maschinenpark<\/a>\t\t\t\n\t\t\n\n\t<\/div>\n<\/div><\/div>\n<\/div><div><div class=\"testimonial item\">\n\n\n\n<div class=\"text\">\n\t<p>\n\t\t<span class=\"icon-quote-left\"><\/span>\n\t\t\tGosun ist ein professioneller Hersteller von Gasgeneratoren in China. Sie wandeln einen 1500rpm Cummins-Dieselmotor in einen 900rpm Biomasse-Gasmotor-Generator f\u00fcr unsere Farmen um, ihr Ingenieur ist so professionell, au\u00dferdem ist ihr Besitzer mein bester Freund in China. Er hat mir bei anderen Gesch\u00e4ften in China sehr geholfen.\t\t<span class=\"icon-quote-right\"><\/span>\n\t<\/p>\n\t<div class=\"client_info\">\n\n\t\t\tKenneth Dominado\n\t\t- <span>Leiter der Einkaufsabteilung<\/span>\t\t\n\t\t\t\t\t\n\t\t\n\n\t<\/div>\n<\/div><\/div>\n<\/div>\r\n\t\t\t\t\t<\/div>\r\n\t\t\t\t\t\r\n\t\t\t\t<div id=\"slider-testimonial-dynamicID-623931-dots\" class=\"dots-holder\">\r\n\t\t\t\t<\/div>\r\n\t\t\t\r\n\t\t\t\t<\/div>\n\n\t\t<\/div>\n\t<\/div>\n\n<\/div>\n<\/div>","protected":false},"excerpt":{"rendered":"","protected":false},"author":1,"featured_media":0,"parent":0,"menu_order":0,"comment_status":"open","ping_status":"open","template":"","meta":{"footnotes":""},"class_list":["post-9","page","type-page","status-publish","hentry"],"aioseo_notices":[],"_links":{"self":[{"href":"https:\/\/www.chinesegenset.com\/de\/wp-json\/wp\/v2\/pages\/9","targetHints":{"allow":["GET"]}}],"collection":[{"href":"https:\/\/www.chinesegenset.com\/de\/wp-json\/wp\/v2\/pages"}],"about":[{"href":"https:\/\/www.chinesegenset.com\/de\/wp-json\/wp\/v2\/types\/page"}],"author":[{"embeddable":true,"href":"https:\/\/www.chinesegenset.com\/de\/wp-json\/wp\/v2\/users\/1"}],"replies":[{"embeddable":true,"href":"https:\/\/www.chinesegenset.com\/de\/wp-json\/wp\/v2\/comments?post=9"}],"version-history":[{"count":19,"href":"https:\/\/www.chinesegenset.com\/de\/wp-json\/wp\/v2\/pages\/9\/revisions"}],"predecessor-version":[{"id":4426,"href":"https:\/\/www.chinesegenset.com\/de\/wp-json\/wp\/v2\/pages\/9\/revisions\/4426"}],"wp:attachment":[{"href":"https:\/\/www.chinesegenset.com\/de\/wp-json\/wp\/v2\/media?parent=9"}],"curies":[{"name":"wp","href":"https:\/\/api.w.org\/{rel}","templated":true}]}}