{"id":4389,"date":"2022-02-24T14:09:13","date_gmt":"2022-02-24T14:09:13","guid":{"rendered":"https:\/\/www.chinesegenset.com\/?page_id=4389"},"modified":"2022-02-24T14:16:54","modified_gmt":"2022-02-24T14:16:54","slug":"natural-gas-generator","status":"publish","type":"page","link":"https:\/\/www.chinesegenset.com\/de\/natural-gas-generator\/","title":{"rendered":"Erdgas-Generator"},"content":{"rendered":"<div  class=\"content_row row vc_row wpb_row vc_row-fluid default-style default\" >\n\t\n\t<div class=\"content_row_wrapper\" >\n\t<div class=\"vc_col-sm-12 wpb_column vc_column_container\" >\n\t\t<div class=\"wpb_wrapper\">\n\t\t\t\n\t<div class=\"wpb_text_column wpb_content_element  vc_custom_1645712196373\" >\n\t\t<div class=\"wpb_wrapper\">\n\t\t\t<h3>Benutzerdefinierter Titel<\/h3>\n<p>Lorem ipsum dolor sit amet consectetur adipiscing elit etiam dictum ultrices, cum placerat per dictumst ligula odio pellentesque class pulvinar parturient, neque turpis tortor sociosqu est dis posuere condimentum fermentum. Luctus donec ac cubilia porta odio vehicula cum tristique dictum nulla at, non quis suspendisse mi nec magnis nascetur ultricies felis eleifend massa bibendum, nullam hac neque elementum lacus habitant habitasse malesuada suscipit est. Augue lectus leo curabitur lacus, purus dapibus posuere. Vulputate nulla eros tempus bibendum cras rhoncus natoque fusce pulvinar ornare tempor, nec odio donec imperdiet primis turpis parturient euismod pretium habitasse. Aliquet eros integer at mattis sagittis commodo non, felis interdum magnis praesent torquent. Dui nunc vivamus cubilia ante nisl curabitur fusce, quisque nam platea per eleifend condimentum viverra, malesuada sociosqu eu eget ligula aliquet. Nibh himenaeos fermentum quam vehicula iaculis hendrerit ante egestas integer, enim senectus urna pharetra semper curabitur vestibulum odio, venenatis ultricies viverra suscipit nostra blandit magna habitant.<\/p>\n\n\t\t<\/div>\n\t<\/div>\n\n<div id=\"product-dynamicID-955330\" class=\"product_holder product-showcase clearfix  border_grid fixed_heights\" data-column-width=\"3\">\n<div class=\"row clearfix\">\n<div class=\"col product_item_holder col-sm-4  jdec-natural-gas-generator\">\n\n<div class=\"product_item_holder\">\n\n\t\t\t<div class=\"featured_image\"> \n\t\t\t<!-- product image -->\n\t\t\t<div class=\"featured_image\"> \n\t\t\t\t<a href=\"https:\/\/www.chinesegenset.com\/de\/product\/600kw-750kva-middle-speed-jdec-natural-gas-genset-from-china-factory\/\" title=\"600kw 750kva mittelschnelle JDEC-Erdgasaggregate aus chinesischer Produktion\" rel=\"bookmark\" class=\"imgeffect link\"><img decoding=\"async\" src=\"https:\/\/www.chinesegenset.com\/wp-content\/uploads\/2017\/10\/600kw-750kva-middle-speed-JDEC-natural-gas-genset-from-China-factory-480x334.jpg\" alt=\"600kw 750kva mittelschnelle JDEC-Erdgasaggregate aus chinesischer Produktion\" class=\"\" \/><\/a> \n\t\t\t<\/div> \n\t\t<\/div> \n\t\n\n\t\n\t\t\t\t\t\t\n\t\t<div class=\"product_info\">\n\n\t\t\t\t\t\t\t\t<!-- title-->\n\t\t\t\t<h5 class=\"clean_heading\"><a href=\"https:\/\/www.chinesegenset.com\/de\/product\/600kw-750kva-middle-speed-jdec-natural-gas-genset-from-china-factory\/\" title=\"600kw 750kva mittelschnelle JDEC-Erdgasaggregate aus chinesischer Produktion\" rel=\"bookmark\">600kw 750kva mittelschnelle JDEC-Erdgasaggregate aus chinesischer Produktion<\/a><\/h5>\n\t\t\t\t\n\t\t\t\t<!-- text-->\n\t\t\t\t<p>600kw 750kva mittelschnelles JDEC-Erdgasaggregat aus chinesischer Produktion, entwickelt im Dauerbetrieb f\u00fcr den gewerblichen und industriellen Einsatz, geeignet f\u00fcr Nigeria, Russland, Amerika, Dubai, Irak, Iran und andere ostasiatische L\u00e4nder.<\/p>\n\t\t\t\t<div class=\"product_info_footer clearfix\">\n\t\t\t<!-- product price -->\n\t\t\t<p class=\"price icon-\">\t\n\t\t\t\t<del><span class=\"amount\">$90<\/span><\/del> <ins><span class=\"amount\">$75<\/span><\/ins>\n\t\t\t<\/p> \n\t\t<div class=\"action_buttons\"><a href=\"https:\/\/www.chinesegenset.com\/de\/product\/600kw-750kva-middle-speed-jdec-natural-gas-genset-from-china-factory\/\" title=\"600kw 750kva mittelschnelle JDEC-Erdgasaggregate aus chinesischer Produktion\" class=\"details icon-angle-right\">Einzelheiten<\/a><\/div><\/div> \t\t\n\n\t\t<\/div>\n\t\t\n\n\t\n<\/div><\/div>\n<div class=\"col product_item_holder col-sm-4  jdec-natural-gas-generator\">\n\n<div class=\"product_item_holder\">\n\n\t\t\t<div class=\"featured_image\"> \n\t\t\t<!-- product image -->\n\t\t\t<div class=\"featured_image\"> \n\t\t\t\t<a href=\"https:\/\/www.chinesegenset.com\/de\/product\/500kw-1000rpm-medium-speed-jdec-natural-gas-generator-set-from-china\/\" title=\"500kw 1000rpm mittlere Geschwindigkeit JDEC Erdgas-Generator-Set aus China\" rel=\"bookmark\" class=\"imgeffect link\"><img decoding=\"async\" src=\"https:\/\/www.chinesegenset.com\/wp-content\/uploads\/2017\/10\/500kw-1000rpm-medium-speed-JDEC-natural-gas-generator-set-from-China-480x334.jpg\" alt=\"500kw 1000rpm mittlere Geschwindigkeit JDEC Erdgas-Generator-Set aus China\" class=\"\" \/><\/a> \n\t\t\t<\/div> \n\t\t<\/div> \n\t\n\n\t\n\t\t\t\t\t\t\n\t\t<div class=\"product_info\">\n\n\t\t\t\t\t\t\t\t<!-- title-->\n\t\t\t\t<h5 class=\"clean_heading\"><a href=\"https:\/\/www.chinesegenset.com\/de\/product\/500kw-1000rpm-medium-speed-jdec-natural-gas-generator-set-from-china\/\" title=\"500kw 1000rpm mittlere Geschwindigkeit JDEC Erdgas-Generator-Set aus China\" rel=\"bookmark\">500kw 1000rpm mittlere Geschwindigkeit JDEC Erdgas-Generator-Set aus China<\/a><\/h5>\n\t\t\t\t\n\t\t\t\t<!-- text-->\n\t\t\t\t<p>500kw 1000rpm mittlere Geschwindigkeit JDEC Erdgas-Generator aus China, kann es entweder durch einen externen K\u00fchlturm oder einen eingebauten K\u00fchlwassertank gek\u00fchlt werden, geeignet f\u00fcr industrielle Dauerbetrieb Nutzung.<\/p>\n\t\t\t\t<div class=\"product_info_footer clearfix\">\n\t\t\t<!-- product price -->\n\t\t\t<p class=\"price icon-\">\t\n\t\t\t\t<del><span class=\"amount\">$90<\/span><\/del> <ins><span class=\"amount\">$75<\/span><\/ins>\n\t\t\t<\/p> \n\t\t<div class=\"action_buttons\"><a href=\"https:\/\/www.chinesegenset.com\/de\/product\/500kw-1000rpm-medium-speed-jdec-natural-gas-generator-set-from-china\/\" title=\"500kw 1000rpm mittlere Geschwindigkeit JDEC Erdgas-Generator-Set aus China\" class=\"details icon-angle-right\">Einzelheiten<\/a><\/div><\/div> \t\t\n\n\t\t<\/div>\n\t\t\n\n\t\n<\/div><\/div>\n<div class=\"col product_item_holder col-sm-4  jdec-natural-gas-generator\">\n\n<div class=\"product_item_holder\">\n\n\t\t\t<div class=\"featured_image\"> \n\t\t\t<!-- product image -->\n\t\t\t<div class=\"featured_image\"> \n\t\t\t\t<a href=\"https:\/\/www.chinesegenset.com\/de\/product\/1000kw-1mw-jdec-natural-gas-generator-1500-rpm-12-cylinders-engine\/\" title=\"1000kw 1MW JDEC-Erdgasgenerator 1500 U\/min 12-Zylinder-Motor\" rel=\"bookmark\" class=\"imgeffect link\"><img decoding=\"async\" src=\"https:\/\/www.chinesegenset.com\/wp-content\/uploads\/2017\/10\/1000kw-1MW-JDEC-natural-gas-generator-1500-rpm-12-cylinders-engine-480x334.jpg\" alt=\"1000kw 1MW JDEC-Erdgasgenerator 1500 U\/min 12-Zylinder-Motor\" class=\"\" \/><\/a> \n\t\t\t<\/div> \n\t\t<\/div> \n\t\n\n\t\n\t\t\t\t\t\t\n\t\t<div class=\"product_info\">\n\n\t\t\t\t\t\t\t\t<!-- title-->\n\t\t\t\t<h5 class=\"clean_heading\"><a href=\"https:\/\/www.chinesegenset.com\/de\/product\/1000kw-1mw-jdec-natural-gas-generator-1500-rpm-12-cylinders-engine\/\" title=\"1000kw 1MW JDEC-Erdgasgenerator 1500 U\/min 12-Zylinder-Motor\" rel=\"bookmark\">1000kw 1MW JDEC-Erdgasgenerator 1500 U\/min 12-Zylinder-Motor<\/a><\/h5>\n\t\t\t\t\n\t\t\t\t<!-- text-->\n\t\t\t\t<p>1000kw 1MW JDEC Erdgas-Generator mit 1500 rpm 12 Zylinder Erdgasmotor, Kupplung mit Stamford Generator von Cummins China Generator Technology .<\/p>\n\t\t\t\t<div class=\"product_info_footer clearfix\">\n\t\t\t<!-- product price -->\n\t\t\t<p class=\"price icon-\">\t\n\t\t\t\t<del><span class=\"amount\">$90<\/span><\/del> <ins><span class=\"amount\">$75<\/span><\/ins>\n\t\t\t<\/p> \n\t\t<div class=\"action_buttons\"><a href=\"https:\/\/www.chinesegenset.com\/de\/product\/1000kw-1mw-jdec-natural-gas-generator-1500-rpm-12-cylinders-engine\/\" title=\"1000kw 1MW JDEC-Erdgasgenerator 1500 U\/min 12-Zylinder-Motor\" class=\"details icon-angle-right\">Einzelheiten<\/a><\/div><\/div> \t\t\n\n\t\t<\/div>\n\t\t\n\n\t\n<\/div><\/div>\n<\/div>\n<div class=\"row clearfix\">\n<div class=\"col product_item_holder col-sm-4  jdec-natural-gas-generator\">\n\n<div class=\"product_item_holder\">\n\n\t\t\t<div class=\"featured_image\"> \n\t\t\t<!-- product image -->\n\t\t\t<div class=\"featured_image\"> \n\t\t\t\t<a href=\"https:\/\/www.chinesegenset.com\/de\/product\/700kw-natural-gas-generator-set-from-jinan-diesel-engine-corporation\/\" title=\"700kw-Erdgasgenerator von Jinan Diesel Engine Corporation\" rel=\"bookmark\" class=\"imgeffect link\"><img decoding=\"async\" src=\"https:\/\/www.chinesegenset.com\/wp-content\/uploads\/2017\/10\/700kw-natural-gas-generator-set-from-Jinan-Diesel-Engine-Corporation-480x334.jpg\" alt=\"700kw-Erdgasgenerator von Jinan Diesel Engine Corporation\" class=\"\" \/><\/a> \n\t\t\t<\/div> \n\t\t<\/div> \n\t\n\n\t\n\t\t\t\t\t\t\n\t\t<div class=\"product_info\">\n\n\t\t\t\t\t\t\t\t<!-- title-->\n\t\t\t\t<h5 class=\"clean_heading\"><a href=\"https:\/\/www.chinesegenset.com\/de\/product\/700kw-natural-gas-generator-set-from-jinan-diesel-engine-corporation\/\" title=\"700kw-Erdgasgenerator von Jinan Diesel Engine Corporation\" rel=\"bookmark\">700kw-Erdgasgenerator von Jinan Diesel Engine Corporation<\/a><\/h5>\n\t\t\t\t\n\t\t\t\t<!-- text-->\n\t\t\t\t<p>700-kW-Erdgasgenerator von Jinan Diesel Engine Corporation, angetrieben von einem 12-Zylinder-Erdgasmotor der Baureihe 12V190ZLDK und einem Generator mit Simens-Technologie.<\/p>\n\t\t\t\t<div class=\"product_info_footer clearfix\">\n\t\t\t<!-- product price -->\n\t\t\t<p class=\"price icon-\">\t\n\t\t\t\t<del><span class=\"amount\">$90<\/span><\/del> <ins><span class=\"amount\">$75<\/span><\/ins>\n\t\t\t<\/p> \n\t\t<div class=\"action_buttons\"><a href=\"https:\/\/www.chinesegenset.com\/de\/product\/700kw-natural-gas-generator-set-from-jinan-diesel-engine-corporation\/\" title=\"700kw-Erdgasgenerator von Jinan Diesel Engine Corporation\" class=\"details icon-angle-right\">Einzelheiten<\/a><\/div><\/div> \t\t\n\n\t\t<\/div>\n\t\t\n\n\t\n<\/div><\/div>\n<div class=\"col product_item_holder col-sm-4  man-natural-gas-generator\">\n\n<div class=\"product_item_holder\">\n\n\t\t\t<div class=\"featured_image\"> \n\t\t\t<!-- product image -->\n\t\t\t<div class=\"featured_image\"> \n\t\t\t\t<a href=\"https:\/\/www.chinesegenset.com\/de\/product\/500kw-625kva-man-chp-natural-gas-generator-set\/\" title=\"500kw 625kva MAN KWK-Erdgasgenerator, der auch mit Kohlefl\u00f6zgas betrieben wird\" rel=\"bookmark\" class=\"imgeffect link\"><img decoding=\"async\" src=\"https:\/\/www.chinesegenset.com\/wp-content\/uploads\/2017\/08\/500kw-625kva-MAN-CHP-natural-gas-generator-also-run-on-coal-bed-gas-480x334.jpg\" alt=\"500kw 625kva MAN KWK-Erdgasgenerator, der auch mit Kohlefl\u00f6zgas betrieben wird\" class=\"\" \/><\/a> \n\t\t\t<\/div> \n\t\t<\/div> \n\t\n\n\t\n\t\t\t\t\t\t\n\t\t<div class=\"product_info\">\n\n\t\t\t\t\t\t\t\t<!-- title-->\n\t\t\t\t<h5 class=\"clean_heading\"><a href=\"https:\/\/www.chinesegenset.com\/de\/product\/500kw-625kva-man-chp-natural-gas-generator-set\/\" title=\"500kw 625kva MAN KWK-Erdgasgenerator, der auch mit Kohlefl\u00f6zgas betrieben wird\" rel=\"bookmark\">500kw 625kva MAN KWK-Erdgasgenerator, der auch mit Kohlefl\u00f6zgas betrieben wird<\/a><\/h5>\n\t\t\t\t\n\t\t\t\t<!-- text-->\n\t\t\t\t<p>Langlebige 500kw 625kva MAN CHP Erdgas-Generator auch auf Kohle-Bett-Gas aus China OEM-Fabrik, laufen auf Erdgas, Kohle-Bett-Gas, Kohle-Mine-Gas, Sumpf-Gas und andere Methan-Gas, kontinuierliche 8000 Arbeitsstunden.<\/p>\n\t\t\t\t<div class=\"product_info_footer clearfix\">\n\t\t\t<!-- product price -->\n\t\t\t<p class=\"price icon-\">\t\n\t\t\t\t<del><span class=\"amount\">$90<\/span><\/del> <ins><span class=\"amount\">$75<\/span><\/ins>\n\t\t\t<\/p> \n\t\t<div class=\"action_buttons\"><a href=\"https:\/\/www.chinesegenset.com\/de\/product\/500kw-625kva-man-chp-natural-gas-generator-set\/\" title=\"500kw 625kva MAN KWK-Erdgasgenerator, der auch mit Kohlefl\u00f6zgas betrieben wird\" class=\"details icon-angle-right\">Einzelheiten<\/a><\/div><\/div> \t\t\n\n\t\t<\/div>\n\t\t\n\n\t\n<\/div><\/div>\n<div class=\"col product_item_holder col-sm-4  man-natural-gas-generator\">\n\n<div class=\"product_item_holder\">\n\n\t\t\t<div class=\"featured_image\"> \n\t\t\t<!-- product image -->\n\t\t\t<div class=\"featured_image\"> \n\t\t\t\t<a href=\"https:\/\/www.chinesegenset.com\/de\/product\/400kw-500kva-original-man-sewage-gas-power-plant-generator-set\/\" title=\"400kw 500kva Original MAN Kl\u00e4rgas-Kraftwerk Stromaggregat\" rel=\"bookmark\" class=\"imgeffect link\"><img decoding=\"async\" src=\"https:\/\/www.chinesegenset.com\/wp-content\/uploads\/2017\/08\/400kw-500kva-original-MAN-sewage-gas-power-plant-generator-set-480x334.jpg\" alt=\"400kw 500kva Original MAN Kl\u00e4rgas-Kraftwerk Stromaggregat\" class=\"\" \/><\/a> \n\t\t\t<\/div> \n\t\t<\/div> \n\t\n\n\t\n\t\t\t\t\t\t\n\t\t<div class=\"product_info\">\n\n\t\t\t\t\t\t\t\t<!-- title-->\n\t\t\t\t<h5 class=\"clean_heading\"><a href=\"https:\/\/www.chinesegenset.com\/de\/product\/400kw-500kva-original-man-sewage-gas-power-plant-generator-set\/\" title=\"400kw 500kva Original MAN Kl\u00e4rgas-Kraftwerk Stromaggregat\" rel=\"bookmark\">400kw 500kva Original MAN Kl\u00e4rgas-Kraftwerk Stromaggregat<\/a><\/h5>\n\t\t\t\t\n\t\t\t\t<!-- text-->\n\t\t\t\t<p>Lean Burn 400kw 500kva original MAN Kl\u00e4rgas Kraftwerk Generator Set von China OEM Fabrik, geeignet f\u00fcr kommunale Kl\u00e4ranlage, schaffen zus\u00e4tzlichen wirtschaftlichen Wert und umweltfreundlich.<\/p>\n\t\t\t\t<div class=\"product_info_footer clearfix\">\n\t\t\t<!-- product price -->\n\t\t\t<p class=\"price icon-\">\t\n\t\t\t\t<del><span class=\"amount\">$90<\/span><\/del> <ins><span class=\"amount\">$75<\/span><\/ins>\n\t\t\t<\/p> \n\t\t<div class=\"action_buttons\"><a href=\"https:\/\/www.chinesegenset.com\/de\/product\/400kw-500kva-original-man-sewage-gas-power-plant-generator-set\/\" title=\"400kw 500kva Original MAN Kl\u00e4rgas-Kraftwerk Stromaggregat\" class=\"details icon-angle-right\">Einzelheiten<\/a><\/div><\/div> \t\t\n\n\t\t<\/div>\n\t\t\n\n\t\n<\/div><\/div>\n<\/div>\n<div class=\"row clearfix\">\n<div class=\"col product_item_holder col-sm-4  man-natural-gas-generator\">\n\n<div class=\"product_item_holder\">\n\n\t\t\t<div class=\"featured_image\"> \n\t\t\t<!-- product image -->\n\t\t\t<div class=\"featured_image\"> \n\t\t\t\t<a href=\"https:\/\/www.chinesegenset.com\/de\/product\/245kw-306kva-man-gas-engine-powered-electric-generator-on-sale\/\" title=\"245kw 306kva MAN Gasmotor angetriebener elektrischer Generator zu verkaufen\" rel=\"bookmark\" class=\"imgeffect link\"><img decoding=\"async\" src=\"https:\/\/www.chinesegenset.com\/wp-content\/uploads\/2017\/08\/245kw-306kva-MAN-gas-engine-powered-electric-generator-on-sale-480x334.jpg\" alt=\"245kw 306kva MAN Gasmotor angetriebener elektrischer Generator zu verkaufen\" class=\"\" \/><\/a> \n\t\t\t<\/div> \n\t\t<\/div> \n\t\n\n\t\n\t\t\t\t\t\t\n\t\t<div class=\"product_info\">\n\n\t\t\t\t\t\t\t\t<!-- title-->\n\t\t\t\t<h5 class=\"clean_heading\"><a href=\"https:\/\/www.chinesegenset.com\/de\/product\/245kw-306kva-man-gas-engine-powered-electric-generator-on-sale\/\" title=\"245kw 306kva MAN Gasmotor angetriebener elektrischer Generator zu verkaufen\" rel=\"bookmark\">245kw 306kva MAN Gasmotor angetriebener elektrischer Generator zu verkaufen<\/a><\/h5>\n\t\t\t\t\n\t\t\t\t<!-- text-->\n\t\t\t\t<p>Schwerer 245kw 306kva MAN Gasmotor angetriebener elektrischer Generator von China OEM-Hersteller, laufen auf Erdgas, Methangas, CNG, LNG, eignet sich f\u00fcr die erste Verwendung.<\/p>\n\t\t\t\t<div class=\"product_info_footer clearfix\">\n\t\t\t<!-- product price -->\n\t\t\t<p class=\"price icon-\">\t\n\t\t\t\t<del><span class=\"amount\">$90<\/span><\/del> <ins><span class=\"amount\">$75<\/span><\/ins>\n\t\t\t<\/p> \n\t\t<div class=\"action_buttons\"><a href=\"https:\/\/www.chinesegenset.com\/de\/product\/245kw-306kva-man-gas-engine-powered-electric-generator-on-sale\/\" title=\"245kw 306kva MAN Gasmotor angetriebener elektrischer Generator zu verkaufen\" class=\"details icon-angle-right\">Einzelheiten<\/a><\/div><\/div> \t\t\n\n\t\t<\/div>\n\t\t\n\n\t\n<\/div><\/div>\n<div class=\"col product_item_holder col-sm-4  man-natural-gas-generator\">\n\n<div class=\"product_item_holder\">\n\n\t\t\t<div class=\"featured_image\"> \n\t\t\t<!-- product image -->\n\t\t\t<div class=\"featured_image\"> \n\t\t\t\t<a href=\"https:\/\/www.chinesegenset.com\/de\/product\/230kw-288kva-man-turbine-engine-methane-shale-gas-generator-set\/\" title=\"230kw 288kva MAN-Turbinenmotor Methan-Schiefergas-Generatorsatz\" rel=\"bookmark\" class=\"imgeffect link\"><img decoding=\"async\" src=\"https:\/\/www.chinesegenset.com\/wp-content\/uploads\/2017\/08\/230kw-288kva-MAN-turbine-engine-methane-shale-gas-generator-set-480x334.jpg\" alt=\"230kw 288kva MAN-Turbinenmotor Methan-Schiefergas-Generatorsatz\" class=\"\" \/><\/a> \n\t\t\t<\/div> \n\t\t<\/div> \n\t\n\n\t\n\t\t\t\t\t\t\n\t\t<div class=\"product_info\">\n\n\t\t\t\t\t\t\t\t<!-- title-->\n\t\t\t\t<h5 class=\"clean_heading\"><a href=\"https:\/\/www.chinesegenset.com\/de\/product\/230kw-288kva-man-turbine-engine-methane-shale-gas-generator-set\/\" title=\"230kw 288kva MAN-Turbinenmotor Methan-Schiefergas-Generatorsatz\" rel=\"bookmark\">230kw 288kva MAN-Turbinenmotor Methan-Schiefergas-Generatorsatz<\/a><\/h5>\n\t\t\t\t\n\t\t\t\t<!-- text-->\n\t\t\t\t<p>230kw 288kva MAN Turbine Motor Methan Schiefergas Generator Set von China OEM Hersteller, angetrieben durch Erdgas, Methangas, Schiefergas; zuverl\u00e4ssig und eignet sich f\u00fcr den Dauerbetrieb.<\/p>\n\t\t\t\t<div class=\"product_info_footer clearfix\">\n\t\t\t<!-- product price -->\n\t\t\t<p class=\"price icon-\">\t\n\t\t\t\t<del><span class=\"amount\">$90<\/span><\/del> <ins><span class=\"amount\">$75<\/span><\/ins>\n\t\t\t<\/p> \n\t\t<div class=\"action_buttons\"><a href=\"https:\/\/www.chinesegenset.com\/de\/product\/230kw-288kva-man-turbine-engine-methane-shale-gas-generator-set\/\" title=\"230kw 288kva MAN-Turbinenmotor Methan-Schiefergas-Generatorsatz\" class=\"details icon-angle-right\">Einzelheiten<\/a><\/div><\/div> \t\t\n\n\t\t<\/div>\n\t\t\n\n\t\n<\/div><\/div>\n<div class=\"col product_item_holder col-sm-4  man-natural-gas-generator\">\n\n<div class=\"product_item_holder\">\n\n\t\t\t<div class=\"featured_image\"> \n\t\t\t<!-- product image -->\n\t\t\t<div class=\"featured_image\"> \n\t\t\t\t<a href=\"https:\/\/www.chinesegenset.com\/de\/product\/190kw-237-5kva-man-natural-gas-cng-lng-power-genset-for-industrial-applications\/\" title=\"190kw 237,5kva MAN Erdgas CNG LNG Stromaggregat f\u00fcr industrielle Anwendungen\" rel=\"bookmark\" class=\"imgeffect link\"><img decoding=\"async\" src=\"https:\/\/www.chinesegenset.com\/wp-content\/uploads\/2017\/08\/190kw-237.5kva-MAN-natural-gas-CNG-LNG-power-genset-for-industrial-applications-480x334.jpg\" alt=\"190kw 237,5kva MAN Erdgas CNG LNG Stromaggregat f\u00fcr industrielle Anwendungen\" class=\"\" \/><\/a> \n\t\t\t<\/div> \n\t\t<\/div> \n\t\n\n\t\n\t\t\t\t\t\t\n\t\t<div class=\"product_info\">\n\n\t\t\t\t\t\t\t\t<!-- title-->\n\t\t\t\t<h5 class=\"clean_heading\"><a href=\"https:\/\/www.chinesegenset.com\/de\/product\/190kw-237-5kva-man-natural-gas-cng-lng-power-genset-for-industrial-applications\/\" title=\"190kw 237,5kva MAN Erdgas CNG LNG Stromaggregat f\u00fcr industrielle Anwendungen\" rel=\"bookmark\">190kw 237,5kva MAN Erdgas CNG LNG Stromaggregat f\u00fcr industrielle Anwendungen<\/a><\/h5>\n\t\t\t\t\n\t\t\t\t<!-- text-->\n\t\t\t\t<p>2017 190kw 237.5kva MAN Erdgas CNG LNG Stromaggregat f\u00fcr industrielle Anwendungen aus China Lieferant, kontinuierlich l\u00e4uft, eignet sich f\u00fcr Kommunikationsstation, \u00d6lfeld, Boot, Bank, Flughafen und andere industrielle Anwendungen.<\/p>\n\t\t\t\t<div class=\"product_info_footer clearfix\">\n\t\t\t<!-- product price -->\n\t\t\t<p class=\"price icon-\">\t\n\t\t\t\t<del><span class=\"amount\">$90<\/span><\/del> <ins><span class=\"amount\">$75<\/span><\/ins>\n\t\t\t<\/p> \n\t\t<div class=\"action_buttons\"><a href=\"https:\/\/www.chinesegenset.com\/de\/product\/190kw-237-5kva-man-natural-gas-cng-lng-power-genset-for-industrial-applications\/\" title=\"190kw 237,5kva MAN Erdgas CNG LNG Stromaggregat f\u00fcr industrielle Anwendungen\" class=\"details icon-angle-right\">Einzelheiten<\/a><\/div><\/div> \t\t\n\n\t\t<\/div>\n\t\t\n\n\t\n<\/div><\/div>\n<\/div>\n<div class=\"row clearfix\">\n<div class=\"col product_item_holder col-sm-4  man-natural-gas-generator\">\n\n<div class=\"product_item_holder\">\n\n\t\t\t<div class=\"featured_image\"> \n\t\t\t<!-- product image -->\n\t\t\t<div class=\"featured_image\"> \n\t\t\t\t<a href=\"https:\/\/www.chinesegenset.com\/de\/product\/135kw-man-gas-turbine-generator-set-50hz-400v-8000-hours-continuous\/\" title=\"135kw MAN-Gasturbinensatz 50HZ 400V 8000 Stunden Dauerbetrieb\" rel=\"bookmark\" class=\"imgeffect link\"><img decoding=\"async\" src=\"https:\/\/www.chinesegenset.com\/wp-content\/uploads\/2017\/08\/135kw-MAN-gas-turbine-generator-set-50HZ-400V-8000-hours-continuous-480x334.jpg\" alt=\"135kw MAN-Gasturbinensatz 50HZ 400V 8000 Stunden Dauerbetrieb\" class=\"\" \/><\/a> \n\t\t\t<\/div> \n\t\t<\/div> \n\t\n\n\t\n\t\t\t\t\t\t\n\t\t<div class=\"product_info\">\n\n\t\t\t\t\t\t\t\t<!-- title-->\n\t\t\t\t<h5 class=\"clean_heading\"><a href=\"https:\/\/www.chinesegenset.com\/de\/product\/135kw-man-gas-turbine-generator-set-50hz-400v-8000-hours-continuous\/\" title=\"135kw MAN-Gasturbinensatz 50HZ 400V 8000 Stunden Dauerbetrieb\" rel=\"bookmark\">135kw MAN-Gasturbinensatz 50HZ 400V 8000 Stunden Dauerbetrieb<\/a><\/h5>\n\t\t\t\t\n\t\t\t\t<!-- text-->\n\t\t\t\t<p>Superleiser 135kw MAN-Gasturbinen-Generatorsatz 50HZ 400V mit 8000 Dauerbetriebsstunden von OEM-Hersteller, geeignet f\u00fcr den Haupteinsatz, f\u00fcr Bank, B\u00fcrogeb\u00e4ude, Flughafen, Seehafen Anwendung usw.<\/p>\n\t\t\t\t<div class=\"product_info_footer clearfix\">\n\t\t\t<!-- product price -->\n\t\t\t<p class=\"price icon-\">\t\n\t\t\t\t<del><span class=\"amount\">$90<\/span><\/del> <ins><span class=\"amount\">$75<\/span><\/ins>\n\t\t\t<\/p> \n\t\t<div class=\"action_buttons\"><a href=\"https:\/\/www.chinesegenset.com\/de\/product\/135kw-man-gas-turbine-generator-set-50hz-400v-8000-hours-continuous\/\" title=\"135kw MAN-Gasturbinensatz 50HZ 400V 8000 Stunden Dauerbetrieb\" class=\"details icon-angle-right\">Einzelheiten<\/a><\/div><\/div> \t\t\n\n\t\t<\/div>\n\t\t\n\n\t\n<\/div><\/div>\n<\/div>\n<\/div>\n<div class=\"paging_wrapper margin-t30 margin-b30\"><ul class='page-numbers'>\n\t<li><span aria-current=\"page\" class=\"page-numbers current\">1<\/span><\/li>\n\t<li><a class=\"page-numbers\" href=\"https:\/\/www.chinesegenset.com\/de\/wp-json\/wp\/v2\/pages\/4389\/page\/2\/\">2<\/a><\/li>\n\t<li><a class=\"page-numbers\" href=\"https:\/\/www.chinesegenset.com\/de\/wp-json\/wp\/v2\/pages\/4389\/page\/3\/\">3<\/a><\/li>\n\t<li><a class=\"next page-numbers\" href=\"https:\/\/www.chinesegenset.com\/de\/wp-json\/wp\/v2\/pages\/4389\/page\/2\/\"><span class=\"icon-angle-right\"><\/span><\/a><\/li>\n<\/ul>\n<\/div>\n\t<div class=\"wpb_text_column wpb_content_element  vc_custom_1645712212573\" >\n\t\t<div class=\"wpb_wrapper\">\n\t\t\t<h3>Benutzerdefinierter Titel<\/h3>\n<p>Ich bin ein Textblock. Klicken Sie auf die Schaltfl\u00e4che Bearbeiten, um diesen Text zu \u00e4ndern. Lorem ipsum dolor sit amet, consectetur adipiscing elit. Ut elit tellus, luctus nec ullamcorper mattis, pulvinar dapibus leo.<\/p>\n\n\t\t<\/div>\n\t<\/div>\n\n\t\t<\/div>\n\t<\/div>\n\n<\/div>\n<\/div>","protected":false},"excerpt":{"rendered":"1. 135kw MAN-Gasturbinenaggregat 50HZ 400V mit 8000 Dauerbetriebsstunden Technische Gesamtdaten: Aggregat Modell 135GT-MT Nennleistung 135KW \/ 168.75KVA Nenndrehzahl\/Nennfrequenz 1500 U\/min \/50Hz Nennspannung 400\/230V Leistungsfaktor 0.8 Phase\/Leitung 3Phase\/4Leitung Nennstrom (A) 243 Gasart Erdgas Gesamtgr\u00f6\u00dfe (mm) 2650x1100x1550 Gewicht (kg) 1870 Motormodell MAN E2876E312 Luftansaugweg Turbo-Ladeluftk\u00fchlung K\u00fchlungsweg Geschlossene K\u00fchlung [...]","protected":false},"author":1,"featured_media":0,"parent":0,"menu_order":0,"comment_status":"closed","ping_status":"closed","template":"","meta":{"footnotes":""},"class_list":["post-4389","page","type-page","status-publish","hentry"],"aioseo_notices":[],"_links":{"self":[{"href":"https:\/\/www.chinesegenset.com\/de\/wp-json\/wp\/v2\/pages\/4389","targetHints":{"allow":["GET"]}}],"collection":[{"href":"https:\/\/www.chinesegenset.com\/de\/wp-json\/wp\/v2\/pages"}],"about":[{"href":"https:\/\/www.chinesegenset.com\/de\/wp-json\/wp\/v2\/types\/page"}],"author":[{"embeddable":true,"href":"https:\/\/www.chinesegenset.com\/de\/wp-json\/wp\/v2\/users\/1"}],"replies":[{"embeddable":true,"href":"https:\/\/www.chinesegenset.com\/de\/wp-json\/wp\/v2\/comments?post=4389"}],"version-history":[{"count":7,"href":"https:\/\/www.chinesegenset.com\/de\/wp-json\/wp\/v2\/pages\/4389\/revisions"}],"predecessor-version":[{"id":4396,"href":"https:\/\/www.chinesegenset.com\/de\/wp-json\/wp\/v2\/pages\/4389\/revisions\/4396"}],"wp:attachment":[{"href":"https:\/\/www.chinesegenset.com\/de\/wp-json\/wp\/v2\/media?parent=4389"}],"curies":[{"name":"wp","href":"https:\/\/api.w.org\/{rel}","templated":true}]}}