{"id":9,"date":"2015-02-02T04:30:57","date_gmt":"2015-02-02T04:30:57","guid":{"rendered":"http:\/\/rttheme19.rtthemes.com\/?page_id=9"},"modified":"2023-03-03T15:10:16","modified_gmt":"2023-03-03T15:10:16","slug":"about-us","status":"publish","type":"page","link":"https:\/\/www.chinesegenset.com\/cs\/about-us\/","title":{"rendered":"O n\u00e1s"},"content":{"rendered":"<div  class=\"content_row row vc_row wpb_row vc_row-fluid default-style fullwidth\" >\n\t\n\t<div class=\"content_row_wrapper  default\" style=\"padding-top:100px;padding-bottom:140px;\">\n\t<div class=\"vc_col-sm-12 wpb_column vc_column_container\" >\n\t\t<div class=\"wpb_wrapper\">\n\t\t\t<div class=\"rt_heading_wrapper style-4\">\n\t\t\t\t\t\t\n\t\t\t\t\t\t<h1 class=\"rt_heading  style-4\" >O N\u00c1S<\/h1>\n\t\t\t\t\t<\/div>\n\n\t\t<\/div>\n\t<\/div>\n\n<\/div>\n<\/div>\n\n<div  class=\"content_row row vc_row wpb_row vc_row-fluid default-style fullwidth border-bottom\" >\n\t\n\t<div class=\"content_row_wrapper  default\" ><p>Shenzhen Gosun Industry Co., Ltd se s\u00eddlem v Shenzhenu, \u010c\u00edna, kter\u00e1 se specializuje na v\u00fdzkum, v\u00fdvoj, marketing a servis gener\u00e1tor\u016f plynov\u00fdch motor\u016f Cummins, v\u010detn\u011b gener\u00e1toru zemn\u00edho plynu, gener\u00e1toru bioplynov\u00e9ho motoru, gener\u00e1toru plynu z biomasy, gener\u00e1toru d\u0159evoplynu, gener\u00e1toru v\u00fdrobn\u00edch plyn\u016f, gener\u00e1toru synplynu, gener\u00e1toru plynu na skl\u00e1dce, gener\u00e1toru uheln\u00e9ho plynu, gener\u00e1toru LPG, gener\u00e1toru propanu atd. M\u016f\u017eeme tak\u00e9 vyr\u00e1b\u011bt dieselov\u00e9 gener\u00e1tory zna\u010dky Cummins a gener\u00e1tory s plynov\u00fdm a dieselov\u00fdm motorem jin\u00fdch zna\u010dek.<\/p>\n<p>N\u00e1\u0161 plynov\u00fd gener\u00e1tor m\u00e1 v\u00fdkon od 20kw do 1200kw, 500RPM do1800RPM, je poh\u00e1n\u011bn zemn\u00edm plynem, bioplynem, plynem z biomasy, d\u0159evoplynem od v\u00fdrobce, synplynem a jin\u00fdm ho\u0159lav\u00fdm plynem, kter\u00fd m\u00e1 n\u00edzkou v\u00fdh\u0159evnost v\u00edce ne\u017e 4,2MJ\/m3. P\u0159ij\u00edm\u00e1me prvot\u0159\u00eddn\u00ed technologie plynov\u00fdch motor\u016f, zna\u010dkov\u00e9 motory a altern\u00e1tory, zapalovac\u00ed syst\u00e9m, syst\u00e9m regulace ot\u00e1\u010dek, sm\u011bs plynu a vzduchu, ovl\u00e1dac\u00ed panel atd.; m\u00e1me inovativn\u00ed zku\u0161en\u00e9 konstrukt\u00e9ry v oblasti plynov\u00fdch motor\u016f; p\u0159\u00edsn\u011b prov\u00e1d\u00edme syst\u00e9m kvality a vysoce cen\u00edme kvalitu v\u00fdrobk\u016f; to v\u0161e zaji\u0161\u0165uje vynikaj\u00edc\u00ed v\u00fdkon gener\u00e1toru.<\/p>\n<p>Vyr\u00e1b\u00edme p\u0159edev\u0161\u00edm plynov\u00e9 gener\u00e1tory s p\u016fvodn\u00edm plynov\u00fdm motorem zna\u010dek Cummins, Deutz , MWM, MTU , Ricardo , JDEC Chidong, Zichai nebo s p\u0159estav\u011bn\u00fdm vzn\u011btov\u00fdm motorem.<\/p>\n<p>Plynov\u00fd gener\u00e1tor lze nep\u0159etr\u017eit\u011b pou\u017e\u00edvat v bance, tov\u00e1rn\u00e1ch, nemovitostech, leteck\u00e9m p\u0159\u00edstavu, hotelu, d\u00e1lnic\u00edch, n\u00e1mo\u0159n\u00edm p\u0159\u00edstavu, centru v\u00fdm\u011bny dat, telekomunikac\u00edch atd. Tv\u00e1\u0159\u00ed v tv\u00e1\u0159 nedostatku ropy a r\u016fzn\u00fdm probl\u00e9m\u016fm s \u017eivotn\u00edm prost\u0159ed\u00edm je pou\u017eit\u00ed plynov\u00e9ho gener\u00e1toru dokonal\u00fdm zp\u016fsobem, jak sn\u00ed\u017eit emise uhl\u00edku a zajistit dostatek energie, a to ekonomicky a efektivn\u011b.<\/p>\n<p>M\u016f\u017eeme tak\u00e9 pomoci p\u0159estav\u011bt gener\u00e1tor s dieselov\u00fdm motorem na gener\u00e1tor s plynov\u00fdm motorem, z\u00e1kazn\u00edk by m\u011bl poslat sv\u016fj dieselov\u00fd gener\u00e1tor do na\u0161\u00ed tov\u00e1rny a zaplatit n\u00e1m ur\u010dit\u00e9 n\u00e1klady na pr\u00e1ci a technick\u00e9 poradenstv\u00ed.<\/p>\n<p>Jako profesion\u00e1ln\u00ed v\u00fdrobce plynov\u00fdch gener\u00e1tor\u016f vyr\u00e1b\u00edme tak\u00e9 dieselov\u00e9 gener\u00e1tory zna\u010dky Cummins a jin\u00e9 zna\u010dky dieselov\u00fdch motor\u016f na p\u0159\u00e1n\u00ed z\u00e1kazn\u00edka.<\/p>\n<p>\"Nikdy neubli\u017eujte sv\u00e9mu p\u0159\u00edteli!\" je na\u0161e z\u00e1sada, up\u0159\u00edmn\u011b chceme nav\u00e1zat stabiln\u00ed obchodn\u00ed vztahy a dobr\u00e9 p\u0159\u00e1telstv\u00ed s profesion\u00e1ln\u00edm prodejcem gener\u00e1tor\u016f z cel\u00e9ho sv\u011bta. Up\u0159\u00edmn\u011b v\u00e1s v\u00edt\u00e1me, abyste se p\u0159ipojili k na\u0161\u00ed celosv\u011btov\u00e9 distribu\u010dn\u00ed s\u00edti.<\/p>\n\n\t<div class=\"vc_col-sm-12 wpb_column vc_column_container\" >\n\t\t<div class=\"wpb_wrapper\">\n\t\t\t<div class=\"rt_heading_wrapper style-4\">\n\t\t\t\t\t\t<span class=\"punchline\">Miln\u00edky<\/span>\n\t\t\t\t\t\t<h4 class=\"rt_heading  with_punchline style-4\" >Stru\u010dn\u00e1 historie na\u0161\u00ed spole\u010dnosti<\/h4>\n\t\t\t\t\t<\/div>\t \n\t\t<section  class=\"timeline\">\n\t\t\t \n\t\t<div  >\n\t\t\t \n\t\t<span class=\"event-date\">\n\t\t\t<span class=\"day\"><\/span>\n\t\t\t<span class=\"month\">B\u0159ezen, <\/span>\n\t\t\t<span class=\"year\">2017<\/span>\n\t\t<\/span>\n\t<div class=\"event-details\"><p>Z\u0159\u00edzen\u00ed kompletn\u00edho pilotn\u00edho projektu v\u00fdroby elekt\u0159iny ze zply\u0148ovac\u00edho za\u0159\u00edzen\u00ed na biomasu v Dongguanu v \u010c\u00edn\u011b<\/p>\n<\/div>\n\t\t<\/div>\n\t\t \n\t\t<div  >\n\t\t\t \n\t\t<span class=\"event-date\">\n\t\t\t<span class=\"day\"><\/span>\n\t\t\t<span class=\"month\">Z\u00e1\u0159\u00ed, <\/span>\n\t\t\t<span class=\"year\">2016<\/span>\n\t\t<\/span>\n\t<div class=\"event-details\"><p>N\u00e1vrh a v\u00fdroba prvn\u00edho gener\u00e1toru bioplynu pro trh v Nig\u00e9rii.<\/p>\n<\/div>\n\t\t<\/div>\n\t\t \n\t\t<div  >\n\t\t\t \n\t\t<span class=\"event-date\">\n\t\t\t<span class=\"day\"><\/span>\n\t\t\t<span class=\"month\">B\u0159ezen, <\/span>\n\t\t\t<span class=\"year\">2016<\/span>\n\t\t<\/span>\n\t<div class=\"event-details\"><p>Navrhov\u00e1n\u00ed a v\u00fdroba gener\u00e1tor\u016f LPG pro p\u011btihv\u011bzdi\u010dkov\u00e9 hotely v Macau, kter\u00e9 maj\u00ed p\u0159\u00edsnou politiku \u00faniku oleje.<\/p>\n<\/div>\n\t\t<\/div>\n\t\t \n\t\t<div  >\n\t\t\t \n\t\t<span class=\"event-date\">\n\t\t\t<span class=\"day\"><\/span>\n\t\t\t<span class=\"month\">\u010cerven, <\/span>\n\t\t\t<span class=\"year\">2015<\/span>\n\t\t<\/span>\n\t<div class=\"event-details\"><p>N\u00e1vrh a v\u00fdroba 2 sad plynov\u00fdch gener\u00e1tor\u016f na LPG Cummins 4BTAA3.9 pro kanadsk\u00fd trh podle slo\u017een\u00ed LPG z\u00e1kazn\u00edka.<\/p>\n<\/div>\n\t\t<\/div>\n\t\t \n\t\t<div  >\n\t\t\t \n\t\t<span class=\"event-date\">\n\t\t\t<span class=\"day\"><\/span>\n\t\t\t<span class=\"month\">\u0158\u00edjen, <\/span>\n\t\t\t<span class=\"year\">2014<\/span>\n\t\t<\/span>\n\t<div class=\"event-details\"><p>Prodej prvn\u00edho gener\u00e1toru na biomasu na libanonsk\u00e9m trhu.<\/p>\n<\/div>\n\t\t<\/div>\n\t\t \n\t\t<div  >\n\t\t\t \n\t\t<span class=\"event-date\">\n\t\t\t<span class=\"day\"><\/span>\n\t\t\t<span class=\"month\">Kv\u011bten, <\/span>\n\t\t\t<span class=\"year\">2014<\/span>\n\t\t<\/span>\n\t<div class=\"event-details\"><p>P\u0159estavba dieselov\u00e9ho motoru Cummins 1500 ot\/min na gener\u00e1tor na biomasu Cummins 900 ot\/min pro filip\u00ednsk\u00fd trh.<\/p>\n<\/div>\n\t\t<\/div>\n\t\t \n\t\t<div  >\n\t\t\t \n\t\t<span class=\"event-date\">\n\t\t\t<span class=\"day\"><\/span>\n\t\t\t<span class=\"month\">Listopad, <\/span>\n\t\t\t<span class=\"year\">2013<\/span>\n\t\t<\/span>\n\t<div class=\"event-details\"><p>N\u00e1vrh a v\u00fdroba 15kW gener\u00e1toru na biomasu na plyn z r\u00fd\u017eov\u00fdch slupek s n\u00edzkou v\u00fdh\u0159evnost\u00ed pouze 4MJ\/Nm3 pro japonsk\u00fd trh.<\/p>\n<\/div>\n\t\t<\/div>\n\t\t \n\t\t<div  >\n\t\t\t \n\t\t<span class=\"event-date\">\n\t\t\t<span class=\"day\"><\/span>\n\t\t\t<span class=\"month\">\u010cervenec, <\/span>\n\t\t\t<span class=\"year\">2013<\/span>\n\t\t<\/span>\n\t<div class=\"event-details\"><p>Prodej prvn\u00edho 300kw gener\u00e1toru na zemn\u00ed plyn do Velk\u00e9 Brit\u00e1nie.<\/p>\n<\/div>\n\t\t<\/div>\n\t\t \n\t\t<div  >\n\t\t\t \n\t\t<span class=\"event-date\">\n\t\t\t<span class=\"day\"><\/span>\n\t\t\t<span class=\"month\">B\u0159ezen, <\/span>\n\t\t\t<span class=\"year\">2013<\/span>\n\t\t<\/span>\n\t<div class=\"event-details\"><p>Prodej prvn\u00edho 250kw gener\u00e1toru na biomasu na italsk\u00fd trh a cesta do It\u00e1lie za \u00fa\u010delem uveden\u00ed 250kw gener\u00e1toru na biomasu do provozu a za\u0161kolen\u00ed obsluhy gener\u00e1toru. <\/p>\n<\/div>\n\t\t<\/div>\n\t\t \n\t\t<div  >\n\t\t\t \n\t\t<span class=\"event-date\">\n\t\t\t<span class=\"day\"><\/span>\n\t\t\t<span class=\"month\">prosinec,<\/span>\n\t\t\t<span class=\"year\">2012<\/span>\n\t\t<\/span>\n\t<div class=\"event-details\"><p>Prodej prvn\u00edho gener\u00e1toru bioplynu na vep\u0159\u00edn v Yiwu, provincie Zhejiang, \u010c\u00edna<\/p>\n<\/div>\n\t\t<\/div>\n\t\t \n\t\t<div  >\n\t\t\t \n\t\t<span class=\"event-date\">\n\t\t\t<span class=\"day\"><\/span>\n\t\t\t<span class=\"month\">\u0158\u00edjen,<\/span>\n\t\t\t<span class=\"year\">2012<\/span>\n\t\t<\/span>\n\t<div class=\"event-details\"><p>\u00da\u010dast na veletrhu v Kantonu v \u0159\u00edjnu 2012, p\u0159ivezen\u00ed na\u0161ich nejnov\u011bj\u0161\u00edch produkt\u016f pro gener\u00e1tory zemn\u00edho plynu a setk\u00e1n\u00ed s potenci\u00e1ln\u00edmi z\u00e1kazn\u00edky.<\/p>\n<\/div>\n\t\t<\/div>\n\t\t \n\t\t<div  >\n\t\t\t \n\t\t<span class=\"event-date\">\n\t\t\t<span class=\"day\"><\/span>\n\t\t\t<span class=\"month\">Duben,<\/span>\n\t\t\t<span class=\"year\">2012<\/span>\n\t\t<\/span>\n\t<div class=\"event-details\"><p>Shenzhen Gosun Industry Co., Ltd se s\u00eddlem v Shenzhenu, \u010c\u00edna<\/p>\n<\/div>\n\t\t<\/div>\n\t\n\t\t<\/section>\n\n\t\t<\/div>\n\t<\/div>\n\n<\/div>\n<\/div>\n\n<div  class=\"content_row row vc_row wpb_row vc_row-fluid alt-style-2 fullwidth\" >\n\t\n\t<div class=\"content_row_wrapper  default\" style=\"padding-top:60px;padding-bottom:60px;\">\n\t<div class=\"vc_col-sm-12 wpb_column vc_column_container\" >\n\t\t<div class=\"wpb_wrapper\">\n\t\t\t<div class=\"rt_heading_wrapper style-4\">\n\t\t\t\t\t\t<span class=\"punchline\">Zku\u0161enosti<\/span>\n\t\t\t\t\t\t<h3 class=\"rt_heading  with_punchline style-4\" >Co \u0159\u00edkaj\u00ed<\/h3>\n\t\t\t\t\t<\/div>\r\n\t\t\t\t<div id=\"slider-testimonial-dynamicID-378013\" class=\"rt-carousel carousel-holder clearfix testimonial-carousel testimonials center big\" data-item-width=\"1\" data-nav=\"false\" data-dots=\"true\" data-margin=\"15\" data-autoplay=\"false\" data-timeout=\"5000\">\r\n\t\t\t\t\t<div class=\"owl-carousel\">\r\n\t\t\t\t\t\t<div><div class=\"testimonial item\">\n\n\n\n<div class=\"text\">\n\t<p>\n\t\t<span class=\"icon-quote-left\"><\/span>\n\t\t\tM\u00e1me projekt v Macau, pot\u0159ebuj\u00ed 2 gener\u00e1tory na lodi pro jezero kolem hotelu. Nemohou pou\u017e\u00edt dieselov\u00fd gener\u00e1tor, proto\u017ee \u00fanik oleje nen\u00ed povolen, a tak jsme p\u0159e\u0161li na gener\u00e1tor LPG. Konzultovali jsme to s n\u011bkolika velk\u00fdmi spole\u010dnostmi vyr\u00e1b\u011bj\u00edc\u00edmi plynov\u00e9 gener\u00e1tory, v\u010detn\u011b Generacu v USA, ale ty to nedok\u00e1\u017eou. Po t\u0159ech m\u011bs\u00edc\u00edch sh\u00e1n\u011bn\u00ed jsme se setkali se spole\u010dnost\u00ed Gosun. Jejich \u0159e\u0161en\u00ed a kone\u010dn\u00fd produkt je pro n\u00e1s opravdu perfektn\u00ed.\t\t<span class=\"icon-quote-right\"><\/span>\n\t<\/p>\n\t<div class=\"client_info\">\n\n\t\t\tMohamad\n\t\t- <span>Projektov\u00fd mana\u017eer<\/span>\t\t\n\t\t\t\t\t\n\t\t\n\n\t<\/div>\n<\/div><\/div>\n<\/div><div><div class=\"testimonial item\">\n\n\n\n<div class=\"text\">\n\t<p>\n\t\t<span class=\"icon-quote-left\"><\/span>\n\t\t\tKoupili jsme si mal\u00fd plynov\u00fd gener\u00e1tor od spole\u010dnosti Gosun, nev\u00edme, zda je kvalita jejich plynov\u00e9ho gener\u00e1toru stejn\u00e1 jako u jin\u00fdch \u010d\u00ednsk\u00fdch dodavatel\u016f, ne\u017e si ho objedn\u00e1me, chceme to jen vyzkou\u0161et. Kdy\u017e se zkombinuje s na\u0161\u00edm vlastn\u00edm zply\u0148ova\u010dem, funguje opravdu dob\u0159e, \u017e\u00e1dn\u00fd probl\u00e9m s dehtov\u00fdm olejem, \u017e\u00e1dn\u00fd probl\u00e9m s \u00fadr\u017ebou vrta\u010dky; jsme velmi spokojeni s firmou Torch a jejich gener\u00e1tory, budeme od nich kupovat dal\u0161\u00ed.\t\t<span class=\"icon-quote-right\"><\/span>\n\t<\/p>\n\t<div class=\"client_info\">\n\n\t\t\tAnthony Chlela\n\t\t- <span>CTO<\/span>\t\t\n\t\t<a href=\"http:\/\/machinery.phoenixlb.com\/\" target=\"_blank\" title=\"Phoenix Machinery\" class=\"client_link\">Phoenix Machinery<\/a>\t\t\t\n\t\t\n\n\t<\/div>\n<\/div><\/div>\n<\/div><div><div class=\"testimonial item\">\n\n\n\n<div class=\"text\">\n\t<p>\n\t\t<span class=\"icon-quote-left\"><\/span>\n\t\t\tGosun je profesion\u00e1ln\u00ed v\u00fdrobce plynov\u00fdch gener\u00e1tor\u016f v \u010c\u00edn\u011b. P\u0159ev\u00e1d\u011bj\u00ed dieselov\u00fd motor Cummins s 1500 ot\u00e1\u010dkami za minutu na gener\u00e1tor poh\u00e1n\u011bn\u00fd plynov\u00fdm motorem na biomasu s 900 ot\u00e1\u010dkami za minutu pro na\u0161e farmy, jejich in\u017een\u00fdr je tak profesion\u00e1ln\u00ed, nav\u00edc jejich majitel je m\u016fj nejlep\u0161\u00ed p\u0159\u00edtel v \u010c\u00edn\u011b. Hodn\u011b mi pomohl v dal\u0161\u00edch obchodech v \u010c\u00edn\u011b.\t\t<span class=\"icon-quote-right\"><\/span>\n\t<\/p>\n\t<div class=\"client_info\">\n\n\t\t\tKenneth Dominado\n\t\t- <span>Vedouc\u00ed n\u00e1kupu<\/span>\t\t\n\t\t\t\t\t\n\t\t\n\n\t<\/div>\n<\/div><\/div>\n<\/div>\r\n\t\t\t\t\t<\/div>\r\n\t\t\t\t\t\r\n\t\t\t\t<div id=\"slider-testimonial-dynamicID-378013-dots\" class=\"dots-holder\">\r\n\t\t\t\t<\/div>\r\n\t\t\t\r\n\t\t\t\t<\/div>\n\n\t\t<\/div>\n\t<\/div>\n\n<\/div>\n<\/div>","protected":false},"excerpt":{"rendered":"","protected":false},"author":1,"featured_media":0,"parent":0,"menu_order":0,"comment_status":"open","ping_status":"open","template":"","meta":{"footnotes":""},"class_list":["post-9","page","type-page","status-publish","hentry"],"aioseo_notices":[],"_links":{"self":[{"href":"https:\/\/www.chinesegenset.com\/cs\/wp-json\/wp\/v2\/pages\/9","targetHints":{"allow":["GET"]}}],"collection":[{"href":"https:\/\/www.chinesegenset.com\/cs\/wp-json\/wp\/v2\/pages"}],"about":[{"href":"https:\/\/www.chinesegenset.com\/cs\/wp-json\/wp\/v2\/types\/page"}],"author":[{"embeddable":true,"href":"https:\/\/www.chinesegenset.com\/cs\/wp-json\/wp\/v2\/users\/1"}],"replies":[{"embeddable":true,"href":"https:\/\/www.chinesegenset.com\/cs\/wp-json\/wp\/v2\/comments?post=9"}],"version-history":[{"count":19,"href":"https:\/\/www.chinesegenset.com\/cs\/wp-json\/wp\/v2\/pages\/9\/revisions"}],"predecessor-version":[{"id":4426,"href":"https:\/\/www.chinesegenset.com\/cs\/wp-json\/wp\/v2\/pages\/9\/revisions\/4426"}],"wp:attachment":[{"href":"https:\/\/www.chinesegenset.com\/cs\/wp-json\/wp\/v2\/media?parent=9"}],"curies":[{"name":"wp","href":"https:\/\/api.w.org\/{rel}","templated":true}]}}